{"id":35263,"date":"2024-06-25T21:31:54","date_gmt":"2024-06-25T19:31:54","guid":{"rendered":"https:\/\/librairie7l.com\/?post_type=product&#038;p=35263"},"modified":"2026-04-04T22:06:53","modified_gmt":"2026-04-04T20:06:53","slug":"chanel-lenigme","status":"publish","type":"product","link":"https:\/\/librairie7l.com\/en\/produit\/chanel-lenigme\/","title":{"rendered":"CHANEL, L&#8217;\u00c9NIGME"},"content":{"rendered":"<p>Pourquoi Chanel?<br \/>\nPourquoi pr\u00e8s de cent livres publi\u00e9s depuis sa mort en 1971, hagiographiques, reprenant inlassablement la vie et l&#8217;oeuvre, parfois hostiles, notamment sur la p\u00e9riode de la guerre? Pour tenter de r\u00e9pondre, ce livre analytique, illustr\u00e9 de lettres et d&#8217;objets personnels souvent in\u00e9dits, s&#8217;appuie sur des t\u00e9moignages et des archives. Historiens, philosophes, r\u00e9alisateurs, figures de la maison Chanel, proches de Coco Chanel, sans oublier des sp\u00e9cialistes de l&#8217;Occupation et du renseignement, tous posent un regard distanci\u00e9 sur le mythe et ses exc\u00e8s. Car Chanel, l&#8217;\u00e9nigme, fruit de plusieurs ann\u00e9es d&#8217;enqu\u00eate, est aussi l&#8217;occasion de r\u00e9v\u00e9lations sur la guerre, avec de nouvelles archives, certaines secr\u00e8tes jusqu&#8217;\u00e0 ce jour.<\/p>\n","protected":false},"excerpt":{"rendered":"<p>Pourquoi Chanel? Pourquoi pr\u00e8s de cent livres publi\u00e9s depuis sa mort en 1971, hagiographiques, reprenant inlassablement la vie et l&#8217;oeuvre, parfois hostiles, notamment sur la p\u00e9riode de la guerre? Pour tenter de r\u00e9pondre, ce livre analytique, illustr\u00e9 de lettres et d&#8217;objets personnels souvent in\u00e9dits, s&#8217;appuie sur des t\u00e9moignages et des archives. Historiens, philosophes, r\u00e9alisateurs, figures [&hellip;]<\/p>\n","protected":false},"featured_media":35261,"template":"","meta":[],"product_cat":[2948,2957],"product_tag":[],"acf":[],"yoast_head":"<!-- This site is optimized with the Yoast SEO plugin v20.11 - https:\/\/yoast.com\/wordpress\/plugins\/seo\/ -->\n<title>Chanel, l&#039;\u00e9nigme - Librairie 7L<\/title>\n<meta name=\"robots\" content=\"index, follow, max-snippet:-1, max-image-preview:large, max-video-preview:-1\" \/>\n<link rel=\"canonical\" href=\"https:\/\/librairie7l.com\/en\/produit\/chanel-lenigme\/\" \/>\n<meta property=\"og:locale\" content=\"en_US\" \/>\n<meta property=\"og:type\" content=\"article\" \/>\n<meta property=\"og:title\" content=\"Chanel, l&#039;\u00e9nigme - Librairie 7L\" \/>\n<meta property=\"og:description\" content=\"Pourquoi Chanel? Pourquoi pr\u00e8s de cent livres publi\u00e9s depuis sa mort en 1971, hagiographiques, reprenant inlassablement la vie et l&#8217;oeuvre, parfois hostiles, notamment sur la p\u00e9riode de la guerre? Pour tenter de r\u00e9pondre, ce livre analytique, illustr\u00e9 de lettres et d&#8217;objets personnels souvent in\u00e9dits, s&#8217;appuie sur des t\u00e9moignages et des archives. Historiens, philosophes, r\u00e9alisateurs, figures [&hellip;]\" \/>\n<meta property=\"og:url\" content=\"https:\/\/librairie7l.com\/en\/produit\/chanel-lenigme\/\" \/>\n<meta property=\"og:site_name\" content=\"Librairie 7L\" \/>\n<meta property=\"article:modified_time\" content=\"2026-04-04T20:06:53+00:00\" \/>\n<meta property=\"og:image\" content=\"https:\/\/librairie7l.com\/wp-content\/uploads\/2015\/05\/9782081361676_1_75.jpg\" \/>\n\t<meta property=\"og:image:width\" content=\"1000\" \/>\n\t<meta property=\"og:image:height\" content=\"1374\" \/>\n\t<meta property=\"og:image:type\" content=\"image\/jpeg\" \/>\n<meta name=\"twitter:card\" content=\"summary_large_image\" \/>\n<meta name=\"twitter:label1\" content=\"Est. reading time\" \/>\n\t<meta name=\"twitter:data1\" content=\"1 minute\" \/>\n<script type=\"application\/ld+json\" class=\"yoast-schema-graph\">{\"@context\":\"https:\/\/schema.org\",\"@graph\":[{\"@type\":\"WebPage\",\"@id\":\"https:\/\/librairie7l.com\/en\/produit\/chanel-lenigme\/\",\"url\":\"https:\/\/librairie7l.com\/en\/produit\/chanel-lenigme\/\",\"name\":\"Chanel, l'\u00e9nigme - Librairie 7L\",\"isPartOf\":{\"@id\":\"https:\/\/librairie7l.com\/en\/#website\"},\"datePublished\":\"2024-06-25T19:31:54+00:00\",\"dateModified\":\"2026-04-04T20:06:53+00:00\",\"breadcrumb\":{\"@id\":\"https:\/\/librairie7l.com\/en\/produit\/chanel-lenigme\/#breadcrumb\"},\"inLanguage\":\"en-US\",\"potentialAction\":[{\"@type\":\"ReadAction\",\"target\":[\"https:\/\/librairie7l.com\/en\/produit\/chanel-lenigme\/\"]}]},{\"@type\":\"BreadcrumbList\",\"@id\":\"https:\/\/librairie7l.com\/en\/produit\/chanel-lenigme\/#breadcrumb\",\"itemListElement\":[{\"@type\":\"ListItem\",\"position\":1,\"name\":\"Accueil\",\"item\":\"https:\/\/librairie7l.com\/en\/\"},{\"@type\":\"ListItem\",\"position\":2,\"name\":\"Shop\",\"item\":\"https:\/\/librairie7l.com\/en\/shop\/\"},{\"@type\":\"ListItem\",\"position\":3,\"name\":\"CHANEL, L&#8217;\u00c9NIGME\"}]},{\"@type\":\"WebSite\",\"@id\":\"https:\/\/librairie7l.com\/en\/#website\",\"url\":\"https:\/\/librairie7l.com\/en\/\",\"name\":\"Librairie 7L\",\"description\":\"Librairie fond\u00e9e en 1999 par Karl Lagerfeld \u00e0 Paris\",\"publisher\":{\"@id\":\"https:\/\/librairie7l.com\/en\/#organization\"},\"potentialAction\":[{\"@type\":\"SearchAction\",\"target\":{\"@type\":\"EntryPoint\",\"urlTemplate\":\"https:\/\/librairie7l.com\/en\/?s={search_term_string}\"},\"query-input\":\"required name=search_term_string\"}],\"inLanguage\":\"en-US\"},{\"@type\":\"Organization\",\"@id\":\"https:\/\/librairie7l.com\/en\/#organization\",\"name\":\"Librairie 7L\",\"url\":\"https:\/\/librairie7l.com\/en\/\",\"logo\":{\"@type\":\"ImageObject\",\"inLanguage\":\"en-US\",\"@id\":\"https:\/\/librairie7l.com\/en\/#\/schema\/logo\/image\/\",\"url\":\"https:\/\/librairie7l.com\/wp-content\/uploads\/2022\/08\/logo-1.png\",\"contentUrl\":\"https:\/\/librairie7l.com\/wp-content\/uploads\/2022\/08\/logo-1.png\",\"width\":227,\"height\":301,\"caption\":\"Librairie 7L\"},\"image\":{\"@id\":\"https:\/\/librairie7l.com\/en\/#\/schema\/logo\/image\/\"}}]}<\/script>\n<!-- \/ Yoast SEO plugin. -->","yoast_head_json":{"title":"Chanel, l'\u00e9nigme - Librairie 7L","robots":{"index":"index","follow":"follow","max-snippet":"max-snippet:-1","max-image-preview":"max-image-preview:large","max-video-preview":"max-video-preview:-1"},"canonical":"https:\/\/librairie7l.com\/en\/produit\/chanel-lenigme\/","og_locale":"en_US","og_type":"article","og_title":"Chanel, l'\u00e9nigme - Librairie 7L","og_description":"Pourquoi Chanel? Pourquoi pr\u00e8s de cent livres publi\u00e9s depuis sa mort en 1971, hagiographiques, reprenant inlassablement la vie et l&#8217;oeuvre, parfois hostiles, notamment sur la p\u00e9riode de la guerre? Pour tenter de r\u00e9pondre, ce livre analytique, illustr\u00e9 de lettres et d&#8217;objets personnels souvent in\u00e9dits, s&#8217;appuie sur des t\u00e9moignages et des archives. Historiens, philosophes, r\u00e9alisateurs, figures [&hellip;]","og_url":"https:\/\/librairie7l.com\/en\/produit\/chanel-lenigme\/","og_site_name":"Librairie 7L","article_modified_time":"2026-04-04T20:06:53+00:00","og_image":[{"width":1000,"height":1374,"url":"https:\/\/librairie7l.com\/wp-content\/uploads\/2015\/05\/9782081361676_1_75.jpg","type":"image\/jpeg"}],"twitter_card":"summary_large_image","twitter_misc":{"Est. reading time":"1 minute"},"schema":{"@context":"https:\/\/schema.org","@graph":[{"@type":"WebPage","@id":"https:\/\/librairie7l.com\/en\/produit\/chanel-lenigme\/","url":"https:\/\/librairie7l.com\/en\/produit\/chanel-lenigme\/","name":"Chanel, l'\u00e9nigme - Librairie 7L","isPartOf":{"@id":"https:\/\/librairie7l.com\/en\/#website"},"datePublished":"2024-06-25T19:31:54+00:00","dateModified":"2026-04-04T20:06:53+00:00","breadcrumb":{"@id":"https:\/\/librairie7l.com\/en\/produit\/chanel-lenigme\/#breadcrumb"},"inLanguage":"en-US","potentialAction":[{"@type":"ReadAction","target":["https:\/\/librairie7l.com\/en\/produit\/chanel-lenigme\/"]}]},{"@type":"BreadcrumbList","@id":"https:\/\/librairie7l.com\/en\/produit\/chanel-lenigme\/#breadcrumb","itemListElement":[{"@type":"ListItem","position":1,"name":"Accueil","item":"https:\/\/librairie7l.com\/en\/"},{"@type":"ListItem","position":2,"name":"Shop","item":"https:\/\/librairie7l.com\/en\/shop\/"},{"@type":"ListItem","position":3,"name":"CHANEL, L&#8217;\u00c9NIGME"}]},{"@type":"WebSite","@id":"https:\/\/librairie7l.com\/en\/#website","url":"https:\/\/librairie7l.com\/en\/","name":"Librairie 7L","description":"Librairie fond\u00e9e en 1999 par Karl Lagerfeld \u00e0 Paris","publisher":{"@id":"https:\/\/librairie7l.com\/en\/#organization"},"potentialAction":[{"@type":"SearchAction","target":{"@type":"EntryPoint","urlTemplate":"https:\/\/librairie7l.com\/en\/?s={search_term_string}"},"query-input":"required name=search_term_string"}],"inLanguage":"en-US"},{"@type":"Organization","@id":"https:\/\/librairie7l.com\/en\/#organization","name":"Librairie 7L","url":"https:\/\/librairie7l.com\/en\/","logo":{"@type":"ImageObject","inLanguage":"en-US","@id":"https:\/\/librairie7l.com\/en\/#\/schema\/logo\/image\/","url":"https:\/\/librairie7l.com\/wp-content\/uploads\/2022\/08\/logo-1.png","contentUrl":"https:\/\/librairie7l.com\/wp-content\/uploads\/2022\/08\/logo-1.png","width":227,"height":301,"caption":"Librairie 7L"},"image":{"@id":"https:\/\/librairie7l.com\/en\/#\/schema\/logo\/image\/"}}]}},"_links":{"self":[{"href":"https:\/\/librairie7l.com\/en\/wp-json\/wp\/v2\/product\/35263"}],"collection":[{"href":"https:\/\/librairie7l.com\/en\/wp-json\/wp\/v2\/product"}],"about":[{"href":"https:\/\/librairie7l.com\/en\/wp-json\/wp\/v2\/types\/product"}],"wp:featuredmedia":[{"embeddable":true,"href":"https:\/\/librairie7l.com\/en\/wp-json\/wp\/v2\/media\/35261"}],"wp:attachment":[{"href":"https:\/\/librairie7l.com\/en\/wp-json\/wp\/v2\/media?parent=35263"}],"wp:term":[{"taxonomy":"product_cat","embeddable":true,"href":"https:\/\/librairie7l.com\/en\/wp-json\/wp\/v2\/product_cat?post=35263"},{"taxonomy":"product_tag","embeddable":true,"href":"https:\/\/librairie7l.com\/en\/wp-json\/wp\/v2\/product_tag?post=35263"}],"curies":[{"name":"wp","href":"https:\/\/api.w.org\/{rel}","templated":true}]}}