{"id":35267,"date":"2023-10-10T09:18:58","date_gmt":"2023-10-10T07:18:58","guid":{"rendered":"https:\/\/librairie7l.com\/?post_type=product&#038;p=35267"},"modified":"2026-04-15T07:05:44","modified_gmt":"2026-04-15T05:05:44","slug":"loeuvre-de-peter-stampfli","status":"publish","type":"product","link":"https:\/\/librairie7l.com\/en\/produit\/loeuvre-de-peter-stampfli\/","title":{"rendered":"L&#8217;OEUVRE DE PETER ST\u00c4MPFLI"},"content":{"rendered":"<p>Si ses pneus en gros plan ont fait le tour du monde, le suisse Peter St\u00e4mpfli (n\u00e9 en 1937) a su construire en un demi-si\u00e8cle une oeuvre qui d\u00e9borde cette ic\u00f4ne du Pop art. Form\u00e9 par un \u00e9l\u00e8ve d&#8217;Andr\u00e9 Lhote, il croise l&#8217;abstraction am\u00e9ricaine \u00e0 la fin des ann\u00e9es 1950 et s&#8217;en d\u00e9tache tr\u00e8s vite. La peinture figurative recule, il s&#8217;y cramponne et la renouvelle. Vers 1965, son style, marqu\u00e9 par le graphisme de la publicit\u00e9 et le dessin industriel, comme celui de Lichtenstein, commence \u00e0 l&#8217;imposer. Par la suite, le r\u00e9alisme tr\u00e8s pouss\u00e9 des premiers tableaux s&#8217;efface devant la trace des objets quotidiens et la po\u00e9sie de l&#8217;absence, charg\u00e9es d&#8217;une m\u00eame \u00e9nergie contagieuse.<br \/>\n\u00ab Toute la peinture pass\u00e9e et actuelle avant le supr\u00e9matisme, \u00e9crivait Mal\u00e9vitch en 1915, a \u00e9t\u00e9 asservie par la forme de la nature et attend sa lib\u00e9ration pour parler dans sa propre langue et ne pas d\u00e9pendre de la raison, du sens, de la logique, de la philosophie, de la psychologie, des diff\u00e9rentes lois de causalit\u00e9 et des changements techniques de la vie. \u00bb Pr\u00e8s d&#8217;un demi-si\u00e8cle plus tard, St\u00e4mpfli, en abandonnant la repr\u00e9sentation du monde, en r\u00e9duisant progressivement \u00e0 un artefact &#8211; l&#8217;automobile -, puis \u00e0 un d\u00e9tail de celui-ci &#8211; la roue &#8211; avant de d\u00e9cider de s&#8217;en tenir au seul pneu a, pour lui-m\u00eame, \u00e0 son tour, d\u00e9couvert au terme de l&#8217;asc\u00e8se la plus exigeante \u00ab cette propre langue \u00bb qui ne d\u00e9pend de rien que d&#8217;elle-m\u00eame.<\/p>\n","protected":false},"excerpt":{"rendered":"<p>Si ses pneus en gros plan ont fait le tour du monde, le suisse Peter St\u00e4mpfli (n\u00e9 en 1937) a su construire en un demi-si\u00e8cle une oeuvre qui d\u00e9borde cette ic\u00f4ne du Pop art. Form\u00e9 par un \u00e9l\u00e8ve d&#8217;Andr\u00e9 Lhote, il croise l&#8217;abstraction am\u00e9ricaine \u00e0 la fin des ann\u00e9es 1950 et s&#8217;en d\u00e9tache tr\u00e8s vite. [&hellip;]<\/p>\n","protected":false},"featured_media":35265,"template":"","meta":[],"product_cat":[2948,2953],"product_tag":[],"acf":[],"yoast_head":"<!-- This site is optimized with the Yoast SEO plugin v20.11 - https:\/\/yoast.com\/wordpress\/plugins\/seo\/ -->\n<title>L&#039;oeuvre de Peter St\u00e4mpfli - Librairie 7L<\/title>\n<meta name=\"robots\" content=\"index, follow, max-snippet:-1, max-image-preview:large, max-video-preview:-1\" \/>\n<link rel=\"canonical\" href=\"https:\/\/librairie7l.com\/en\/produit\/loeuvre-de-peter-stampfli\/\" \/>\n<meta property=\"og:locale\" content=\"en_US\" \/>\n<meta property=\"og:type\" content=\"article\" \/>\n<meta property=\"og:title\" content=\"L&#039;oeuvre de Peter St\u00e4mpfli - Librairie 7L\" \/>\n<meta property=\"og:description\" content=\"Si ses pneus en gros plan ont fait le tour du monde, le suisse Peter St\u00e4mpfli (n\u00e9 en 1937) a su construire en un demi-si\u00e8cle une oeuvre qui d\u00e9borde cette ic\u00f4ne du Pop art. Form\u00e9 par un \u00e9l\u00e8ve d&#8217;Andr\u00e9 Lhote, il croise l&#8217;abstraction am\u00e9ricaine \u00e0 la fin des ann\u00e9es 1950 et s&#8217;en d\u00e9tache tr\u00e8s vite. [&hellip;]\" \/>\n<meta property=\"og:url\" content=\"https:\/\/librairie7l.com\/en\/produit\/loeuvre-de-peter-stampfli\/\" \/>\n<meta property=\"og:site_name\" content=\"Librairie 7L\" \/>\n<meta property=\"article:modified_time\" content=\"2026-04-15T05:05:44+00:00\" \/>\n<meta property=\"og:image\" content=\"https:\/\/librairie7l.com\/wp-content\/uploads\/2015\/05\/9782754107631_1_75.jpg\" \/>\n\t<meta property=\"og:image:width\" content=\"600\" \/>\n\t<meta property=\"og:image:height\" content=\"701\" \/>\n\t<meta property=\"og:image:type\" content=\"image\/jpeg\" \/>\n<meta name=\"twitter:card\" content=\"summary_large_image\" \/>\n<meta name=\"twitter:label1\" content=\"Est. reading time\" \/>\n\t<meta name=\"twitter:data1\" content=\"1 minute\" \/>\n<script type=\"application\/ld+json\" class=\"yoast-schema-graph\">{\"@context\":\"https:\/\/schema.org\",\"@graph\":[{\"@type\":\"WebPage\",\"@id\":\"https:\/\/librairie7l.com\/en\/produit\/loeuvre-de-peter-stampfli\/\",\"url\":\"https:\/\/librairie7l.com\/en\/produit\/loeuvre-de-peter-stampfli\/\",\"name\":\"L'oeuvre de Peter St\u00e4mpfli - Librairie 7L\",\"isPartOf\":{\"@id\":\"https:\/\/librairie7l.com\/en\/#website\"},\"datePublished\":\"2023-10-10T07:18:58+00:00\",\"dateModified\":\"2026-04-15T05:05:44+00:00\",\"breadcrumb\":{\"@id\":\"https:\/\/librairie7l.com\/en\/produit\/loeuvre-de-peter-stampfli\/#breadcrumb\"},\"inLanguage\":\"en-US\",\"potentialAction\":[{\"@type\":\"ReadAction\",\"target\":[\"https:\/\/librairie7l.com\/en\/produit\/loeuvre-de-peter-stampfli\/\"]}]},{\"@type\":\"BreadcrumbList\",\"@id\":\"https:\/\/librairie7l.com\/en\/produit\/loeuvre-de-peter-stampfli\/#breadcrumb\",\"itemListElement\":[{\"@type\":\"ListItem\",\"position\":1,\"name\":\"Accueil\",\"item\":\"https:\/\/librairie7l.com\/en\/\"},{\"@type\":\"ListItem\",\"position\":2,\"name\":\"Shop\",\"item\":\"https:\/\/librairie7l.com\/en\/shop\/\"},{\"@type\":\"ListItem\",\"position\":3,\"name\":\"L&#8217;OEUVRE DE PETER ST\u00c4MPFLI\"}]},{\"@type\":\"WebSite\",\"@id\":\"https:\/\/librairie7l.com\/en\/#website\",\"url\":\"https:\/\/librairie7l.com\/en\/\",\"name\":\"Librairie 7L\",\"description\":\"Librairie fond\u00e9e en 1999 par Karl Lagerfeld \u00e0 Paris\",\"publisher\":{\"@id\":\"https:\/\/librairie7l.com\/en\/#organization\"},\"potentialAction\":[{\"@type\":\"SearchAction\",\"target\":{\"@type\":\"EntryPoint\",\"urlTemplate\":\"https:\/\/librairie7l.com\/en\/?s={search_term_string}\"},\"query-input\":\"required name=search_term_string\"}],\"inLanguage\":\"en-US\"},{\"@type\":\"Organization\",\"@id\":\"https:\/\/librairie7l.com\/en\/#organization\",\"name\":\"Librairie 7L\",\"url\":\"https:\/\/librairie7l.com\/en\/\",\"logo\":{\"@type\":\"ImageObject\",\"inLanguage\":\"en-US\",\"@id\":\"https:\/\/librairie7l.com\/en\/#\/schema\/logo\/image\/\",\"url\":\"https:\/\/librairie7l.com\/wp-content\/uploads\/2022\/08\/logo-1.png\",\"contentUrl\":\"https:\/\/librairie7l.com\/wp-content\/uploads\/2022\/08\/logo-1.png\",\"width\":227,\"height\":301,\"caption\":\"Librairie 7L\"},\"image\":{\"@id\":\"https:\/\/librairie7l.com\/en\/#\/schema\/logo\/image\/\"}}]}<\/script>\n<!-- \/ Yoast SEO plugin. -->","yoast_head_json":{"title":"L'oeuvre de Peter St\u00e4mpfli - Librairie 7L","robots":{"index":"index","follow":"follow","max-snippet":"max-snippet:-1","max-image-preview":"max-image-preview:large","max-video-preview":"max-video-preview:-1"},"canonical":"https:\/\/librairie7l.com\/en\/produit\/loeuvre-de-peter-stampfli\/","og_locale":"en_US","og_type":"article","og_title":"L'oeuvre de Peter St\u00e4mpfli - Librairie 7L","og_description":"Si ses pneus en gros plan ont fait le tour du monde, le suisse Peter St\u00e4mpfli (n\u00e9 en 1937) a su construire en un demi-si\u00e8cle une oeuvre qui d\u00e9borde cette ic\u00f4ne du Pop art. Form\u00e9 par un \u00e9l\u00e8ve d&#8217;Andr\u00e9 Lhote, il croise l&#8217;abstraction am\u00e9ricaine \u00e0 la fin des ann\u00e9es 1950 et s&#8217;en d\u00e9tache tr\u00e8s vite. [&hellip;]","og_url":"https:\/\/librairie7l.com\/en\/produit\/loeuvre-de-peter-stampfli\/","og_site_name":"Librairie 7L","article_modified_time":"2026-04-15T05:05:44+00:00","og_image":[{"width":600,"height":701,"url":"https:\/\/librairie7l.com\/wp-content\/uploads\/2015\/05\/9782754107631_1_75.jpg","type":"image\/jpeg"}],"twitter_card":"summary_large_image","twitter_misc":{"Est. reading time":"1 minute"},"schema":{"@context":"https:\/\/schema.org","@graph":[{"@type":"WebPage","@id":"https:\/\/librairie7l.com\/en\/produit\/loeuvre-de-peter-stampfli\/","url":"https:\/\/librairie7l.com\/en\/produit\/loeuvre-de-peter-stampfli\/","name":"L'oeuvre de Peter St\u00e4mpfli - Librairie 7L","isPartOf":{"@id":"https:\/\/librairie7l.com\/en\/#website"},"datePublished":"2023-10-10T07:18:58+00:00","dateModified":"2026-04-15T05:05:44+00:00","breadcrumb":{"@id":"https:\/\/librairie7l.com\/en\/produit\/loeuvre-de-peter-stampfli\/#breadcrumb"},"inLanguage":"en-US","potentialAction":[{"@type":"ReadAction","target":["https:\/\/librairie7l.com\/en\/produit\/loeuvre-de-peter-stampfli\/"]}]},{"@type":"BreadcrumbList","@id":"https:\/\/librairie7l.com\/en\/produit\/loeuvre-de-peter-stampfli\/#breadcrumb","itemListElement":[{"@type":"ListItem","position":1,"name":"Accueil","item":"https:\/\/librairie7l.com\/en\/"},{"@type":"ListItem","position":2,"name":"Shop","item":"https:\/\/librairie7l.com\/en\/shop\/"},{"@type":"ListItem","position":3,"name":"L&#8217;OEUVRE DE PETER ST\u00c4MPFLI"}]},{"@type":"WebSite","@id":"https:\/\/librairie7l.com\/en\/#website","url":"https:\/\/librairie7l.com\/en\/","name":"Librairie 7L","description":"Librairie fond\u00e9e en 1999 par Karl Lagerfeld \u00e0 Paris","publisher":{"@id":"https:\/\/librairie7l.com\/en\/#organization"},"potentialAction":[{"@type":"SearchAction","target":{"@type":"EntryPoint","urlTemplate":"https:\/\/librairie7l.com\/en\/?s={search_term_string}"},"query-input":"required name=search_term_string"}],"inLanguage":"en-US"},{"@type":"Organization","@id":"https:\/\/librairie7l.com\/en\/#organization","name":"Librairie 7L","url":"https:\/\/librairie7l.com\/en\/","logo":{"@type":"ImageObject","inLanguage":"en-US","@id":"https:\/\/librairie7l.com\/en\/#\/schema\/logo\/image\/","url":"https:\/\/librairie7l.com\/wp-content\/uploads\/2022\/08\/logo-1.png","contentUrl":"https:\/\/librairie7l.com\/wp-content\/uploads\/2022\/08\/logo-1.png","width":227,"height":301,"caption":"Librairie 7L"},"image":{"@id":"https:\/\/librairie7l.com\/en\/#\/schema\/logo\/image\/"}}]}},"_links":{"self":[{"href":"https:\/\/librairie7l.com\/en\/wp-json\/wp\/v2\/product\/35267"}],"collection":[{"href":"https:\/\/librairie7l.com\/en\/wp-json\/wp\/v2\/product"}],"about":[{"href":"https:\/\/librairie7l.com\/en\/wp-json\/wp\/v2\/types\/product"}],"wp:featuredmedia":[{"embeddable":true,"href":"https:\/\/librairie7l.com\/en\/wp-json\/wp\/v2\/media\/35265"}],"wp:attachment":[{"href":"https:\/\/librairie7l.com\/en\/wp-json\/wp\/v2\/media?parent=35267"}],"wp:term":[{"taxonomy":"product_cat","embeddable":true,"href":"https:\/\/librairie7l.com\/en\/wp-json\/wp\/v2\/product_cat?post=35267"},{"taxonomy":"product_tag","embeddable":true,"href":"https:\/\/librairie7l.com\/en\/wp-json\/wp\/v2\/product_tag?post=35267"}],"curies":[{"name":"wp","href":"https:\/\/api.w.org\/{rel}","templated":true}]}}