{"id":35279,"date":"2024-06-26T05:06:44","date_gmt":"2024-06-26T03:06:44","guid":{"rendered":"https:\/\/librairie7l.com\/?post_type=product&#038;p=35279"},"modified":"2026-04-28T09:07:13","modified_gmt":"2026-04-28T07:07:13","slug":"culture-chanel-la-femme-qui-lit","status":"publish","type":"product","link":"https:\/\/librairie7l.com\/en\/produit\/culture-chanel-la-femme-qui-lit\/","title":{"rendered":"CULTURE CHANEL ; LA FEMME QUI LIT"},"content":{"rendered":"<p>Jouant sur les analogies, les correspondances visuelles \u00e0 travers les textes, d\u00e9dicaces, photographies, peintures, dessins, bijoux, parfums, cr\u00e9ations de modes, cet ouvrage \u00e9claire le vocabulaire esth\u00e9tique de Gabrielle Chanel, \u00e0 la lumi\u00e8re des oeuvres qui l&#8217;ont accompagn\u00e9e et ont su la r\u00e9v\u00e9ler \u00e0 elle-m\u00eame.<\/p>\n","protected":false},"excerpt":{"rendered":"<p>Jouant sur les analogies, les correspondances visuelles \u00e0 travers les textes, d\u00e9dicaces, photographies, peintures, dessins, bijoux, parfums, cr\u00e9ations de modes, cet ouvrage \u00e9claire le vocabulaire esth\u00e9tique de Gabrielle Chanel, \u00e0 la lumi\u00e8re des oeuvres qui l&#8217;ont accompagn\u00e9e et ont su la r\u00e9v\u00e9ler \u00e0 elle-m\u00eame.<\/p>\n","protected":false},"featured_media":35277,"template":"","meta":[],"product_cat":[2948,2957],"product_tag":[],"acf":[],"yoast_head":"<!-- This site is optimized with the Yoast SEO plugin v20.11 - https:\/\/yoast.com\/wordpress\/plugins\/seo\/ -->\n<title>Culture Chanel ; la femme qui lit - Librairie 7L<\/title>\n<meta name=\"robots\" content=\"index, follow, max-snippet:-1, max-image-preview:large, max-video-preview:-1\" \/>\n<link rel=\"canonical\" href=\"https:\/\/librairie7l.com\/en\/produit\/culture-chanel-la-femme-qui-lit\/\" \/>\n<meta property=\"og:locale\" content=\"en_US\" \/>\n<meta property=\"og:type\" content=\"article\" \/>\n<meta property=\"og:title\" content=\"Culture Chanel ; la femme qui lit - Librairie 7L\" \/>\n<meta property=\"og:description\" content=\"Jouant sur les analogies, les correspondances visuelles \u00e0 travers les textes, d\u00e9dicaces, photographies, peintures, dessins, bijoux, parfums, cr\u00e9ations de modes, cet ouvrage \u00e9claire le vocabulaire esth\u00e9tique de Gabrielle Chanel, \u00e0 la lumi\u00e8re des oeuvres qui l&#8217;ont accompagn\u00e9e et ont su la r\u00e9v\u00e9ler \u00e0 elle-m\u00eame.\" \/>\n<meta property=\"og:url\" content=\"https:\/\/librairie7l.com\/en\/produit\/culture-chanel-la-femme-qui-lit\/\" \/>\n<meta property=\"og:site_name\" content=\"Librairie 7L\" \/>\n<meta property=\"article:modified_time\" content=\"2026-04-28T07:07:13+00:00\" \/>\n<meta property=\"og:image\" content=\"https:\/\/librairie7l.com\/wp-content\/uploads\/2017\/04\/9782732484143_1_75.jpg\" \/>\n\t<meta property=\"og:image:width\" content=\"400\" \/>\n\t<meta property=\"og:image:height\" content=\"482\" \/>\n\t<meta property=\"og:image:type\" content=\"image\/jpeg\" \/>\n<meta name=\"twitter:card\" content=\"summary_large_image\" \/>\n<script type=\"application\/ld+json\" class=\"yoast-schema-graph\">{\"@context\":\"https:\/\/schema.org\",\"@graph\":[{\"@type\":\"WebPage\",\"@id\":\"https:\/\/librairie7l.com\/en\/produit\/culture-chanel-la-femme-qui-lit\/\",\"url\":\"https:\/\/librairie7l.com\/en\/produit\/culture-chanel-la-femme-qui-lit\/\",\"name\":\"Culture Chanel ; la femme qui lit - Librairie 7L\",\"isPartOf\":{\"@id\":\"https:\/\/librairie7l.com\/en\/#website\"},\"datePublished\":\"2024-06-26T03:06:44+00:00\",\"dateModified\":\"2026-04-28T07:07:13+00:00\",\"breadcrumb\":{\"@id\":\"https:\/\/librairie7l.com\/en\/produit\/culture-chanel-la-femme-qui-lit\/#breadcrumb\"},\"inLanguage\":\"en-US\",\"potentialAction\":[{\"@type\":\"ReadAction\",\"target\":[\"https:\/\/librairie7l.com\/en\/produit\/culture-chanel-la-femme-qui-lit\/\"]}]},{\"@type\":\"BreadcrumbList\",\"@id\":\"https:\/\/librairie7l.com\/en\/produit\/culture-chanel-la-femme-qui-lit\/#breadcrumb\",\"itemListElement\":[{\"@type\":\"ListItem\",\"position\":1,\"name\":\"Accueil\",\"item\":\"https:\/\/librairie7l.com\/en\/\"},{\"@type\":\"ListItem\",\"position\":2,\"name\":\"Shop\",\"item\":\"https:\/\/librairie7l.com\/en\/shop\/\"},{\"@type\":\"ListItem\",\"position\":3,\"name\":\"CULTURE CHANEL ; LA FEMME QUI LIT\"}]},{\"@type\":\"WebSite\",\"@id\":\"https:\/\/librairie7l.com\/en\/#website\",\"url\":\"https:\/\/librairie7l.com\/en\/\",\"name\":\"Librairie 7L\",\"description\":\"Librairie fond\u00e9e en 1999 par Karl Lagerfeld \u00e0 Paris\",\"publisher\":{\"@id\":\"https:\/\/librairie7l.com\/en\/#organization\"},\"potentialAction\":[{\"@type\":\"SearchAction\",\"target\":{\"@type\":\"EntryPoint\",\"urlTemplate\":\"https:\/\/librairie7l.com\/en\/?s={search_term_string}\"},\"query-input\":\"required name=search_term_string\"}],\"inLanguage\":\"en-US\"},{\"@type\":\"Organization\",\"@id\":\"https:\/\/librairie7l.com\/en\/#organization\",\"name\":\"Librairie 7L\",\"url\":\"https:\/\/librairie7l.com\/en\/\",\"logo\":{\"@type\":\"ImageObject\",\"inLanguage\":\"en-US\",\"@id\":\"https:\/\/librairie7l.com\/en\/#\/schema\/logo\/image\/\",\"url\":\"https:\/\/librairie7l.com\/wp-content\/uploads\/2022\/08\/logo-1.png\",\"contentUrl\":\"https:\/\/librairie7l.com\/wp-content\/uploads\/2022\/08\/logo-1.png\",\"width\":227,\"height\":301,\"caption\":\"Librairie 7L\"},\"image\":{\"@id\":\"https:\/\/librairie7l.com\/en\/#\/schema\/logo\/image\/\"}}]}<\/script>\n<!-- \/ Yoast SEO plugin. -->","yoast_head_json":{"title":"Culture Chanel ; la femme qui lit - Librairie 7L","robots":{"index":"index","follow":"follow","max-snippet":"max-snippet:-1","max-image-preview":"max-image-preview:large","max-video-preview":"max-video-preview:-1"},"canonical":"https:\/\/librairie7l.com\/en\/produit\/culture-chanel-la-femme-qui-lit\/","og_locale":"en_US","og_type":"article","og_title":"Culture Chanel ; la femme qui lit - Librairie 7L","og_description":"Jouant sur les analogies, les correspondances visuelles \u00e0 travers les textes, d\u00e9dicaces, photographies, peintures, dessins, bijoux, parfums, cr\u00e9ations de modes, cet ouvrage \u00e9claire le vocabulaire esth\u00e9tique de Gabrielle Chanel, \u00e0 la lumi\u00e8re des oeuvres qui l&#8217;ont accompagn\u00e9e et ont su la r\u00e9v\u00e9ler \u00e0 elle-m\u00eame.","og_url":"https:\/\/librairie7l.com\/en\/produit\/culture-chanel-la-femme-qui-lit\/","og_site_name":"Librairie 7L","article_modified_time":"2026-04-28T07:07:13+00:00","og_image":[{"width":400,"height":482,"url":"https:\/\/librairie7l.com\/wp-content\/uploads\/2017\/04\/9782732484143_1_75.jpg","type":"image\/jpeg"}],"twitter_card":"summary_large_image","schema":{"@context":"https:\/\/schema.org","@graph":[{"@type":"WebPage","@id":"https:\/\/librairie7l.com\/en\/produit\/culture-chanel-la-femme-qui-lit\/","url":"https:\/\/librairie7l.com\/en\/produit\/culture-chanel-la-femme-qui-lit\/","name":"Culture Chanel ; la femme qui lit - Librairie 7L","isPartOf":{"@id":"https:\/\/librairie7l.com\/en\/#website"},"datePublished":"2024-06-26T03:06:44+00:00","dateModified":"2026-04-28T07:07:13+00:00","breadcrumb":{"@id":"https:\/\/librairie7l.com\/en\/produit\/culture-chanel-la-femme-qui-lit\/#breadcrumb"},"inLanguage":"en-US","potentialAction":[{"@type":"ReadAction","target":["https:\/\/librairie7l.com\/en\/produit\/culture-chanel-la-femme-qui-lit\/"]}]},{"@type":"BreadcrumbList","@id":"https:\/\/librairie7l.com\/en\/produit\/culture-chanel-la-femme-qui-lit\/#breadcrumb","itemListElement":[{"@type":"ListItem","position":1,"name":"Accueil","item":"https:\/\/librairie7l.com\/en\/"},{"@type":"ListItem","position":2,"name":"Shop","item":"https:\/\/librairie7l.com\/en\/shop\/"},{"@type":"ListItem","position":3,"name":"CULTURE CHANEL ; LA FEMME QUI LIT"}]},{"@type":"WebSite","@id":"https:\/\/librairie7l.com\/en\/#website","url":"https:\/\/librairie7l.com\/en\/","name":"Librairie 7L","description":"Librairie fond\u00e9e en 1999 par Karl Lagerfeld \u00e0 Paris","publisher":{"@id":"https:\/\/librairie7l.com\/en\/#organization"},"potentialAction":[{"@type":"SearchAction","target":{"@type":"EntryPoint","urlTemplate":"https:\/\/librairie7l.com\/en\/?s={search_term_string}"},"query-input":"required name=search_term_string"}],"inLanguage":"en-US"},{"@type":"Organization","@id":"https:\/\/librairie7l.com\/en\/#organization","name":"Librairie 7L","url":"https:\/\/librairie7l.com\/en\/","logo":{"@type":"ImageObject","inLanguage":"en-US","@id":"https:\/\/librairie7l.com\/en\/#\/schema\/logo\/image\/","url":"https:\/\/librairie7l.com\/wp-content\/uploads\/2022\/08\/logo-1.png","contentUrl":"https:\/\/librairie7l.com\/wp-content\/uploads\/2022\/08\/logo-1.png","width":227,"height":301,"caption":"Librairie 7L"},"image":{"@id":"https:\/\/librairie7l.com\/en\/#\/schema\/logo\/image\/"}}]}},"_links":{"self":[{"href":"https:\/\/librairie7l.com\/en\/wp-json\/wp\/v2\/product\/35279"}],"collection":[{"href":"https:\/\/librairie7l.com\/en\/wp-json\/wp\/v2\/product"}],"about":[{"href":"https:\/\/librairie7l.com\/en\/wp-json\/wp\/v2\/types\/product"}],"wp:featuredmedia":[{"embeddable":true,"href":"https:\/\/librairie7l.com\/en\/wp-json\/wp\/v2\/media\/35277"}],"wp:attachment":[{"href":"https:\/\/librairie7l.com\/en\/wp-json\/wp\/v2\/media?parent=35279"}],"wp:term":[{"taxonomy":"product_cat","embeddable":true,"href":"https:\/\/librairie7l.com\/en\/wp-json\/wp\/v2\/product_cat?post=35279"},{"taxonomy":"product_tag","embeddable":true,"href":"https:\/\/librairie7l.com\/en\/wp-json\/wp\/v2\/product_tag?post=35279"}],"curies":[{"name":"wp","href":"https:\/\/api.w.org\/{rel}","templated":true}]}}