{"id":35305,"date":"2023-10-10T09:18:46","date_gmt":"2023-10-10T07:18:46","guid":{"rendered":"https:\/\/librairie7l.com\/?post_type=product&#038;p=35305"},"modified":"2026-04-27T06:06:19","modified_gmt":"2026-04-27T04:06:19","slug":"kitchens-and-dining-rooms","status":"publish","type":"product","link":"https:\/\/librairie7l.com\/en\/produit\/kitchens-and-dining-rooms\/","title":{"rendered":"KITCHENS AND DINING ROOMS"},"content":{"rendered":"<p>Ce nouveau titre montre une vingtaine de cuisines et de salles \u00e0 manger r\u00e9centes cr\u00e9\u00e9es par des architectes d&#8217;int\u00e9rieurs et de designers renomm\u00e9s dans tous les styles : contemporains, intemporels et classiques.<\/p>\n<p>Trilingue : anglais &#8211; fran\u00e7ais &#8211; n\u00e9erlandais.<\/p>\n","protected":false},"excerpt":{"rendered":"<p>Ce nouveau titre montre une vingtaine de cuisines et de salles \u00e0 manger r\u00e9centes cr\u00e9\u00e9es par des architectes d&#8217;int\u00e9rieurs et de designers renomm\u00e9s dans tous les styles : contemporains, intemporels et classiques. Trilingue : anglais &#8211; fran\u00e7ais &#8211; n\u00e9erlandais.<\/p>\n","protected":false},"featured_media":35303,"template":"","meta":[],"product_cat":[2948,2950],"product_tag":[],"acf":[],"yoast_head":"<!-- This site is optimized with the Yoast SEO plugin v20.11 - https:\/\/yoast.com\/wordpress\/plugins\/seo\/ -->\n<title>Kitchens and dining rooms - Librairie 7L<\/title>\n<meta name=\"robots\" content=\"index, follow, max-snippet:-1, max-image-preview:large, max-video-preview:-1\" \/>\n<link rel=\"canonical\" href=\"https:\/\/librairie7l.com\/en\/produit\/kitchens-and-dining-rooms\/\" \/>\n<meta property=\"og:locale\" content=\"en_US\" \/>\n<meta property=\"og:type\" content=\"article\" \/>\n<meta property=\"og:title\" content=\"Kitchens and dining rooms - Librairie 7L\" \/>\n<meta property=\"og:description\" content=\"Ce nouveau titre montre une vingtaine de cuisines et de salles \u00e0 manger r\u00e9centes cr\u00e9\u00e9es par des architectes d&#8217;int\u00e9rieurs et de designers renomm\u00e9s dans tous les styles : contemporains, intemporels et classiques. Trilingue : anglais &#8211; fran\u00e7ais &#8211; n\u00e9erlandais.\" \/>\n<meta property=\"og:url\" content=\"https:\/\/librairie7l.com\/en\/produit\/kitchens-and-dining-rooms\/\" \/>\n<meta property=\"og:site_name\" content=\"Librairie 7L\" \/>\n<meta property=\"article:modified_time\" content=\"2026-04-27T04:06:19+00:00\" \/>\n<meta property=\"og:image\" content=\"https:\/\/librairie7l.com\/wp-content\/uploads\/2017\/11\/9782875500335_1_75.jpg\" \/>\n\t<meta property=\"og:image:width\" content=\"1000\" \/>\n\t<meta property=\"og:image:height\" content=\"1233\" \/>\n\t<meta property=\"og:image:type\" content=\"image\/jpeg\" \/>\n<meta name=\"twitter:card\" content=\"summary_large_image\" \/>\n<script type=\"application\/ld+json\" class=\"yoast-schema-graph\">{\"@context\":\"https:\/\/schema.org\",\"@graph\":[{\"@type\":\"WebPage\",\"@id\":\"https:\/\/librairie7l.com\/en\/produit\/kitchens-and-dining-rooms\/\",\"url\":\"https:\/\/librairie7l.com\/en\/produit\/kitchens-and-dining-rooms\/\",\"name\":\"Kitchens and dining rooms - Librairie 7L\",\"isPartOf\":{\"@id\":\"https:\/\/librairie7l.com\/en\/#website\"},\"datePublished\":\"2023-10-10T07:18:46+00:00\",\"dateModified\":\"2026-04-27T04:06:19+00:00\",\"breadcrumb\":{\"@id\":\"https:\/\/librairie7l.com\/en\/produit\/kitchens-and-dining-rooms\/#breadcrumb\"},\"inLanguage\":\"en-US\",\"potentialAction\":[{\"@type\":\"ReadAction\",\"target\":[\"https:\/\/librairie7l.com\/en\/produit\/kitchens-and-dining-rooms\/\"]}]},{\"@type\":\"BreadcrumbList\",\"@id\":\"https:\/\/librairie7l.com\/en\/produit\/kitchens-and-dining-rooms\/#breadcrumb\",\"itemListElement\":[{\"@type\":\"ListItem\",\"position\":1,\"name\":\"Accueil\",\"item\":\"https:\/\/librairie7l.com\/en\/\"},{\"@type\":\"ListItem\",\"position\":2,\"name\":\"Shop\",\"item\":\"https:\/\/librairie7l.com\/en\/shop\/\"},{\"@type\":\"ListItem\",\"position\":3,\"name\":\"KITCHENS AND DINING ROOMS\"}]},{\"@type\":\"WebSite\",\"@id\":\"https:\/\/librairie7l.com\/en\/#website\",\"url\":\"https:\/\/librairie7l.com\/en\/\",\"name\":\"Librairie 7L\",\"description\":\"Librairie fond\u00e9e en 1999 par Karl Lagerfeld \u00e0 Paris\",\"publisher\":{\"@id\":\"https:\/\/librairie7l.com\/en\/#organization\"},\"potentialAction\":[{\"@type\":\"SearchAction\",\"target\":{\"@type\":\"EntryPoint\",\"urlTemplate\":\"https:\/\/librairie7l.com\/en\/?s={search_term_string}\"},\"query-input\":\"required name=search_term_string\"}],\"inLanguage\":\"en-US\"},{\"@type\":\"Organization\",\"@id\":\"https:\/\/librairie7l.com\/en\/#organization\",\"name\":\"Librairie 7L\",\"url\":\"https:\/\/librairie7l.com\/en\/\",\"logo\":{\"@type\":\"ImageObject\",\"inLanguage\":\"en-US\",\"@id\":\"https:\/\/librairie7l.com\/en\/#\/schema\/logo\/image\/\",\"url\":\"https:\/\/librairie7l.com\/wp-content\/uploads\/2022\/08\/logo-1.png\",\"contentUrl\":\"https:\/\/librairie7l.com\/wp-content\/uploads\/2022\/08\/logo-1.png\",\"width\":227,\"height\":301,\"caption\":\"Librairie 7L\"},\"image\":{\"@id\":\"https:\/\/librairie7l.com\/en\/#\/schema\/logo\/image\/\"}}]}<\/script>\n<!-- \/ Yoast SEO plugin. -->","yoast_head_json":{"title":"Kitchens and dining rooms - Librairie 7L","robots":{"index":"index","follow":"follow","max-snippet":"max-snippet:-1","max-image-preview":"max-image-preview:large","max-video-preview":"max-video-preview:-1"},"canonical":"https:\/\/librairie7l.com\/en\/produit\/kitchens-and-dining-rooms\/","og_locale":"en_US","og_type":"article","og_title":"Kitchens and dining rooms - Librairie 7L","og_description":"Ce nouveau titre montre une vingtaine de cuisines et de salles \u00e0 manger r\u00e9centes cr\u00e9\u00e9es par des architectes d&#8217;int\u00e9rieurs et de designers renomm\u00e9s dans tous les styles : contemporains, intemporels et classiques. Trilingue : anglais &#8211; fran\u00e7ais &#8211; n\u00e9erlandais.","og_url":"https:\/\/librairie7l.com\/en\/produit\/kitchens-and-dining-rooms\/","og_site_name":"Librairie 7L","article_modified_time":"2026-04-27T04:06:19+00:00","og_image":[{"width":1000,"height":1233,"url":"https:\/\/librairie7l.com\/wp-content\/uploads\/2017\/11\/9782875500335_1_75.jpg","type":"image\/jpeg"}],"twitter_card":"summary_large_image","schema":{"@context":"https:\/\/schema.org","@graph":[{"@type":"WebPage","@id":"https:\/\/librairie7l.com\/en\/produit\/kitchens-and-dining-rooms\/","url":"https:\/\/librairie7l.com\/en\/produit\/kitchens-and-dining-rooms\/","name":"Kitchens and dining rooms - Librairie 7L","isPartOf":{"@id":"https:\/\/librairie7l.com\/en\/#website"},"datePublished":"2023-10-10T07:18:46+00:00","dateModified":"2026-04-27T04:06:19+00:00","breadcrumb":{"@id":"https:\/\/librairie7l.com\/en\/produit\/kitchens-and-dining-rooms\/#breadcrumb"},"inLanguage":"en-US","potentialAction":[{"@type":"ReadAction","target":["https:\/\/librairie7l.com\/en\/produit\/kitchens-and-dining-rooms\/"]}]},{"@type":"BreadcrumbList","@id":"https:\/\/librairie7l.com\/en\/produit\/kitchens-and-dining-rooms\/#breadcrumb","itemListElement":[{"@type":"ListItem","position":1,"name":"Accueil","item":"https:\/\/librairie7l.com\/en\/"},{"@type":"ListItem","position":2,"name":"Shop","item":"https:\/\/librairie7l.com\/en\/shop\/"},{"@type":"ListItem","position":3,"name":"KITCHENS AND DINING ROOMS"}]},{"@type":"WebSite","@id":"https:\/\/librairie7l.com\/en\/#website","url":"https:\/\/librairie7l.com\/en\/","name":"Librairie 7L","description":"Librairie fond\u00e9e en 1999 par Karl Lagerfeld \u00e0 Paris","publisher":{"@id":"https:\/\/librairie7l.com\/en\/#organization"},"potentialAction":[{"@type":"SearchAction","target":{"@type":"EntryPoint","urlTemplate":"https:\/\/librairie7l.com\/en\/?s={search_term_string}"},"query-input":"required name=search_term_string"}],"inLanguage":"en-US"},{"@type":"Organization","@id":"https:\/\/librairie7l.com\/en\/#organization","name":"Librairie 7L","url":"https:\/\/librairie7l.com\/en\/","logo":{"@type":"ImageObject","inLanguage":"en-US","@id":"https:\/\/librairie7l.com\/en\/#\/schema\/logo\/image\/","url":"https:\/\/librairie7l.com\/wp-content\/uploads\/2022\/08\/logo-1.png","contentUrl":"https:\/\/librairie7l.com\/wp-content\/uploads\/2022\/08\/logo-1.png","width":227,"height":301,"caption":"Librairie 7L"},"image":{"@id":"https:\/\/librairie7l.com\/en\/#\/schema\/logo\/image\/"}}]}},"_links":{"self":[{"href":"https:\/\/librairie7l.com\/en\/wp-json\/wp\/v2\/product\/35305"}],"collection":[{"href":"https:\/\/librairie7l.com\/en\/wp-json\/wp\/v2\/product"}],"about":[{"href":"https:\/\/librairie7l.com\/en\/wp-json\/wp\/v2\/types\/product"}],"wp:featuredmedia":[{"embeddable":true,"href":"https:\/\/librairie7l.com\/en\/wp-json\/wp\/v2\/media\/35303"}],"wp:attachment":[{"href":"https:\/\/librairie7l.com\/en\/wp-json\/wp\/v2\/media?parent=35305"}],"wp:term":[{"taxonomy":"product_cat","embeddable":true,"href":"https:\/\/librairie7l.com\/en\/wp-json\/wp\/v2\/product_cat?post=35305"},{"taxonomy":"product_tag","embeddable":true,"href":"https:\/\/librairie7l.com\/en\/wp-json\/wp\/v2\/product_tag?post=35305"}],"curies":[{"name":"wp","href":"https:\/\/api.w.org\/{rel}","templated":true}]}}