{"id":35319,"date":"2023-10-10T09:18:41","date_gmt":"2023-10-10T07:18:41","guid":{"rendered":"https:\/\/librairie7l.com\/?post_type=product&#038;p=35319"},"modified":"2026-04-23T21:07:11","modified_gmt":"2026-04-23T19:07:11","slug":"scandinavian-design-the-united-states-1890-1980","status":"publish","type":"product","link":"https:\/\/librairie7l.com\/en\/produit\/scandinavian-design-the-united-states-1890-1980\/","title":{"rendered":"SCANDINAVIAN DESIGN &AMP; THE UNITED STATES, 1890-1980"},"content":{"rendered":"<p>Analysant l&#8217;influence consid\u00e9rable du design scandinave aux \u00c9tats-Unis, ce livre explore les \u00e9changes mutuels entre les deux pays et analyse l&#8217;impact des id\u00e9es nordiques sur le design moderne et sur la culture et la vie mat\u00e9rielle am\u00e9ricaines. \u00c0 cot\u00e9 d&#8217;\u00e9l\u00e9ments familiers comme les meubles danois et le verre su\u00e9dois, ce livre propose une d\u00e9couverte d&#8217;autres r\u00e9alit\u00e9s issues de cette influence r\u00e9ciproque, comme par exemple le style peu connu de \u00abViking Revival\u00bb en Am\u00e9rique, mais aussi l&#8217;oeuvre de Howard Smith, artiste afro-am\u00e9ricain immigr\u00e9 en Finlande dans les ann\u00e9es 1960, ou encore la myriade de fa\u00e7ons dont les jouets et les articles m\u00e9nagers scandinaves ont contribu\u00e9 \u00e0 fa\u00e7onner les pratiques Am\u00e9ricaines en mati\u00e8re d&#8217;\u00e9ducation.<\/p>\n","protected":false},"excerpt":{"rendered":"<p>Analysant l&#8217;influence consid\u00e9rable du design scandinave aux \u00c9tats-Unis, ce livre explore les \u00e9changes mutuels entre les deux pays et analyse l&#8217;impact des id\u00e9es nordiques sur le design moderne et sur la culture et la vie mat\u00e9rielle am\u00e9ricaines. \u00c0 cot\u00e9 d&#8217;\u00e9l\u00e9ments familiers comme les meubles danois et le verre su\u00e9dois, ce livre propose une d\u00e9couverte d&#8217;autres [&hellip;]<\/p>\n","protected":false},"featured_media":35317,"template":"","meta":[],"product_cat":[2948,2952],"product_tag":[],"acf":[],"yoast_head":"<!-- This site is optimized with the Yoast SEO plugin v20.11 - https:\/\/yoast.com\/wordpress\/plugins\/seo\/ -->\n<title>Scandinavian design &amp; the united states, 1890-1980 - Librairie 7L<\/title>\n<meta name=\"robots\" content=\"index, follow, max-snippet:-1, max-image-preview:large, max-video-preview:-1\" \/>\n<link rel=\"canonical\" href=\"https:\/\/librairie7l.com\/en\/produit\/scandinavian-design-the-united-states-1890-1980\/\" \/>\n<meta property=\"og:locale\" content=\"en_US\" \/>\n<meta property=\"og:type\" content=\"article\" \/>\n<meta property=\"og:title\" content=\"Scandinavian design &amp; the united states, 1890-1980 - Librairie 7L\" \/>\n<meta property=\"og:description\" content=\"Analysant l&#8217;influence consid\u00e9rable du design scandinave aux \u00c9tats-Unis, ce livre explore les \u00e9changes mutuels entre les deux pays et analyse l&#8217;impact des id\u00e9es nordiques sur le design moderne et sur la culture et la vie mat\u00e9rielle am\u00e9ricaines. \u00c0 cot\u00e9 d&#8217;\u00e9l\u00e9ments familiers comme les meubles danois et le verre su\u00e9dois, ce livre propose une d\u00e9couverte d&#8217;autres [&hellip;]\" \/>\n<meta property=\"og:url\" content=\"https:\/\/librairie7l.com\/en\/produit\/scandinavian-design-the-united-states-1890-1980\/\" \/>\n<meta property=\"og:site_name\" content=\"Librairie 7L\" \/>\n<meta property=\"article:modified_time\" content=\"2026-04-23T19:07:11+00:00\" \/>\n<meta property=\"og:image\" content=\"https:\/\/librairie7l.com\/wp-content\/uploads\/2020\/01\/9783791359168_1_75.jpg\" \/>\n\t<meta property=\"og:image:width\" content=\"350\" \/>\n\t<meta property=\"og:image:height\" content=\"429\" \/>\n\t<meta property=\"og:image:type\" content=\"image\/jpeg\" \/>\n<meta name=\"twitter:card\" content=\"summary_large_image\" \/>\n<meta name=\"twitter:label1\" content=\"Est. reading time\" \/>\n\t<meta name=\"twitter:data1\" content=\"1 minute\" \/>\n<script type=\"application\/ld+json\" class=\"yoast-schema-graph\">{\"@context\":\"https:\/\/schema.org\",\"@graph\":[{\"@type\":\"WebPage\",\"@id\":\"https:\/\/librairie7l.com\/en\/produit\/scandinavian-design-the-united-states-1890-1980\/\",\"url\":\"https:\/\/librairie7l.com\/en\/produit\/scandinavian-design-the-united-states-1890-1980\/\",\"name\":\"Scandinavian design &amp; the united states, 1890-1980 - Librairie 7L\",\"isPartOf\":{\"@id\":\"https:\/\/librairie7l.com\/en\/#website\"},\"datePublished\":\"2023-10-10T07:18:41+00:00\",\"dateModified\":\"2026-04-23T19:07:11+00:00\",\"breadcrumb\":{\"@id\":\"https:\/\/librairie7l.com\/en\/produit\/scandinavian-design-the-united-states-1890-1980\/#breadcrumb\"},\"inLanguage\":\"en-US\",\"potentialAction\":[{\"@type\":\"ReadAction\",\"target\":[\"https:\/\/librairie7l.com\/en\/produit\/scandinavian-design-the-united-states-1890-1980\/\"]}]},{\"@type\":\"BreadcrumbList\",\"@id\":\"https:\/\/librairie7l.com\/en\/produit\/scandinavian-design-the-united-states-1890-1980\/#breadcrumb\",\"itemListElement\":[{\"@type\":\"ListItem\",\"position\":1,\"name\":\"Accueil\",\"item\":\"https:\/\/librairie7l.com\/en\/\"},{\"@type\":\"ListItem\",\"position\":2,\"name\":\"Shop\",\"item\":\"https:\/\/librairie7l.com\/en\/shop\/\"},{\"@type\":\"ListItem\",\"position\":3,\"name\":\"SCANDINAVIAN DESIGN &AMP; THE UNITED STATES, 1890-1980\"}]},{\"@type\":\"WebSite\",\"@id\":\"https:\/\/librairie7l.com\/en\/#website\",\"url\":\"https:\/\/librairie7l.com\/en\/\",\"name\":\"Librairie 7L\",\"description\":\"Librairie fond\u00e9e en 1999 par Karl Lagerfeld \u00e0 Paris\",\"publisher\":{\"@id\":\"https:\/\/librairie7l.com\/en\/#organization\"},\"potentialAction\":[{\"@type\":\"SearchAction\",\"target\":{\"@type\":\"EntryPoint\",\"urlTemplate\":\"https:\/\/librairie7l.com\/en\/?s={search_term_string}\"},\"query-input\":\"required name=search_term_string\"}],\"inLanguage\":\"en-US\"},{\"@type\":\"Organization\",\"@id\":\"https:\/\/librairie7l.com\/en\/#organization\",\"name\":\"Librairie 7L\",\"url\":\"https:\/\/librairie7l.com\/en\/\",\"logo\":{\"@type\":\"ImageObject\",\"inLanguage\":\"en-US\",\"@id\":\"https:\/\/librairie7l.com\/en\/#\/schema\/logo\/image\/\",\"url\":\"https:\/\/librairie7l.com\/wp-content\/uploads\/2022\/08\/logo-1.png\",\"contentUrl\":\"https:\/\/librairie7l.com\/wp-content\/uploads\/2022\/08\/logo-1.png\",\"width\":227,\"height\":301,\"caption\":\"Librairie 7L\"},\"image\":{\"@id\":\"https:\/\/librairie7l.com\/en\/#\/schema\/logo\/image\/\"}}]}<\/script>\n<!-- \/ Yoast SEO plugin. -->","yoast_head_json":{"title":"Scandinavian design &amp; the united states, 1890-1980 - Librairie 7L","robots":{"index":"index","follow":"follow","max-snippet":"max-snippet:-1","max-image-preview":"max-image-preview:large","max-video-preview":"max-video-preview:-1"},"canonical":"https:\/\/librairie7l.com\/en\/produit\/scandinavian-design-the-united-states-1890-1980\/","og_locale":"en_US","og_type":"article","og_title":"Scandinavian design &amp; the united states, 1890-1980 - Librairie 7L","og_description":"Analysant l&#8217;influence consid\u00e9rable du design scandinave aux \u00c9tats-Unis, ce livre explore les \u00e9changes mutuels entre les deux pays et analyse l&#8217;impact des id\u00e9es nordiques sur le design moderne et sur la culture et la vie mat\u00e9rielle am\u00e9ricaines. \u00c0 cot\u00e9 d&#8217;\u00e9l\u00e9ments familiers comme les meubles danois et le verre su\u00e9dois, ce livre propose une d\u00e9couverte d&#8217;autres [&hellip;]","og_url":"https:\/\/librairie7l.com\/en\/produit\/scandinavian-design-the-united-states-1890-1980\/","og_site_name":"Librairie 7L","article_modified_time":"2026-04-23T19:07:11+00:00","og_image":[{"width":350,"height":429,"url":"https:\/\/librairie7l.com\/wp-content\/uploads\/2020\/01\/9783791359168_1_75.jpg","type":"image\/jpeg"}],"twitter_card":"summary_large_image","twitter_misc":{"Est. reading time":"1 minute"},"schema":{"@context":"https:\/\/schema.org","@graph":[{"@type":"WebPage","@id":"https:\/\/librairie7l.com\/en\/produit\/scandinavian-design-the-united-states-1890-1980\/","url":"https:\/\/librairie7l.com\/en\/produit\/scandinavian-design-the-united-states-1890-1980\/","name":"Scandinavian design &amp; the united states, 1890-1980 - Librairie 7L","isPartOf":{"@id":"https:\/\/librairie7l.com\/en\/#website"},"datePublished":"2023-10-10T07:18:41+00:00","dateModified":"2026-04-23T19:07:11+00:00","breadcrumb":{"@id":"https:\/\/librairie7l.com\/en\/produit\/scandinavian-design-the-united-states-1890-1980\/#breadcrumb"},"inLanguage":"en-US","potentialAction":[{"@type":"ReadAction","target":["https:\/\/librairie7l.com\/en\/produit\/scandinavian-design-the-united-states-1890-1980\/"]}]},{"@type":"BreadcrumbList","@id":"https:\/\/librairie7l.com\/en\/produit\/scandinavian-design-the-united-states-1890-1980\/#breadcrumb","itemListElement":[{"@type":"ListItem","position":1,"name":"Accueil","item":"https:\/\/librairie7l.com\/en\/"},{"@type":"ListItem","position":2,"name":"Shop","item":"https:\/\/librairie7l.com\/en\/shop\/"},{"@type":"ListItem","position":3,"name":"SCANDINAVIAN DESIGN &AMP; THE UNITED STATES, 1890-1980"}]},{"@type":"WebSite","@id":"https:\/\/librairie7l.com\/en\/#website","url":"https:\/\/librairie7l.com\/en\/","name":"Librairie 7L","description":"Librairie fond\u00e9e en 1999 par Karl Lagerfeld \u00e0 Paris","publisher":{"@id":"https:\/\/librairie7l.com\/en\/#organization"},"potentialAction":[{"@type":"SearchAction","target":{"@type":"EntryPoint","urlTemplate":"https:\/\/librairie7l.com\/en\/?s={search_term_string}"},"query-input":"required name=search_term_string"}],"inLanguage":"en-US"},{"@type":"Organization","@id":"https:\/\/librairie7l.com\/en\/#organization","name":"Librairie 7L","url":"https:\/\/librairie7l.com\/en\/","logo":{"@type":"ImageObject","inLanguage":"en-US","@id":"https:\/\/librairie7l.com\/en\/#\/schema\/logo\/image\/","url":"https:\/\/librairie7l.com\/wp-content\/uploads\/2022\/08\/logo-1.png","contentUrl":"https:\/\/librairie7l.com\/wp-content\/uploads\/2022\/08\/logo-1.png","width":227,"height":301,"caption":"Librairie 7L"},"image":{"@id":"https:\/\/librairie7l.com\/en\/#\/schema\/logo\/image\/"}}]}},"_links":{"self":[{"href":"https:\/\/librairie7l.com\/en\/wp-json\/wp\/v2\/product\/35319"}],"collection":[{"href":"https:\/\/librairie7l.com\/en\/wp-json\/wp\/v2\/product"}],"about":[{"href":"https:\/\/librairie7l.com\/en\/wp-json\/wp\/v2\/types\/product"}],"wp:featuredmedia":[{"embeddable":true,"href":"https:\/\/librairie7l.com\/en\/wp-json\/wp\/v2\/media\/35317"}],"wp:attachment":[{"href":"https:\/\/librairie7l.com\/en\/wp-json\/wp\/v2\/media?parent=35319"}],"wp:term":[{"taxonomy":"product_cat","embeddable":true,"href":"https:\/\/librairie7l.com\/en\/wp-json\/wp\/v2\/product_cat?post=35319"},{"taxonomy":"product_tag","embeddable":true,"href":"https:\/\/librairie7l.com\/en\/wp-json\/wp\/v2\/product_tag?post=35319"}],"curies":[{"name":"wp","href":"https:\/\/api.w.org\/{rel}","templated":true}]}}