{"id":35361,"date":"2024-05-23T01:06:23","date_gmt":"2024-05-22T23:06:23","guid":{"rendered":"https:\/\/librairie7l.com\/?post_type=product&#038;p=35361"},"modified":"2026-04-09T03:20:58","modified_gmt":"2026-04-09T01:20:58","slug":"judd","status":"publish","type":"product","link":"https:\/\/librairie7l.com\/en\/produit\/judd\/","title":{"rendered":"JUDD"},"content":{"rendered":"<p>Publi\u00e9 pour accompagner la premi\u00e8re exposition r\u00e9trospective am\u00e9ricaine de la sculpture de Donald Judd depuis plus de trente ans, ce catalogue explore le travail d&#8217;un artiste de r\u00e9f\u00e9rence qui, au cours de sa carri\u00e8re, a d\u00e9velopp\u00e9 un vocabulaire mat\u00e9riel et formel qui a transform\u00e9 le domaine de la sculpture moderne. Des peintures des d\u00e9buts dans les ann\u00e9es 1960 jusqu&#8217;aux derni\u00e8res oeuvres avant sa disparition, cette publication richement illustr\u00e9e examine de pr\u00e8s les r\u00e9alisations de Judd et, \u00e0 l&#8217;aide de nouveaux documents d&#8217;archives disponibles \u00e0 la Fondation Judd et ailleurs, \u00e9largit les perspectives de son travail.<\/p>\n","protected":false},"excerpt":{"rendered":"<p>Publi\u00e9 pour accompagner la premi\u00e8re exposition r\u00e9trospective am\u00e9ricaine de la sculpture de Donald Judd depuis plus de trente ans, ce catalogue explore le travail d&#8217;un artiste de r\u00e9f\u00e9rence qui, au cours de sa carri\u00e8re, a d\u00e9velopp\u00e9 un vocabulaire mat\u00e9riel et formel qui a transform\u00e9 le domaine de la sculpture moderne. Des peintures des d\u00e9buts dans [&hellip;]<\/p>\n","protected":false},"featured_media":35359,"template":"","meta":[],"product_cat":[2948,2953],"product_tag":[],"acf":[],"yoast_head":"<!-- This site is optimized with the Yoast SEO plugin v20.11 - https:\/\/yoast.com\/wordpress\/plugins\/seo\/ -->\n<title>Judd - Librairie 7L<\/title>\n<meta name=\"robots\" content=\"index, follow, max-snippet:-1, max-image-preview:large, max-video-preview:-1\" \/>\n<link rel=\"canonical\" href=\"https:\/\/librairie7l.com\/en\/produit\/judd\/\" \/>\n<meta property=\"og:locale\" content=\"en_US\" \/>\n<meta property=\"og:type\" content=\"article\" \/>\n<meta property=\"og:title\" content=\"Judd - Librairie 7L\" \/>\n<meta property=\"og:description\" content=\"Publi\u00e9 pour accompagner la premi\u00e8re exposition r\u00e9trospective am\u00e9ricaine de la sculpture de Donald Judd depuis plus de trente ans, ce catalogue explore le travail d&#8217;un artiste de r\u00e9f\u00e9rence qui, au cours de sa carri\u00e8re, a d\u00e9velopp\u00e9 un vocabulaire mat\u00e9riel et formel qui a transform\u00e9 le domaine de la sculpture moderne. Des peintures des d\u00e9buts dans [&hellip;]\" \/>\n<meta property=\"og:url\" content=\"https:\/\/librairie7l.com\/en\/produit\/judd\/\" \/>\n<meta property=\"og:site_name\" content=\"Librairie 7L\" \/>\n<meta property=\"article:modified_time\" content=\"2026-04-09T01:20:58+00:00\" \/>\n<meta property=\"og:image\" content=\"https:\/\/librairie7l.com\/wp-content\/uploads\/2020\/01\/9781633450325_1_75.jpg\" \/>\n\t<meta property=\"og:image:width\" content=\"218\" \/>\n\t<meta property=\"og:image:height\" content=\"250\" \/>\n\t<meta property=\"og:image:type\" content=\"image\/jpeg\" \/>\n<meta name=\"twitter:card\" content=\"summary_large_image\" \/>\n<meta name=\"twitter:label1\" content=\"Est. reading time\" \/>\n\t<meta name=\"twitter:data1\" content=\"1 minute\" \/>\n<script type=\"application\/ld+json\" class=\"yoast-schema-graph\">{\"@context\":\"https:\/\/schema.org\",\"@graph\":[{\"@type\":\"WebPage\",\"@id\":\"https:\/\/librairie7l.com\/en\/produit\/judd\/\",\"url\":\"https:\/\/librairie7l.com\/en\/produit\/judd\/\",\"name\":\"Judd - Librairie 7L\",\"isPartOf\":{\"@id\":\"https:\/\/librairie7l.com\/en\/#website\"},\"datePublished\":\"2024-05-22T23:06:23+00:00\",\"dateModified\":\"2026-04-09T01:20:58+00:00\",\"breadcrumb\":{\"@id\":\"https:\/\/librairie7l.com\/en\/produit\/judd\/#breadcrumb\"},\"inLanguage\":\"en-US\",\"potentialAction\":[{\"@type\":\"ReadAction\",\"target\":[\"https:\/\/librairie7l.com\/en\/produit\/judd\/\"]}]},{\"@type\":\"BreadcrumbList\",\"@id\":\"https:\/\/librairie7l.com\/en\/produit\/judd\/#breadcrumb\",\"itemListElement\":[{\"@type\":\"ListItem\",\"position\":1,\"name\":\"Accueil\",\"item\":\"https:\/\/librairie7l.com\/en\/\"},{\"@type\":\"ListItem\",\"position\":2,\"name\":\"Shop\",\"item\":\"https:\/\/librairie7l.com\/en\/shop\/\"},{\"@type\":\"ListItem\",\"position\":3,\"name\":\"JUDD\"}]},{\"@type\":\"WebSite\",\"@id\":\"https:\/\/librairie7l.com\/en\/#website\",\"url\":\"https:\/\/librairie7l.com\/en\/\",\"name\":\"Librairie 7L\",\"description\":\"Librairie fond\u00e9e en 1999 par Karl Lagerfeld \u00e0 Paris\",\"publisher\":{\"@id\":\"https:\/\/librairie7l.com\/en\/#organization\"},\"potentialAction\":[{\"@type\":\"SearchAction\",\"target\":{\"@type\":\"EntryPoint\",\"urlTemplate\":\"https:\/\/librairie7l.com\/en\/?s={search_term_string}\"},\"query-input\":\"required name=search_term_string\"}],\"inLanguage\":\"en-US\"},{\"@type\":\"Organization\",\"@id\":\"https:\/\/librairie7l.com\/en\/#organization\",\"name\":\"Librairie 7L\",\"url\":\"https:\/\/librairie7l.com\/en\/\",\"logo\":{\"@type\":\"ImageObject\",\"inLanguage\":\"en-US\",\"@id\":\"https:\/\/librairie7l.com\/en\/#\/schema\/logo\/image\/\",\"url\":\"https:\/\/librairie7l.com\/wp-content\/uploads\/2022\/08\/logo-1.png\",\"contentUrl\":\"https:\/\/librairie7l.com\/wp-content\/uploads\/2022\/08\/logo-1.png\",\"width\":227,\"height\":301,\"caption\":\"Librairie 7L\"},\"image\":{\"@id\":\"https:\/\/librairie7l.com\/en\/#\/schema\/logo\/image\/\"}}]}<\/script>\n<!-- \/ Yoast SEO plugin. -->","yoast_head_json":{"title":"Judd - Librairie 7L","robots":{"index":"index","follow":"follow","max-snippet":"max-snippet:-1","max-image-preview":"max-image-preview:large","max-video-preview":"max-video-preview:-1"},"canonical":"https:\/\/librairie7l.com\/en\/produit\/judd\/","og_locale":"en_US","og_type":"article","og_title":"Judd - Librairie 7L","og_description":"Publi\u00e9 pour accompagner la premi\u00e8re exposition r\u00e9trospective am\u00e9ricaine de la sculpture de Donald Judd depuis plus de trente ans, ce catalogue explore le travail d&#8217;un artiste de r\u00e9f\u00e9rence qui, au cours de sa carri\u00e8re, a d\u00e9velopp\u00e9 un vocabulaire mat\u00e9riel et formel qui a transform\u00e9 le domaine de la sculpture moderne. Des peintures des d\u00e9buts dans [&hellip;]","og_url":"https:\/\/librairie7l.com\/en\/produit\/judd\/","og_site_name":"Librairie 7L","article_modified_time":"2026-04-09T01:20:58+00:00","og_image":[{"width":218,"height":250,"url":"https:\/\/librairie7l.com\/wp-content\/uploads\/2020\/01\/9781633450325_1_75.jpg","type":"image\/jpeg"}],"twitter_card":"summary_large_image","twitter_misc":{"Est. reading time":"1 minute"},"schema":{"@context":"https:\/\/schema.org","@graph":[{"@type":"WebPage","@id":"https:\/\/librairie7l.com\/en\/produit\/judd\/","url":"https:\/\/librairie7l.com\/en\/produit\/judd\/","name":"Judd - Librairie 7L","isPartOf":{"@id":"https:\/\/librairie7l.com\/en\/#website"},"datePublished":"2024-05-22T23:06:23+00:00","dateModified":"2026-04-09T01:20:58+00:00","breadcrumb":{"@id":"https:\/\/librairie7l.com\/en\/produit\/judd\/#breadcrumb"},"inLanguage":"en-US","potentialAction":[{"@type":"ReadAction","target":["https:\/\/librairie7l.com\/en\/produit\/judd\/"]}]},{"@type":"BreadcrumbList","@id":"https:\/\/librairie7l.com\/en\/produit\/judd\/#breadcrumb","itemListElement":[{"@type":"ListItem","position":1,"name":"Accueil","item":"https:\/\/librairie7l.com\/en\/"},{"@type":"ListItem","position":2,"name":"Shop","item":"https:\/\/librairie7l.com\/en\/shop\/"},{"@type":"ListItem","position":3,"name":"JUDD"}]},{"@type":"WebSite","@id":"https:\/\/librairie7l.com\/en\/#website","url":"https:\/\/librairie7l.com\/en\/","name":"Librairie 7L","description":"Librairie fond\u00e9e en 1999 par Karl Lagerfeld \u00e0 Paris","publisher":{"@id":"https:\/\/librairie7l.com\/en\/#organization"},"potentialAction":[{"@type":"SearchAction","target":{"@type":"EntryPoint","urlTemplate":"https:\/\/librairie7l.com\/en\/?s={search_term_string}"},"query-input":"required name=search_term_string"}],"inLanguage":"en-US"},{"@type":"Organization","@id":"https:\/\/librairie7l.com\/en\/#organization","name":"Librairie 7L","url":"https:\/\/librairie7l.com\/en\/","logo":{"@type":"ImageObject","inLanguage":"en-US","@id":"https:\/\/librairie7l.com\/en\/#\/schema\/logo\/image\/","url":"https:\/\/librairie7l.com\/wp-content\/uploads\/2022\/08\/logo-1.png","contentUrl":"https:\/\/librairie7l.com\/wp-content\/uploads\/2022\/08\/logo-1.png","width":227,"height":301,"caption":"Librairie 7L"},"image":{"@id":"https:\/\/librairie7l.com\/en\/#\/schema\/logo\/image\/"}}]}},"_links":{"self":[{"href":"https:\/\/librairie7l.com\/en\/wp-json\/wp\/v2\/product\/35361"}],"collection":[{"href":"https:\/\/librairie7l.com\/en\/wp-json\/wp\/v2\/product"}],"about":[{"href":"https:\/\/librairie7l.com\/en\/wp-json\/wp\/v2\/types\/product"}],"wp:featuredmedia":[{"embeddable":true,"href":"https:\/\/librairie7l.com\/en\/wp-json\/wp\/v2\/media\/35359"}],"wp:attachment":[{"href":"https:\/\/librairie7l.com\/en\/wp-json\/wp\/v2\/media?parent=35361"}],"wp:term":[{"taxonomy":"product_cat","embeddable":true,"href":"https:\/\/librairie7l.com\/en\/wp-json\/wp\/v2\/product_cat?post=35361"},{"taxonomy":"product_tag","embeddable":true,"href":"https:\/\/librairie7l.com\/en\/wp-json\/wp\/v2\/product_tag?post=35361"}],"curies":[{"name":"wp","href":"https:\/\/api.w.org\/{rel}","templated":true}]}}