{"id":35393,"date":"2023-10-10T09:18:15","date_gmt":"2023-10-10T07:18:15","guid":{"rendered":"https:\/\/librairie7l.com\/?post_type=product&#038;p=35393"},"modified":"2026-04-17T15:06:28","modified_gmt":"2026-04-17T13:06:28","slug":"maison","status":"publish","type":"product","link":"https:\/\/librairie7l.com\/en\/produit\/maison\/","title":{"rendered":"MAISON"},"content":{"rendered":"<p>Voici quelques ann\u00e9es, alors que r\u00e9gnait le style scandinave, la palette de Christian Liaigre fut une r\u00e9volution. Le d\u00e9corateur imposait des tonalit\u00e9s masculines (brun, cr\u00e8me, gris, taupe) et cr\u00e9ait un style tout \u00e0 la fois d\u00e9pouill\u00e9 et luxueux, o\u00f9 l&#8217;amour des belles mati\u00e8res, des bois exotiques se m\u00ealait \u00e0 des r\u00e9miniscences Art d\u00e9co et \u00e0 une utilisation \u00e9clair\u00e9e de l&#8217;artisanat de grand luxe. Il est devenu le d\u00e9corateur le plus zen de sa g\u00e9n\u00e9ration, le chantre de la s\u00e9r\u00e9nit\u00e9. La paix \u00e9manant des espaces cr\u00e9\u00e9s par Christian Liaigre refl\u00e8te une aversion instinctive pour les clameurs de la modernit\u00e9. Il trouve une inspiration profonde dans les traditions des lieux o\u00f9 il travaille, mais aussi dans une m\u00e9moire personnelle ancr\u00e9e sur la c\u00f4te vend\u00e9enne, o\u00f9 il a grandi, et dans le monde \u00e9questre, puisque ses parents \u00e9levaient des chevaux. Christian Liaigre oeuvre aujourd&#8217;hui sur plusieurs continents. Il a choisi pour ce livre huit lieux (dont quatre en France) repr\u00e9sentatifs de son travail actuel, R\u00e9novation d&#8217;un atelier d&#8217;artiste \u00e0 Paris, d\u00e9coration d&#8217;une maison de vacances en Corse ou du triplex du magnat de la presse Rupert Murdoch \u00e0 New York, am\u00e9nagement d&#8217;une maison traditionnelle en Bavi\u00e8re ou sur l&#8217;\u00eele de R\u00e9, les exemples choisis montrent chacun une facette diff\u00e9rente du talent de Christian Liaigre. Son classicisme lui permet de s&#8217;adapter aussi bien \u00e0 l&#8217;h\u00e9ritage industriel de Manhattan qu&#8217;aux paysages sauvages des c\u00f4tes corse ou galicienne. Herbert Ypma, travaillant en \u00e9troite collaboration avec le d\u00e9corateur, a su donner \u00e0 ce livre une beaut\u00e9 \u00e9pur\u00e9e digne de ce grand cr\u00e9ateur.<\/p>\n","protected":false},"excerpt":{"rendered":"<p>Voici quelques ann\u00e9es, alors que r\u00e9gnait le style scandinave, la palette de Christian Liaigre fut une r\u00e9volution. Le d\u00e9corateur imposait des tonalit\u00e9s masculines (brun, cr\u00e8me, gris, taupe) et cr\u00e9ait un style tout \u00e0 la fois d\u00e9pouill\u00e9 et luxueux, o\u00f9 l&#8217;amour des belles mati\u00e8res, des bois exotiques se m\u00ealait \u00e0 des r\u00e9miniscences Art d\u00e9co et \u00e0 [&hellip;]<\/p>\n","protected":false},"featured_media":35391,"template":"","meta":[],"product_cat":[2948,2952],"product_tag":[],"acf":[],"yoast_head":"<!-- This site is optimized with the Yoast SEO plugin v20.11 - https:\/\/yoast.com\/wordpress\/plugins\/seo\/ -->\n<title>Maison - Librairie 7L<\/title>\n<meta name=\"robots\" content=\"index, follow, max-snippet:-1, max-image-preview:large, max-video-preview:-1\" \/>\n<link rel=\"canonical\" href=\"https:\/\/librairie7l.com\/en\/produit\/maison\/\" \/>\n<meta property=\"og:locale\" content=\"en_US\" \/>\n<meta property=\"og:type\" content=\"article\" \/>\n<meta property=\"og:title\" content=\"Maison - Librairie 7L\" \/>\n<meta property=\"og:description\" content=\"Voici quelques ann\u00e9es, alors que r\u00e9gnait le style scandinave, la palette de Christian Liaigre fut une r\u00e9volution. Le d\u00e9corateur imposait des tonalit\u00e9s masculines (brun, cr\u00e8me, gris, taupe) et cr\u00e9ait un style tout \u00e0 la fois d\u00e9pouill\u00e9 et luxueux, o\u00f9 l&#8217;amour des belles mati\u00e8res, des bois exotiques se m\u00ealait \u00e0 des r\u00e9miniscences Art d\u00e9co et \u00e0 [&hellip;]\" \/>\n<meta property=\"og:url\" content=\"https:\/\/librairie7l.com\/en\/produit\/maison\/\" \/>\n<meta property=\"og:site_name\" content=\"Librairie 7L\" \/>\n<meta property=\"article:modified_time\" content=\"2026-04-17T13:06:28+00:00\" \/>\n<meta property=\"og:image\" content=\"https:\/\/librairie7l.com\/wp-content\/uploads\/2003\/12\/9782082012584_1_75.jpg\" \/>\n\t<meta property=\"og:image:width\" content=\"627\" \/>\n\t<meta property=\"og:image:height\" content=\"853\" \/>\n\t<meta property=\"og:image:type\" content=\"image\/jpeg\" \/>\n<meta name=\"twitter:card\" content=\"summary_large_image\" \/>\n<meta name=\"twitter:label1\" content=\"Est. reading time\" \/>\n\t<meta name=\"twitter:data1\" content=\"1 minute\" \/>\n<script type=\"application\/ld+json\" class=\"yoast-schema-graph\">{\"@context\":\"https:\/\/schema.org\",\"@graph\":[{\"@type\":\"WebPage\",\"@id\":\"https:\/\/librairie7l.com\/en\/produit\/maison\/\",\"url\":\"https:\/\/librairie7l.com\/en\/produit\/maison\/\",\"name\":\"Maison - Librairie 7L\",\"isPartOf\":{\"@id\":\"https:\/\/librairie7l.com\/en\/#website\"},\"datePublished\":\"2023-10-10T07:18:15+00:00\",\"dateModified\":\"2026-04-17T13:06:28+00:00\",\"breadcrumb\":{\"@id\":\"https:\/\/librairie7l.com\/en\/produit\/maison\/#breadcrumb\"},\"inLanguage\":\"en-US\",\"potentialAction\":[{\"@type\":\"ReadAction\",\"target\":[\"https:\/\/librairie7l.com\/en\/produit\/maison\/\"]}]},{\"@type\":\"BreadcrumbList\",\"@id\":\"https:\/\/librairie7l.com\/en\/produit\/maison\/#breadcrumb\",\"itemListElement\":[{\"@type\":\"ListItem\",\"position\":1,\"name\":\"Accueil\",\"item\":\"https:\/\/librairie7l.com\/en\/\"},{\"@type\":\"ListItem\",\"position\":2,\"name\":\"Shop\",\"item\":\"https:\/\/librairie7l.com\/en\/shop\/\"},{\"@type\":\"ListItem\",\"position\":3,\"name\":\"MAISON\"}]},{\"@type\":\"WebSite\",\"@id\":\"https:\/\/librairie7l.com\/en\/#website\",\"url\":\"https:\/\/librairie7l.com\/en\/\",\"name\":\"Librairie 7L\",\"description\":\"Librairie fond\u00e9e en 1999 par Karl Lagerfeld \u00e0 Paris\",\"publisher\":{\"@id\":\"https:\/\/librairie7l.com\/en\/#organization\"},\"potentialAction\":[{\"@type\":\"SearchAction\",\"target\":{\"@type\":\"EntryPoint\",\"urlTemplate\":\"https:\/\/librairie7l.com\/en\/?s={search_term_string}\"},\"query-input\":\"required name=search_term_string\"}],\"inLanguage\":\"en-US\"},{\"@type\":\"Organization\",\"@id\":\"https:\/\/librairie7l.com\/en\/#organization\",\"name\":\"Librairie 7L\",\"url\":\"https:\/\/librairie7l.com\/en\/\",\"logo\":{\"@type\":\"ImageObject\",\"inLanguage\":\"en-US\",\"@id\":\"https:\/\/librairie7l.com\/en\/#\/schema\/logo\/image\/\",\"url\":\"https:\/\/librairie7l.com\/wp-content\/uploads\/2022\/08\/logo-1.png\",\"contentUrl\":\"https:\/\/librairie7l.com\/wp-content\/uploads\/2022\/08\/logo-1.png\",\"width\":227,\"height\":301,\"caption\":\"Librairie 7L\"},\"image\":{\"@id\":\"https:\/\/librairie7l.com\/en\/#\/schema\/logo\/image\/\"}}]}<\/script>\n<!-- \/ Yoast SEO plugin. -->","yoast_head_json":{"title":"Maison - Librairie 7L","robots":{"index":"index","follow":"follow","max-snippet":"max-snippet:-1","max-image-preview":"max-image-preview:large","max-video-preview":"max-video-preview:-1"},"canonical":"https:\/\/librairie7l.com\/en\/produit\/maison\/","og_locale":"en_US","og_type":"article","og_title":"Maison - Librairie 7L","og_description":"Voici quelques ann\u00e9es, alors que r\u00e9gnait le style scandinave, la palette de Christian Liaigre fut une r\u00e9volution. Le d\u00e9corateur imposait des tonalit\u00e9s masculines (brun, cr\u00e8me, gris, taupe) et cr\u00e9ait un style tout \u00e0 la fois d\u00e9pouill\u00e9 et luxueux, o\u00f9 l&#8217;amour des belles mati\u00e8res, des bois exotiques se m\u00ealait \u00e0 des r\u00e9miniscences Art d\u00e9co et \u00e0 [&hellip;]","og_url":"https:\/\/librairie7l.com\/en\/produit\/maison\/","og_site_name":"Librairie 7L","article_modified_time":"2026-04-17T13:06:28+00:00","og_image":[{"width":627,"height":853,"url":"https:\/\/librairie7l.com\/wp-content\/uploads\/2003\/12\/9782082012584_1_75.jpg","type":"image\/jpeg"}],"twitter_card":"summary_large_image","twitter_misc":{"Est. reading time":"1 minute"},"schema":{"@context":"https:\/\/schema.org","@graph":[{"@type":"WebPage","@id":"https:\/\/librairie7l.com\/en\/produit\/maison\/","url":"https:\/\/librairie7l.com\/en\/produit\/maison\/","name":"Maison - Librairie 7L","isPartOf":{"@id":"https:\/\/librairie7l.com\/en\/#website"},"datePublished":"2023-10-10T07:18:15+00:00","dateModified":"2026-04-17T13:06:28+00:00","breadcrumb":{"@id":"https:\/\/librairie7l.com\/en\/produit\/maison\/#breadcrumb"},"inLanguage":"en-US","potentialAction":[{"@type":"ReadAction","target":["https:\/\/librairie7l.com\/en\/produit\/maison\/"]}]},{"@type":"BreadcrumbList","@id":"https:\/\/librairie7l.com\/en\/produit\/maison\/#breadcrumb","itemListElement":[{"@type":"ListItem","position":1,"name":"Accueil","item":"https:\/\/librairie7l.com\/en\/"},{"@type":"ListItem","position":2,"name":"Shop","item":"https:\/\/librairie7l.com\/en\/shop\/"},{"@type":"ListItem","position":3,"name":"MAISON"}]},{"@type":"WebSite","@id":"https:\/\/librairie7l.com\/en\/#website","url":"https:\/\/librairie7l.com\/en\/","name":"Librairie 7L","description":"Librairie fond\u00e9e en 1999 par Karl Lagerfeld \u00e0 Paris","publisher":{"@id":"https:\/\/librairie7l.com\/en\/#organization"},"potentialAction":[{"@type":"SearchAction","target":{"@type":"EntryPoint","urlTemplate":"https:\/\/librairie7l.com\/en\/?s={search_term_string}"},"query-input":"required name=search_term_string"}],"inLanguage":"en-US"},{"@type":"Organization","@id":"https:\/\/librairie7l.com\/en\/#organization","name":"Librairie 7L","url":"https:\/\/librairie7l.com\/en\/","logo":{"@type":"ImageObject","inLanguage":"en-US","@id":"https:\/\/librairie7l.com\/en\/#\/schema\/logo\/image\/","url":"https:\/\/librairie7l.com\/wp-content\/uploads\/2022\/08\/logo-1.png","contentUrl":"https:\/\/librairie7l.com\/wp-content\/uploads\/2022\/08\/logo-1.png","width":227,"height":301,"caption":"Librairie 7L"},"image":{"@id":"https:\/\/librairie7l.com\/en\/#\/schema\/logo\/image\/"}}]}},"_links":{"self":[{"href":"https:\/\/librairie7l.com\/en\/wp-json\/wp\/v2\/product\/35393"}],"collection":[{"href":"https:\/\/librairie7l.com\/en\/wp-json\/wp\/v2\/product"}],"about":[{"href":"https:\/\/librairie7l.com\/en\/wp-json\/wp\/v2\/types\/product"}],"wp:featuredmedia":[{"embeddable":true,"href":"https:\/\/librairie7l.com\/en\/wp-json\/wp\/v2\/media\/35391"}],"wp:attachment":[{"href":"https:\/\/librairie7l.com\/en\/wp-json\/wp\/v2\/media?parent=35393"}],"wp:term":[{"taxonomy":"product_cat","embeddable":true,"href":"https:\/\/librairie7l.com\/en\/wp-json\/wp\/v2\/product_cat?post=35393"},{"taxonomy":"product_tag","embeddable":true,"href":"https:\/\/librairie7l.com\/en\/wp-json\/wp\/v2\/product_tag?post=35393"}],"curies":[{"name":"wp","href":"https:\/\/api.w.org\/{rel}","templated":true}]}}