{"id":35417,"date":"2024-06-25T13:31:29","date_gmt":"2024-06-25T11:31:29","guid":{"rendered":"https:\/\/librairie7l.com\/?post_type=product&#038;p=35417"},"modified":"2026-04-10T19:06:31","modified_gmt":"2026-04-10T17:06:31","slug":"julia-margaret-cameron-musee-de-gand","status":"publish","type":"product","link":"https:\/\/librairie7l.com\/en\/produit\/julia-margaret-cameron-musee-de-gand\/","title":{"rendered":"JULIA MARGARET CAMERON ; MUS\u00c9E DE GAND"},"content":{"rendered":"<p>Julia Margaret Cameron (11 juin 1815 \u00e0 Calcutta &#8211; 26 janvier 1879 \u00e0 Ceylan) est une photographe britannique, surtout connue pour ses portraits de c\u00e9l\u00e9brit\u00e9s de son temps. Elle r\u00e9alisa aussi des illustrations photographiques inspir\u00e9es par la peinture pr\u00e9rapha\u00e9liteanglaise.<br \/>\nPhotographe amateur devenue portraitiste renomm\u00e9e, Julia Margaret Cameron eut une v\u00e9ritable d\u00e9marche artistique. Anim\u00e9e par une recherche de la beaut\u00e9 et de l&#8217;esth\u00e9tique, elle cherchait \u00e0 capter la personnalit\u00e9 des sujets qui posaient pour elle. Cette d\u00e9marche \u00e9tait novatrice, \u00e0 une \u00e9poque o\u00f9 la photographie, technique encore r\u00e9cente, \u00e9tait surtout estim\u00e9e pour sa pr\u00e9cision documentaire.<br \/>\nLa carri\u00e8re photographique de Cameron fut courte (environ 12 ans) et commen\u00e7a tardivement dans sa vie. Son travail a eu un impact notable sur la photographie moderne, en particulier ses portraits au cadrage serr\u00e9 et au flou artistique.<br \/>\nUne photographe tardive mais passionn\u00e9e[modifier | modifier le code] Charles Hay Cameron (1795-1881), son mari. Julia Margaret Cameron, 1864 En 1863, alors que Julia Margaret Cameron f\u00eatait ses 48 ans, sa fille a\u00een\u00e9e lui offrit un appareil photo.<br \/>\nElle d\u00e9buta alors sa carri\u00e8re de photographe, qu&#8217;elle se mit aussit\u00f4t \u00e0 pratiquer avec passion. Elle employait le proc\u00e9d\u00e9 au collodion humide, convertissant sa cave \u00e0 charbon en cabinet noir et un poulailler vitr\u00e9 en atelier. En moins d&#8217;un an, elle devint membre de la Soci\u00e9t\u00e9 photographique de Londres. Sa force de caract\u00e8re et sa position sociale lui permettaient de mener de front cette activit\u00e9 d\u00e9vorante et la conduite d&#8217;une nombreuse maisonn\u00e9e &#8211; dont six enfants.<br \/>\nJulia Margaret Cameron n&#8217;\u00e9tait pas une technicienne accomplie mais elle ne cherchait pas \u00e0 produire des images documentaires nettes et d\u00e9taill\u00e9es. Elle pensait que la photographie pouvait \u00eatre un art, si elle \u00e9tait pratiqu\u00e9e avec imagination, esprit et sens esth\u00e9tique. Elle \u00e9crivit : \u00ab j&#8217;aspirais \u00e0 capter toute la beaut\u00e9 qui se pr\u00e9sentait devant moi et finalement, cette aspiration a \u00e9t\u00e9 satisfaite. \u00bb. Elle prit ainsi part au d\u00e9bat qui avait surgi depuis quelques ann\u00e9es, \u00e0 savoir si la photographie pouvait avoir une valeur artistique ou pas.<br \/>\nLa majeure partie des photographies de Cameron entre dans deux cat\u00e9gories : les portraits et les illustrations pour des oeuvres litt\u00e9raires.<br \/>\nPortraits r\u00e9alis\u00e9s par Julia Margaret Cameron restent importants aujourd&#8217;hui. Ils sont parfois la seule photographie existante de personnalit\u00e9s historiques, prise \u00e0 une \u00e9poque o\u00f9 cette technique \u00e9tait encore nouvelle et complexe. Beaucoup de ces portraits ont \u00e9galement perdur\u00e9 en raison de leur qualit\u00e9 artistique.<br \/>\nJulia photographiait tous ceux qui passaient \u00e0 sa port\u00e9e : famille, amis, domestiques ou voisins&#8230; Gr\u00e2ce au salon litt\u00e9raire de sa soeur, elle fr\u00e9quentait toute la soci\u00e9t\u00e9 artistique et intellectuelle de son temps, ce qui lui fournit beaucoup de sujets pour ses portraits.<br \/>\nJulia Jackson, par Julia Margaret Cameron, 1867 Parmi ces c\u00e9l\u00e9brit\u00e9s de l&#8217;\u00e8re victorienne, figurent par exemple : les po\u00e8tes Alfred Tennyson et Robert Browning, les peintres Edward Burne-Jones, John Everett Millais et George Frederic Watts, l&#8217;actrice shakespearienne Ellen Terry, l&#8217;\u00e9crivain-historien Thomas Carlyle ainsi que les scientifiques John Herschel et Charles Darwin, etc.<br \/>\nElle c\u00f4toya notamment le peintre Dante Gabriel Rossetti, l&#8217;un des fondateurs du mouvement pr\u00e9rapha\u00e9lite, qui sera une source majeure de son inspiration.<br \/>\nElle prit \u00e9galement de nombreux portraits de femmes, en particulier de sa ni\u00e8ce Julia Jackson, m\u00e8re de l&#8217;\u00e9crivain Virginia Woolf.<br \/>\nJulia Margaret Cameron \u00e9tait souvent amie avec les personnes qu&#8217;elle photographiait, et essayait de capter leur personnalit\u00e9 dans ses portraits. La plupart sont des plans rapproch\u00e9s, cadr\u00e9s serr\u00e9 autour du visage du sujet. Les d\u00e9tails sont estomp\u00e9s par l&#8217;\u00e9clairage en clair-obscur et l&#8217;objectif choisi. Un effet de flou volontaire donne un rendu vaporeux mais net aux bons endroits (soft focus). La pose pouvait durer plusieurs minutes, parce que Cameron utilisait une lumi\u00e8re tamis\u00e9e et de grandes plaques. Il r\u00e9sulte de ces portraits une impression d&#8217;intimit\u00e9 et d&#8217;intensit\u00e9 psychologique.<br \/>\nLes critiques de l&#8217;\u00e9poque se sont souvent gauss\u00e9s du flou de ses images, qui contrevenait \u00e0 ce qu&#8217;on jugeait alors devoir \u00eatre les qualit\u00e9s d&#8217;une bonne photographie : nettet\u00e9, pr\u00e9cision, fid\u00e9lit\u00e9 de la repr\u00e9sentation du r\u00e9el.<\/p>\n","protected":false},"excerpt":{"rendered":"<p>Julia Margaret Cameron (11 juin 1815 \u00e0 Calcutta &#8211; 26 janvier 1879 \u00e0 Ceylan) est une photographe britannique, surtout connue pour ses portraits de c\u00e9l\u00e9brit\u00e9s de son temps. Elle r\u00e9alisa aussi des illustrations photographiques inspir\u00e9es par la peinture pr\u00e9rapha\u00e9liteanglaise. Photographe amateur devenue portraitiste renomm\u00e9e, Julia Margaret Cameron eut une v\u00e9ritable d\u00e9marche artistique. Anim\u00e9e par une [&hellip;]<\/p>\n","protected":false},"featured_media":49896,"template":"","meta":[],"product_cat":[2948,2958],"product_tag":[],"acf":[],"yoast_head":"<!-- This site is optimized with the Yoast SEO plugin v20.11 - https:\/\/yoast.com\/wordpress\/plugins\/seo\/ -->\n<title>Julia Margaret Cameron ; mus\u00e9e de Gand - Librairie 7L<\/title>\n<meta name=\"robots\" content=\"index, follow, max-snippet:-1, max-image-preview:large, max-video-preview:-1\" \/>\n<link rel=\"canonical\" href=\"https:\/\/librairie7l.com\/en\/produit\/julia-margaret-cameron-musee-de-gand\/\" \/>\n<meta property=\"og:locale\" content=\"en_US\" \/>\n<meta property=\"og:type\" content=\"article\" \/>\n<meta property=\"og:title\" content=\"Julia Margaret Cameron ; mus\u00e9e de Gand - Librairie 7L\" \/>\n<meta property=\"og:description\" content=\"Julia Margaret Cameron (11 juin 1815 \u00e0 Calcutta &#8211; 26 janvier 1879 \u00e0 Ceylan) est une photographe britannique, surtout connue pour ses portraits de c\u00e9l\u00e9brit\u00e9s de son temps. Elle r\u00e9alisa aussi des illustrations photographiques inspir\u00e9es par la peinture pr\u00e9rapha\u00e9liteanglaise. Photographe amateur devenue portraitiste renomm\u00e9e, Julia Margaret Cameron eut une v\u00e9ritable d\u00e9marche artistique. Anim\u00e9e par une [&hellip;]\" \/>\n<meta property=\"og:url\" content=\"https:\/\/librairie7l.com\/en\/produit\/julia-margaret-cameron-musee-de-gand\/\" \/>\n<meta property=\"og:site_name\" content=\"Librairie 7L\" \/>\n<meta property=\"article:modified_time\" content=\"2026-04-10T17:06:31+00:00\" \/>\n<meta name=\"twitter:card\" content=\"summary_large_image\" \/>\n<meta name=\"twitter:label1\" content=\"Est. reading time\" \/>\n\t<meta name=\"twitter:data1\" content=\"4 minutes\" \/>\n<script type=\"application\/ld+json\" class=\"yoast-schema-graph\">{\"@context\":\"https:\/\/schema.org\",\"@graph\":[{\"@type\":\"WebPage\",\"@id\":\"https:\/\/librairie7l.com\/en\/produit\/julia-margaret-cameron-musee-de-gand\/\",\"url\":\"https:\/\/librairie7l.com\/en\/produit\/julia-margaret-cameron-musee-de-gand\/\",\"name\":\"Julia Margaret Cameron ; mus\u00e9e de Gand - Librairie 7L\",\"isPartOf\":{\"@id\":\"https:\/\/librairie7l.com\/en\/#website\"},\"datePublished\":\"2024-06-25T11:31:29+00:00\",\"dateModified\":\"2026-04-10T17:06:31+00:00\",\"breadcrumb\":{\"@id\":\"https:\/\/librairie7l.com\/en\/produit\/julia-margaret-cameron-musee-de-gand\/#breadcrumb\"},\"inLanguage\":\"en-US\",\"potentialAction\":[{\"@type\":\"ReadAction\",\"target\":[\"https:\/\/librairie7l.com\/en\/produit\/julia-margaret-cameron-musee-de-gand\/\"]}]},{\"@type\":\"BreadcrumbList\",\"@id\":\"https:\/\/librairie7l.com\/en\/produit\/julia-margaret-cameron-musee-de-gand\/#breadcrumb\",\"itemListElement\":[{\"@type\":\"ListItem\",\"position\":1,\"name\":\"Accueil\",\"item\":\"https:\/\/librairie7l.com\/en\/\"},{\"@type\":\"ListItem\",\"position\":2,\"name\":\"Shop\",\"item\":\"https:\/\/librairie7l.com\/en\/shop\/\"},{\"@type\":\"ListItem\",\"position\":3,\"name\":\"JULIA MARGARET CAMERON ; MUS\u00c9E DE GAND\"}]},{\"@type\":\"WebSite\",\"@id\":\"https:\/\/librairie7l.com\/en\/#website\",\"url\":\"https:\/\/librairie7l.com\/en\/\",\"name\":\"Librairie 7L\",\"description\":\"Librairie fond\u00e9e en 1999 par Karl Lagerfeld \u00e0 Paris\",\"publisher\":{\"@id\":\"https:\/\/librairie7l.com\/en\/#organization\"},\"potentialAction\":[{\"@type\":\"SearchAction\",\"target\":{\"@type\":\"EntryPoint\",\"urlTemplate\":\"https:\/\/librairie7l.com\/en\/?s={search_term_string}\"},\"query-input\":\"required name=search_term_string\"}],\"inLanguage\":\"en-US\"},{\"@type\":\"Organization\",\"@id\":\"https:\/\/librairie7l.com\/en\/#organization\",\"name\":\"Librairie 7L\",\"url\":\"https:\/\/librairie7l.com\/en\/\",\"logo\":{\"@type\":\"ImageObject\",\"inLanguage\":\"en-US\",\"@id\":\"https:\/\/librairie7l.com\/en\/#\/schema\/logo\/image\/\",\"url\":\"https:\/\/librairie7l.com\/wp-content\/uploads\/2022\/08\/logo-1.png\",\"contentUrl\":\"https:\/\/librairie7l.com\/wp-content\/uploads\/2022\/08\/logo-1.png\",\"width\":227,\"height\":301,\"caption\":\"Librairie 7L\"},\"image\":{\"@id\":\"https:\/\/librairie7l.com\/en\/#\/schema\/logo\/image\/\"}}]}<\/script>\n<!-- \/ Yoast SEO plugin. -->","yoast_head_json":{"title":"Julia Margaret Cameron ; mus\u00e9e de Gand - Librairie 7L","robots":{"index":"index","follow":"follow","max-snippet":"max-snippet:-1","max-image-preview":"max-image-preview:large","max-video-preview":"max-video-preview:-1"},"canonical":"https:\/\/librairie7l.com\/en\/produit\/julia-margaret-cameron-musee-de-gand\/","og_locale":"en_US","og_type":"article","og_title":"Julia Margaret Cameron ; mus\u00e9e de Gand - Librairie 7L","og_description":"Julia Margaret Cameron (11 juin 1815 \u00e0 Calcutta &#8211; 26 janvier 1879 \u00e0 Ceylan) est une photographe britannique, surtout connue pour ses portraits de c\u00e9l\u00e9brit\u00e9s de son temps. Elle r\u00e9alisa aussi des illustrations photographiques inspir\u00e9es par la peinture pr\u00e9rapha\u00e9liteanglaise. Photographe amateur devenue portraitiste renomm\u00e9e, Julia Margaret Cameron eut une v\u00e9ritable d\u00e9marche artistique. Anim\u00e9e par une [&hellip;]","og_url":"https:\/\/librairie7l.com\/en\/produit\/julia-margaret-cameron-musee-de-gand\/","og_site_name":"Librairie 7L","article_modified_time":"2026-04-10T17:06:31+00:00","twitter_card":"summary_large_image","twitter_misc":{"Est. reading time":"4 minutes"},"schema":{"@context":"https:\/\/schema.org","@graph":[{"@type":"WebPage","@id":"https:\/\/librairie7l.com\/en\/produit\/julia-margaret-cameron-musee-de-gand\/","url":"https:\/\/librairie7l.com\/en\/produit\/julia-margaret-cameron-musee-de-gand\/","name":"Julia Margaret Cameron ; mus\u00e9e de Gand - Librairie 7L","isPartOf":{"@id":"https:\/\/librairie7l.com\/en\/#website"},"datePublished":"2024-06-25T11:31:29+00:00","dateModified":"2026-04-10T17:06:31+00:00","breadcrumb":{"@id":"https:\/\/librairie7l.com\/en\/produit\/julia-margaret-cameron-musee-de-gand\/#breadcrumb"},"inLanguage":"en-US","potentialAction":[{"@type":"ReadAction","target":["https:\/\/librairie7l.com\/en\/produit\/julia-margaret-cameron-musee-de-gand\/"]}]},{"@type":"BreadcrumbList","@id":"https:\/\/librairie7l.com\/en\/produit\/julia-margaret-cameron-musee-de-gand\/#breadcrumb","itemListElement":[{"@type":"ListItem","position":1,"name":"Accueil","item":"https:\/\/librairie7l.com\/en\/"},{"@type":"ListItem","position":2,"name":"Shop","item":"https:\/\/librairie7l.com\/en\/shop\/"},{"@type":"ListItem","position":3,"name":"JULIA MARGARET CAMERON ; MUS\u00c9E DE GAND"}]},{"@type":"WebSite","@id":"https:\/\/librairie7l.com\/en\/#website","url":"https:\/\/librairie7l.com\/en\/","name":"Librairie 7L","description":"Librairie fond\u00e9e en 1999 par Karl Lagerfeld \u00e0 Paris","publisher":{"@id":"https:\/\/librairie7l.com\/en\/#organization"},"potentialAction":[{"@type":"SearchAction","target":{"@type":"EntryPoint","urlTemplate":"https:\/\/librairie7l.com\/en\/?s={search_term_string}"},"query-input":"required name=search_term_string"}],"inLanguage":"en-US"},{"@type":"Organization","@id":"https:\/\/librairie7l.com\/en\/#organization","name":"Librairie 7L","url":"https:\/\/librairie7l.com\/en\/","logo":{"@type":"ImageObject","inLanguage":"en-US","@id":"https:\/\/librairie7l.com\/en\/#\/schema\/logo\/image\/","url":"https:\/\/librairie7l.com\/wp-content\/uploads\/2022\/08\/logo-1.png","contentUrl":"https:\/\/librairie7l.com\/wp-content\/uploads\/2022\/08\/logo-1.png","width":227,"height":301,"caption":"Librairie 7L"},"image":{"@id":"https:\/\/librairie7l.com\/en\/#\/schema\/logo\/image\/"}}]}},"_links":{"self":[{"href":"https:\/\/librairie7l.com\/en\/wp-json\/wp\/v2\/product\/35417"}],"collection":[{"href":"https:\/\/librairie7l.com\/en\/wp-json\/wp\/v2\/product"}],"about":[{"href":"https:\/\/librairie7l.com\/en\/wp-json\/wp\/v2\/types\/product"}],"wp:featuredmedia":[{"embeddable":true,"href":"https:\/\/librairie7l.com\/en\/wp-json\/wp\/v2\/media\/49896"}],"wp:attachment":[{"href":"https:\/\/librairie7l.com\/en\/wp-json\/wp\/v2\/media?parent=35417"}],"wp:term":[{"taxonomy":"product_cat","embeddable":true,"href":"https:\/\/librairie7l.com\/en\/wp-json\/wp\/v2\/product_cat?post=35417"},{"taxonomy":"product_tag","embeddable":true,"href":"https:\/\/librairie7l.com\/en\/wp-json\/wp\/v2\/product_tag?post=35417"}],"curies":[{"name":"wp","href":"https:\/\/api.w.org\/{rel}","templated":true}]}}