{"id":35445,"date":"2024-06-25T13:30:15","date_gmt":"2024-06-25T11:30:15","guid":{"rendered":"https:\/\/librairie7l.com\/?post_type=product&#038;p=35445"},"modified":"2026-04-26T13:07:05","modified_gmt":"2026-04-26T11:07:05","slug":"embroidery-and-lace-the-unknown-wiener-werkstatte","status":"publish","type":"product","link":"https:\/\/librairie7l.com\/en\/produit\/embroidery-and-lace-the-unknown-wiener-werkstatte\/","title":{"rendered":"EMBROIDERY AND LACE &#8211; THE UNKNOWN WIENER WERKSTATTE"},"content":{"rendered":"<p>Le mus\u00e9e autrichien des arts appliqu\u00e9s conserve de nombreuses archives de dentelles et broderies produites entre 1906 et 1930 par le Wiener Werkst\u00e4tte. Aspect moins connu des cr\u00e9ations pens\u00e9es par des artistes et fabriqu\u00e9es par des artisans d&#8217;exception, ces dentelles et broderies font l&#8217;objet d&#8217;un ouvrage r\u00e9unissant des photographies d&#8217;\u00e9poque, des esquisses et des patrons des r\u00e9alisations de Dagobert Peche, Fritzi L\u00f6w-Lazar, Hilda Jesser-Schmid, Anny Schr\u00f6der-Ehrenfest, Irene Schaschl-Schuster, Mathilde Fl\u00f6gl, Vally Wieselthier, Felice Rix-Ueno, Maria Likarz-Strauss, Maximilian Snischek,<\/p>\n","protected":false},"excerpt":{"rendered":"<p>Le mus\u00e9e autrichien des arts appliqu\u00e9s conserve de nombreuses archives de dentelles et broderies produites entre 1906 et 1930 par le Wiener Werkst\u00e4tte. Aspect moins connu des cr\u00e9ations pens\u00e9es par des artistes et fabriqu\u00e9es par des artisans d&#8217;exception, ces dentelles et broderies font l&#8217;objet d&#8217;un ouvrage r\u00e9unissant des photographies d&#8217;\u00e9poque, des esquisses et des patrons [&hellip;]<\/p>\n","protected":false},"featured_media":35443,"template":"","meta":[],"product_cat":[2948,2957],"product_tag":[],"acf":[],"yoast_head":"<!-- This site is optimized with the Yoast SEO plugin v20.11 - https:\/\/yoast.com\/wordpress\/plugins\/seo\/ -->\n<title>Embroidery and lace - the unknown wiener werkstatte - Librairie 7L<\/title>\n<meta name=\"robots\" content=\"index, follow, max-snippet:-1, max-image-preview:large, max-video-preview:-1\" \/>\n<link rel=\"canonical\" href=\"https:\/\/librairie7l.com\/en\/produit\/embroidery-and-lace-the-unknown-wiener-werkstatte\/\" \/>\n<meta property=\"og:locale\" content=\"en_US\" \/>\n<meta property=\"og:type\" content=\"article\" \/>\n<meta property=\"og:title\" content=\"Embroidery and lace - the unknown wiener werkstatte - Librairie 7L\" \/>\n<meta property=\"og:description\" content=\"Le mus\u00e9e autrichien des arts appliqu\u00e9s conserve de nombreuses archives de dentelles et broderies produites entre 1906 et 1930 par le Wiener Werkst\u00e4tte. Aspect moins connu des cr\u00e9ations pens\u00e9es par des artistes et fabriqu\u00e9es par des artisans d&#8217;exception, ces dentelles et broderies font l&#8217;objet d&#8217;un ouvrage r\u00e9unissant des photographies d&#8217;\u00e9poque, des esquisses et des patrons [&hellip;]\" \/>\n<meta property=\"og:url\" content=\"https:\/\/librairie7l.com\/en\/produit\/embroidery-and-lace-the-unknown-wiener-werkstatte\/\" \/>\n<meta property=\"og:site_name\" content=\"Librairie 7L\" \/>\n<meta property=\"article:modified_time\" content=\"2026-04-26T11:07:05+00:00\" \/>\n<meta property=\"og:image\" content=\"https:\/\/librairie7l.com\/wp-content\/uploads\/2017\/06\/9783897905115_1_75.jpg\" \/>\n\t<meta property=\"og:image:width\" content=\"364\" \/>\n\t<meta property=\"og:image:height\" content=\"490\" \/>\n\t<meta property=\"og:image:type\" content=\"image\/jpeg\" \/>\n<meta name=\"twitter:card\" content=\"summary_large_image\" \/>\n<script type=\"application\/ld+json\" class=\"yoast-schema-graph\">{\"@context\":\"https:\/\/schema.org\",\"@graph\":[{\"@type\":\"WebPage\",\"@id\":\"https:\/\/librairie7l.com\/en\/produit\/embroidery-and-lace-the-unknown-wiener-werkstatte\/\",\"url\":\"https:\/\/librairie7l.com\/en\/produit\/embroidery-and-lace-the-unknown-wiener-werkstatte\/\",\"name\":\"Embroidery and lace - the unknown wiener werkstatte - Librairie 7L\",\"isPartOf\":{\"@id\":\"https:\/\/librairie7l.com\/en\/#website\"},\"datePublished\":\"2024-06-25T11:30:15+00:00\",\"dateModified\":\"2026-04-26T11:07:05+00:00\",\"breadcrumb\":{\"@id\":\"https:\/\/librairie7l.com\/en\/produit\/embroidery-and-lace-the-unknown-wiener-werkstatte\/#breadcrumb\"},\"inLanguage\":\"en-US\",\"potentialAction\":[{\"@type\":\"ReadAction\",\"target\":[\"https:\/\/librairie7l.com\/en\/produit\/embroidery-and-lace-the-unknown-wiener-werkstatte\/\"]}]},{\"@type\":\"BreadcrumbList\",\"@id\":\"https:\/\/librairie7l.com\/en\/produit\/embroidery-and-lace-the-unknown-wiener-werkstatte\/#breadcrumb\",\"itemListElement\":[{\"@type\":\"ListItem\",\"position\":1,\"name\":\"Accueil\",\"item\":\"https:\/\/librairie7l.com\/en\/\"},{\"@type\":\"ListItem\",\"position\":2,\"name\":\"Shop\",\"item\":\"https:\/\/librairie7l.com\/en\/shop\/\"},{\"@type\":\"ListItem\",\"position\":3,\"name\":\"EMBROIDERY AND LACE &#8211; THE UNKNOWN WIENER WERKSTATTE\"}]},{\"@type\":\"WebSite\",\"@id\":\"https:\/\/librairie7l.com\/en\/#website\",\"url\":\"https:\/\/librairie7l.com\/en\/\",\"name\":\"Librairie 7L\",\"description\":\"Librairie fond\u00e9e en 1999 par Karl Lagerfeld \u00e0 Paris\",\"publisher\":{\"@id\":\"https:\/\/librairie7l.com\/en\/#organization\"},\"potentialAction\":[{\"@type\":\"SearchAction\",\"target\":{\"@type\":\"EntryPoint\",\"urlTemplate\":\"https:\/\/librairie7l.com\/en\/?s={search_term_string}\"},\"query-input\":\"required name=search_term_string\"}],\"inLanguage\":\"en-US\"},{\"@type\":\"Organization\",\"@id\":\"https:\/\/librairie7l.com\/en\/#organization\",\"name\":\"Librairie 7L\",\"url\":\"https:\/\/librairie7l.com\/en\/\",\"logo\":{\"@type\":\"ImageObject\",\"inLanguage\":\"en-US\",\"@id\":\"https:\/\/librairie7l.com\/en\/#\/schema\/logo\/image\/\",\"url\":\"https:\/\/librairie7l.com\/wp-content\/uploads\/2022\/08\/logo-1.png\",\"contentUrl\":\"https:\/\/librairie7l.com\/wp-content\/uploads\/2022\/08\/logo-1.png\",\"width\":227,\"height\":301,\"caption\":\"Librairie 7L\"},\"image\":{\"@id\":\"https:\/\/librairie7l.com\/en\/#\/schema\/logo\/image\/\"}}]}<\/script>\n<!-- \/ Yoast SEO plugin. -->","yoast_head_json":{"title":"Embroidery and lace - the unknown wiener werkstatte - Librairie 7L","robots":{"index":"index","follow":"follow","max-snippet":"max-snippet:-1","max-image-preview":"max-image-preview:large","max-video-preview":"max-video-preview:-1"},"canonical":"https:\/\/librairie7l.com\/en\/produit\/embroidery-and-lace-the-unknown-wiener-werkstatte\/","og_locale":"en_US","og_type":"article","og_title":"Embroidery and lace - the unknown wiener werkstatte - Librairie 7L","og_description":"Le mus\u00e9e autrichien des arts appliqu\u00e9s conserve de nombreuses archives de dentelles et broderies produites entre 1906 et 1930 par le Wiener Werkst\u00e4tte. Aspect moins connu des cr\u00e9ations pens\u00e9es par des artistes et fabriqu\u00e9es par des artisans d&#8217;exception, ces dentelles et broderies font l&#8217;objet d&#8217;un ouvrage r\u00e9unissant des photographies d&#8217;\u00e9poque, des esquisses et des patrons [&hellip;]","og_url":"https:\/\/librairie7l.com\/en\/produit\/embroidery-and-lace-the-unknown-wiener-werkstatte\/","og_site_name":"Librairie 7L","article_modified_time":"2026-04-26T11:07:05+00:00","og_image":[{"width":364,"height":490,"url":"https:\/\/librairie7l.com\/wp-content\/uploads\/2017\/06\/9783897905115_1_75.jpg","type":"image\/jpeg"}],"twitter_card":"summary_large_image","schema":{"@context":"https:\/\/schema.org","@graph":[{"@type":"WebPage","@id":"https:\/\/librairie7l.com\/en\/produit\/embroidery-and-lace-the-unknown-wiener-werkstatte\/","url":"https:\/\/librairie7l.com\/en\/produit\/embroidery-and-lace-the-unknown-wiener-werkstatte\/","name":"Embroidery and lace - the unknown wiener werkstatte - Librairie 7L","isPartOf":{"@id":"https:\/\/librairie7l.com\/en\/#website"},"datePublished":"2024-06-25T11:30:15+00:00","dateModified":"2026-04-26T11:07:05+00:00","breadcrumb":{"@id":"https:\/\/librairie7l.com\/en\/produit\/embroidery-and-lace-the-unknown-wiener-werkstatte\/#breadcrumb"},"inLanguage":"en-US","potentialAction":[{"@type":"ReadAction","target":["https:\/\/librairie7l.com\/en\/produit\/embroidery-and-lace-the-unknown-wiener-werkstatte\/"]}]},{"@type":"BreadcrumbList","@id":"https:\/\/librairie7l.com\/en\/produit\/embroidery-and-lace-the-unknown-wiener-werkstatte\/#breadcrumb","itemListElement":[{"@type":"ListItem","position":1,"name":"Accueil","item":"https:\/\/librairie7l.com\/en\/"},{"@type":"ListItem","position":2,"name":"Shop","item":"https:\/\/librairie7l.com\/en\/shop\/"},{"@type":"ListItem","position":3,"name":"EMBROIDERY AND LACE &#8211; THE UNKNOWN WIENER WERKSTATTE"}]},{"@type":"WebSite","@id":"https:\/\/librairie7l.com\/en\/#website","url":"https:\/\/librairie7l.com\/en\/","name":"Librairie 7L","description":"Librairie fond\u00e9e en 1999 par Karl Lagerfeld \u00e0 Paris","publisher":{"@id":"https:\/\/librairie7l.com\/en\/#organization"},"potentialAction":[{"@type":"SearchAction","target":{"@type":"EntryPoint","urlTemplate":"https:\/\/librairie7l.com\/en\/?s={search_term_string}"},"query-input":"required name=search_term_string"}],"inLanguage":"en-US"},{"@type":"Organization","@id":"https:\/\/librairie7l.com\/en\/#organization","name":"Librairie 7L","url":"https:\/\/librairie7l.com\/en\/","logo":{"@type":"ImageObject","inLanguage":"en-US","@id":"https:\/\/librairie7l.com\/en\/#\/schema\/logo\/image\/","url":"https:\/\/librairie7l.com\/wp-content\/uploads\/2022\/08\/logo-1.png","contentUrl":"https:\/\/librairie7l.com\/wp-content\/uploads\/2022\/08\/logo-1.png","width":227,"height":301,"caption":"Librairie 7L"},"image":{"@id":"https:\/\/librairie7l.com\/en\/#\/schema\/logo\/image\/"}}]}},"_links":{"self":[{"href":"https:\/\/librairie7l.com\/en\/wp-json\/wp\/v2\/product\/35445"}],"collection":[{"href":"https:\/\/librairie7l.com\/en\/wp-json\/wp\/v2\/product"}],"about":[{"href":"https:\/\/librairie7l.com\/en\/wp-json\/wp\/v2\/types\/product"}],"wp:featuredmedia":[{"embeddable":true,"href":"https:\/\/librairie7l.com\/en\/wp-json\/wp\/v2\/media\/35443"}],"wp:attachment":[{"href":"https:\/\/librairie7l.com\/en\/wp-json\/wp\/v2\/media?parent=35445"}],"wp:term":[{"taxonomy":"product_cat","embeddable":true,"href":"https:\/\/librairie7l.com\/en\/wp-json\/wp\/v2\/product_cat?post=35445"},{"taxonomy":"product_tag","embeddable":true,"href":"https:\/\/librairie7l.com\/en\/wp-json\/wp\/v2\/product_tag?post=35445"}],"curies":[{"name":"wp","href":"https:\/\/api.w.org\/{rel}","templated":true}]}}