{"id":35451,"date":"2023-10-10T09:17:55","date_gmt":"2023-10-10T07:17:55","guid":{"rendered":"https:\/\/librairie7l.com\/?post_type=product&#038;p=35451"},"modified":"2026-04-29T14:06:29","modified_gmt":"2026-04-29T12:06:29","slug":"richard-filipowski-art-and-design-beyond-the-bauhaus","status":"publish","type":"product","link":"https:\/\/librairie7l.com\/en\/produit\/richard-filipowski-art-and-design-beyond-the-bauhaus\/","title":{"rendered":"RICHARD FILIPOWSKI ART AND DESIGN BEYOND THE BAUHAUS"},"content":{"rendered":"<p>Figure phare du modernisme am\u00e9ricain, Richard Filipowski s&#8217;est illustr\u00e9 dans des domaines aussi diff\u00e9rents que la peinture, la sculpture, la joaillerie ou le mobilier, toujours avec un sens abstrait et un langage visuel inimitables. Cette premi\u00e8re monographie rend hommage \u00e0 ce fervent adh\u00e9rent du Bauhaus, form\u00e9 par L\u00e1szl\u00f3 Moholy-Nagy et recrut\u00e9 par Walter Gropius pour diffuser les id\u00e9es de ce courant r\u00e9volutionnaire outre-Atlantique, \u00e0 Harvard et au MIT.<\/p>\n","protected":false},"excerpt":{"rendered":"<p>Figure phare du modernisme am\u00e9ricain, Richard Filipowski s&#8217;est illustr\u00e9 dans des domaines aussi diff\u00e9rents que la peinture, la sculpture, la joaillerie ou le mobilier, toujours avec un sens abstrait et un langage visuel inimitables. Cette premi\u00e8re monographie rend hommage \u00e0 ce fervent adh\u00e9rent du Bauhaus, form\u00e9 par L\u00e1szl\u00f3 Moholy-Nagy et recrut\u00e9 par Walter Gropius pour [&hellip;]<\/p>\n","protected":false},"featured_media":35449,"template":"","meta":[],"product_cat":[2948,2953],"product_tag":[],"acf":[],"yoast_head":"<!-- This site is optimized with the Yoast SEO plugin v20.11 - https:\/\/yoast.com\/wordpress\/plugins\/seo\/ -->\n<title>Richard filipowski art and design beyond the bauhaus - Librairie 7L<\/title>\n<meta name=\"robots\" content=\"index, follow, max-snippet:-1, max-image-preview:large, max-video-preview:-1\" \/>\n<link rel=\"canonical\" href=\"https:\/\/librairie7l.com\/en\/produit\/richard-filipowski-art-and-design-beyond-the-bauhaus\/\" \/>\n<meta property=\"og:locale\" content=\"en_US\" \/>\n<meta property=\"og:type\" content=\"article\" \/>\n<meta property=\"og:title\" content=\"Richard filipowski art and design beyond the bauhaus - Librairie 7L\" \/>\n<meta property=\"og:description\" content=\"Figure phare du modernisme am\u00e9ricain, Richard Filipowski s&#8217;est illustr\u00e9 dans des domaines aussi diff\u00e9rents que la peinture, la sculpture, la joaillerie ou le mobilier, toujours avec un sens abstrait et un langage visuel inimitables. Cette premi\u00e8re monographie rend hommage \u00e0 ce fervent adh\u00e9rent du Bauhaus, form\u00e9 par L\u00e1szl\u00f3 Moholy-Nagy et recrut\u00e9 par Walter Gropius pour [&hellip;]\" \/>\n<meta property=\"og:url\" content=\"https:\/\/librairie7l.com\/en\/produit\/richard-filipowski-art-and-design-beyond-the-bauhaus\/\" \/>\n<meta property=\"og:site_name\" content=\"Librairie 7L\" \/>\n<meta property=\"article:modified_time\" content=\"2026-04-29T12:06:29+00:00\" \/>\n<meta property=\"og:image\" content=\"https:\/\/librairie7l.com\/wp-content\/uploads\/2017\/09\/9781580935098_1_75.jpg\" \/>\n\t<meta property=\"og:image:width\" content=\"387\" \/>\n\t<meta property=\"og:image:height\" content=\"491\" \/>\n\t<meta property=\"og:image:type\" content=\"image\/jpeg\" \/>\n<meta name=\"twitter:card\" content=\"summary_large_image\" \/>\n<script type=\"application\/ld+json\" class=\"yoast-schema-graph\">{\"@context\":\"https:\/\/schema.org\",\"@graph\":[{\"@type\":\"WebPage\",\"@id\":\"https:\/\/librairie7l.com\/en\/produit\/richard-filipowski-art-and-design-beyond-the-bauhaus\/\",\"url\":\"https:\/\/librairie7l.com\/en\/produit\/richard-filipowski-art-and-design-beyond-the-bauhaus\/\",\"name\":\"Richard filipowski art and design beyond the bauhaus - Librairie 7L\",\"isPartOf\":{\"@id\":\"https:\/\/librairie7l.com\/en\/#website\"},\"datePublished\":\"2023-10-10T07:17:55+00:00\",\"dateModified\":\"2026-04-29T12:06:29+00:00\",\"breadcrumb\":{\"@id\":\"https:\/\/librairie7l.com\/en\/produit\/richard-filipowski-art-and-design-beyond-the-bauhaus\/#breadcrumb\"},\"inLanguage\":\"en-US\",\"potentialAction\":[{\"@type\":\"ReadAction\",\"target\":[\"https:\/\/librairie7l.com\/en\/produit\/richard-filipowski-art-and-design-beyond-the-bauhaus\/\"]}]},{\"@type\":\"BreadcrumbList\",\"@id\":\"https:\/\/librairie7l.com\/en\/produit\/richard-filipowski-art-and-design-beyond-the-bauhaus\/#breadcrumb\",\"itemListElement\":[{\"@type\":\"ListItem\",\"position\":1,\"name\":\"Accueil\",\"item\":\"https:\/\/librairie7l.com\/en\/\"},{\"@type\":\"ListItem\",\"position\":2,\"name\":\"Shop\",\"item\":\"https:\/\/librairie7l.com\/en\/shop\/\"},{\"@type\":\"ListItem\",\"position\":3,\"name\":\"RICHARD FILIPOWSKI ART AND DESIGN BEYOND THE BAUHAUS\"}]},{\"@type\":\"WebSite\",\"@id\":\"https:\/\/librairie7l.com\/en\/#website\",\"url\":\"https:\/\/librairie7l.com\/en\/\",\"name\":\"Librairie 7L\",\"description\":\"Librairie fond\u00e9e en 1999 par Karl Lagerfeld \u00e0 Paris\",\"publisher\":{\"@id\":\"https:\/\/librairie7l.com\/en\/#organization\"},\"potentialAction\":[{\"@type\":\"SearchAction\",\"target\":{\"@type\":\"EntryPoint\",\"urlTemplate\":\"https:\/\/librairie7l.com\/en\/?s={search_term_string}\"},\"query-input\":\"required name=search_term_string\"}],\"inLanguage\":\"en-US\"},{\"@type\":\"Organization\",\"@id\":\"https:\/\/librairie7l.com\/en\/#organization\",\"name\":\"Librairie 7L\",\"url\":\"https:\/\/librairie7l.com\/en\/\",\"logo\":{\"@type\":\"ImageObject\",\"inLanguage\":\"en-US\",\"@id\":\"https:\/\/librairie7l.com\/en\/#\/schema\/logo\/image\/\",\"url\":\"https:\/\/librairie7l.com\/wp-content\/uploads\/2022\/08\/logo-1.png\",\"contentUrl\":\"https:\/\/librairie7l.com\/wp-content\/uploads\/2022\/08\/logo-1.png\",\"width\":227,\"height\":301,\"caption\":\"Librairie 7L\"},\"image\":{\"@id\":\"https:\/\/librairie7l.com\/en\/#\/schema\/logo\/image\/\"}}]}<\/script>\n<!-- \/ Yoast SEO plugin. -->","yoast_head_json":{"title":"Richard filipowski art and design beyond the bauhaus - Librairie 7L","robots":{"index":"index","follow":"follow","max-snippet":"max-snippet:-1","max-image-preview":"max-image-preview:large","max-video-preview":"max-video-preview:-1"},"canonical":"https:\/\/librairie7l.com\/en\/produit\/richard-filipowski-art-and-design-beyond-the-bauhaus\/","og_locale":"en_US","og_type":"article","og_title":"Richard filipowski art and design beyond the bauhaus - Librairie 7L","og_description":"Figure phare du modernisme am\u00e9ricain, Richard Filipowski s&#8217;est illustr\u00e9 dans des domaines aussi diff\u00e9rents que la peinture, la sculpture, la joaillerie ou le mobilier, toujours avec un sens abstrait et un langage visuel inimitables. Cette premi\u00e8re monographie rend hommage \u00e0 ce fervent adh\u00e9rent du Bauhaus, form\u00e9 par L\u00e1szl\u00f3 Moholy-Nagy et recrut\u00e9 par Walter Gropius pour [&hellip;]","og_url":"https:\/\/librairie7l.com\/en\/produit\/richard-filipowski-art-and-design-beyond-the-bauhaus\/","og_site_name":"Librairie 7L","article_modified_time":"2026-04-29T12:06:29+00:00","og_image":[{"width":387,"height":491,"url":"https:\/\/librairie7l.com\/wp-content\/uploads\/2017\/09\/9781580935098_1_75.jpg","type":"image\/jpeg"}],"twitter_card":"summary_large_image","schema":{"@context":"https:\/\/schema.org","@graph":[{"@type":"WebPage","@id":"https:\/\/librairie7l.com\/en\/produit\/richard-filipowski-art-and-design-beyond-the-bauhaus\/","url":"https:\/\/librairie7l.com\/en\/produit\/richard-filipowski-art-and-design-beyond-the-bauhaus\/","name":"Richard filipowski art and design beyond the bauhaus - Librairie 7L","isPartOf":{"@id":"https:\/\/librairie7l.com\/en\/#website"},"datePublished":"2023-10-10T07:17:55+00:00","dateModified":"2026-04-29T12:06:29+00:00","breadcrumb":{"@id":"https:\/\/librairie7l.com\/en\/produit\/richard-filipowski-art-and-design-beyond-the-bauhaus\/#breadcrumb"},"inLanguage":"en-US","potentialAction":[{"@type":"ReadAction","target":["https:\/\/librairie7l.com\/en\/produit\/richard-filipowski-art-and-design-beyond-the-bauhaus\/"]}]},{"@type":"BreadcrumbList","@id":"https:\/\/librairie7l.com\/en\/produit\/richard-filipowski-art-and-design-beyond-the-bauhaus\/#breadcrumb","itemListElement":[{"@type":"ListItem","position":1,"name":"Accueil","item":"https:\/\/librairie7l.com\/en\/"},{"@type":"ListItem","position":2,"name":"Shop","item":"https:\/\/librairie7l.com\/en\/shop\/"},{"@type":"ListItem","position":3,"name":"RICHARD FILIPOWSKI ART AND DESIGN BEYOND THE BAUHAUS"}]},{"@type":"WebSite","@id":"https:\/\/librairie7l.com\/en\/#website","url":"https:\/\/librairie7l.com\/en\/","name":"Librairie 7L","description":"Librairie fond\u00e9e en 1999 par Karl Lagerfeld \u00e0 Paris","publisher":{"@id":"https:\/\/librairie7l.com\/en\/#organization"},"potentialAction":[{"@type":"SearchAction","target":{"@type":"EntryPoint","urlTemplate":"https:\/\/librairie7l.com\/en\/?s={search_term_string}"},"query-input":"required name=search_term_string"}],"inLanguage":"en-US"},{"@type":"Organization","@id":"https:\/\/librairie7l.com\/en\/#organization","name":"Librairie 7L","url":"https:\/\/librairie7l.com\/en\/","logo":{"@type":"ImageObject","inLanguage":"en-US","@id":"https:\/\/librairie7l.com\/en\/#\/schema\/logo\/image\/","url":"https:\/\/librairie7l.com\/wp-content\/uploads\/2022\/08\/logo-1.png","contentUrl":"https:\/\/librairie7l.com\/wp-content\/uploads\/2022\/08\/logo-1.png","width":227,"height":301,"caption":"Librairie 7L"},"image":{"@id":"https:\/\/librairie7l.com\/en\/#\/schema\/logo\/image\/"}}]}},"_links":{"self":[{"href":"https:\/\/librairie7l.com\/en\/wp-json\/wp\/v2\/product\/35451"}],"collection":[{"href":"https:\/\/librairie7l.com\/en\/wp-json\/wp\/v2\/product"}],"about":[{"href":"https:\/\/librairie7l.com\/en\/wp-json\/wp\/v2\/types\/product"}],"wp:featuredmedia":[{"embeddable":true,"href":"https:\/\/librairie7l.com\/en\/wp-json\/wp\/v2\/media\/35449"}],"wp:attachment":[{"href":"https:\/\/librairie7l.com\/en\/wp-json\/wp\/v2\/media?parent=35451"}],"wp:term":[{"taxonomy":"product_cat","embeddable":true,"href":"https:\/\/librairie7l.com\/en\/wp-json\/wp\/v2\/product_cat?post=35451"},{"taxonomy":"product_tag","embeddable":true,"href":"https:\/\/librairie7l.com\/en\/wp-json\/wp\/v2\/product_tag?post=35451"}],"curies":[{"name":"wp","href":"https:\/\/api.w.org\/{rel}","templated":true}]}}