{"id":35463,"date":"2024-06-26T07:06:00","date_gmt":"2024-06-26T05:06:00","guid":{"rendered":"https:\/\/librairie7l.com\/?post_type=product&#038;p=35463"},"modified":"2026-04-17T17:00:20","modified_gmt":"2026-04-17T15:00:20","slug":"murs-de-papier-latelier-du-papier-peint-1798-1805","status":"publish","type":"product","link":"https:\/\/librairie7l.com\/en\/produit\/murs-de-papier-latelier-du-papier-peint-1798-1805\/","title":{"rendered":"MURS DE PAPIER ; L&#8217;ATELIER DU PAPIER PEINT, 1798-1805"},"content":{"rendered":"<p>Cet ouvrage vous invite \u00e0 d\u00e9couvrir l&#8217;histoire haute en couleur qui s&#8217;\u00e9crit sur les murs des int\u00e9rieurs bourgeois \u00e0 la fin du XVIIIe si\u00e8cle, \u00e0 l&#8217;heure o\u00f9 le papier peint s&#8217;impose comme un objet de d\u00e9coration \u00e0 la mode, gr\u00e2ce \u00e0 la grande vari\u00e9t\u00e9 de ses motifs qui constituent, encore aujourd&#8217;hui, une source in\u00e9puisable d&#8217;inspiration.<\/p>\n<p>L&#8217; introduction revient sur les raisons de ce succ\u00e8s, li\u00e9 \u00e0 la naissance de la soci\u00e9t\u00e9 de consommation et \u00e0 l&#8217;\u00e9volution des conditions d&#8217;habitat : facile d&#8217;utilisation, port\u00e9 par un milieu manufacturier en pleine expansion qui n&#8217;h\u00e9site pas \u00e0 recourir \u00e0 la publicit\u00e9, le papier peint a su capter les envies de confort et de nouveaut\u00e9 de la soci\u00e9t\u00e9 d&#8217;alors et s\u00e9duire tant par son univers visuel et color\u00e9 que par l&#8217;imagination des dessinateurs et l&#8217;habilet\u00e9 des imprimeurs. Aujourd&#8217;hui encore, il continue d&#8217;inspirer les cr\u00e9ateurs et d\u00e9corateurs contemporains.<\/p>\n<p>L&#8217;ouvrage se pr\u00e9sente sous la forme d&#8217;un r\u00e9pertoire de motifs dans le but de r\u00e9v\u00e9ler pleinement cette cr\u00e9ativit\u00e9 qui joue sur diff\u00e9rents registres : les papiers en arabesque ; les \u00ab ornements d&#8217;architecture \u00bb ; le monde v\u00e9g\u00e9tal ; les animaux et les fruits ; l&#8217;imitation des mat\u00e9riaux ; les motifs g\u00e9om\u00e9triques ; le mod\u00e8le antique ; les sc\u00e8nes de genre ; l&#8217;imitation du textile. Le lecteur se trouve ainsi plong\u00e9 dans un univers de formes et d&#8217;associations de couleurs parfois surprenantes, voire tout \u00e0 fait inattendues.<br \/>\nTous les \u00e9chantillons pr\u00e9sent\u00e9s proviennent de la collection de la Biblioth\u00e8que nationale de France, constitu\u00e9e \u00e0 la faveur de la l\u00e9gislation r\u00e9volutionnaire de 1793, qui invitait les manufacturiers \u00e0 y d\u00e9poser leurs cr\u00e9ations pour se prot\u00e9ger de la contrefa\u00e7on.<\/p>\n<p>Des focus viendront \u00e9clairer de mani\u00e8re plus pr\u00e9cise certains aspects comme la fabrication des papiers peints, le monde de la boutique, la question \u00e9pineuse de la propri\u00e9t\u00e9 intellectuelle, ou encore le contexte r\u00e9volutionnaire.<\/p>\n","protected":false},"excerpt":{"rendered":"<p>Cet ouvrage vous invite \u00e0 d\u00e9couvrir l&#8217;histoire haute en couleur qui s&#8217;\u00e9crit sur les murs des int\u00e9rieurs bourgeois \u00e0 la fin du XVIIIe si\u00e8cle, \u00e0 l&#8217;heure o\u00f9 le papier peint s&#8217;impose comme un objet de d\u00e9coration \u00e0 la mode, gr\u00e2ce \u00e0 la grande vari\u00e9t\u00e9 de ses motifs qui constituent, encore aujourd&#8217;hui, une source in\u00e9puisable d&#8217;inspiration. [&hellip;]<\/p>\n","protected":false},"featured_media":35461,"template":"","meta":[],"product_cat":[2948,2952],"product_tag":[],"acf":[],"yoast_head":"<!-- This site is optimized with the Yoast SEO plugin v20.11 - https:\/\/yoast.com\/wordpress\/plugins\/seo\/ -->\n<title>Murs de papier ; l&#039;atelier du papier peint, 1798-1805 - Librairie 7L<\/title>\n<meta name=\"robots\" content=\"index, follow, max-snippet:-1, max-image-preview:large, max-video-preview:-1\" \/>\n<link rel=\"canonical\" href=\"https:\/\/librairie7l.com\/en\/produit\/murs-de-papier-latelier-du-papier-peint-1798-1805\/\" \/>\n<meta property=\"og:locale\" content=\"en_US\" \/>\n<meta property=\"og:type\" content=\"article\" \/>\n<meta property=\"og:title\" content=\"Murs de papier ; l&#039;atelier du papier peint, 1798-1805 - Librairie 7L\" \/>\n<meta property=\"og:description\" content=\"Cet ouvrage vous invite \u00e0 d\u00e9couvrir l&#8217;histoire haute en couleur qui s&#8217;\u00e9crit sur les murs des int\u00e9rieurs bourgeois \u00e0 la fin du XVIIIe si\u00e8cle, \u00e0 l&#8217;heure o\u00f9 le papier peint s&#8217;impose comme un objet de d\u00e9coration \u00e0 la mode, gr\u00e2ce \u00e0 la grande vari\u00e9t\u00e9 de ses motifs qui constituent, encore aujourd&#8217;hui, une source in\u00e9puisable d&#8217;inspiration. [&hellip;]\" \/>\n<meta property=\"og:url\" content=\"https:\/\/librairie7l.com\/en\/produit\/murs-de-papier-latelier-du-papier-peint-1798-1805\/\" \/>\n<meta property=\"og:site_name\" content=\"Librairie 7L\" \/>\n<meta property=\"article:modified_time\" content=\"2026-04-17T15:00:20+00:00\" \/>\n<meta property=\"og:image\" content=\"https:\/\/librairie7l.com\/wp-content\/uploads\/2018\/06\/9782717727760_1_75.jpg\" \/>\n\t<meta property=\"og:image:width\" content=\"400\" \/>\n\t<meta property=\"og:image:height\" content=\"583\" \/>\n\t<meta property=\"og:image:type\" content=\"image\/jpeg\" \/>\n<meta name=\"twitter:card\" content=\"summary_large_image\" \/>\n<meta name=\"twitter:label1\" content=\"Est. reading time\" \/>\n\t<meta name=\"twitter:data1\" content=\"2 minutes\" \/>\n<script type=\"application\/ld+json\" class=\"yoast-schema-graph\">{\"@context\":\"https:\/\/schema.org\",\"@graph\":[{\"@type\":\"WebPage\",\"@id\":\"https:\/\/librairie7l.com\/en\/produit\/murs-de-papier-latelier-du-papier-peint-1798-1805\/\",\"url\":\"https:\/\/librairie7l.com\/en\/produit\/murs-de-papier-latelier-du-papier-peint-1798-1805\/\",\"name\":\"Murs de papier ; l'atelier du papier peint, 1798-1805 - Librairie 7L\",\"isPartOf\":{\"@id\":\"https:\/\/librairie7l.com\/en\/#website\"},\"datePublished\":\"2024-06-26T05:06:00+00:00\",\"dateModified\":\"2026-04-17T15:00:20+00:00\",\"breadcrumb\":{\"@id\":\"https:\/\/librairie7l.com\/en\/produit\/murs-de-papier-latelier-du-papier-peint-1798-1805\/#breadcrumb\"},\"inLanguage\":\"en-US\",\"potentialAction\":[{\"@type\":\"ReadAction\",\"target\":[\"https:\/\/librairie7l.com\/en\/produit\/murs-de-papier-latelier-du-papier-peint-1798-1805\/\"]}]},{\"@type\":\"BreadcrumbList\",\"@id\":\"https:\/\/librairie7l.com\/en\/produit\/murs-de-papier-latelier-du-papier-peint-1798-1805\/#breadcrumb\",\"itemListElement\":[{\"@type\":\"ListItem\",\"position\":1,\"name\":\"Accueil\",\"item\":\"https:\/\/librairie7l.com\/en\/\"},{\"@type\":\"ListItem\",\"position\":2,\"name\":\"Shop\",\"item\":\"https:\/\/librairie7l.com\/en\/shop\/\"},{\"@type\":\"ListItem\",\"position\":3,\"name\":\"MURS DE PAPIER ; L&#8217;ATELIER DU PAPIER PEINT, 1798-1805\"}]},{\"@type\":\"WebSite\",\"@id\":\"https:\/\/librairie7l.com\/en\/#website\",\"url\":\"https:\/\/librairie7l.com\/en\/\",\"name\":\"Librairie 7L\",\"description\":\"Librairie fond\u00e9e en 1999 par Karl Lagerfeld \u00e0 Paris\",\"publisher\":{\"@id\":\"https:\/\/librairie7l.com\/en\/#organization\"},\"potentialAction\":[{\"@type\":\"SearchAction\",\"target\":{\"@type\":\"EntryPoint\",\"urlTemplate\":\"https:\/\/librairie7l.com\/en\/?s={search_term_string}\"},\"query-input\":\"required name=search_term_string\"}],\"inLanguage\":\"en-US\"},{\"@type\":\"Organization\",\"@id\":\"https:\/\/librairie7l.com\/en\/#organization\",\"name\":\"Librairie 7L\",\"url\":\"https:\/\/librairie7l.com\/en\/\",\"logo\":{\"@type\":\"ImageObject\",\"inLanguage\":\"en-US\",\"@id\":\"https:\/\/librairie7l.com\/en\/#\/schema\/logo\/image\/\",\"url\":\"https:\/\/librairie7l.com\/wp-content\/uploads\/2022\/08\/logo-1.png\",\"contentUrl\":\"https:\/\/librairie7l.com\/wp-content\/uploads\/2022\/08\/logo-1.png\",\"width\":227,\"height\":301,\"caption\":\"Librairie 7L\"},\"image\":{\"@id\":\"https:\/\/librairie7l.com\/en\/#\/schema\/logo\/image\/\"}}]}<\/script>\n<!-- \/ Yoast SEO plugin. -->","yoast_head_json":{"title":"Murs de papier ; l'atelier du papier peint, 1798-1805 - Librairie 7L","robots":{"index":"index","follow":"follow","max-snippet":"max-snippet:-1","max-image-preview":"max-image-preview:large","max-video-preview":"max-video-preview:-1"},"canonical":"https:\/\/librairie7l.com\/en\/produit\/murs-de-papier-latelier-du-papier-peint-1798-1805\/","og_locale":"en_US","og_type":"article","og_title":"Murs de papier ; l'atelier du papier peint, 1798-1805 - Librairie 7L","og_description":"Cet ouvrage vous invite \u00e0 d\u00e9couvrir l&#8217;histoire haute en couleur qui s&#8217;\u00e9crit sur les murs des int\u00e9rieurs bourgeois \u00e0 la fin du XVIIIe si\u00e8cle, \u00e0 l&#8217;heure o\u00f9 le papier peint s&#8217;impose comme un objet de d\u00e9coration \u00e0 la mode, gr\u00e2ce \u00e0 la grande vari\u00e9t\u00e9 de ses motifs qui constituent, encore aujourd&#8217;hui, une source in\u00e9puisable d&#8217;inspiration. [&hellip;]","og_url":"https:\/\/librairie7l.com\/en\/produit\/murs-de-papier-latelier-du-papier-peint-1798-1805\/","og_site_name":"Librairie 7L","article_modified_time":"2026-04-17T15:00:20+00:00","og_image":[{"width":400,"height":583,"url":"https:\/\/librairie7l.com\/wp-content\/uploads\/2018\/06\/9782717727760_1_75.jpg","type":"image\/jpeg"}],"twitter_card":"summary_large_image","twitter_misc":{"Est. reading time":"2 minutes"},"schema":{"@context":"https:\/\/schema.org","@graph":[{"@type":"WebPage","@id":"https:\/\/librairie7l.com\/en\/produit\/murs-de-papier-latelier-du-papier-peint-1798-1805\/","url":"https:\/\/librairie7l.com\/en\/produit\/murs-de-papier-latelier-du-papier-peint-1798-1805\/","name":"Murs de papier ; l'atelier du papier peint, 1798-1805 - Librairie 7L","isPartOf":{"@id":"https:\/\/librairie7l.com\/en\/#website"},"datePublished":"2024-06-26T05:06:00+00:00","dateModified":"2026-04-17T15:00:20+00:00","breadcrumb":{"@id":"https:\/\/librairie7l.com\/en\/produit\/murs-de-papier-latelier-du-papier-peint-1798-1805\/#breadcrumb"},"inLanguage":"en-US","potentialAction":[{"@type":"ReadAction","target":["https:\/\/librairie7l.com\/en\/produit\/murs-de-papier-latelier-du-papier-peint-1798-1805\/"]}]},{"@type":"BreadcrumbList","@id":"https:\/\/librairie7l.com\/en\/produit\/murs-de-papier-latelier-du-papier-peint-1798-1805\/#breadcrumb","itemListElement":[{"@type":"ListItem","position":1,"name":"Accueil","item":"https:\/\/librairie7l.com\/en\/"},{"@type":"ListItem","position":2,"name":"Shop","item":"https:\/\/librairie7l.com\/en\/shop\/"},{"@type":"ListItem","position":3,"name":"MURS DE PAPIER ; L&#8217;ATELIER DU PAPIER PEINT, 1798-1805"}]},{"@type":"WebSite","@id":"https:\/\/librairie7l.com\/en\/#website","url":"https:\/\/librairie7l.com\/en\/","name":"Librairie 7L","description":"Librairie fond\u00e9e en 1999 par Karl Lagerfeld \u00e0 Paris","publisher":{"@id":"https:\/\/librairie7l.com\/en\/#organization"},"potentialAction":[{"@type":"SearchAction","target":{"@type":"EntryPoint","urlTemplate":"https:\/\/librairie7l.com\/en\/?s={search_term_string}"},"query-input":"required name=search_term_string"}],"inLanguage":"en-US"},{"@type":"Organization","@id":"https:\/\/librairie7l.com\/en\/#organization","name":"Librairie 7L","url":"https:\/\/librairie7l.com\/en\/","logo":{"@type":"ImageObject","inLanguage":"en-US","@id":"https:\/\/librairie7l.com\/en\/#\/schema\/logo\/image\/","url":"https:\/\/librairie7l.com\/wp-content\/uploads\/2022\/08\/logo-1.png","contentUrl":"https:\/\/librairie7l.com\/wp-content\/uploads\/2022\/08\/logo-1.png","width":227,"height":301,"caption":"Librairie 7L"},"image":{"@id":"https:\/\/librairie7l.com\/en\/#\/schema\/logo\/image\/"}}]}},"_links":{"self":[{"href":"https:\/\/librairie7l.com\/en\/wp-json\/wp\/v2\/product\/35463"}],"collection":[{"href":"https:\/\/librairie7l.com\/en\/wp-json\/wp\/v2\/product"}],"about":[{"href":"https:\/\/librairie7l.com\/en\/wp-json\/wp\/v2\/types\/product"}],"wp:featuredmedia":[{"embeddable":true,"href":"https:\/\/librairie7l.com\/en\/wp-json\/wp\/v2\/media\/35461"}],"wp:attachment":[{"href":"https:\/\/librairie7l.com\/en\/wp-json\/wp\/v2\/media?parent=35463"}],"wp:term":[{"taxonomy":"product_cat","embeddable":true,"href":"https:\/\/librairie7l.com\/en\/wp-json\/wp\/v2\/product_cat?post=35463"},{"taxonomy":"product_tag","embeddable":true,"href":"https:\/\/librairie7l.com\/en\/wp-json\/wp\/v2\/product_tag?post=35463"}],"curies":[{"name":"wp","href":"https:\/\/api.w.org\/{rel}","templated":true}]}}