{"id":35515,"date":"2024-06-25T21:28:46","date_gmt":"2024-06-25T19:28:46","guid":{"rendered":"https:\/\/librairie7l.com\/?post_type=product&#038;p=35515"},"modified":"2026-04-12T06:06:27","modified_gmt":"2026-04-12T04:06:27","slug":"dakar-nid-dartistes-selection-8-coups-de-coeur-beaux-livres-2022","status":"publish","type":"product","link":"https:\/\/librairie7l.com\/en\/produit\/dakar-nid-dartistes-selection-8-coups-de-coeur-beaux-livres-2022\/","title":{"rendered":"DAKAR NID D&#8217;ARTISTES : S\u00c9LECTION 8 COUPS DE COEUR BEAUX LIVRES 2022"},"content":{"rendered":"<p>SELECTION COUPS DE COEUR BEAUX LIVRES 2022 PAR LE MONDE AFRIQUE 2\u00e8me n\u00e9 de la collection  Nid d&#8217;artistes, ce livre est une promenade \u00e9motionnelle \u00e0 travers le regard d&#8217;une centaine artistes et penseurs de la sc\u00e8ne contemporaine culturelle dakaroise. Youssou Ndour, Omar Victor  Diop, Mohamed Mbougar Sarr, Ken Bugul, Selly Rabi Kane, Felwine Sarr mais aussi des cin\u00e9astes, stylistes, rappeurs, jeunes graffeurs, tous ont accept\u00e9s de partager avec nous leur amour\/d\u00e9samour \u00e0 cette bouillonnante ville qu&#8217;on ne quittera pour rien au monde. Noms illustres ou talents en herbe, tous nous invitent \u00e0 en saisir l&#8217;\u00e2me et le rythme.<\/p>\n","protected":false},"excerpt":{"rendered":"<p>SELECTION COUPS DE COEUR BEAUX LIVRES 2022 PAR LE MONDE AFRIQUE 2\u00e8me n\u00e9 de la collection Nid d&#8217;artistes, ce livre est une promenade \u00e9motionnelle \u00e0 travers le regard d&#8217;une centaine artistes et penseurs de la sc\u00e8ne contemporaine culturelle dakaroise. Youssou Ndour, Omar Victor Diop, Mohamed Mbougar Sarr, Ken Bugul, Selly Rabi Kane, Felwine Sarr mais [&hellip;]<\/p>\n","protected":false},"featured_media":35513,"template":"","meta":[],"product_cat":[2948,2953],"product_tag":[],"acf":[],"yoast_head":"<!-- This site is optimized with the Yoast SEO plugin v20.11 - https:\/\/yoast.com\/wordpress\/plugins\/seo\/ -->\n<title>DAKAR Nid d&#039;Artistes : S\u00e9lection 8 coups de coeur beaux livres 2022 - Librairie 7L<\/title>\n<meta name=\"robots\" content=\"index, follow, max-snippet:-1, max-image-preview:large, max-video-preview:-1\" \/>\n<link rel=\"canonical\" href=\"https:\/\/librairie7l.com\/en\/produit\/dakar-nid-dartistes-selection-8-coups-de-coeur-beaux-livres-2022\/\" \/>\n<meta property=\"og:locale\" content=\"en_US\" \/>\n<meta property=\"og:type\" content=\"article\" \/>\n<meta property=\"og:title\" content=\"DAKAR Nid d&#039;Artistes : S\u00e9lection 8 coups de coeur beaux livres 2022 - Librairie 7L\" \/>\n<meta property=\"og:description\" content=\"SELECTION COUPS DE COEUR BEAUX LIVRES 2022 PAR LE MONDE AFRIQUE 2\u00e8me n\u00e9 de la collection Nid d&#8217;artistes, ce livre est une promenade \u00e9motionnelle \u00e0 travers le regard d&#8217;une centaine artistes et penseurs de la sc\u00e8ne contemporaine culturelle dakaroise. Youssou Ndour, Omar Victor Diop, Mohamed Mbougar Sarr, Ken Bugul, Selly Rabi Kane, Felwine Sarr mais [&hellip;]\" \/>\n<meta property=\"og:url\" content=\"https:\/\/librairie7l.com\/en\/produit\/dakar-nid-dartistes-selection-8-coups-de-coeur-beaux-livres-2022\/\" \/>\n<meta property=\"og:site_name\" content=\"Librairie 7L\" \/>\n<meta property=\"article:modified_time\" content=\"2026-04-12T04:06:27+00:00\" \/>\n<meta property=\"og:image\" content=\"https:\/\/librairie7l.com\/wp-content\/uploads\/2023\/03\/9789954961728_1_75.jpg\" \/>\n\t<meta property=\"og:image:width\" content=\"600\" \/>\n\t<meta property=\"og:image:height\" content=\"842\" \/>\n\t<meta property=\"og:image:type\" content=\"image\/jpeg\" \/>\n<meta name=\"twitter:card\" content=\"summary_large_image\" \/>\n<meta name=\"twitter:label1\" content=\"Est. reading time\" \/>\n\t<meta name=\"twitter:data1\" content=\"1 minute\" \/>\n<script type=\"application\/ld+json\" class=\"yoast-schema-graph\">{\"@context\":\"https:\/\/schema.org\",\"@graph\":[{\"@type\":\"WebPage\",\"@id\":\"https:\/\/librairie7l.com\/en\/produit\/dakar-nid-dartistes-selection-8-coups-de-coeur-beaux-livres-2022\/\",\"url\":\"https:\/\/librairie7l.com\/en\/produit\/dakar-nid-dartistes-selection-8-coups-de-coeur-beaux-livres-2022\/\",\"name\":\"DAKAR Nid d'Artistes : S\u00e9lection 8 coups de coeur beaux livres 2022 - Librairie 7L\",\"isPartOf\":{\"@id\":\"https:\/\/librairie7l.com\/en\/#website\"},\"datePublished\":\"2024-06-25T19:28:46+00:00\",\"dateModified\":\"2026-04-12T04:06:27+00:00\",\"breadcrumb\":{\"@id\":\"https:\/\/librairie7l.com\/en\/produit\/dakar-nid-dartistes-selection-8-coups-de-coeur-beaux-livres-2022\/#breadcrumb\"},\"inLanguage\":\"en-US\",\"potentialAction\":[{\"@type\":\"ReadAction\",\"target\":[\"https:\/\/librairie7l.com\/en\/produit\/dakar-nid-dartistes-selection-8-coups-de-coeur-beaux-livres-2022\/\"]}]},{\"@type\":\"BreadcrumbList\",\"@id\":\"https:\/\/librairie7l.com\/en\/produit\/dakar-nid-dartistes-selection-8-coups-de-coeur-beaux-livres-2022\/#breadcrumb\",\"itemListElement\":[{\"@type\":\"ListItem\",\"position\":1,\"name\":\"Accueil\",\"item\":\"https:\/\/librairie7l.com\/en\/\"},{\"@type\":\"ListItem\",\"position\":2,\"name\":\"Shop\",\"item\":\"https:\/\/librairie7l.com\/en\/shop\/\"},{\"@type\":\"ListItem\",\"position\":3,\"name\":\"DAKAR NID D&#8217;ARTISTES : S\u00c9LECTION 8 COUPS DE COEUR BEAUX LIVRES 2022\"}]},{\"@type\":\"WebSite\",\"@id\":\"https:\/\/librairie7l.com\/en\/#website\",\"url\":\"https:\/\/librairie7l.com\/en\/\",\"name\":\"Librairie 7L\",\"description\":\"Librairie fond\u00e9e en 1999 par Karl Lagerfeld \u00e0 Paris\",\"publisher\":{\"@id\":\"https:\/\/librairie7l.com\/en\/#organization\"},\"potentialAction\":[{\"@type\":\"SearchAction\",\"target\":{\"@type\":\"EntryPoint\",\"urlTemplate\":\"https:\/\/librairie7l.com\/en\/?s={search_term_string}\"},\"query-input\":\"required name=search_term_string\"}],\"inLanguage\":\"en-US\"},{\"@type\":\"Organization\",\"@id\":\"https:\/\/librairie7l.com\/en\/#organization\",\"name\":\"Librairie 7L\",\"url\":\"https:\/\/librairie7l.com\/en\/\",\"logo\":{\"@type\":\"ImageObject\",\"inLanguage\":\"en-US\",\"@id\":\"https:\/\/librairie7l.com\/en\/#\/schema\/logo\/image\/\",\"url\":\"https:\/\/librairie7l.com\/wp-content\/uploads\/2022\/08\/logo-1.png\",\"contentUrl\":\"https:\/\/librairie7l.com\/wp-content\/uploads\/2022\/08\/logo-1.png\",\"width\":227,\"height\":301,\"caption\":\"Librairie 7L\"},\"image\":{\"@id\":\"https:\/\/librairie7l.com\/en\/#\/schema\/logo\/image\/\"}}]}<\/script>\n<!-- \/ Yoast SEO plugin. -->","yoast_head_json":{"title":"DAKAR Nid d'Artistes : S\u00e9lection 8 coups de coeur beaux livres 2022 - Librairie 7L","robots":{"index":"index","follow":"follow","max-snippet":"max-snippet:-1","max-image-preview":"max-image-preview:large","max-video-preview":"max-video-preview:-1"},"canonical":"https:\/\/librairie7l.com\/en\/produit\/dakar-nid-dartistes-selection-8-coups-de-coeur-beaux-livres-2022\/","og_locale":"en_US","og_type":"article","og_title":"DAKAR Nid d'Artistes : S\u00e9lection 8 coups de coeur beaux livres 2022 - Librairie 7L","og_description":"SELECTION COUPS DE COEUR BEAUX LIVRES 2022 PAR LE MONDE AFRIQUE 2\u00e8me n\u00e9 de la collection Nid d&#8217;artistes, ce livre est une promenade \u00e9motionnelle \u00e0 travers le regard d&#8217;une centaine artistes et penseurs de la sc\u00e8ne contemporaine culturelle dakaroise. Youssou Ndour, Omar Victor Diop, Mohamed Mbougar Sarr, Ken Bugul, Selly Rabi Kane, Felwine Sarr mais [&hellip;]","og_url":"https:\/\/librairie7l.com\/en\/produit\/dakar-nid-dartistes-selection-8-coups-de-coeur-beaux-livres-2022\/","og_site_name":"Librairie 7L","article_modified_time":"2026-04-12T04:06:27+00:00","og_image":[{"width":600,"height":842,"url":"https:\/\/librairie7l.com\/wp-content\/uploads\/2023\/03\/9789954961728_1_75.jpg","type":"image\/jpeg"}],"twitter_card":"summary_large_image","twitter_misc":{"Est. reading time":"1 minute"},"schema":{"@context":"https:\/\/schema.org","@graph":[{"@type":"WebPage","@id":"https:\/\/librairie7l.com\/en\/produit\/dakar-nid-dartistes-selection-8-coups-de-coeur-beaux-livres-2022\/","url":"https:\/\/librairie7l.com\/en\/produit\/dakar-nid-dartistes-selection-8-coups-de-coeur-beaux-livres-2022\/","name":"DAKAR Nid d'Artistes : S\u00e9lection 8 coups de coeur beaux livres 2022 - Librairie 7L","isPartOf":{"@id":"https:\/\/librairie7l.com\/en\/#website"},"datePublished":"2024-06-25T19:28:46+00:00","dateModified":"2026-04-12T04:06:27+00:00","breadcrumb":{"@id":"https:\/\/librairie7l.com\/en\/produit\/dakar-nid-dartistes-selection-8-coups-de-coeur-beaux-livres-2022\/#breadcrumb"},"inLanguage":"en-US","potentialAction":[{"@type":"ReadAction","target":["https:\/\/librairie7l.com\/en\/produit\/dakar-nid-dartistes-selection-8-coups-de-coeur-beaux-livres-2022\/"]}]},{"@type":"BreadcrumbList","@id":"https:\/\/librairie7l.com\/en\/produit\/dakar-nid-dartistes-selection-8-coups-de-coeur-beaux-livres-2022\/#breadcrumb","itemListElement":[{"@type":"ListItem","position":1,"name":"Accueil","item":"https:\/\/librairie7l.com\/en\/"},{"@type":"ListItem","position":2,"name":"Shop","item":"https:\/\/librairie7l.com\/en\/shop\/"},{"@type":"ListItem","position":3,"name":"DAKAR NID D&#8217;ARTISTES : S\u00c9LECTION 8 COUPS DE COEUR BEAUX LIVRES 2022"}]},{"@type":"WebSite","@id":"https:\/\/librairie7l.com\/en\/#website","url":"https:\/\/librairie7l.com\/en\/","name":"Librairie 7L","description":"Librairie fond\u00e9e en 1999 par Karl Lagerfeld \u00e0 Paris","publisher":{"@id":"https:\/\/librairie7l.com\/en\/#organization"},"potentialAction":[{"@type":"SearchAction","target":{"@type":"EntryPoint","urlTemplate":"https:\/\/librairie7l.com\/en\/?s={search_term_string}"},"query-input":"required name=search_term_string"}],"inLanguage":"en-US"},{"@type":"Organization","@id":"https:\/\/librairie7l.com\/en\/#organization","name":"Librairie 7L","url":"https:\/\/librairie7l.com\/en\/","logo":{"@type":"ImageObject","inLanguage":"en-US","@id":"https:\/\/librairie7l.com\/en\/#\/schema\/logo\/image\/","url":"https:\/\/librairie7l.com\/wp-content\/uploads\/2022\/08\/logo-1.png","contentUrl":"https:\/\/librairie7l.com\/wp-content\/uploads\/2022\/08\/logo-1.png","width":227,"height":301,"caption":"Librairie 7L"},"image":{"@id":"https:\/\/librairie7l.com\/en\/#\/schema\/logo\/image\/"}}]}},"_links":{"self":[{"href":"https:\/\/librairie7l.com\/en\/wp-json\/wp\/v2\/product\/35515"}],"collection":[{"href":"https:\/\/librairie7l.com\/en\/wp-json\/wp\/v2\/product"}],"about":[{"href":"https:\/\/librairie7l.com\/en\/wp-json\/wp\/v2\/types\/product"}],"wp:featuredmedia":[{"embeddable":true,"href":"https:\/\/librairie7l.com\/en\/wp-json\/wp\/v2\/media\/35513"}],"wp:attachment":[{"href":"https:\/\/librairie7l.com\/en\/wp-json\/wp\/v2\/media?parent=35515"}],"wp:term":[{"taxonomy":"product_cat","embeddable":true,"href":"https:\/\/librairie7l.com\/en\/wp-json\/wp\/v2\/product_cat?post=35515"},{"taxonomy":"product_tag","embeddable":true,"href":"https:\/\/librairie7l.com\/en\/wp-json\/wp\/v2\/product_tag?post=35515"}],"curies":[{"name":"wp","href":"https:\/\/api.w.org\/{rel}","templated":true}]}}