{"id":35533,"date":"2024-06-25T21:24:39","date_gmt":"2024-06-25T19:24:39","guid":{"rendered":"https:\/\/librairie7l.com\/?post_type=product&#038;p=35533"},"modified":"2026-04-17T23:06:00","modified_gmt":"2026-04-17T21:06:00","slug":"wolfgang-tillmans-today-is-the-first-day","status":"publish","type":"product","link":"https:\/\/librairie7l.com\/en\/produit\/wolfgang-tillmans-today-is-the-first-day\/","title":{"rendered":"TODAY IS THE FIRST DAY"},"content":{"rendered":"<p>L&#8217;exposition Today Is The First Day du WIELS, Centre d&#8217;Art Contemporain de Bruxelles est accompagn\u00e9e d&#8217;une publication richement illustr\u00e9e, coproduite avec le Irish Museum of Modern Art de Dublin et publi\u00e9e par Koenig Books. Con\u00e7u par Wolfgang Tillmans, ce livre documente les trois derni\u00e8res ann\u00e9es de la pratique de l&#8217;artiste et ses nouvelles exp\u00e9rimentations dans le domaine de la musique et la performance ainsi que ses expositions r\u00e9centes. Il comprend deux conversations avec l&#8217;artiste, ainsi que des contributions de Devrim Bayar, Dr David Chew, Brian Dillon, Sarah Glennie, Patricia Hecht, Olivia Laing, Eimear McBride, David Nash, Michaela Nash, Mark O&#8217;Kelly, Benjamin Stafford et Catherine Wood.<\/p>\n","protected":false},"excerpt":{"rendered":"<p>L&#8217;exposition Today Is The First Day du WIELS, Centre d&#8217;Art Contemporain de Bruxelles est accompagn\u00e9e d&#8217;une publication richement illustr\u00e9e, coproduite avec le Irish Museum of Modern Art de Dublin et publi\u00e9e par Koenig Books. Con\u00e7u par Wolfgang Tillmans, ce livre documente les trois derni\u00e8res ann\u00e9es de la pratique de l&#8217;artiste et ses nouvelles exp\u00e9rimentations dans [&hellip;]<\/p>\n","protected":false},"featured_media":35531,"template":"","meta":[],"product_cat":[2948,2953],"product_tag":[],"acf":[],"yoast_head":"<!-- This site is optimized with the Yoast SEO plugin v20.11 - https:\/\/yoast.com\/wordpress\/plugins\/seo\/ -->\n<title>Today is the first day - Librairie 7L<\/title>\n<meta name=\"robots\" content=\"index, follow, max-snippet:-1, max-image-preview:large, max-video-preview:-1\" \/>\n<link rel=\"canonical\" href=\"https:\/\/librairie7l.com\/en\/produit\/wolfgang-tillmans-today-is-the-first-day\/\" \/>\n<meta property=\"og:locale\" content=\"en_US\" \/>\n<meta property=\"og:type\" content=\"article\" \/>\n<meta property=\"og:title\" content=\"Today is the first day - Librairie 7L\" \/>\n<meta property=\"og:description\" content=\"L&#8217;exposition Today Is The First Day du WIELS, Centre d&#8217;Art Contemporain de Bruxelles est accompagn\u00e9e d&#8217;une publication richement illustr\u00e9e, coproduite avec le Irish Museum of Modern Art de Dublin et publi\u00e9e par Koenig Books. Con\u00e7u par Wolfgang Tillmans, ce livre documente les trois derni\u00e8res ann\u00e9es de la pratique de l&#8217;artiste et ses nouvelles exp\u00e9rimentations dans [&hellip;]\" \/>\n<meta property=\"og:url\" content=\"https:\/\/librairie7l.com\/en\/produit\/wolfgang-tillmans-today-is-the-first-day\/\" \/>\n<meta property=\"og:site_name\" content=\"Librairie 7L\" \/>\n<meta property=\"article:modified_time\" content=\"2026-04-17T21:06:00+00:00\" \/>\n<meta property=\"og:image\" content=\"https:\/\/librairie7l.com\/wp-content\/uploads\/2020\/02\/9783960987543_1_75.jpg\" \/>\n\t<meta property=\"og:image:width\" content=\"600\" \/>\n\t<meta property=\"og:image:height\" content=\"600\" \/>\n\t<meta property=\"og:image:type\" content=\"image\/jpeg\" \/>\n<meta name=\"twitter:card\" content=\"summary_large_image\" \/>\n<meta name=\"twitter:label1\" content=\"Est. reading time\" \/>\n\t<meta name=\"twitter:data1\" content=\"1 minute\" \/>\n<script type=\"application\/ld+json\" class=\"yoast-schema-graph\">{\"@context\":\"https:\/\/schema.org\",\"@graph\":[{\"@type\":\"WebPage\",\"@id\":\"https:\/\/librairie7l.com\/en\/produit\/wolfgang-tillmans-today-is-the-first-day\/\",\"url\":\"https:\/\/librairie7l.com\/en\/produit\/wolfgang-tillmans-today-is-the-first-day\/\",\"name\":\"Today is the first day - Librairie 7L\",\"isPartOf\":{\"@id\":\"https:\/\/librairie7l.com\/en\/#website\"},\"datePublished\":\"2024-06-25T19:24:39+00:00\",\"dateModified\":\"2026-04-17T21:06:00+00:00\",\"breadcrumb\":{\"@id\":\"https:\/\/librairie7l.com\/en\/produit\/wolfgang-tillmans-today-is-the-first-day\/#breadcrumb\"},\"inLanguage\":\"en-US\",\"potentialAction\":[{\"@type\":\"ReadAction\",\"target\":[\"https:\/\/librairie7l.com\/en\/produit\/wolfgang-tillmans-today-is-the-first-day\/\"]}]},{\"@type\":\"BreadcrumbList\",\"@id\":\"https:\/\/librairie7l.com\/en\/produit\/wolfgang-tillmans-today-is-the-first-day\/#breadcrumb\",\"itemListElement\":[{\"@type\":\"ListItem\",\"position\":1,\"name\":\"Accueil\",\"item\":\"https:\/\/librairie7l.com\/en\/\"},{\"@type\":\"ListItem\",\"position\":2,\"name\":\"Shop\",\"item\":\"https:\/\/librairie7l.com\/en\/shop\/\"},{\"@type\":\"ListItem\",\"position\":3,\"name\":\"TODAY IS THE FIRST DAY\"}]},{\"@type\":\"WebSite\",\"@id\":\"https:\/\/librairie7l.com\/en\/#website\",\"url\":\"https:\/\/librairie7l.com\/en\/\",\"name\":\"Librairie 7L\",\"description\":\"Librairie fond\u00e9e en 1999 par Karl Lagerfeld \u00e0 Paris\",\"publisher\":{\"@id\":\"https:\/\/librairie7l.com\/en\/#organization\"},\"potentialAction\":[{\"@type\":\"SearchAction\",\"target\":{\"@type\":\"EntryPoint\",\"urlTemplate\":\"https:\/\/librairie7l.com\/en\/?s={search_term_string}\"},\"query-input\":\"required name=search_term_string\"}],\"inLanguage\":\"en-US\"},{\"@type\":\"Organization\",\"@id\":\"https:\/\/librairie7l.com\/en\/#organization\",\"name\":\"Librairie 7L\",\"url\":\"https:\/\/librairie7l.com\/en\/\",\"logo\":{\"@type\":\"ImageObject\",\"inLanguage\":\"en-US\",\"@id\":\"https:\/\/librairie7l.com\/en\/#\/schema\/logo\/image\/\",\"url\":\"https:\/\/librairie7l.com\/wp-content\/uploads\/2022\/08\/logo-1.png\",\"contentUrl\":\"https:\/\/librairie7l.com\/wp-content\/uploads\/2022\/08\/logo-1.png\",\"width\":227,\"height\":301,\"caption\":\"Librairie 7L\"},\"image\":{\"@id\":\"https:\/\/librairie7l.com\/en\/#\/schema\/logo\/image\/\"}}]}<\/script>\n<!-- \/ Yoast SEO plugin. -->","yoast_head_json":{"title":"Today is the first day - Librairie 7L","robots":{"index":"index","follow":"follow","max-snippet":"max-snippet:-1","max-image-preview":"max-image-preview:large","max-video-preview":"max-video-preview:-1"},"canonical":"https:\/\/librairie7l.com\/en\/produit\/wolfgang-tillmans-today-is-the-first-day\/","og_locale":"en_US","og_type":"article","og_title":"Today is the first day - Librairie 7L","og_description":"L&#8217;exposition Today Is The First Day du WIELS, Centre d&#8217;Art Contemporain de Bruxelles est accompagn\u00e9e d&#8217;une publication richement illustr\u00e9e, coproduite avec le Irish Museum of Modern Art de Dublin et publi\u00e9e par Koenig Books. Con\u00e7u par Wolfgang Tillmans, ce livre documente les trois derni\u00e8res ann\u00e9es de la pratique de l&#8217;artiste et ses nouvelles exp\u00e9rimentations dans [&hellip;]","og_url":"https:\/\/librairie7l.com\/en\/produit\/wolfgang-tillmans-today-is-the-first-day\/","og_site_name":"Librairie 7L","article_modified_time":"2026-04-17T21:06:00+00:00","og_image":[{"width":600,"height":600,"url":"https:\/\/librairie7l.com\/wp-content\/uploads\/2020\/02\/9783960987543_1_75.jpg","type":"image\/jpeg"}],"twitter_card":"summary_large_image","twitter_misc":{"Est. reading time":"1 minute"},"schema":{"@context":"https:\/\/schema.org","@graph":[{"@type":"WebPage","@id":"https:\/\/librairie7l.com\/en\/produit\/wolfgang-tillmans-today-is-the-first-day\/","url":"https:\/\/librairie7l.com\/en\/produit\/wolfgang-tillmans-today-is-the-first-day\/","name":"Today is the first day - Librairie 7L","isPartOf":{"@id":"https:\/\/librairie7l.com\/en\/#website"},"datePublished":"2024-06-25T19:24:39+00:00","dateModified":"2026-04-17T21:06:00+00:00","breadcrumb":{"@id":"https:\/\/librairie7l.com\/en\/produit\/wolfgang-tillmans-today-is-the-first-day\/#breadcrumb"},"inLanguage":"en-US","potentialAction":[{"@type":"ReadAction","target":["https:\/\/librairie7l.com\/en\/produit\/wolfgang-tillmans-today-is-the-first-day\/"]}]},{"@type":"BreadcrumbList","@id":"https:\/\/librairie7l.com\/en\/produit\/wolfgang-tillmans-today-is-the-first-day\/#breadcrumb","itemListElement":[{"@type":"ListItem","position":1,"name":"Accueil","item":"https:\/\/librairie7l.com\/en\/"},{"@type":"ListItem","position":2,"name":"Shop","item":"https:\/\/librairie7l.com\/en\/shop\/"},{"@type":"ListItem","position":3,"name":"TODAY IS THE FIRST DAY"}]},{"@type":"WebSite","@id":"https:\/\/librairie7l.com\/en\/#website","url":"https:\/\/librairie7l.com\/en\/","name":"Librairie 7L","description":"Librairie fond\u00e9e en 1999 par Karl Lagerfeld \u00e0 Paris","publisher":{"@id":"https:\/\/librairie7l.com\/en\/#organization"},"potentialAction":[{"@type":"SearchAction","target":{"@type":"EntryPoint","urlTemplate":"https:\/\/librairie7l.com\/en\/?s={search_term_string}"},"query-input":"required name=search_term_string"}],"inLanguage":"en-US"},{"@type":"Organization","@id":"https:\/\/librairie7l.com\/en\/#organization","name":"Librairie 7L","url":"https:\/\/librairie7l.com\/en\/","logo":{"@type":"ImageObject","inLanguage":"en-US","@id":"https:\/\/librairie7l.com\/en\/#\/schema\/logo\/image\/","url":"https:\/\/librairie7l.com\/wp-content\/uploads\/2022\/08\/logo-1.png","contentUrl":"https:\/\/librairie7l.com\/wp-content\/uploads\/2022\/08\/logo-1.png","width":227,"height":301,"caption":"Librairie 7L"},"image":{"@id":"https:\/\/librairie7l.com\/en\/#\/schema\/logo\/image\/"}}]}},"_links":{"self":[{"href":"https:\/\/librairie7l.com\/en\/wp-json\/wp\/v2\/product\/35533"}],"collection":[{"href":"https:\/\/librairie7l.com\/en\/wp-json\/wp\/v2\/product"}],"about":[{"href":"https:\/\/librairie7l.com\/en\/wp-json\/wp\/v2\/types\/product"}],"wp:featuredmedia":[{"embeddable":true,"href":"https:\/\/librairie7l.com\/en\/wp-json\/wp\/v2\/media\/35531"}],"wp:attachment":[{"href":"https:\/\/librairie7l.com\/en\/wp-json\/wp\/v2\/media?parent=35533"}],"wp:term":[{"taxonomy":"product_cat","embeddable":true,"href":"https:\/\/librairie7l.com\/en\/wp-json\/wp\/v2\/product_cat?post=35533"},{"taxonomy":"product_tag","embeddable":true,"href":"https:\/\/librairie7l.com\/en\/wp-json\/wp\/v2\/product_tag?post=35533"}],"curies":[{"name":"wp","href":"https:\/\/api.w.org\/{rel}","templated":true}]}}