{"id":35557,"date":"2023-10-10T09:17:21","date_gmt":"2023-10-10T07:17:21","guid":{"rendered":"https:\/\/librairie7l.com\/?post_type=product&#038;p=35557"},"modified":"2026-04-30T18:21:08","modified_gmt":"2026-04-30T16:21:08","slug":"casimir-works","status":"publish","type":"product","link":"https:\/\/librairie7l.com\/en\/produit\/casimir-works\/","title":{"rendered":"CASIMIR WORKS"},"content":{"rendered":"<p>Casimir est un fabricant de meubles belge (n\u00e9 en 1966). Son style r\u00e9duit ses meubles \u00e0 l&#8217;essentiel, \u00e0 ce pour quoi ils ont \u00e9t\u00e9 con\u00e7us \u00e0 l&#8217;origine, en revenant \u00e0 l'&#8221;arch\u00e9type&#8221;. La s\u00e9miotique joue un r\u00f4le important : le langage est la base de la culture. Il d\u00e9crit ses meubles comme lourds, solides et, selon lui, typiquement flamands, bourguignons et gaulois. Son utilisation de mat\u00e9riaux et de techniques de construction durables et authentiques permet aux effets du temps d&#8217;avoir un impact sur les cr\u00e9ations. Outre un choix esth\u00e9tique, c&#8217;est aussi le r\u00e9sultat d&#8217;une d\u00e9cision d\u00e9lib\u00e9r\u00e9e de garantir leur utilit\u00e9. Les objets de Casimir sont con\u00e7us pour \u00eatre utilis\u00e9s. Les cr\u00e9ations de Casimir trouvent leur origine quelque part au-del\u00e0 de la limite la plus extr\u00eame de la r\u00e9duction. Au sommet de la simplicit\u00e9, la v\u00e9rit\u00e9 se transforme en critique. C&#8217;est pourquoi les meubles de Casimir, m\u00eame dans leur simplicit\u00e9 la plus extr\u00eame, sont toujours d\u00e9viants. Jan Kenis, ing\u00e9nieur culturel<\/p>\n","protected":false},"excerpt":{"rendered":"<p>Casimir est un fabricant de meubles belge (n\u00e9 en 1966). Son style r\u00e9duit ses meubles \u00e0 l&#8217;essentiel, \u00e0 ce pour quoi ils ont \u00e9t\u00e9 con\u00e7us \u00e0 l&#8217;origine, en revenant \u00e0 l&#8217;&#8221;arch\u00e9type&#8221;. La s\u00e9miotique joue un r\u00f4le important : le langage est la base de la culture. Il d\u00e9crit ses meubles comme lourds, solides et, selon [&hellip;]<\/p>\n","protected":false},"featured_media":37163,"template":"","meta":[],"product_cat":[2948,2952],"product_tag":[],"acf":[],"yoast_head":"<!-- This site is optimized with the Yoast SEO plugin v20.11 - https:\/\/yoast.com\/wordpress\/plugins\/seo\/ -->\n<title>Casimir works - Librairie 7L<\/title>\n<meta name=\"robots\" content=\"index, follow, max-snippet:-1, max-image-preview:large, max-video-preview:-1\" \/>\n<link rel=\"canonical\" href=\"https:\/\/librairie7l.com\/en\/produit\/casimir-works\/\" \/>\n<meta property=\"og:locale\" content=\"en_US\" \/>\n<meta property=\"og:type\" content=\"article\" \/>\n<meta property=\"og:title\" content=\"Casimir works - Librairie 7L\" \/>\n<meta property=\"og:description\" content=\"Casimir est un fabricant de meubles belge (n\u00e9 en 1966). Son style r\u00e9duit ses meubles \u00e0 l&#8217;essentiel, \u00e0 ce pour quoi ils ont \u00e9t\u00e9 con\u00e7us \u00e0 l&#8217;origine, en revenant \u00e0 l&#039;&#8221;arch\u00e9type&#8221;. La s\u00e9miotique joue un r\u00f4le important : le langage est la base de la culture. Il d\u00e9crit ses meubles comme lourds, solides et, selon [&hellip;]\" \/>\n<meta property=\"og:url\" content=\"https:\/\/librairie7l.com\/en\/produit\/casimir-works\/\" \/>\n<meta property=\"og:site_name\" content=\"Librairie 7L\" \/>\n<meta property=\"article:modified_time\" content=\"2026-04-30T16:21:08+00:00\" \/>\n<meta property=\"og:image\" content=\"https:\/\/librairie7l.com\/wp-content\/uploads\/2023\/11\/9789464002119_1_75.jpg\" \/>\n\t<meta property=\"og:image:width\" content=\"600\" \/>\n\t<meta property=\"og:image:height\" content=\"807\" \/>\n\t<meta property=\"og:image:type\" content=\"image\/jpeg\" \/>\n<meta name=\"twitter:card\" content=\"summary_large_image\" \/>\n<meta name=\"twitter:label1\" content=\"Est. reading time\" \/>\n\t<meta name=\"twitter:data1\" content=\"1 minute\" \/>\n<script type=\"application\/ld+json\" class=\"yoast-schema-graph\">{\"@context\":\"https:\/\/schema.org\",\"@graph\":[{\"@type\":\"WebPage\",\"@id\":\"https:\/\/librairie7l.com\/en\/produit\/casimir-works\/\",\"url\":\"https:\/\/librairie7l.com\/en\/produit\/casimir-works\/\",\"name\":\"Casimir works - Librairie 7L\",\"isPartOf\":{\"@id\":\"https:\/\/librairie7l.com\/en\/#website\"},\"datePublished\":\"2023-10-10T07:17:21+00:00\",\"dateModified\":\"2026-04-30T16:21:08+00:00\",\"breadcrumb\":{\"@id\":\"https:\/\/librairie7l.com\/en\/produit\/casimir-works\/#breadcrumb\"},\"inLanguage\":\"en-US\",\"potentialAction\":[{\"@type\":\"ReadAction\",\"target\":[\"https:\/\/librairie7l.com\/en\/produit\/casimir-works\/\"]}]},{\"@type\":\"BreadcrumbList\",\"@id\":\"https:\/\/librairie7l.com\/en\/produit\/casimir-works\/#breadcrumb\",\"itemListElement\":[{\"@type\":\"ListItem\",\"position\":1,\"name\":\"Accueil\",\"item\":\"https:\/\/librairie7l.com\/en\/\"},{\"@type\":\"ListItem\",\"position\":2,\"name\":\"Shop\",\"item\":\"https:\/\/librairie7l.com\/en\/shop\/\"},{\"@type\":\"ListItem\",\"position\":3,\"name\":\"CASIMIR WORKS\"}]},{\"@type\":\"WebSite\",\"@id\":\"https:\/\/librairie7l.com\/en\/#website\",\"url\":\"https:\/\/librairie7l.com\/en\/\",\"name\":\"Librairie 7L\",\"description\":\"Librairie fond\u00e9e en 1999 par Karl Lagerfeld \u00e0 Paris\",\"publisher\":{\"@id\":\"https:\/\/librairie7l.com\/en\/#organization\"},\"potentialAction\":[{\"@type\":\"SearchAction\",\"target\":{\"@type\":\"EntryPoint\",\"urlTemplate\":\"https:\/\/librairie7l.com\/en\/?s={search_term_string}\"},\"query-input\":\"required name=search_term_string\"}],\"inLanguage\":\"en-US\"},{\"@type\":\"Organization\",\"@id\":\"https:\/\/librairie7l.com\/en\/#organization\",\"name\":\"Librairie 7L\",\"url\":\"https:\/\/librairie7l.com\/en\/\",\"logo\":{\"@type\":\"ImageObject\",\"inLanguage\":\"en-US\",\"@id\":\"https:\/\/librairie7l.com\/en\/#\/schema\/logo\/image\/\",\"url\":\"https:\/\/librairie7l.com\/wp-content\/uploads\/2022\/08\/logo-1.png\",\"contentUrl\":\"https:\/\/librairie7l.com\/wp-content\/uploads\/2022\/08\/logo-1.png\",\"width\":227,\"height\":301,\"caption\":\"Librairie 7L\"},\"image\":{\"@id\":\"https:\/\/librairie7l.com\/en\/#\/schema\/logo\/image\/\"}}]}<\/script>\n<!-- \/ Yoast SEO plugin. -->","yoast_head_json":{"title":"Casimir works - Librairie 7L","robots":{"index":"index","follow":"follow","max-snippet":"max-snippet:-1","max-image-preview":"max-image-preview:large","max-video-preview":"max-video-preview:-1"},"canonical":"https:\/\/librairie7l.com\/en\/produit\/casimir-works\/","og_locale":"en_US","og_type":"article","og_title":"Casimir works - Librairie 7L","og_description":"Casimir est un fabricant de meubles belge (n\u00e9 en 1966). Son style r\u00e9duit ses meubles \u00e0 l&#8217;essentiel, \u00e0 ce pour quoi ils ont \u00e9t\u00e9 con\u00e7us \u00e0 l&#8217;origine, en revenant \u00e0 l'&#8221;arch\u00e9type&#8221;. La s\u00e9miotique joue un r\u00f4le important : le langage est la base de la culture. Il d\u00e9crit ses meubles comme lourds, solides et, selon [&hellip;]","og_url":"https:\/\/librairie7l.com\/en\/produit\/casimir-works\/","og_site_name":"Librairie 7L","article_modified_time":"2026-04-30T16:21:08+00:00","og_image":[{"width":600,"height":807,"url":"https:\/\/librairie7l.com\/wp-content\/uploads\/2023\/11\/9789464002119_1_75.jpg","type":"image\/jpeg"}],"twitter_card":"summary_large_image","twitter_misc":{"Est. reading time":"1 minute"},"schema":{"@context":"https:\/\/schema.org","@graph":[{"@type":"WebPage","@id":"https:\/\/librairie7l.com\/en\/produit\/casimir-works\/","url":"https:\/\/librairie7l.com\/en\/produit\/casimir-works\/","name":"Casimir works - Librairie 7L","isPartOf":{"@id":"https:\/\/librairie7l.com\/en\/#website"},"datePublished":"2023-10-10T07:17:21+00:00","dateModified":"2026-04-30T16:21:08+00:00","breadcrumb":{"@id":"https:\/\/librairie7l.com\/en\/produit\/casimir-works\/#breadcrumb"},"inLanguage":"en-US","potentialAction":[{"@type":"ReadAction","target":["https:\/\/librairie7l.com\/en\/produit\/casimir-works\/"]}]},{"@type":"BreadcrumbList","@id":"https:\/\/librairie7l.com\/en\/produit\/casimir-works\/#breadcrumb","itemListElement":[{"@type":"ListItem","position":1,"name":"Accueil","item":"https:\/\/librairie7l.com\/en\/"},{"@type":"ListItem","position":2,"name":"Shop","item":"https:\/\/librairie7l.com\/en\/shop\/"},{"@type":"ListItem","position":3,"name":"CASIMIR WORKS"}]},{"@type":"WebSite","@id":"https:\/\/librairie7l.com\/en\/#website","url":"https:\/\/librairie7l.com\/en\/","name":"Librairie 7L","description":"Librairie fond\u00e9e en 1999 par Karl Lagerfeld \u00e0 Paris","publisher":{"@id":"https:\/\/librairie7l.com\/en\/#organization"},"potentialAction":[{"@type":"SearchAction","target":{"@type":"EntryPoint","urlTemplate":"https:\/\/librairie7l.com\/en\/?s={search_term_string}"},"query-input":"required name=search_term_string"}],"inLanguage":"en-US"},{"@type":"Organization","@id":"https:\/\/librairie7l.com\/en\/#organization","name":"Librairie 7L","url":"https:\/\/librairie7l.com\/en\/","logo":{"@type":"ImageObject","inLanguage":"en-US","@id":"https:\/\/librairie7l.com\/en\/#\/schema\/logo\/image\/","url":"https:\/\/librairie7l.com\/wp-content\/uploads\/2022\/08\/logo-1.png","contentUrl":"https:\/\/librairie7l.com\/wp-content\/uploads\/2022\/08\/logo-1.png","width":227,"height":301,"caption":"Librairie 7L"},"image":{"@id":"https:\/\/librairie7l.com\/en\/#\/schema\/logo\/image\/"}}]}},"_links":{"self":[{"href":"https:\/\/librairie7l.com\/en\/wp-json\/wp\/v2\/product\/35557"}],"collection":[{"href":"https:\/\/librairie7l.com\/en\/wp-json\/wp\/v2\/product"}],"about":[{"href":"https:\/\/librairie7l.com\/en\/wp-json\/wp\/v2\/types\/product"}],"wp:featuredmedia":[{"embeddable":true,"href":"https:\/\/librairie7l.com\/en\/wp-json\/wp\/v2\/media\/37163"}],"wp:attachment":[{"href":"https:\/\/librairie7l.com\/en\/wp-json\/wp\/v2\/media?parent=35557"}],"wp:term":[{"taxonomy":"product_cat","embeddable":true,"href":"https:\/\/librairie7l.com\/en\/wp-json\/wp\/v2\/product_cat?post=35557"},{"taxonomy":"product_tag","embeddable":true,"href":"https:\/\/librairie7l.com\/en\/wp-json\/wp\/v2\/product_tag?post=35557"}],"curies":[{"name":"wp","href":"https:\/\/api.w.org\/{rel}","templated":true}]}}