{"id":35583,"date":"2024-06-25T21:22:13","date_gmt":"2024-06-25T19:22:13","guid":{"rendered":"https:\/\/librairie7l.com\/?post_type=product&#038;p=35583"},"modified":"2026-05-08T19:06:24","modified_gmt":"2026-05-08T17:06:24","slug":"louis-benech-douze-jardins-en-france","status":"publish","type":"product","link":"https:\/\/librairie7l.com\/en\/produit\/louis-benech-douze-jardins-en-france\/","title":{"rendered":"LOUIS BENECH, DOUZE JARDINS EN FRANCE"},"content":{"rendered":"<p>Ce livre pr\u00e9sente douze jardins r\u00e9alis\u00e9s par Louis Benech en France, du jardin du Soleil et des Nuages du ch\u00e2teau de Villandry au square Nicolas Forestier dans le 13e arrondissement de Paris, en passant par le parc d&#8217;une propri\u00e9t\u00e9 en Sologne, un manoir normand, une ambiance tr\u00e8s fleurie en Bretagne ou \u00e9tonnamment exotique en plein Paris, un travail en Bourgogne sur les traces de Russell Page et le jardin du ch\u00e2teau de Pange qui a \u00e9t\u00e9 honor\u00e9 du label de &#8220;jardin remarquable&#8221;.<br \/>\nDouze jardins extr\u00eamement diff\u00e9rents qui refl\u00e8tent les facettes d&#8217;un talent reconnu dans le monde entier.<\/p>\n","protected":false},"excerpt":{"rendered":"<p>Ce livre pr\u00e9sente douze jardins r\u00e9alis\u00e9s par Louis Benech en France, du jardin du Soleil et des Nuages du ch\u00e2teau de Villandry au square Nicolas Forestier dans le 13e arrondissement de Paris, en passant par le parc d&#8217;une propri\u00e9t\u00e9 en Sologne, un manoir normand, une ambiance tr\u00e8s fleurie en Bretagne ou \u00e9tonnamment exotique en plein [&hellip;]<\/p>\n","protected":false},"featured_media":35581,"template":"","meta":[],"product_cat":[2948,2956],"product_tag":[],"acf":[],"yoast_head":"<!-- This site is optimized with the Yoast SEO plugin v20.11 - https:\/\/yoast.com\/wordpress\/plugins\/seo\/ -->\n<title>Louis Benech, douze jardins en France - Librairie 7L<\/title>\n<meta name=\"robots\" content=\"index, follow, max-snippet:-1, max-image-preview:large, max-video-preview:-1\" \/>\n<link rel=\"canonical\" href=\"https:\/\/librairie7l.com\/en\/produit\/louis-benech-douze-jardins-en-france\/\" \/>\n<meta property=\"og:locale\" content=\"en_US\" \/>\n<meta property=\"og:type\" content=\"article\" \/>\n<meta property=\"og:title\" content=\"Louis Benech, douze jardins en France - Librairie 7L\" \/>\n<meta property=\"og:description\" content=\"Ce livre pr\u00e9sente douze jardins r\u00e9alis\u00e9s par Louis Benech en France, du jardin du Soleil et des Nuages du ch\u00e2teau de Villandry au square Nicolas Forestier dans le 13e arrondissement de Paris, en passant par le parc d&#8217;une propri\u00e9t\u00e9 en Sologne, un manoir normand, une ambiance tr\u00e8s fleurie en Bretagne ou \u00e9tonnamment exotique en plein [&hellip;]\" \/>\n<meta property=\"og:url\" content=\"https:\/\/librairie7l.com\/en\/produit\/louis-benech-douze-jardins-en-france\/\" \/>\n<meta property=\"og:site_name\" content=\"Librairie 7L\" \/>\n<meta property=\"article:modified_time\" content=\"2026-05-08T17:06:24+00:00\" \/>\n<meta property=\"og:image\" content=\"https:\/\/librairie7l.com\/wp-content\/uploads\/2012\/04\/9782353401314_1_75.jpg\" \/>\n\t<meta property=\"og:image:width\" content=\"665\" \/>\n\t<meta property=\"og:image:height\" content=\"790\" \/>\n\t<meta property=\"og:image:type\" content=\"image\/jpeg\" \/>\n<meta name=\"twitter:card\" content=\"summary_large_image\" \/>\n<meta name=\"twitter:label1\" content=\"Est. reading time\" \/>\n\t<meta name=\"twitter:data1\" content=\"1 minute\" \/>\n<script type=\"application\/ld+json\" class=\"yoast-schema-graph\">{\"@context\":\"https:\/\/schema.org\",\"@graph\":[{\"@type\":\"WebPage\",\"@id\":\"https:\/\/librairie7l.com\/en\/produit\/louis-benech-douze-jardins-en-france\/\",\"url\":\"https:\/\/librairie7l.com\/en\/produit\/louis-benech-douze-jardins-en-france\/\",\"name\":\"Louis Benech, douze jardins en France - Librairie 7L\",\"isPartOf\":{\"@id\":\"https:\/\/librairie7l.com\/en\/#website\"},\"datePublished\":\"2024-06-25T19:22:13+00:00\",\"dateModified\":\"2026-05-08T17:06:24+00:00\",\"breadcrumb\":{\"@id\":\"https:\/\/librairie7l.com\/en\/produit\/louis-benech-douze-jardins-en-france\/#breadcrumb\"},\"inLanguage\":\"en-US\",\"potentialAction\":[{\"@type\":\"ReadAction\",\"target\":[\"https:\/\/librairie7l.com\/en\/produit\/louis-benech-douze-jardins-en-france\/\"]}]},{\"@type\":\"BreadcrumbList\",\"@id\":\"https:\/\/librairie7l.com\/en\/produit\/louis-benech-douze-jardins-en-france\/#breadcrumb\",\"itemListElement\":[{\"@type\":\"ListItem\",\"position\":1,\"name\":\"Accueil\",\"item\":\"https:\/\/librairie7l.com\/en\/\"},{\"@type\":\"ListItem\",\"position\":2,\"name\":\"Shop\",\"item\":\"https:\/\/librairie7l.com\/en\/shop\/\"},{\"@type\":\"ListItem\",\"position\":3,\"name\":\"LOUIS BENECH, DOUZE JARDINS EN FRANCE\"}]},{\"@type\":\"WebSite\",\"@id\":\"https:\/\/librairie7l.com\/en\/#website\",\"url\":\"https:\/\/librairie7l.com\/en\/\",\"name\":\"Librairie 7L\",\"description\":\"Librairie fond\u00e9e en 1999 par Karl Lagerfeld \u00e0 Paris\",\"publisher\":{\"@id\":\"https:\/\/librairie7l.com\/en\/#organization\"},\"potentialAction\":[{\"@type\":\"SearchAction\",\"target\":{\"@type\":\"EntryPoint\",\"urlTemplate\":\"https:\/\/librairie7l.com\/en\/?s={search_term_string}\"},\"query-input\":\"required name=search_term_string\"}],\"inLanguage\":\"en-US\"},{\"@type\":\"Organization\",\"@id\":\"https:\/\/librairie7l.com\/en\/#organization\",\"name\":\"Librairie 7L\",\"url\":\"https:\/\/librairie7l.com\/en\/\",\"logo\":{\"@type\":\"ImageObject\",\"inLanguage\":\"en-US\",\"@id\":\"https:\/\/librairie7l.com\/en\/#\/schema\/logo\/image\/\",\"url\":\"https:\/\/librairie7l.com\/wp-content\/uploads\/2022\/08\/logo-1.png\",\"contentUrl\":\"https:\/\/librairie7l.com\/wp-content\/uploads\/2022\/08\/logo-1.png\",\"width\":227,\"height\":301,\"caption\":\"Librairie 7L\"},\"image\":{\"@id\":\"https:\/\/librairie7l.com\/en\/#\/schema\/logo\/image\/\"}}]}<\/script>\n<!-- \/ Yoast SEO plugin. -->","yoast_head_json":{"title":"Louis Benech, douze jardins en France - Librairie 7L","robots":{"index":"index","follow":"follow","max-snippet":"max-snippet:-1","max-image-preview":"max-image-preview:large","max-video-preview":"max-video-preview:-1"},"canonical":"https:\/\/librairie7l.com\/en\/produit\/louis-benech-douze-jardins-en-france\/","og_locale":"en_US","og_type":"article","og_title":"Louis Benech, douze jardins en France - Librairie 7L","og_description":"Ce livre pr\u00e9sente douze jardins r\u00e9alis\u00e9s par Louis Benech en France, du jardin du Soleil et des Nuages du ch\u00e2teau de Villandry au square Nicolas Forestier dans le 13e arrondissement de Paris, en passant par le parc d&#8217;une propri\u00e9t\u00e9 en Sologne, un manoir normand, une ambiance tr\u00e8s fleurie en Bretagne ou \u00e9tonnamment exotique en plein [&hellip;]","og_url":"https:\/\/librairie7l.com\/en\/produit\/louis-benech-douze-jardins-en-france\/","og_site_name":"Librairie 7L","article_modified_time":"2026-05-08T17:06:24+00:00","og_image":[{"width":665,"height":790,"url":"https:\/\/librairie7l.com\/wp-content\/uploads\/2012\/04\/9782353401314_1_75.jpg","type":"image\/jpeg"}],"twitter_card":"summary_large_image","twitter_misc":{"Est. reading time":"1 minute"},"schema":{"@context":"https:\/\/schema.org","@graph":[{"@type":"WebPage","@id":"https:\/\/librairie7l.com\/en\/produit\/louis-benech-douze-jardins-en-france\/","url":"https:\/\/librairie7l.com\/en\/produit\/louis-benech-douze-jardins-en-france\/","name":"Louis Benech, douze jardins en France - Librairie 7L","isPartOf":{"@id":"https:\/\/librairie7l.com\/en\/#website"},"datePublished":"2024-06-25T19:22:13+00:00","dateModified":"2026-05-08T17:06:24+00:00","breadcrumb":{"@id":"https:\/\/librairie7l.com\/en\/produit\/louis-benech-douze-jardins-en-france\/#breadcrumb"},"inLanguage":"en-US","potentialAction":[{"@type":"ReadAction","target":["https:\/\/librairie7l.com\/en\/produit\/louis-benech-douze-jardins-en-france\/"]}]},{"@type":"BreadcrumbList","@id":"https:\/\/librairie7l.com\/en\/produit\/louis-benech-douze-jardins-en-france\/#breadcrumb","itemListElement":[{"@type":"ListItem","position":1,"name":"Accueil","item":"https:\/\/librairie7l.com\/en\/"},{"@type":"ListItem","position":2,"name":"Shop","item":"https:\/\/librairie7l.com\/en\/shop\/"},{"@type":"ListItem","position":3,"name":"LOUIS BENECH, DOUZE JARDINS EN FRANCE"}]},{"@type":"WebSite","@id":"https:\/\/librairie7l.com\/en\/#website","url":"https:\/\/librairie7l.com\/en\/","name":"Librairie 7L","description":"Librairie fond\u00e9e en 1999 par Karl Lagerfeld \u00e0 Paris","publisher":{"@id":"https:\/\/librairie7l.com\/en\/#organization"},"potentialAction":[{"@type":"SearchAction","target":{"@type":"EntryPoint","urlTemplate":"https:\/\/librairie7l.com\/en\/?s={search_term_string}"},"query-input":"required name=search_term_string"}],"inLanguage":"en-US"},{"@type":"Organization","@id":"https:\/\/librairie7l.com\/en\/#organization","name":"Librairie 7L","url":"https:\/\/librairie7l.com\/en\/","logo":{"@type":"ImageObject","inLanguage":"en-US","@id":"https:\/\/librairie7l.com\/en\/#\/schema\/logo\/image\/","url":"https:\/\/librairie7l.com\/wp-content\/uploads\/2022\/08\/logo-1.png","contentUrl":"https:\/\/librairie7l.com\/wp-content\/uploads\/2022\/08\/logo-1.png","width":227,"height":301,"caption":"Librairie 7L"},"image":{"@id":"https:\/\/librairie7l.com\/en\/#\/schema\/logo\/image\/"}}]}},"_links":{"self":[{"href":"https:\/\/librairie7l.com\/en\/wp-json\/wp\/v2\/product\/35583"}],"collection":[{"href":"https:\/\/librairie7l.com\/en\/wp-json\/wp\/v2\/product"}],"about":[{"href":"https:\/\/librairie7l.com\/en\/wp-json\/wp\/v2\/types\/product"}],"wp:featuredmedia":[{"embeddable":true,"href":"https:\/\/librairie7l.com\/en\/wp-json\/wp\/v2\/media\/35581"}],"wp:attachment":[{"href":"https:\/\/librairie7l.com\/en\/wp-json\/wp\/v2\/media?parent=35583"}],"wp:term":[{"taxonomy":"product_cat","embeddable":true,"href":"https:\/\/librairie7l.com\/en\/wp-json\/wp\/v2\/product_cat?post=35583"},{"taxonomy":"product_tag","embeddable":true,"href":"https:\/\/librairie7l.com\/en\/wp-json\/wp\/v2\/product_tag?post=35583"}],"curies":[{"name":"wp","href":"https:\/\/api.w.org\/{rel}","templated":true}]}}