{"id":35595,"date":"2024-06-26T10:36:58","date_gmt":"2024-06-26T08:36:58","guid":{"rendered":"https:\/\/librairie7l.com\/?post_type=product&#038;p=35595"},"modified":"2026-04-18T23:06:22","modified_gmt":"2026-04-18T21:06:22","slug":"haute-couture-histoire-de-lindustrie-de-la-creation-francaise-des-precurseu","status":"publish","type":"product","link":"https:\/\/librairie7l.com\/en\/produit\/haute-couture-histoire-de-lindustrie-de-la-creation-francaise-des-precurseu\/","title":{"rendered":"HAUTE COUTURE ; HISTOIRE DE L&#8217;INDUSTRIE DE LA CR\u00c9ATION FRAN\u00c7AISE ; DES PR\u00c9CURSEURS \u00c0 NOS JOURS"},"content":{"rendered":"<p>Ce livre retrace le d\u00e9veloppement socio\u00e9conomique et culturel de l&#8217;activit\u00e9 de haute couture \u00e0 travers l&#8217;histoire, depuis les pr\u00e9curseurs, les c\u00e9l\u00e8bres &#8220;marchands de modes&#8221; de l&#8217;Ancien R\u00e9gime, puis le premier couturier au sens moderne du terme, Charles F. Worth. Remarquablement document\u00e9, il s&#8217;int\u00e9resse \u00e0 tous les acteurs de l&#8217;industrie de la cr\u00e9ation, \u00e0 ses m\u00e9tiers, \u00e0 ses instances repr\u00e9sentatives, qui ont fa\u00e7onn\u00e9 une v\u00e9ritable exception fran\u00e7aise.<br \/>\nIl est l&#8217;occasion, tout en \u00e9voquant l&#8217;histoire stylistique de la mode, de constater l&#8217;impact des &#8220;artisans du Beau&#8221; sur la soci\u00e9t\u00e9 tout enti\u00e8re ; et de montrer comment la haute couture actuelle, entre tradition et innovation, demeure un enjeu \u00e9conomique majeur par son image d&#8217;excellence \u00e0 l&#8217;international.<\/p>\n","protected":false},"excerpt":{"rendered":"<p>Ce livre retrace le d\u00e9veloppement socio\u00e9conomique et culturel de l&#8217;activit\u00e9 de haute couture \u00e0 travers l&#8217;histoire, depuis les pr\u00e9curseurs, les c\u00e9l\u00e8bres &#8220;marchands de modes&#8221; de l&#8217;Ancien R\u00e9gime, puis le premier couturier au sens moderne du terme, Charles F. Worth. Remarquablement document\u00e9, il s&#8217;int\u00e9resse \u00e0 tous les acteurs de l&#8217;industrie de la cr\u00e9ation, \u00e0 ses m\u00e9tiers, [&hellip;]<\/p>\n","protected":false},"featured_media":35593,"template":"","meta":[],"product_cat":[2948,2957],"product_tag":[],"acf":[],"yoast_head":"<!-- This site is optimized with the Yoast SEO plugin v20.11 - https:\/\/yoast.com\/wordpress\/plugins\/seo\/ -->\n<title>Haute couture ; histoire de l&#039;industrie de la cr\u00e9ation fran\u00e7aise ; des pr\u00e9curseurs \u00e0 nos jours - Librairie 7L<\/title>\n<meta name=\"robots\" content=\"index, follow, max-snippet:-1, max-image-preview:large, max-video-preview:-1\" \/>\n<link rel=\"canonical\" href=\"https:\/\/librairie7l.com\/en\/produit\/haute-couture-histoire-de-lindustrie-de-la-creation-francaise-des-precurseu\/\" \/>\n<meta property=\"og:locale\" content=\"en_US\" \/>\n<meta property=\"og:type\" content=\"article\" \/>\n<meta property=\"og:title\" content=\"Haute couture ; histoire de l&#039;industrie de la cr\u00e9ation fran\u00e7aise ; des pr\u00e9curseurs \u00e0 nos jours - Librairie 7L\" \/>\n<meta property=\"og:description\" content=\"Ce livre retrace le d\u00e9veloppement socio\u00e9conomique et culturel de l&#8217;activit\u00e9 de haute couture \u00e0 travers l&#8217;histoire, depuis les pr\u00e9curseurs, les c\u00e9l\u00e8bres &#8220;marchands de modes&#8221; de l&#8217;Ancien R\u00e9gime, puis le premier couturier au sens moderne du terme, Charles F. Worth. Remarquablement document\u00e9, il s&#8217;int\u00e9resse \u00e0 tous les acteurs de l&#8217;industrie de la cr\u00e9ation, \u00e0 ses m\u00e9tiers, [&hellip;]\" \/>\n<meta property=\"og:url\" content=\"https:\/\/librairie7l.com\/en\/produit\/haute-couture-histoire-de-lindustrie-de-la-creation-francaise-des-precurseu\/\" \/>\n<meta property=\"og:site_name\" content=\"Librairie 7L\" \/>\n<meta property=\"article:modified_time\" content=\"2026-04-18T21:06:22+00:00\" \/>\n<meta property=\"og:image\" content=\"https:\/\/librairie7l.com\/wp-content\/uploads\/2015\/02\/9782212140989_1_75.jpg\" \/>\n\t<meta property=\"og:image:width\" content=\"1000\" \/>\n\t<meta property=\"og:image:height\" content=\"1312\" \/>\n\t<meta property=\"og:image:type\" content=\"image\/jpeg\" \/>\n<meta name=\"twitter:card\" content=\"summary_large_image\" \/>\n<meta name=\"twitter:label1\" content=\"Est. reading time\" \/>\n\t<meta name=\"twitter:data1\" content=\"1 minute\" \/>\n<script type=\"application\/ld+json\" class=\"yoast-schema-graph\">{\"@context\":\"https:\/\/schema.org\",\"@graph\":[{\"@type\":\"WebPage\",\"@id\":\"https:\/\/librairie7l.com\/en\/produit\/haute-couture-histoire-de-lindustrie-de-la-creation-francaise-des-precurseu\/\",\"url\":\"https:\/\/librairie7l.com\/en\/produit\/haute-couture-histoire-de-lindustrie-de-la-creation-francaise-des-precurseu\/\",\"name\":\"Haute couture ; histoire de l'industrie de la cr\u00e9ation fran\u00e7aise ; des pr\u00e9curseurs \u00e0 nos jours - Librairie 7L\",\"isPartOf\":{\"@id\":\"https:\/\/librairie7l.com\/en\/#website\"},\"datePublished\":\"2024-06-26T08:36:58+00:00\",\"dateModified\":\"2026-04-18T21:06:22+00:00\",\"breadcrumb\":{\"@id\":\"https:\/\/librairie7l.com\/en\/produit\/haute-couture-histoire-de-lindustrie-de-la-creation-francaise-des-precurseu\/#breadcrumb\"},\"inLanguage\":\"en-US\",\"potentialAction\":[{\"@type\":\"ReadAction\",\"target\":[\"https:\/\/librairie7l.com\/en\/produit\/haute-couture-histoire-de-lindustrie-de-la-creation-francaise-des-precurseu\/\"]}]},{\"@type\":\"BreadcrumbList\",\"@id\":\"https:\/\/librairie7l.com\/en\/produit\/haute-couture-histoire-de-lindustrie-de-la-creation-francaise-des-precurseu\/#breadcrumb\",\"itemListElement\":[{\"@type\":\"ListItem\",\"position\":1,\"name\":\"Accueil\",\"item\":\"https:\/\/librairie7l.com\/en\/\"},{\"@type\":\"ListItem\",\"position\":2,\"name\":\"Shop\",\"item\":\"https:\/\/librairie7l.com\/en\/shop\/\"},{\"@type\":\"ListItem\",\"position\":3,\"name\":\"HAUTE COUTURE ; HISTOIRE DE L&#8217;INDUSTRIE DE LA CR\u00c9ATION FRAN\u00c7AISE ; DES PR\u00c9CURSEURS \u00c0 NOS JOURS\"}]},{\"@type\":\"WebSite\",\"@id\":\"https:\/\/librairie7l.com\/en\/#website\",\"url\":\"https:\/\/librairie7l.com\/en\/\",\"name\":\"Librairie 7L\",\"description\":\"Librairie fond\u00e9e en 1999 par Karl Lagerfeld \u00e0 Paris\",\"publisher\":{\"@id\":\"https:\/\/librairie7l.com\/en\/#organization\"},\"potentialAction\":[{\"@type\":\"SearchAction\",\"target\":{\"@type\":\"EntryPoint\",\"urlTemplate\":\"https:\/\/librairie7l.com\/en\/?s={search_term_string}\"},\"query-input\":\"required name=search_term_string\"}],\"inLanguage\":\"en-US\"},{\"@type\":\"Organization\",\"@id\":\"https:\/\/librairie7l.com\/en\/#organization\",\"name\":\"Librairie 7L\",\"url\":\"https:\/\/librairie7l.com\/en\/\",\"logo\":{\"@type\":\"ImageObject\",\"inLanguage\":\"en-US\",\"@id\":\"https:\/\/librairie7l.com\/en\/#\/schema\/logo\/image\/\",\"url\":\"https:\/\/librairie7l.com\/wp-content\/uploads\/2022\/08\/logo-1.png\",\"contentUrl\":\"https:\/\/librairie7l.com\/wp-content\/uploads\/2022\/08\/logo-1.png\",\"width\":227,\"height\":301,\"caption\":\"Librairie 7L\"},\"image\":{\"@id\":\"https:\/\/librairie7l.com\/en\/#\/schema\/logo\/image\/\"}}]}<\/script>\n<!-- \/ Yoast SEO plugin. -->","yoast_head_json":{"title":"Haute couture ; histoire de l'industrie de la cr\u00e9ation fran\u00e7aise ; des pr\u00e9curseurs \u00e0 nos jours - Librairie 7L","robots":{"index":"index","follow":"follow","max-snippet":"max-snippet:-1","max-image-preview":"max-image-preview:large","max-video-preview":"max-video-preview:-1"},"canonical":"https:\/\/librairie7l.com\/en\/produit\/haute-couture-histoire-de-lindustrie-de-la-creation-francaise-des-precurseu\/","og_locale":"en_US","og_type":"article","og_title":"Haute couture ; histoire de l'industrie de la cr\u00e9ation fran\u00e7aise ; des pr\u00e9curseurs \u00e0 nos jours - Librairie 7L","og_description":"Ce livre retrace le d\u00e9veloppement socio\u00e9conomique et culturel de l&#8217;activit\u00e9 de haute couture \u00e0 travers l&#8217;histoire, depuis les pr\u00e9curseurs, les c\u00e9l\u00e8bres &#8220;marchands de modes&#8221; de l&#8217;Ancien R\u00e9gime, puis le premier couturier au sens moderne du terme, Charles F. Worth. Remarquablement document\u00e9, il s&#8217;int\u00e9resse \u00e0 tous les acteurs de l&#8217;industrie de la cr\u00e9ation, \u00e0 ses m\u00e9tiers, [&hellip;]","og_url":"https:\/\/librairie7l.com\/en\/produit\/haute-couture-histoire-de-lindustrie-de-la-creation-francaise-des-precurseu\/","og_site_name":"Librairie 7L","article_modified_time":"2026-04-18T21:06:22+00:00","og_image":[{"width":1000,"height":1312,"url":"https:\/\/librairie7l.com\/wp-content\/uploads\/2015\/02\/9782212140989_1_75.jpg","type":"image\/jpeg"}],"twitter_card":"summary_large_image","twitter_misc":{"Est. reading time":"1 minute"},"schema":{"@context":"https:\/\/schema.org","@graph":[{"@type":"WebPage","@id":"https:\/\/librairie7l.com\/en\/produit\/haute-couture-histoire-de-lindustrie-de-la-creation-francaise-des-precurseu\/","url":"https:\/\/librairie7l.com\/en\/produit\/haute-couture-histoire-de-lindustrie-de-la-creation-francaise-des-precurseu\/","name":"Haute couture ; histoire de l'industrie de la cr\u00e9ation fran\u00e7aise ; des pr\u00e9curseurs \u00e0 nos jours - Librairie 7L","isPartOf":{"@id":"https:\/\/librairie7l.com\/en\/#website"},"datePublished":"2024-06-26T08:36:58+00:00","dateModified":"2026-04-18T21:06:22+00:00","breadcrumb":{"@id":"https:\/\/librairie7l.com\/en\/produit\/haute-couture-histoire-de-lindustrie-de-la-creation-francaise-des-precurseu\/#breadcrumb"},"inLanguage":"en-US","potentialAction":[{"@type":"ReadAction","target":["https:\/\/librairie7l.com\/en\/produit\/haute-couture-histoire-de-lindustrie-de-la-creation-francaise-des-precurseu\/"]}]},{"@type":"BreadcrumbList","@id":"https:\/\/librairie7l.com\/en\/produit\/haute-couture-histoire-de-lindustrie-de-la-creation-francaise-des-precurseu\/#breadcrumb","itemListElement":[{"@type":"ListItem","position":1,"name":"Accueil","item":"https:\/\/librairie7l.com\/en\/"},{"@type":"ListItem","position":2,"name":"Shop","item":"https:\/\/librairie7l.com\/en\/shop\/"},{"@type":"ListItem","position":3,"name":"HAUTE COUTURE ; HISTOIRE DE L&#8217;INDUSTRIE DE LA CR\u00c9ATION FRAN\u00c7AISE ; DES PR\u00c9CURSEURS \u00c0 NOS JOURS"}]},{"@type":"WebSite","@id":"https:\/\/librairie7l.com\/en\/#website","url":"https:\/\/librairie7l.com\/en\/","name":"Librairie 7L","description":"Librairie fond\u00e9e en 1999 par Karl Lagerfeld \u00e0 Paris","publisher":{"@id":"https:\/\/librairie7l.com\/en\/#organization"},"potentialAction":[{"@type":"SearchAction","target":{"@type":"EntryPoint","urlTemplate":"https:\/\/librairie7l.com\/en\/?s={search_term_string}"},"query-input":"required name=search_term_string"}],"inLanguage":"en-US"},{"@type":"Organization","@id":"https:\/\/librairie7l.com\/en\/#organization","name":"Librairie 7L","url":"https:\/\/librairie7l.com\/en\/","logo":{"@type":"ImageObject","inLanguage":"en-US","@id":"https:\/\/librairie7l.com\/en\/#\/schema\/logo\/image\/","url":"https:\/\/librairie7l.com\/wp-content\/uploads\/2022\/08\/logo-1.png","contentUrl":"https:\/\/librairie7l.com\/wp-content\/uploads\/2022\/08\/logo-1.png","width":227,"height":301,"caption":"Librairie 7L"},"image":{"@id":"https:\/\/librairie7l.com\/en\/#\/schema\/logo\/image\/"}}]}},"_links":{"self":[{"href":"https:\/\/librairie7l.com\/en\/wp-json\/wp\/v2\/product\/35595"}],"collection":[{"href":"https:\/\/librairie7l.com\/en\/wp-json\/wp\/v2\/product"}],"about":[{"href":"https:\/\/librairie7l.com\/en\/wp-json\/wp\/v2\/types\/product"}],"wp:featuredmedia":[{"embeddable":true,"href":"https:\/\/librairie7l.com\/en\/wp-json\/wp\/v2\/media\/35593"}],"wp:attachment":[{"href":"https:\/\/librairie7l.com\/en\/wp-json\/wp\/v2\/media?parent=35595"}],"wp:term":[{"taxonomy":"product_cat","embeddable":true,"href":"https:\/\/librairie7l.com\/en\/wp-json\/wp\/v2\/product_cat?post=35595"},{"taxonomy":"product_tag","embeddable":true,"href":"https:\/\/librairie7l.com\/en\/wp-json\/wp\/v2\/product_tag?post=35595"}],"curies":[{"name":"wp","href":"https:\/\/api.w.org\/{rel}","templated":true}]}}