{"id":35599,"date":"2024-06-26T10:36:30","date_gmt":"2024-06-26T08:36:30","guid":{"rendered":"https:\/\/librairie7l.com\/?post_type=product&#038;p=35599"},"modified":"2026-04-23T09:49:52","modified_gmt":"2026-04-23T07:49:52","slug":"vallauris-la-ville-atelier","status":"publish","type":"product","link":"https:\/\/librairie7l.com\/en\/produit\/vallauris-la-ville-atelier\/","title":{"rendered":"VALLAURIS : LA VILLE ATELIER"},"content":{"rendered":"<p>Un territoire, un temps, un mat\u00e9riau investis par une g\u00e9n\u00e9ration de jeunes artistes venue d&#8217;ailleurs et curieuse de se confronter \u00e0 la terre et au feu ; une g\u00e9n\u00e9ration qui croise dans ce lieu une figure tut\u00e9laire &#8211; Picasso &#8211; devenue apr\u00e8s-guerre l&#8217;artiste le plus c\u00e9l\u00e8bre du XX\u00e8me si\u00e8cle et les artisans de la commune, d\u00e9tenteurs d&#8217;un savoir-faire local en sommeil mais pr\u00eat \u00e0 se r\u00e9veiller. Progressivement, un modus vivendi, se met en place, o\u00f9 pendant une dizaine d&#8217;ann\u00e9es, entre cohabitation plus ou moins accept\u00e9e et collaboration, entre tradition et innovation, des croisements et des rencontres s&#8217;op\u00e8rent dans un climat \u00e0 la fois de labeur et festif. L&#8217;ensemble du territoire peut appara\u00eetre alors comme un immense atelier m\u00ealant production utilitaire et artistique.<br \/>\nLe catalogue propose d&#8217;aborder, pour la premi\u00e8re fois au mus\u00e9e Magnelli, mus\u00e9e de la c\u00e9ramique, cette \u00e9poque particuli\u00e8re depuis ses pr\u00e9mices, avec l&#8217;installation d\u00e8s la fin des ann\u00e9es 1930 de Suzanne et Georges Rami\u00e9, \u00e0 son point d&#8217;orgue dans la seconde moiti\u00e9 des ann\u00e9es 1950. Apr\u00e8s 1961, ann\u00e9e marqu\u00e9e par la derni\u00e8re f\u00eate importante \u00e0 laquelle participe Picasso et l&#8217;Enterrement de la pi\u00e8ce unique, la page semble se tourner et Vallauris s&#8217;oriente vers d&#8217;autres voies. L&#8217;ouvrage s&#8217;articulera autour de quatre s\u00e9quences : les pionniers, le foisonnement artistique, les ateliers d&#8217;artistes et le renouveau des fabriques traditionnelles.<\/p>\n","protected":false},"excerpt":{"rendered":"<p>Un territoire, un temps, un mat\u00e9riau investis par une g\u00e9n\u00e9ration de jeunes artistes venue d&#8217;ailleurs et curieuse de se confronter \u00e0 la terre et au feu ; une g\u00e9n\u00e9ration qui croise dans ce lieu une figure tut\u00e9laire &#8211; Picasso &#8211; devenue apr\u00e8s-guerre l&#8217;artiste le plus c\u00e9l\u00e8bre du XX\u00e8me si\u00e8cle et les artisans de la commune, [&hellip;]<\/p>\n","protected":false},"featured_media":35597,"template":"","meta":[],"product_cat":[2948,2952],"product_tag":[],"acf":[],"yoast_head":"<!-- This site is optimized with the Yoast SEO plugin v20.11 - https:\/\/yoast.com\/wordpress\/plugins\/seo\/ -->\n<title>Vallauris : la ville atelier - Librairie 7L<\/title>\n<meta name=\"robots\" content=\"index, follow, max-snippet:-1, max-image-preview:large, max-video-preview:-1\" \/>\n<link rel=\"canonical\" href=\"https:\/\/librairie7l.com\/en\/produit\/vallauris-la-ville-atelier\/\" \/>\n<meta property=\"og:locale\" content=\"en_US\" \/>\n<meta property=\"og:type\" content=\"article\" \/>\n<meta property=\"og:title\" content=\"Vallauris : la ville atelier - Librairie 7L\" \/>\n<meta property=\"og:description\" content=\"Un territoire, un temps, un mat\u00e9riau investis par une g\u00e9n\u00e9ration de jeunes artistes venue d&#8217;ailleurs et curieuse de se confronter \u00e0 la terre et au feu ; une g\u00e9n\u00e9ration qui croise dans ce lieu une figure tut\u00e9laire &#8211; Picasso &#8211; devenue apr\u00e8s-guerre l&#8217;artiste le plus c\u00e9l\u00e8bre du XX\u00e8me si\u00e8cle et les artisans de la commune, [&hellip;]\" \/>\n<meta property=\"og:url\" content=\"https:\/\/librairie7l.com\/en\/produit\/vallauris-la-ville-atelier\/\" \/>\n<meta property=\"og:site_name\" content=\"Librairie 7L\" \/>\n<meta property=\"article:modified_time\" content=\"2026-04-23T07:49:52+00:00\" \/>\n<meta property=\"og:image\" content=\"https:\/\/librairie7l.com\/wp-content\/uploads\/2021\/04\/9788836649099_1_75.jpg\" \/>\n\t<meta property=\"og:image:width\" content=\"400\" \/>\n\t<meta property=\"og:image:height\" content=\"561\" \/>\n\t<meta property=\"og:image:type\" content=\"image\/jpeg\" \/>\n<meta name=\"twitter:card\" content=\"summary_large_image\" \/>\n<meta name=\"twitter:label1\" content=\"Est. reading time\" \/>\n\t<meta name=\"twitter:data1\" content=\"1 minute\" \/>\n<script type=\"application\/ld+json\" class=\"yoast-schema-graph\">{\"@context\":\"https:\/\/schema.org\",\"@graph\":[{\"@type\":\"WebPage\",\"@id\":\"https:\/\/librairie7l.com\/en\/produit\/vallauris-la-ville-atelier\/\",\"url\":\"https:\/\/librairie7l.com\/en\/produit\/vallauris-la-ville-atelier\/\",\"name\":\"Vallauris : la ville atelier - Librairie 7L\",\"isPartOf\":{\"@id\":\"https:\/\/librairie7l.com\/en\/#website\"},\"datePublished\":\"2024-06-26T08:36:30+00:00\",\"dateModified\":\"2026-04-23T07:49:52+00:00\",\"breadcrumb\":{\"@id\":\"https:\/\/librairie7l.com\/en\/produit\/vallauris-la-ville-atelier\/#breadcrumb\"},\"inLanguage\":\"en-US\",\"potentialAction\":[{\"@type\":\"ReadAction\",\"target\":[\"https:\/\/librairie7l.com\/en\/produit\/vallauris-la-ville-atelier\/\"]}]},{\"@type\":\"BreadcrumbList\",\"@id\":\"https:\/\/librairie7l.com\/en\/produit\/vallauris-la-ville-atelier\/#breadcrumb\",\"itemListElement\":[{\"@type\":\"ListItem\",\"position\":1,\"name\":\"Accueil\",\"item\":\"https:\/\/librairie7l.com\/en\/\"},{\"@type\":\"ListItem\",\"position\":2,\"name\":\"Shop\",\"item\":\"https:\/\/librairie7l.com\/en\/shop\/\"},{\"@type\":\"ListItem\",\"position\":3,\"name\":\"VALLAURIS : LA VILLE ATELIER\"}]},{\"@type\":\"WebSite\",\"@id\":\"https:\/\/librairie7l.com\/en\/#website\",\"url\":\"https:\/\/librairie7l.com\/en\/\",\"name\":\"Librairie 7L\",\"description\":\"Librairie fond\u00e9e en 1999 par Karl Lagerfeld \u00e0 Paris\",\"publisher\":{\"@id\":\"https:\/\/librairie7l.com\/en\/#organization\"},\"potentialAction\":[{\"@type\":\"SearchAction\",\"target\":{\"@type\":\"EntryPoint\",\"urlTemplate\":\"https:\/\/librairie7l.com\/en\/?s={search_term_string}\"},\"query-input\":\"required name=search_term_string\"}],\"inLanguage\":\"en-US\"},{\"@type\":\"Organization\",\"@id\":\"https:\/\/librairie7l.com\/en\/#organization\",\"name\":\"Librairie 7L\",\"url\":\"https:\/\/librairie7l.com\/en\/\",\"logo\":{\"@type\":\"ImageObject\",\"inLanguage\":\"en-US\",\"@id\":\"https:\/\/librairie7l.com\/en\/#\/schema\/logo\/image\/\",\"url\":\"https:\/\/librairie7l.com\/wp-content\/uploads\/2022\/08\/logo-1.png\",\"contentUrl\":\"https:\/\/librairie7l.com\/wp-content\/uploads\/2022\/08\/logo-1.png\",\"width\":227,\"height\":301,\"caption\":\"Librairie 7L\"},\"image\":{\"@id\":\"https:\/\/librairie7l.com\/en\/#\/schema\/logo\/image\/\"}}]}<\/script>\n<!-- \/ Yoast SEO plugin. -->","yoast_head_json":{"title":"Vallauris : la ville atelier - Librairie 7L","robots":{"index":"index","follow":"follow","max-snippet":"max-snippet:-1","max-image-preview":"max-image-preview:large","max-video-preview":"max-video-preview:-1"},"canonical":"https:\/\/librairie7l.com\/en\/produit\/vallauris-la-ville-atelier\/","og_locale":"en_US","og_type":"article","og_title":"Vallauris : la ville atelier - Librairie 7L","og_description":"Un territoire, un temps, un mat\u00e9riau investis par une g\u00e9n\u00e9ration de jeunes artistes venue d&#8217;ailleurs et curieuse de se confronter \u00e0 la terre et au feu ; une g\u00e9n\u00e9ration qui croise dans ce lieu une figure tut\u00e9laire &#8211; Picasso &#8211; devenue apr\u00e8s-guerre l&#8217;artiste le plus c\u00e9l\u00e8bre du XX\u00e8me si\u00e8cle et les artisans de la commune, [&hellip;]","og_url":"https:\/\/librairie7l.com\/en\/produit\/vallauris-la-ville-atelier\/","og_site_name":"Librairie 7L","article_modified_time":"2026-04-23T07:49:52+00:00","og_image":[{"width":400,"height":561,"url":"https:\/\/librairie7l.com\/wp-content\/uploads\/2021\/04\/9788836649099_1_75.jpg","type":"image\/jpeg"}],"twitter_card":"summary_large_image","twitter_misc":{"Est. reading time":"1 minute"},"schema":{"@context":"https:\/\/schema.org","@graph":[{"@type":"WebPage","@id":"https:\/\/librairie7l.com\/en\/produit\/vallauris-la-ville-atelier\/","url":"https:\/\/librairie7l.com\/en\/produit\/vallauris-la-ville-atelier\/","name":"Vallauris : la ville atelier - Librairie 7L","isPartOf":{"@id":"https:\/\/librairie7l.com\/en\/#website"},"datePublished":"2024-06-26T08:36:30+00:00","dateModified":"2026-04-23T07:49:52+00:00","breadcrumb":{"@id":"https:\/\/librairie7l.com\/en\/produit\/vallauris-la-ville-atelier\/#breadcrumb"},"inLanguage":"en-US","potentialAction":[{"@type":"ReadAction","target":["https:\/\/librairie7l.com\/en\/produit\/vallauris-la-ville-atelier\/"]}]},{"@type":"BreadcrumbList","@id":"https:\/\/librairie7l.com\/en\/produit\/vallauris-la-ville-atelier\/#breadcrumb","itemListElement":[{"@type":"ListItem","position":1,"name":"Accueil","item":"https:\/\/librairie7l.com\/en\/"},{"@type":"ListItem","position":2,"name":"Shop","item":"https:\/\/librairie7l.com\/en\/shop\/"},{"@type":"ListItem","position":3,"name":"VALLAURIS : LA VILLE ATELIER"}]},{"@type":"WebSite","@id":"https:\/\/librairie7l.com\/en\/#website","url":"https:\/\/librairie7l.com\/en\/","name":"Librairie 7L","description":"Librairie fond\u00e9e en 1999 par Karl Lagerfeld \u00e0 Paris","publisher":{"@id":"https:\/\/librairie7l.com\/en\/#organization"},"potentialAction":[{"@type":"SearchAction","target":{"@type":"EntryPoint","urlTemplate":"https:\/\/librairie7l.com\/en\/?s={search_term_string}"},"query-input":"required name=search_term_string"}],"inLanguage":"en-US"},{"@type":"Organization","@id":"https:\/\/librairie7l.com\/en\/#organization","name":"Librairie 7L","url":"https:\/\/librairie7l.com\/en\/","logo":{"@type":"ImageObject","inLanguage":"en-US","@id":"https:\/\/librairie7l.com\/en\/#\/schema\/logo\/image\/","url":"https:\/\/librairie7l.com\/wp-content\/uploads\/2022\/08\/logo-1.png","contentUrl":"https:\/\/librairie7l.com\/wp-content\/uploads\/2022\/08\/logo-1.png","width":227,"height":301,"caption":"Librairie 7L"},"image":{"@id":"https:\/\/librairie7l.com\/en\/#\/schema\/logo\/image\/"}}]}},"_links":{"self":[{"href":"https:\/\/librairie7l.com\/en\/wp-json\/wp\/v2\/product\/35599"}],"collection":[{"href":"https:\/\/librairie7l.com\/en\/wp-json\/wp\/v2\/product"}],"about":[{"href":"https:\/\/librairie7l.com\/en\/wp-json\/wp\/v2\/types\/product"}],"wp:featuredmedia":[{"embeddable":true,"href":"https:\/\/librairie7l.com\/en\/wp-json\/wp\/v2\/media\/35597"}],"wp:attachment":[{"href":"https:\/\/librairie7l.com\/en\/wp-json\/wp\/v2\/media?parent=35599"}],"wp:term":[{"taxonomy":"product_cat","embeddable":true,"href":"https:\/\/librairie7l.com\/en\/wp-json\/wp\/v2\/product_cat?post=35599"},{"taxonomy":"product_tag","embeddable":true,"href":"https:\/\/librairie7l.com\/en\/wp-json\/wp\/v2\/product_tag?post=35599"}],"curies":[{"name":"wp","href":"https:\/\/api.w.org\/{rel}","templated":true}]}}