{"id":35625,"date":"2024-06-26T10:36:51","date_gmt":"2024-06-26T08:36:51","guid":{"rendered":"https:\/\/librairie7l.com\/?post_type=product&#038;p=35625"},"modified":"2026-04-15T08:06:56","modified_gmt":"2026-04-15T06:06:56","slug":"la-geometrie-dans-le-monde-vegetal","status":"publish","type":"product","link":"https:\/\/librairie7l.com\/en\/produit\/la-geometrie-dans-le-monde-vegetal\/","title":{"rendered":"LA G\u00c9OMETRIE DANS LE MONDE V\u00c9G\u00c9TAL"},"content":{"rendered":"<p>Dans ce livre, l&#8217;auteur explore ces formes g\u00e9om\u00e9triques autour desquelles les plantes se construisent et qui contribuent au sentiment de beaut\u00e9 que nous \u00e9prouvons \u00e0 les contempler. Mais si le regard per\u00e7oit des figures g\u00e9om\u00e9triques, il per\u00e7oit aussi des irr\u00e9gularit\u00e9s. La disposition des p\u00e9tales d&#8217;une fleur, les attaches des feuilles sur la branche semblent \u00e0 la fois r\u00e9guli\u00e8res et aussi toujours imparfaites, toujours nouvelles. C&#8217;est cette tension entre ces p\u00f4les contradictoires, celui des figures th\u00e9oriques, id\u00e9ales, et celui de la r\u00e9alit\u00e9 des plantes, qu&#8217;explore aussi l&#8217;auteur.<br \/>\nCe livre, qui donne \u00e0 voir et \u00e0 comprendre, vous permettra de mieux appr\u00e9cier la fascinante beaut\u00e9 des plantes.<\/p>\n","protected":false},"excerpt":{"rendered":"<p>Dans ce livre, l&#8217;auteur explore ces formes g\u00e9om\u00e9triques autour desquelles les plantes se construisent et qui contribuent au sentiment de beaut\u00e9 que nous \u00e9prouvons \u00e0 les contempler. Mais si le regard per\u00e7oit des figures g\u00e9om\u00e9triques, il per\u00e7oit aussi des irr\u00e9gularit\u00e9s. La disposition des p\u00e9tales d&#8217;une fleur, les attaches des feuilles sur la branche semblent \u00e0 [&hellip;]<\/p>\n","protected":false},"featured_media":35623,"template":"","meta":[],"product_cat":[2948,2956],"product_tag":[],"acf":[],"yoast_head":"<!-- This site is optimized with the Yoast SEO plugin v20.11 - https:\/\/yoast.com\/wordpress\/plugins\/seo\/ -->\n<title>La g\u00e9ometrie dans le monde v\u00e9g\u00e9tal - Librairie 7L<\/title>\n<meta name=\"robots\" content=\"index, follow, max-snippet:-1, max-image-preview:large, max-video-preview:-1\" \/>\n<link rel=\"canonical\" href=\"https:\/\/librairie7l.com\/en\/produit\/la-geometrie-dans-le-monde-vegetal\/\" \/>\n<meta property=\"og:locale\" content=\"en_US\" \/>\n<meta property=\"og:type\" content=\"article\" \/>\n<meta property=\"og:title\" content=\"La g\u00e9ometrie dans le monde v\u00e9g\u00e9tal - Librairie 7L\" \/>\n<meta property=\"og:description\" content=\"Dans ce livre, l&#8217;auteur explore ces formes g\u00e9om\u00e9triques autour desquelles les plantes se construisent et qui contribuent au sentiment de beaut\u00e9 que nous \u00e9prouvons \u00e0 les contempler. Mais si le regard per\u00e7oit des figures g\u00e9om\u00e9triques, il per\u00e7oit aussi des irr\u00e9gularit\u00e9s. La disposition des p\u00e9tales d&#8217;une fleur, les attaches des feuilles sur la branche semblent \u00e0 [&hellip;]\" \/>\n<meta property=\"og:url\" content=\"https:\/\/librairie7l.com\/en\/produit\/la-geometrie-dans-le-monde-vegetal\/\" \/>\n<meta property=\"og:site_name\" content=\"Librairie 7L\" \/>\n<meta property=\"article:modified_time\" content=\"2026-04-15T06:06:56+00:00\" \/>\n<meta property=\"og:image\" content=\"https:\/\/librairie7l.com\/wp-content\/uploads\/2013\/09\/9782841386994_1_75.jpg\" \/>\n\t<meta property=\"og:image:width\" content=\"1000\" \/>\n\t<meta property=\"og:image:height\" content=\"1378\" \/>\n\t<meta property=\"og:image:type\" content=\"image\/jpeg\" \/>\n<meta name=\"twitter:card\" content=\"summary_large_image\" \/>\n<meta name=\"twitter:label1\" content=\"Est. reading time\" \/>\n\t<meta name=\"twitter:data1\" content=\"1 minute\" \/>\n<script type=\"application\/ld+json\" class=\"yoast-schema-graph\">{\"@context\":\"https:\/\/schema.org\",\"@graph\":[{\"@type\":\"WebPage\",\"@id\":\"https:\/\/librairie7l.com\/en\/produit\/la-geometrie-dans-le-monde-vegetal\/\",\"url\":\"https:\/\/librairie7l.com\/en\/produit\/la-geometrie-dans-le-monde-vegetal\/\",\"name\":\"La g\u00e9ometrie dans le monde v\u00e9g\u00e9tal - Librairie 7L\",\"isPartOf\":{\"@id\":\"https:\/\/librairie7l.com\/en\/#website\"},\"datePublished\":\"2024-06-26T08:36:51+00:00\",\"dateModified\":\"2026-04-15T06:06:56+00:00\",\"breadcrumb\":{\"@id\":\"https:\/\/librairie7l.com\/en\/produit\/la-geometrie-dans-le-monde-vegetal\/#breadcrumb\"},\"inLanguage\":\"en-US\",\"potentialAction\":[{\"@type\":\"ReadAction\",\"target\":[\"https:\/\/librairie7l.com\/en\/produit\/la-geometrie-dans-le-monde-vegetal\/\"]}]},{\"@type\":\"BreadcrumbList\",\"@id\":\"https:\/\/librairie7l.com\/en\/produit\/la-geometrie-dans-le-monde-vegetal\/#breadcrumb\",\"itemListElement\":[{\"@type\":\"ListItem\",\"position\":1,\"name\":\"Accueil\",\"item\":\"https:\/\/librairie7l.com\/en\/\"},{\"@type\":\"ListItem\",\"position\":2,\"name\":\"Shop\",\"item\":\"https:\/\/librairie7l.com\/en\/shop\/\"},{\"@type\":\"ListItem\",\"position\":3,\"name\":\"LA G\u00c9OMETRIE DANS LE MONDE V\u00c9G\u00c9TAL\"}]},{\"@type\":\"WebSite\",\"@id\":\"https:\/\/librairie7l.com\/en\/#website\",\"url\":\"https:\/\/librairie7l.com\/en\/\",\"name\":\"Librairie 7L\",\"description\":\"Librairie fond\u00e9e en 1999 par Karl Lagerfeld \u00e0 Paris\",\"publisher\":{\"@id\":\"https:\/\/librairie7l.com\/en\/#organization\"},\"potentialAction\":[{\"@type\":\"SearchAction\",\"target\":{\"@type\":\"EntryPoint\",\"urlTemplate\":\"https:\/\/librairie7l.com\/en\/?s={search_term_string}\"},\"query-input\":\"required name=search_term_string\"}],\"inLanguage\":\"en-US\"},{\"@type\":\"Organization\",\"@id\":\"https:\/\/librairie7l.com\/en\/#organization\",\"name\":\"Librairie 7L\",\"url\":\"https:\/\/librairie7l.com\/en\/\",\"logo\":{\"@type\":\"ImageObject\",\"inLanguage\":\"en-US\",\"@id\":\"https:\/\/librairie7l.com\/en\/#\/schema\/logo\/image\/\",\"url\":\"https:\/\/librairie7l.com\/wp-content\/uploads\/2022\/08\/logo-1.png\",\"contentUrl\":\"https:\/\/librairie7l.com\/wp-content\/uploads\/2022\/08\/logo-1.png\",\"width\":227,\"height\":301,\"caption\":\"Librairie 7L\"},\"image\":{\"@id\":\"https:\/\/librairie7l.com\/en\/#\/schema\/logo\/image\/\"}}]}<\/script>\n<!-- \/ Yoast SEO plugin. -->","yoast_head_json":{"title":"La g\u00e9ometrie dans le monde v\u00e9g\u00e9tal - Librairie 7L","robots":{"index":"index","follow":"follow","max-snippet":"max-snippet:-1","max-image-preview":"max-image-preview:large","max-video-preview":"max-video-preview:-1"},"canonical":"https:\/\/librairie7l.com\/en\/produit\/la-geometrie-dans-le-monde-vegetal\/","og_locale":"en_US","og_type":"article","og_title":"La g\u00e9ometrie dans le monde v\u00e9g\u00e9tal - Librairie 7L","og_description":"Dans ce livre, l&#8217;auteur explore ces formes g\u00e9om\u00e9triques autour desquelles les plantes se construisent et qui contribuent au sentiment de beaut\u00e9 que nous \u00e9prouvons \u00e0 les contempler. Mais si le regard per\u00e7oit des figures g\u00e9om\u00e9triques, il per\u00e7oit aussi des irr\u00e9gularit\u00e9s. La disposition des p\u00e9tales d&#8217;une fleur, les attaches des feuilles sur la branche semblent \u00e0 [&hellip;]","og_url":"https:\/\/librairie7l.com\/en\/produit\/la-geometrie-dans-le-monde-vegetal\/","og_site_name":"Librairie 7L","article_modified_time":"2026-04-15T06:06:56+00:00","og_image":[{"width":1000,"height":1378,"url":"https:\/\/librairie7l.com\/wp-content\/uploads\/2013\/09\/9782841386994_1_75.jpg","type":"image\/jpeg"}],"twitter_card":"summary_large_image","twitter_misc":{"Est. reading time":"1 minute"},"schema":{"@context":"https:\/\/schema.org","@graph":[{"@type":"WebPage","@id":"https:\/\/librairie7l.com\/en\/produit\/la-geometrie-dans-le-monde-vegetal\/","url":"https:\/\/librairie7l.com\/en\/produit\/la-geometrie-dans-le-monde-vegetal\/","name":"La g\u00e9ometrie dans le monde v\u00e9g\u00e9tal - Librairie 7L","isPartOf":{"@id":"https:\/\/librairie7l.com\/en\/#website"},"datePublished":"2024-06-26T08:36:51+00:00","dateModified":"2026-04-15T06:06:56+00:00","breadcrumb":{"@id":"https:\/\/librairie7l.com\/en\/produit\/la-geometrie-dans-le-monde-vegetal\/#breadcrumb"},"inLanguage":"en-US","potentialAction":[{"@type":"ReadAction","target":["https:\/\/librairie7l.com\/en\/produit\/la-geometrie-dans-le-monde-vegetal\/"]}]},{"@type":"BreadcrumbList","@id":"https:\/\/librairie7l.com\/en\/produit\/la-geometrie-dans-le-monde-vegetal\/#breadcrumb","itemListElement":[{"@type":"ListItem","position":1,"name":"Accueil","item":"https:\/\/librairie7l.com\/en\/"},{"@type":"ListItem","position":2,"name":"Shop","item":"https:\/\/librairie7l.com\/en\/shop\/"},{"@type":"ListItem","position":3,"name":"LA G\u00c9OMETRIE DANS LE MONDE V\u00c9G\u00c9TAL"}]},{"@type":"WebSite","@id":"https:\/\/librairie7l.com\/en\/#website","url":"https:\/\/librairie7l.com\/en\/","name":"Librairie 7L","description":"Librairie fond\u00e9e en 1999 par Karl Lagerfeld \u00e0 Paris","publisher":{"@id":"https:\/\/librairie7l.com\/en\/#organization"},"potentialAction":[{"@type":"SearchAction","target":{"@type":"EntryPoint","urlTemplate":"https:\/\/librairie7l.com\/en\/?s={search_term_string}"},"query-input":"required name=search_term_string"}],"inLanguage":"en-US"},{"@type":"Organization","@id":"https:\/\/librairie7l.com\/en\/#organization","name":"Librairie 7L","url":"https:\/\/librairie7l.com\/en\/","logo":{"@type":"ImageObject","inLanguage":"en-US","@id":"https:\/\/librairie7l.com\/en\/#\/schema\/logo\/image\/","url":"https:\/\/librairie7l.com\/wp-content\/uploads\/2022\/08\/logo-1.png","contentUrl":"https:\/\/librairie7l.com\/wp-content\/uploads\/2022\/08\/logo-1.png","width":227,"height":301,"caption":"Librairie 7L"},"image":{"@id":"https:\/\/librairie7l.com\/en\/#\/schema\/logo\/image\/"}}]}},"_links":{"self":[{"href":"https:\/\/librairie7l.com\/en\/wp-json\/wp\/v2\/product\/35625"}],"collection":[{"href":"https:\/\/librairie7l.com\/en\/wp-json\/wp\/v2\/product"}],"about":[{"href":"https:\/\/librairie7l.com\/en\/wp-json\/wp\/v2\/types\/product"}],"wp:featuredmedia":[{"embeddable":true,"href":"https:\/\/librairie7l.com\/en\/wp-json\/wp\/v2\/media\/35623"}],"wp:attachment":[{"href":"https:\/\/librairie7l.com\/en\/wp-json\/wp\/v2\/media?parent=35625"}],"wp:term":[{"taxonomy":"product_cat","embeddable":true,"href":"https:\/\/librairie7l.com\/en\/wp-json\/wp\/v2\/product_cat?post=35625"},{"taxonomy":"product_tag","embeddable":true,"href":"https:\/\/librairie7l.com\/en\/wp-json\/wp\/v2\/product_tag?post=35625"}],"curies":[{"name":"wp","href":"https:\/\/api.w.org\/{rel}","templated":true}]}}