{"id":35752,"date":"2023-10-11T09:16:13","date_gmt":"2023-10-11T07:16:13","guid":{"rendered":"https:\/\/librairie7l.com\/?post_type=product&#038;p=35752"},"modified":"2026-04-05T10:17:44","modified_gmt":"2026-04-05T08:17:44","slug":"picasso-dessiner-a-linfini","status":"publish","type":"product","link":"https:\/\/librairie7l.com\/en\/produit\/picasso-dessiner-a-linfini\/","title":{"rendered":"PICASSO, DESSINER \u00c0 L&#8217;INFINI"},"content":{"rendered":"<p>\u00c0 l&#8217;occasion de la c\u00e9l\u00e9bration des 50 ans de la mort  de Pablo Picasso, l&#8217;exposition \u00ab Picasso, 2023 dessins \u00bb,  organis\u00e9e par le Centre Pompidou, mettra en lumi\u00e8re la part  la plus foisonnante de sa cr\u00e9ation \u00e0 travers la pr\u00e9sentation de  plus de 2000 dessins et gravures.<br \/>\nDepuis les \u00e9tudes de jeunesse jusqu&#8217;aux oeuvres  ultimes, le dessin est le lieu, pour Picasso, d&#8217;une invention  toujours renouvel\u00e9e autour des puissances du trait, allant de  la ligne serpentine au dessin hachur\u00e9 et aux compositions  prolif\u00e9rantes, des nuances d\u00e9licates du pastel aux noirs  profonds de l&#8217;encre. Cette travers\u00e9e de l&#8217;oeuvre graphique,  sorte de journal intime tenu compulsivement, dont les carnets  sont les exemples les plus pr\u00e9cieux, offrira une immersion au  coeur du travail du dessinateur.<br \/>\nL&#8217;exposition mettra en avant l&#8217;extraordinaire  collection du Mus\u00e9e national Picasso-Paris, issue des ateliers  de l&#8217;artiste et conserv\u00e9e par lui jusqu&#8217;\u00e0 sa mort. Le parcours  propos\u00e9, non lin\u00e9aire, bousculant la stricte chronologie,  permettra de cr\u00e9er des \u00e9chos entre diff\u00e9rentes p\u00e9riodes, et mettra en regard des chefs-d&#8217;oeuvre reconnus et des dessins  pr\u00e9sent\u00e9s pour la premi\u00e8re fois.<\/p>\n","protected":false},"excerpt":{"rendered":"<p>\u00c0 l&#8217;occasion de la c\u00e9l\u00e9bration des 50 ans de la mort de Pablo Picasso, l&#8217;exposition \u00ab Picasso, 2023 dessins \u00bb, organis\u00e9e par le Centre Pompidou, mettra en lumi\u00e8re la part la plus foisonnante de sa cr\u00e9ation \u00e0 travers la pr\u00e9sentation de plus de 2000 dessins et gravures. Depuis les \u00e9tudes de jeunesse jusqu&#8217;aux oeuvres ultimes, [&hellip;]<\/p>\n","protected":false},"featured_media":35750,"template":"","meta":[],"product_cat":[2948,2953],"product_tag":[],"acf":[],"yoast_head":"<!-- This site is optimized with the Yoast SEO plugin v20.11 - https:\/\/yoast.com\/wordpress\/plugins\/seo\/ -->\n<title>Picasso, dessiner \u00e0 l&#039;infini - Librairie 7L<\/title>\n<meta name=\"robots\" content=\"index, follow, max-snippet:-1, max-image-preview:large, max-video-preview:-1\" \/>\n<link rel=\"canonical\" href=\"https:\/\/librairie7l.com\/en\/produit\/picasso-dessiner-a-linfini\/\" \/>\n<meta property=\"og:locale\" content=\"en_US\" \/>\n<meta property=\"og:type\" content=\"article\" \/>\n<meta property=\"og:title\" content=\"Picasso, dessiner \u00e0 l&#039;infini - Librairie 7L\" \/>\n<meta property=\"og:description\" content=\"\u00c0 l&#8217;occasion de la c\u00e9l\u00e9bration des 50 ans de la mort de Pablo Picasso, l&#8217;exposition \u00ab Picasso, 2023 dessins \u00bb, organis\u00e9e par le Centre Pompidou, mettra en lumi\u00e8re la part la plus foisonnante de sa cr\u00e9ation \u00e0 travers la pr\u00e9sentation de plus de 2000 dessins et gravures. Depuis les \u00e9tudes de jeunesse jusqu&#8217;aux oeuvres ultimes, [&hellip;]\" \/>\n<meta property=\"og:url\" content=\"https:\/\/librairie7l.com\/en\/produit\/picasso-dessiner-a-linfini\/\" \/>\n<meta property=\"og:site_name\" content=\"Librairie 7L\" \/>\n<meta property=\"article:modified_time\" content=\"2026-04-05T08:17:44+00:00\" \/>\n<meta property=\"og:image\" content=\"https:\/\/librairie7l.com\/wp-content\/uploads\/2023\/05\/9782844269591_1_75.jpg\" \/>\n\t<meta property=\"og:image:width\" content=\"600\" \/>\n\t<meta property=\"og:image:height\" content=\"735\" \/>\n\t<meta property=\"og:image:type\" content=\"image\/jpeg\" \/>\n<meta name=\"twitter:card\" content=\"summary_large_image\" \/>\n<meta name=\"twitter:label1\" content=\"Est. reading time\" \/>\n\t<meta name=\"twitter:data1\" content=\"1 minute\" \/>\n<script type=\"application\/ld+json\" class=\"yoast-schema-graph\">{\"@context\":\"https:\/\/schema.org\",\"@graph\":[{\"@type\":\"WebPage\",\"@id\":\"https:\/\/librairie7l.com\/en\/produit\/picasso-dessiner-a-linfini\/\",\"url\":\"https:\/\/librairie7l.com\/en\/produit\/picasso-dessiner-a-linfini\/\",\"name\":\"Picasso, dessiner \u00e0 l'infini - Librairie 7L\",\"isPartOf\":{\"@id\":\"https:\/\/librairie7l.com\/en\/#website\"},\"datePublished\":\"2023-10-11T07:16:13+00:00\",\"dateModified\":\"2026-04-05T08:17:44+00:00\",\"breadcrumb\":{\"@id\":\"https:\/\/librairie7l.com\/en\/produit\/picasso-dessiner-a-linfini\/#breadcrumb\"},\"inLanguage\":\"en-US\",\"potentialAction\":[{\"@type\":\"ReadAction\",\"target\":[\"https:\/\/librairie7l.com\/en\/produit\/picasso-dessiner-a-linfini\/\"]}]},{\"@type\":\"BreadcrumbList\",\"@id\":\"https:\/\/librairie7l.com\/en\/produit\/picasso-dessiner-a-linfini\/#breadcrumb\",\"itemListElement\":[{\"@type\":\"ListItem\",\"position\":1,\"name\":\"Accueil\",\"item\":\"https:\/\/librairie7l.com\/en\/\"},{\"@type\":\"ListItem\",\"position\":2,\"name\":\"Shop\",\"item\":\"https:\/\/librairie7l.com\/en\/shop\/\"},{\"@type\":\"ListItem\",\"position\":3,\"name\":\"PICASSO, DESSINER \u00c0 L&#8217;INFINI\"}]},{\"@type\":\"WebSite\",\"@id\":\"https:\/\/librairie7l.com\/en\/#website\",\"url\":\"https:\/\/librairie7l.com\/en\/\",\"name\":\"Librairie 7L\",\"description\":\"Librairie fond\u00e9e en 1999 par Karl Lagerfeld \u00e0 Paris\",\"publisher\":{\"@id\":\"https:\/\/librairie7l.com\/en\/#organization\"},\"potentialAction\":[{\"@type\":\"SearchAction\",\"target\":{\"@type\":\"EntryPoint\",\"urlTemplate\":\"https:\/\/librairie7l.com\/en\/?s={search_term_string}\"},\"query-input\":\"required name=search_term_string\"}],\"inLanguage\":\"en-US\"},{\"@type\":\"Organization\",\"@id\":\"https:\/\/librairie7l.com\/en\/#organization\",\"name\":\"Librairie 7L\",\"url\":\"https:\/\/librairie7l.com\/en\/\",\"logo\":{\"@type\":\"ImageObject\",\"inLanguage\":\"en-US\",\"@id\":\"https:\/\/librairie7l.com\/en\/#\/schema\/logo\/image\/\",\"url\":\"https:\/\/librairie7l.com\/wp-content\/uploads\/2022\/08\/logo-1.png\",\"contentUrl\":\"https:\/\/librairie7l.com\/wp-content\/uploads\/2022\/08\/logo-1.png\",\"width\":227,\"height\":301,\"caption\":\"Librairie 7L\"},\"image\":{\"@id\":\"https:\/\/librairie7l.com\/en\/#\/schema\/logo\/image\/\"}}]}<\/script>\n<!-- \/ Yoast SEO plugin. -->","yoast_head_json":{"title":"Picasso, dessiner \u00e0 l'infini - Librairie 7L","robots":{"index":"index","follow":"follow","max-snippet":"max-snippet:-1","max-image-preview":"max-image-preview:large","max-video-preview":"max-video-preview:-1"},"canonical":"https:\/\/librairie7l.com\/en\/produit\/picasso-dessiner-a-linfini\/","og_locale":"en_US","og_type":"article","og_title":"Picasso, dessiner \u00e0 l'infini - Librairie 7L","og_description":"\u00c0 l&#8217;occasion de la c\u00e9l\u00e9bration des 50 ans de la mort de Pablo Picasso, l&#8217;exposition \u00ab Picasso, 2023 dessins \u00bb, organis\u00e9e par le Centre Pompidou, mettra en lumi\u00e8re la part la plus foisonnante de sa cr\u00e9ation \u00e0 travers la pr\u00e9sentation de plus de 2000 dessins et gravures. Depuis les \u00e9tudes de jeunesse jusqu&#8217;aux oeuvres ultimes, [&hellip;]","og_url":"https:\/\/librairie7l.com\/en\/produit\/picasso-dessiner-a-linfini\/","og_site_name":"Librairie 7L","article_modified_time":"2026-04-05T08:17:44+00:00","og_image":[{"width":600,"height":735,"url":"https:\/\/librairie7l.com\/wp-content\/uploads\/2023\/05\/9782844269591_1_75.jpg","type":"image\/jpeg"}],"twitter_card":"summary_large_image","twitter_misc":{"Est. reading time":"1 minute"},"schema":{"@context":"https:\/\/schema.org","@graph":[{"@type":"WebPage","@id":"https:\/\/librairie7l.com\/en\/produit\/picasso-dessiner-a-linfini\/","url":"https:\/\/librairie7l.com\/en\/produit\/picasso-dessiner-a-linfini\/","name":"Picasso, dessiner \u00e0 l'infini - Librairie 7L","isPartOf":{"@id":"https:\/\/librairie7l.com\/en\/#website"},"datePublished":"2023-10-11T07:16:13+00:00","dateModified":"2026-04-05T08:17:44+00:00","breadcrumb":{"@id":"https:\/\/librairie7l.com\/en\/produit\/picasso-dessiner-a-linfini\/#breadcrumb"},"inLanguage":"en-US","potentialAction":[{"@type":"ReadAction","target":["https:\/\/librairie7l.com\/en\/produit\/picasso-dessiner-a-linfini\/"]}]},{"@type":"BreadcrumbList","@id":"https:\/\/librairie7l.com\/en\/produit\/picasso-dessiner-a-linfini\/#breadcrumb","itemListElement":[{"@type":"ListItem","position":1,"name":"Accueil","item":"https:\/\/librairie7l.com\/en\/"},{"@type":"ListItem","position":2,"name":"Shop","item":"https:\/\/librairie7l.com\/en\/shop\/"},{"@type":"ListItem","position":3,"name":"PICASSO, DESSINER \u00c0 L&#8217;INFINI"}]},{"@type":"WebSite","@id":"https:\/\/librairie7l.com\/en\/#website","url":"https:\/\/librairie7l.com\/en\/","name":"Librairie 7L","description":"Librairie fond\u00e9e en 1999 par Karl Lagerfeld \u00e0 Paris","publisher":{"@id":"https:\/\/librairie7l.com\/en\/#organization"},"potentialAction":[{"@type":"SearchAction","target":{"@type":"EntryPoint","urlTemplate":"https:\/\/librairie7l.com\/en\/?s={search_term_string}"},"query-input":"required name=search_term_string"}],"inLanguage":"en-US"},{"@type":"Organization","@id":"https:\/\/librairie7l.com\/en\/#organization","name":"Librairie 7L","url":"https:\/\/librairie7l.com\/en\/","logo":{"@type":"ImageObject","inLanguage":"en-US","@id":"https:\/\/librairie7l.com\/en\/#\/schema\/logo\/image\/","url":"https:\/\/librairie7l.com\/wp-content\/uploads\/2022\/08\/logo-1.png","contentUrl":"https:\/\/librairie7l.com\/wp-content\/uploads\/2022\/08\/logo-1.png","width":227,"height":301,"caption":"Librairie 7L"},"image":{"@id":"https:\/\/librairie7l.com\/en\/#\/schema\/logo\/image\/"}}]}},"_links":{"self":[{"href":"https:\/\/librairie7l.com\/en\/wp-json\/wp\/v2\/product\/35752"}],"collection":[{"href":"https:\/\/librairie7l.com\/en\/wp-json\/wp\/v2\/product"}],"about":[{"href":"https:\/\/librairie7l.com\/en\/wp-json\/wp\/v2\/types\/product"}],"wp:featuredmedia":[{"embeddable":true,"href":"https:\/\/librairie7l.com\/en\/wp-json\/wp\/v2\/media\/35750"}],"wp:attachment":[{"href":"https:\/\/librairie7l.com\/en\/wp-json\/wp\/v2\/media?parent=35752"}],"wp:term":[{"taxonomy":"product_cat","embeddable":true,"href":"https:\/\/librairie7l.com\/en\/wp-json\/wp\/v2\/product_cat?post=35752"},{"taxonomy":"product_tag","embeddable":true,"href":"https:\/\/librairie7l.com\/en\/wp-json\/wp\/v2\/product_tag?post=35752"}],"curies":[{"name":"wp","href":"https:\/\/api.w.org\/{rel}","templated":true}]}}