{"id":35756,"date":"2023-10-11T09:16:32","date_gmt":"2023-10-11T07:16:32","guid":{"rendered":"https:\/\/librairie7l.com\/?post_type=product&#038;p=35756"},"modified":"2026-04-09T15:32:42","modified_gmt":"2026-04-09T13:32:42","slug":"lodeur-des-jours-une-vie-de-parfumeur","status":"publish","type":"product","link":"https:\/\/librairie7l.com\/en\/produit\/lodeur-des-jours-une-vie-de-parfumeur\/","title":{"rendered":"L&#8217;ODEUR DES JOURS : UNE VIE DE PARFUMEUR"},"content":{"rendered":"<p>\u00abJe suis entr\u00e9 en parfumerie \u00e0 l&#8217;\u00e2ge de 16 ans sans savoir ce qui m&#8217;attendait. Je sortais de l&#8217;\u00e9cole publique avec en poche un certificat d&#8217;\u00e9tudes primaires r\u00e9ussi laborieusement gr\u00e2ce aux notes de chant, de dessin et de sport ; rien de glorieux. Mon p\u00e8re, heureux du r\u00e9sultat auquel il ne croyait plus, pensant que je ne pouvais aller plus loin dans les \u00e9tudes, me trouva un emploi d&#8217;ouvrier chez un fabricant d&#8217;essences \u00e0 parfums \u00e0 Grasse. Ce fut une douce r\u00e9v\u00e9lation. Je ne m&#8217;int\u00e9ressais pas aux parfums, mais aux plaisirs, \u00e0 la passion de ceux qui les produisaient, les cr\u00e9aient. Taiseux de nature, accordant plus d&#8217;importance \u00e0 l&#8217;\u00e9coute qu&#8217;\u00e0 la parole, j&#8217;\u00e9coutais, je recevais. L&#8217;osmose eut lieu. Puis vint le temps de copier les parfums, de les c\u00e9l\u00e9brer, d&#8217;en imaginer et d&#8217;en composer de nouveaux. Le plaisir de l&#8217;\u00e9criture \u00e0 son tour me saisit. Je pris le temps d&#8217;\u00e9crire sur les odeurs et les parfums, c&#8217;\u00e9tait ma fa\u00e7on de donner, de transmettre.\u00bb Dans les pas de Jean-Claude Ellena, de son enfance \u00e0 Grasse au succ\u00e8s mondial de ses cr\u00e9ations, voyagez \u00e0 travers les parfums les plus enivrants et leurs secrets de fabrication les plus inou\u00efs.<\/p>\n","protected":false},"excerpt":{"rendered":"<p>\u00abJe suis entr\u00e9 en parfumerie \u00e0 l&#8217;\u00e2ge de 16 ans sans savoir ce qui m&#8217;attendait. Je sortais de l&#8217;\u00e9cole publique avec en poche un certificat d&#8217;\u00e9tudes primaires r\u00e9ussi laborieusement gr\u00e2ce aux notes de chant, de dessin et de sport ; rien de glorieux. Mon p\u00e8re, heureux du r\u00e9sultat auquel il ne croyait plus, pensant que [&hellip;]<\/p>\n","protected":false},"featured_media":35754,"template":"","meta":[],"product_cat":[2948,2957],"product_tag":[],"acf":[],"yoast_head":"<!-- This site is optimized with the Yoast SEO plugin v20.11 - https:\/\/yoast.com\/wordpress\/plugins\/seo\/ -->\n<title>L&#039;odeur des jours : une vie de parfumeur - Librairie 7L<\/title>\n<meta name=\"robots\" content=\"index, follow, max-snippet:-1, max-image-preview:large, max-video-preview:-1\" \/>\n<link rel=\"canonical\" href=\"https:\/\/librairie7l.com\/en\/produit\/lodeur-des-jours-une-vie-de-parfumeur\/\" \/>\n<meta property=\"og:locale\" content=\"en_US\" \/>\n<meta property=\"og:type\" content=\"article\" \/>\n<meta property=\"og:title\" content=\"L&#039;odeur des jours : une vie de parfumeur - Librairie 7L\" \/>\n<meta property=\"og:description\" content=\"\u00abJe suis entr\u00e9 en parfumerie \u00e0 l&#8217;\u00e2ge de 16 ans sans savoir ce qui m&#8217;attendait. Je sortais de l&#8217;\u00e9cole publique avec en poche un certificat d&#8217;\u00e9tudes primaires r\u00e9ussi laborieusement gr\u00e2ce aux notes de chant, de dessin et de sport ; rien de glorieux. Mon p\u00e8re, heureux du r\u00e9sultat auquel il ne croyait plus, pensant que [&hellip;]\" \/>\n<meta property=\"og:url\" content=\"https:\/\/librairie7l.com\/en\/produit\/lodeur-des-jours-une-vie-de-parfumeur\/\" \/>\n<meta property=\"og:site_name\" content=\"Librairie 7L\" \/>\n<meta property=\"article:modified_time\" content=\"2026-04-09T13:32:42+00:00\" \/>\n<meta property=\"og:image\" content=\"https:\/\/librairie7l.com\/wp-content\/uploads\/2023\/06\/9782080280879_1_75.jpg\" \/>\n\t<meta property=\"og:image:width\" content=\"600\" \/>\n\t<meta property=\"og:image:height\" content=\"794\" \/>\n\t<meta property=\"og:image:type\" content=\"image\/jpeg\" \/>\n<meta name=\"twitter:card\" content=\"summary_large_image\" \/>\n<meta name=\"twitter:label1\" content=\"Est. reading time\" \/>\n\t<meta name=\"twitter:data1\" content=\"1 minute\" \/>\n<script type=\"application\/ld+json\" class=\"yoast-schema-graph\">{\"@context\":\"https:\/\/schema.org\",\"@graph\":[{\"@type\":\"WebPage\",\"@id\":\"https:\/\/librairie7l.com\/en\/produit\/lodeur-des-jours-une-vie-de-parfumeur\/\",\"url\":\"https:\/\/librairie7l.com\/en\/produit\/lodeur-des-jours-une-vie-de-parfumeur\/\",\"name\":\"L'odeur des jours : une vie de parfumeur - Librairie 7L\",\"isPartOf\":{\"@id\":\"https:\/\/librairie7l.com\/en\/#website\"},\"datePublished\":\"2023-10-11T07:16:32+00:00\",\"dateModified\":\"2026-04-09T13:32:42+00:00\",\"breadcrumb\":{\"@id\":\"https:\/\/librairie7l.com\/en\/produit\/lodeur-des-jours-une-vie-de-parfumeur\/#breadcrumb\"},\"inLanguage\":\"en-US\",\"potentialAction\":[{\"@type\":\"ReadAction\",\"target\":[\"https:\/\/librairie7l.com\/en\/produit\/lodeur-des-jours-une-vie-de-parfumeur\/\"]}]},{\"@type\":\"BreadcrumbList\",\"@id\":\"https:\/\/librairie7l.com\/en\/produit\/lodeur-des-jours-une-vie-de-parfumeur\/#breadcrumb\",\"itemListElement\":[{\"@type\":\"ListItem\",\"position\":1,\"name\":\"Accueil\",\"item\":\"https:\/\/librairie7l.com\/en\/\"},{\"@type\":\"ListItem\",\"position\":2,\"name\":\"Shop\",\"item\":\"https:\/\/librairie7l.com\/en\/shop\/\"},{\"@type\":\"ListItem\",\"position\":3,\"name\":\"L&#8217;ODEUR DES JOURS : UNE VIE DE PARFUMEUR\"}]},{\"@type\":\"WebSite\",\"@id\":\"https:\/\/librairie7l.com\/en\/#website\",\"url\":\"https:\/\/librairie7l.com\/en\/\",\"name\":\"Librairie 7L\",\"description\":\"Librairie fond\u00e9e en 1999 par Karl Lagerfeld \u00e0 Paris\",\"publisher\":{\"@id\":\"https:\/\/librairie7l.com\/en\/#organization\"},\"potentialAction\":[{\"@type\":\"SearchAction\",\"target\":{\"@type\":\"EntryPoint\",\"urlTemplate\":\"https:\/\/librairie7l.com\/en\/?s={search_term_string}\"},\"query-input\":\"required name=search_term_string\"}],\"inLanguage\":\"en-US\"},{\"@type\":\"Organization\",\"@id\":\"https:\/\/librairie7l.com\/en\/#organization\",\"name\":\"Librairie 7L\",\"url\":\"https:\/\/librairie7l.com\/en\/\",\"logo\":{\"@type\":\"ImageObject\",\"inLanguage\":\"en-US\",\"@id\":\"https:\/\/librairie7l.com\/en\/#\/schema\/logo\/image\/\",\"url\":\"https:\/\/librairie7l.com\/wp-content\/uploads\/2022\/08\/logo-1.png\",\"contentUrl\":\"https:\/\/librairie7l.com\/wp-content\/uploads\/2022\/08\/logo-1.png\",\"width\":227,\"height\":301,\"caption\":\"Librairie 7L\"},\"image\":{\"@id\":\"https:\/\/librairie7l.com\/en\/#\/schema\/logo\/image\/\"}}]}<\/script>\n<!-- \/ Yoast SEO plugin. -->","yoast_head_json":{"title":"L'odeur des jours : une vie de parfumeur - Librairie 7L","robots":{"index":"index","follow":"follow","max-snippet":"max-snippet:-1","max-image-preview":"max-image-preview:large","max-video-preview":"max-video-preview:-1"},"canonical":"https:\/\/librairie7l.com\/en\/produit\/lodeur-des-jours-une-vie-de-parfumeur\/","og_locale":"en_US","og_type":"article","og_title":"L'odeur des jours : une vie de parfumeur - Librairie 7L","og_description":"\u00abJe suis entr\u00e9 en parfumerie \u00e0 l&#8217;\u00e2ge de 16 ans sans savoir ce qui m&#8217;attendait. Je sortais de l&#8217;\u00e9cole publique avec en poche un certificat d&#8217;\u00e9tudes primaires r\u00e9ussi laborieusement gr\u00e2ce aux notes de chant, de dessin et de sport ; rien de glorieux. Mon p\u00e8re, heureux du r\u00e9sultat auquel il ne croyait plus, pensant que [&hellip;]","og_url":"https:\/\/librairie7l.com\/en\/produit\/lodeur-des-jours-une-vie-de-parfumeur\/","og_site_name":"Librairie 7L","article_modified_time":"2026-04-09T13:32:42+00:00","og_image":[{"width":600,"height":794,"url":"https:\/\/librairie7l.com\/wp-content\/uploads\/2023\/06\/9782080280879_1_75.jpg","type":"image\/jpeg"}],"twitter_card":"summary_large_image","twitter_misc":{"Est. reading time":"1 minute"},"schema":{"@context":"https:\/\/schema.org","@graph":[{"@type":"WebPage","@id":"https:\/\/librairie7l.com\/en\/produit\/lodeur-des-jours-une-vie-de-parfumeur\/","url":"https:\/\/librairie7l.com\/en\/produit\/lodeur-des-jours-une-vie-de-parfumeur\/","name":"L'odeur des jours : une vie de parfumeur - Librairie 7L","isPartOf":{"@id":"https:\/\/librairie7l.com\/en\/#website"},"datePublished":"2023-10-11T07:16:32+00:00","dateModified":"2026-04-09T13:32:42+00:00","breadcrumb":{"@id":"https:\/\/librairie7l.com\/en\/produit\/lodeur-des-jours-une-vie-de-parfumeur\/#breadcrumb"},"inLanguage":"en-US","potentialAction":[{"@type":"ReadAction","target":["https:\/\/librairie7l.com\/en\/produit\/lodeur-des-jours-une-vie-de-parfumeur\/"]}]},{"@type":"BreadcrumbList","@id":"https:\/\/librairie7l.com\/en\/produit\/lodeur-des-jours-une-vie-de-parfumeur\/#breadcrumb","itemListElement":[{"@type":"ListItem","position":1,"name":"Accueil","item":"https:\/\/librairie7l.com\/en\/"},{"@type":"ListItem","position":2,"name":"Shop","item":"https:\/\/librairie7l.com\/en\/shop\/"},{"@type":"ListItem","position":3,"name":"L&#8217;ODEUR DES JOURS : UNE VIE DE PARFUMEUR"}]},{"@type":"WebSite","@id":"https:\/\/librairie7l.com\/en\/#website","url":"https:\/\/librairie7l.com\/en\/","name":"Librairie 7L","description":"Librairie fond\u00e9e en 1999 par Karl Lagerfeld \u00e0 Paris","publisher":{"@id":"https:\/\/librairie7l.com\/en\/#organization"},"potentialAction":[{"@type":"SearchAction","target":{"@type":"EntryPoint","urlTemplate":"https:\/\/librairie7l.com\/en\/?s={search_term_string}"},"query-input":"required name=search_term_string"}],"inLanguage":"en-US"},{"@type":"Organization","@id":"https:\/\/librairie7l.com\/en\/#organization","name":"Librairie 7L","url":"https:\/\/librairie7l.com\/en\/","logo":{"@type":"ImageObject","inLanguage":"en-US","@id":"https:\/\/librairie7l.com\/en\/#\/schema\/logo\/image\/","url":"https:\/\/librairie7l.com\/wp-content\/uploads\/2022\/08\/logo-1.png","contentUrl":"https:\/\/librairie7l.com\/wp-content\/uploads\/2022\/08\/logo-1.png","width":227,"height":301,"caption":"Librairie 7L"},"image":{"@id":"https:\/\/librairie7l.com\/en\/#\/schema\/logo\/image\/"}}]}},"_links":{"self":[{"href":"https:\/\/librairie7l.com\/en\/wp-json\/wp\/v2\/product\/35756"}],"collection":[{"href":"https:\/\/librairie7l.com\/en\/wp-json\/wp\/v2\/product"}],"about":[{"href":"https:\/\/librairie7l.com\/en\/wp-json\/wp\/v2\/types\/product"}],"wp:featuredmedia":[{"embeddable":true,"href":"https:\/\/librairie7l.com\/en\/wp-json\/wp\/v2\/media\/35754"}],"wp:attachment":[{"href":"https:\/\/librairie7l.com\/en\/wp-json\/wp\/v2\/media?parent=35756"}],"wp:term":[{"taxonomy":"product_cat","embeddable":true,"href":"https:\/\/librairie7l.com\/en\/wp-json\/wp\/v2\/product_cat?post=35756"},{"taxonomy":"product_tag","embeddable":true,"href":"https:\/\/librairie7l.com\/en\/wp-json\/wp\/v2\/product_tag?post=35756"}],"curies":[{"name":"wp","href":"https:\/\/api.w.org\/{rel}","templated":true}]}}