{"id":35764,"date":"2023-10-11T09:16:39","date_gmt":"2023-10-11T07:16:39","guid":{"rendered":"https:\/\/librairie7l.com\/?post_type=product&#038;p=35764"},"modified":"2026-04-05T14:27:16","modified_gmt":"2026-04-05T12:27:16","slug":"parfums-dorient","status":"publish","type":"product","link":"https:\/\/librairie7l.com\/en\/produit\/parfums-dorient\/","title":{"rendered":"PARFUMS D&#8217;ORIENT"},"content":{"rendered":"<p>Laissez-vous entra\u00eener dans un voyage extraordinaire au sein du monde des parfums dans la culture arabe.<br \/>\nCe catalogue accompagne l&#8217;exposition \u00ab Parfums d&#8217;Orient \u00bb organis\u00e9e par l&#8217;Institut du monde arabe du 26 septembre 2023 au 17 mars 2024.<\/p>\n<p>Depuis l&#8217;Antiquit\u00e9, les fragrances ont toujours rev\u00eatu une importance capitale dans la civilisation arabo-musulmane. Qu&#8217;elles soient v\u00e9g\u00e9tales (fleurs, oud, \u00e9pices&#8230;) ou animales (musc, ambre&#8230;), les mati\u00e8res odorantes ont cr\u00e9\u00e9 la fascination partout o\u00f9 elles ont \u00e9t\u00e9 transport\u00e9es. Gr\u00e2ce aux caravanes venues des confins orientaux, ces produits si pr\u00e9cieux ont pu se diffuser dans le monde entier, en commen\u00e7ant par les rives de la M\u00e9diterrann\u00e9e.<br \/>\nAu commerce s&#8217;ajoute \u00e9galement l&#8217;attrait du proph\u00e8te de l&#8217;islam pour les parfums. Ne disait-il pas qu&#8217;il n&#8217;aimait rien tant que les femmes, les parfums et la pri\u00e8re ?<\/p>\n","protected":false},"excerpt":{"rendered":"<p>Laissez-vous entra\u00eener dans un voyage extraordinaire au sein du monde des parfums dans la culture arabe. Ce catalogue accompagne l&#8217;exposition \u00ab Parfums d&#8217;Orient \u00bb organis\u00e9e par l&#8217;Institut du monde arabe du 26 septembre 2023 au 17 mars 2024. Depuis l&#8217;Antiquit\u00e9, les fragrances ont toujours rev\u00eatu une importance capitale dans la civilisation arabo-musulmane. Qu&#8217;elles soient v\u00e9g\u00e9tales [&hellip;]<\/p>\n","protected":false},"featured_media":35762,"template":"","meta":[],"product_cat":[2948,2957],"product_tag":[],"acf":[],"yoast_head":"<!-- This site is optimized with the Yoast SEO plugin v20.11 - https:\/\/yoast.com\/wordpress\/plugins\/seo\/ -->\n<title>Parfums d&#039;orient - Librairie 7L<\/title>\n<meta name=\"robots\" content=\"index, follow, max-snippet:-1, max-image-preview:large, max-video-preview:-1\" \/>\n<link rel=\"canonical\" href=\"https:\/\/librairie7l.com\/en\/produit\/parfums-dorient\/\" \/>\n<meta property=\"og:locale\" content=\"en_US\" \/>\n<meta property=\"og:type\" content=\"article\" \/>\n<meta property=\"og:title\" content=\"Parfums d&#039;orient - Librairie 7L\" \/>\n<meta property=\"og:description\" content=\"Laissez-vous entra\u00eener dans un voyage extraordinaire au sein du monde des parfums dans la culture arabe. Ce catalogue accompagne l&#8217;exposition \u00ab Parfums d&#8217;Orient \u00bb organis\u00e9e par l&#8217;Institut du monde arabe du 26 septembre 2023 au 17 mars 2024. Depuis l&#8217;Antiquit\u00e9, les fragrances ont toujours rev\u00eatu une importance capitale dans la civilisation arabo-musulmane. Qu&#8217;elles soient v\u00e9g\u00e9tales [&hellip;]\" \/>\n<meta property=\"og:url\" content=\"https:\/\/librairie7l.com\/en\/produit\/parfums-dorient\/\" \/>\n<meta property=\"og:site_name\" content=\"Librairie 7L\" \/>\n<meta property=\"article:modified_time\" content=\"2026-04-05T12:27:16+00:00\" \/>\n<meta property=\"og:image\" content=\"https:\/\/librairie7l.com\/wp-content\/uploads\/2023\/05\/9782370742254_1_75.jpg\" \/>\n\t<meta property=\"og:image:width\" content=\"600\" \/>\n\t<meta property=\"og:image:height\" content=\"796\" \/>\n\t<meta property=\"og:image:type\" content=\"image\/jpeg\" \/>\n<meta name=\"twitter:card\" content=\"summary_large_image\" \/>\n<meta name=\"twitter:label1\" content=\"Est. reading time\" \/>\n\t<meta name=\"twitter:data1\" content=\"1 minute\" \/>\n<script type=\"application\/ld+json\" class=\"yoast-schema-graph\">{\"@context\":\"https:\/\/schema.org\",\"@graph\":[{\"@type\":\"WebPage\",\"@id\":\"https:\/\/librairie7l.com\/en\/produit\/parfums-dorient\/\",\"url\":\"https:\/\/librairie7l.com\/en\/produit\/parfums-dorient\/\",\"name\":\"Parfums d'orient - Librairie 7L\",\"isPartOf\":{\"@id\":\"https:\/\/librairie7l.com\/en\/#website\"},\"datePublished\":\"2023-10-11T07:16:39+00:00\",\"dateModified\":\"2026-04-05T12:27:16+00:00\",\"breadcrumb\":{\"@id\":\"https:\/\/librairie7l.com\/en\/produit\/parfums-dorient\/#breadcrumb\"},\"inLanguage\":\"en-US\",\"potentialAction\":[{\"@type\":\"ReadAction\",\"target\":[\"https:\/\/librairie7l.com\/en\/produit\/parfums-dorient\/\"]}]},{\"@type\":\"BreadcrumbList\",\"@id\":\"https:\/\/librairie7l.com\/en\/produit\/parfums-dorient\/#breadcrumb\",\"itemListElement\":[{\"@type\":\"ListItem\",\"position\":1,\"name\":\"Accueil\",\"item\":\"https:\/\/librairie7l.com\/en\/\"},{\"@type\":\"ListItem\",\"position\":2,\"name\":\"Shop\",\"item\":\"https:\/\/librairie7l.com\/en\/shop\/\"},{\"@type\":\"ListItem\",\"position\":3,\"name\":\"PARFUMS D&#8217;ORIENT\"}]},{\"@type\":\"WebSite\",\"@id\":\"https:\/\/librairie7l.com\/en\/#website\",\"url\":\"https:\/\/librairie7l.com\/en\/\",\"name\":\"Librairie 7L\",\"description\":\"Librairie fond\u00e9e en 1999 par Karl Lagerfeld \u00e0 Paris\",\"publisher\":{\"@id\":\"https:\/\/librairie7l.com\/en\/#organization\"},\"potentialAction\":[{\"@type\":\"SearchAction\",\"target\":{\"@type\":\"EntryPoint\",\"urlTemplate\":\"https:\/\/librairie7l.com\/en\/?s={search_term_string}\"},\"query-input\":\"required name=search_term_string\"}],\"inLanguage\":\"en-US\"},{\"@type\":\"Organization\",\"@id\":\"https:\/\/librairie7l.com\/en\/#organization\",\"name\":\"Librairie 7L\",\"url\":\"https:\/\/librairie7l.com\/en\/\",\"logo\":{\"@type\":\"ImageObject\",\"inLanguage\":\"en-US\",\"@id\":\"https:\/\/librairie7l.com\/en\/#\/schema\/logo\/image\/\",\"url\":\"https:\/\/librairie7l.com\/wp-content\/uploads\/2022\/08\/logo-1.png\",\"contentUrl\":\"https:\/\/librairie7l.com\/wp-content\/uploads\/2022\/08\/logo-1.png\",\"width\":227,\"height\":301,\"caption\":\"Librairie 7L\"},\"image\":{\"@id\":\"https:\/\/librairie7l.com\/en\/#\/schema\/logo\/image\/\"}}]}<\/script>\n<!-- \/ Yoast SEO plugin. -->","yoast_head_json":{"title":"Parfums d'orient - Librairie 7L","robots":{"index":"index","follow":"follow","max-snippet":"max-snippet:-1","max-image-preview":"max-image-preview:large","max-video-preview":"max-video-preview:-1"},"canonical":"https:\/\/librairie7l.com\/en\/produit\/parfums-dorient\/","og_locale":"en_US","og_type":"article","og_title":"Parfums d'orient - Librairie 7L","og_description":"Laissez-vous entra\u00eener dans un voyage extraordinaire au sein du monde des parfums dans la culture arabe. Ce catalogue accompagne l&#8217;exposition \u00ab Parfums d&#8217;Orient \u00bb organis\u00e9e par l&#8217;Institut du monde arabe du 26 septembre 2023 au 17 mars 2024. Depuis l&#8217;Antiquit\u00e9, les fragrances ont toujours rev\u00eatu une importance capitale dans la civilisation arabo-musulmane. Qu&#8217;elles soient v\u00e9g\u00e9tales [&hellip;]","og_url":"https:\/\/librairie7l.com\/en\/produit\/parfums-dorient\/","og_site_name":"Librairie 7L","article_modified_time":"2026-04-05T12:27:16+00:00","og_image":[{"width":600,"height":796,"url":"https:\/\/librairie7l.com\/wp-content\/uploads\/2023\/05\/9782370742254_1_75.jpg","type":"image\/jpeg"}],"twitter_card":"summary_large_image","twitter_misc":{"Est. reading time":"1 minute"},"schema":{"@context":"https:\/\/schema.org","@graph":[{"@type":"WebPage","@id":"https:\/\/librairie7l.com\/en\/produit\/parfums-dorient\/","url":"https:\/\/librairie7l.com\/en\/produit\/parfums-dorient\/","name":"Parfums d'orient - Librairie 7L","isPartOf":{"@id":"https:\/\/librairie7l.com\/en\/#website"},"datePublished":"2023-10-11T07:16:39+00:00","dateModified":"2026-04-05T12:27:16+00:00","breadcrumb":{"@id":"https:\/\/librairie7l.com\/en\/produit\/parfums-dorient\/#breadcrumb"},"inLanguage":"en-US","potentialAction":[{"@type":"ReadAction","target":["https:\/\/librairie7l.com\/en\/produit\/parfums-dorient\/"]}]},{"@type":"BreadcrumbList","@id":"https:\/\/librairie7l.com\/en\/produit\/parfums-dorient\/#breadcrumb","itemListElement":[{"@type":"ListItem","position":1,"name":"Accueil","item":"https:\/\/librairie7l.com\/en\/"},{"@type":"ListItem","position":2,"name":"Shop","item":"https:\/\/librairie7l.com\/en\/shop\/"},{"@type":"ListItem","position":3,"name":"PARFUMS D&#8217;ORIENT"}]},{"@type":"WebSite","@id":"https:\/\/librairie7l.com\/en\/#website","url":"https:\/\/librairie7l.com\/en\/","name":"Librairie 7L","description":"Librairie fond\u00e9e en 1999 par Karl Lagerfeld \u00e0 Paris","publisher":{"@id":"https:\/\/librairie7l.com\/en\/#organization"},"potentialAction":[{"@type":"SearchAction","target":{"@type":"EntryPoint","urlTemplate":"https:\/\/librairie7l.com\/en\/?s={search_term_string}"},"query-input":"required name=search_term_string"}],"inLanguage":"en-US"},{"@type":"Organization","@id":"https:\/\/librairie7l.com\/en\/#organization","name":"Librairie 7L","url":"https:\/\/librairie7l.com\/en\/","logo":{"@type":"ImageObject","inLanguage":"en-US","@id":"https:\/\/librairie7l.com\/en\/#\/schema\/logo\/image\/","url":"https:\/\/librairie7l.com\/wp-content\/uploads\/2022\/08\/logo-1.png","contentUrl":"https:\/\/librairie7l.com\/wp-content\/uploads\/2022\/08\/logo-1.png","width":227,"height":301,"caption":"Librairie 7L"},"image":{"@id":"https:\/\/librairie7l.com\/en\/#\/schema\/logo\/image\/"}}]}},"_links":{"self":[{"href":"https:\/\/librairie7l.com\/en\/wp-json\/wp\/v2\/product\/35764"}],"collection":[{"href":"https:\/\/librairie7l.com\/en\/wp-json\/wp\/v2\/product"}],"about":[{"href":"https:\/\/librairie7l.com\/en\/wp-json\/wp\/v2\/types\/product"}],"wp:featuredmedia":[{"embeddable":true,"href":"https:\/\/librairie7l.com\/en\/wp-json\/wp\/v2\/media\/35762"}],"wp:attachment":[{"href":"https:\/\/librairie7l.com\/en\/wp-json\/wp\/v2\/media?parent=35764"}],"wp:term":[{"taxonomy":"product_cat","embeddable":true,"href":"https:\/\/librairie7l.com\/en\/wp-json\/wp\/v2\/product_cat?post=35764"},{"taxonomy":"product_tag","embeddable":true,"href":"https:\/\/librairie7l.com\/en\/wp-json\/wp\/v2\/product_tag?post=35764"}],"curies":[{"name":"wp","href":"https:\/\/api.w.org\/{rel}","templated":true}]}}