{"id":35772,"date":"2023-10-11T09:16:43","date_gmt":"2023-10-11T07:16:43","guid":{"rendered":"https:\/\/librairie7l.com\/?post_type=product&#038;p=35772"},"modified":"2026-04-16T16:39:15","modified_gmt":"2026-04-16T14:39:15","slug":"erratum","status":"publish","type":"product","link":"https:\/\/librairie7l.com\/en\/produit\/erratum\/","title":{"rendered":"ERRATUM"},"content":{"rendered":"<p>\u00c0 l&#8217;occasion du 50e anniversaire de la disparition de Pablo Picasso, le mus\u00e9e parisien d\u00e9di\u00e9 au peintre a invit\u00e9 Sophie Calle \u00e0 investir l&#8217;h\u00f4tel Sal\u00e9.<\/p>\n<p> Carte blanche lui est donn\u00e9e pour d\u00e9ployer son univers dans la totalit\u00e9 du mus\u00e9e. Artiste conceptuelle et litt\u00e9raire, fascin\u00e9e par les th\u00e8mes de l&#8217;absence et de la disparition, Sophie Calle saisit l&#8217;occasion de cette invitation pour orchestrer et mettre en sc\u00e8ne la  succession  de ses biens. Le c\u00e9l\u00e8bre h\u00f4tel des ventes Drouot a proc\u00e9d\u00e9 \u00e0 l&#8217;\u00e9tablissement de 482 lots parmi les biens personnels de l&#8217;artiste : de son mobilier \u00e0 sa vaisselle, de ses animaux empaill\u00e9s \u00e0 sa collection d&#8217;oeuvres d&#8217;art. Chaque objet a \u00e9t\u00e9 r\u00e9pertori\u00e9 par la maison de ventes et libell\u00e9 d&#8217;une notice descriptive, comme il est d&#8217;usage lors d&#8217;une vente aux ench\u00e8res. Tous les lots seront expos\u00e9s dans les espaces du mus\u00e9e Picasso et publi\u00e9s au sein d&#8217;un catalogue de vente \u00e9dit\u00e9 par Drout.<\/p>\n<p>V\u00e9ritable performance artistique, cette exposition donnera \u00e0 voir tous les objets intimes de Sophie Calle, mis en sc\u00e8ne dans les espaces de cette institution. Pour compl\u00e9ter ce geste artistique, l&#8217;artiste a imagin\u00e9 un catalogue  fant\u00f4me  \u00e0 celui de l&#8217;h\u00f4tel Drouot : de format identique, pr\u00e9sentant l&#8217;ensemble des lots, ce  fant\u00f4me  donnera d&#8217;autres cl\u00e9s de lecture. Sophie Calle a choisi plus de cent pi\u00e8ces parmi ses biens et a \u00e9crit leur histoire singuli\u00e8re. Des objets offerts ou \u00e9chang\u00e9s avec d&#8217;autres artistes, ou encore collect\u00e9s au cours de ses voyages ou re\u00e7us en h\u00e9ritage : au fil de ces histoires attach\u00e9es \u00e0 ces objets se dessine un autre r\u00e9cit, tr\u00e8s priv\u00e9 cette fois. Des objets qui racontent des moments de vie priv\u00e9e, des rencontres amoureuses ou artistiques, des secrets parfois. Catalogue Drouot et son fant\u00f4me seront propos\u00e9s ensemble, tels des r\u00e9v\u00e9lateurs de deux facettes d&#8217;une vie.<\/p>\n","protected":false},"excerpt":{"rendered":"<p>\u00c0 l&#8217;occasion du 50e anniversaire de la disparition de Pablo Picasso, le mus\u00e9e parisien d\u00e9di\u00e9 au peintre a invit\u00e9 Sophie Calle \u00e0 investir l&#8217;h\u00f4tel Sal\u00e9. Carte blanche lui est donn\u00e9e pour d\u00e9ployer son univers dans la totalit\u00e9 du mus\u00e9e. Artiste conceptuelle et litt\u00e9raire, fascin\u00e9e par les th\u00e8mes de l&#8217;absence et de la disparition, Sophie Calle [&hellip;]<\/p>\n","protected":false},"featured_media":35770,"template":"","meta":[],"product_cat":[2948,2958],"product_tag":[],"acf":[],"yoast_head":"<!-- This site is optimized with the Yoast SEO plugin v20.11 - https:\/\/yoast.com\/wordpress\/plugins\/seo\/ -->\n<title>Erratum - Librairie 7L<\/title>\n<meta name=\"robots\" content=\"index, follow, max-snippet:-1, max-image-preview:large, max-video-preview:-1\" \/>\n<link rel=\"canonical\" href=\"https:\/\/librairie7l.com\/en\/produit\/erratum\/\" \/>\n<meta property=\"og:locale\" content=\"en_US\" \/>\n<meta property=\"og:type\" content=\"article\" \/>\n<meta property=\"og:title\" content=\"Erratum - Librairie 7L\" \/>\n<meta property=\"og:description\" content=\"\u00c0 l&#8217;occasion du 50e anniversaire de la disparition de Pablo Picasso, le mus\u00e9e parisien d\u00e9di\u00e9 au peintre a invit\u00e9 Sophie Calle \u00e0 investir l&#8217;h\u00f4tel Sal\u00e9. Carte blanche lui est donn\u00e9e pour d\u00e9ployer son univers dans la totalit\u00e9 du mus\u00e9e. Artiste conceptuelle et litt\u00e9raire, fascin\u00e9e par les th\u00e8mes de l&#8217;absence et de la disparition, Sophie Calle [&hellip;]\" \/>\n<meta property=\"og:url\" content=\"https:\/\/librairie7l.com\/en\/produit\/erratum\/\" \/>\n<meta property=\"og:site_name\" content=\"Librairie 7L\" \/>\n<meta property=\"article:modified_time\" content=\"2026-04-16T14:39:15+00:00\" \/>\n<meta property=\"og:image\" content=\"https:\/\/librairie7l.com\/wp-content\/uploads\/2023\/04\/9782365113816_1_75.jpg\" \/>\n\t<meta property=\"og:image:width\" content=\"600\" \/>\n\t<meta property=\"og:image:height\" content=\"772\" \/>\n\t<meta property=\"og:image:type\" content=\"image\/jpeg\" \/>\n<meta name=\"twitter:card\" content=\"summary_large_image\" \/>\n<meta name=\"twitter:label1\" content=\"Est. reading time\" \/>\n\t<meta name=\"twitter:data1\" content=\"2 minutes\" \/>\n<script type=\"application\/ld+json\" class=\"yoast-schema-graph\">{\"@context\":\"https:\/\/schema.org\",\"@graph\":[{\"@type\":\"WebPage\",\"@id\":\"https:\/\/librairie7l.com\/en\/produit\/erratum\/\",\"url\":\"https:\/\/librairie7l.com\/en\/produit\/erratum\/\",\"name\":\"Erratum - Librairie 7L\",\"isPartOf\":{\"@id\":\"https:\/\/librairie7l.com\/en\/#website\"},\"datePublished\":\"2023-10-11T07:16:43+00:00\",\"dateModified\":\"2026-04-16T14:39:15+00:00\",\"breadcrumb\":{\"@id\":\"https:\/\/librairie7l.com\/en\/produit\/erratum\/#breadcrumb\"},\"inLanguage\":\"en-US\",\"potentialAction\":[{\"@type\":\"ReadAction\",\"target\":[\"https:\/\/librairie7l.com\/en\/produit\/erratum\/\"]}]},{\"@type\":\"BreadcrumbList\",\"@id\":\"https:\/\/librairie7l.com\/en\/produit\/erratum\/#breadcrumb\",\"itemListElement\":[{\"@type\":\"ListItem\",\"position\":1,\"name\":\"Accueil\",\"item\":\"https:\/\/librairie7l.com\/en\/\"},{\"@type\":\"ListItem\",\"position\":2,\"name\":\"Shop\",\"item\":\"https:\/\/librairie7l.com\/en\/shop\/\"},{\"@type\":\"ListItem\",\"position\":3,\"name\":\"ERRATUM\"}]},{\"@type\":\"WebSite\",\"@id\":\"https:\/\/librairie7l.com\/en\/#website\",\"url\":\"https:\/\/librairie7l.com\/en\/\",\"name\":\"Librairie 7L\",\"description\":\"Librairie fond\u00e9e en 1999 par Karl Lagerfeld \u00e0 Paris\",\"publisher\":{\"@id\":\"https:\/\/librairie7l.com\/en\/#organization\"},\"potentialAction\":[{\"@type\":\"SearchAction\",\"target\":{\"@type\":\"EntryPoint\",\"urlTemplate\":\"https:\/\/librairie7l.com\/en\/?s={search_term_string}\"},\"query-input\":\"required name=search_term_string\"}],\"inLanguage\":\"en-US\"},{\"@type\":\"Organization\",\"@id\":\"https:\/\/librairie7l.com\/en\/#organization\",\"name\":\"Librairie 7L\",\"url\":\"https:\/\/librairie7l.com\/en\/\",\"logo\":{\"@type\":\"ImageObject\",\"inLanguage\":\"en-US\",\"@id\":\"https:\/\/librairie7l.com\/en\/#\/schema\/logo\/image\/\",\"url\":\"https:\/\/librairie7l.com\/wp-content\/uploads\/2022\/08\/logo-1.png\",\"contentUrl\":\"https:\/\/librairie7l.com\/wp-content\/uploads\/2022\/08\/logo-1.png\",\"width\":227,\"height\":301,\"caption\":\"Librairie 7L\"},\"image\":{\"@id\":\"https:\/\/librairie7l.com\/en\/#\/schema\/logo\/image\/\"}}]}<\/script>\n<!-- \/ Yoast SEO plugin. -->","yoast_head_json":{"title":"Erratum - Librairie 7L","robots":{"index":"index","follow":"follow","max-snippet":"max-snippet:-1","max-image-preview":"max-image-preview:large","max-video-preview":"max-video-preview:-1"},"canonical":"https:\/\/librairie7l.com\/en\/produit\/erratum\/","og_locale":"en_US","og_type":"article","og_title":"Erratum - Librairie 7L","og_description":"\u00c0 l&#8217;occasion du 50e anniversaire de la disparition de Pablo Picasso, le mus\u00e9e parisien d\u00e9di\u00e9 au peintre a invit\u00e9 Sophie Calle \u00e0 investir l&#8217;h\u00f4tel Sal\u00e9. Carte blanche lui est donn\u00e9e pour d\u00e9ployer son univers dans la totalit\u00e9 du mus\u00e9e. Artiste conceptuelle et litt\u00e9raire, fascin\u00e9e par les th\u00e8mes de l&#8217;absence et de la disparition, Sophie Calle [&hellip;]","og_url":"https:\/\/librairie7l.com\/en\/produit\/erratum\/","og_site_name":"Librairie 7L","article_modified_time":"2026-04-16T14:39:15+00:00","og_image":[{"width":600,"height":772,"url":"https:\/\/librairie7l.com\/wp-content\/uploads\/2023\/04\/9782365113816_1_75.jpg","type":"image\/jpeg"}],"twitter_card":"summary_large_image","twitter_misc":{"Est. reading time":"2 minutes"},"schema":{"@context":"https:\/\/schema.org","@graph":[{"@type":"WebPage","@id":"https:\/\/librairie7l.com\/en\/produit\/erratum\/","url":"https:\/\/librairie7l.com\/en\/produit\/erratum\/","name":"Erratum - Librairie 7L","isPartOf":{"@id":"https:\/\/librairie7l.com\/en\/#website"},"datePublished":"2023-10-11T07:16:43+00:00","dateModified":"2026-04-16T14:39:15+00:00","breadcrumb":{"@id":"https:\/\/librairie7l.com\/en\/produit\/erratum\/#breadcrumb"},"inLanguage":"en-US","potentialAction":[{"@type":"ReadAction","target":["https:\/\/librairie7l.com\/en\/produit\/erratum\/"]}]},{"@type":"BreadcrumbList","@id":"https:\/\/librairie7l.com\/en\/produit\/erratum\/#breadcrumb","itemListElement":[{"@type":"ListItem","position":1,"name":"Accueil","item":"https:\/\/librairie7l.com\/en\/"},{"@type":"ListItem","position":2,"name":"Shop","item":"https:\/\/librairie7l.com\/en\/shop\/"},{"@type":"ListItem","position":3,"name":"ERRATUM"}]},{"@type":"WebSite","@id":"https:\/\/librairie7l.com\/en\/#website","url":"https:\/\/librairie7l.com\/en\/","name":"Librairie 7L","description":"Librairie fond\u00e9e en 1999 par Karl Lagerfeld \u00e0 Paris","publisher":{"@id":"https:\/\/librairie7l.com\/en\/#organization"},"potentialAction":[{"@type":"SearchAction","target":{"@type":"EntryPoint","urlTemplate":"https:\/\/librairie7l.com\/en\/?s={search_term_string}"},"query-input":"required name=search_term_string"}],"inLanguage":"en-US"},{"@type":"Organization","@id":"https:\/\/librairie7l.com\/en\/#organization","name":"Librairie 7L","url":"https:\/\/librairie7l.com\/en\/","logo":{"@type":"ImageObject","inLanguage":"en-US","@id":"https:\/\/librairie7l.com\/en\/#\/schema\/logo\/image\/","url":"https:\/\/librairie7l.com\/wp-content\/uploads\/2022\/08\/logo-1.png","contentUrl":"https:\/\/librairie7l.com\/wp-content\/uploads\/2022\/08\/logo-1.png","width":227,"height":301,"caption":"Librairie 7L"},"image":{"@id":"https:\/\/librairie7l.com\/en\/#\/schema\/logo\/image\/"}}]}},"_links":{"self":[{"href":"https:\/\/librairie7l.com\/en\/wp-json\/wp\/v2\/product\/35772"}],"collection":[{"href":"https:\/\/librairie7l.com\/en\/wp-json\/wp\/v2\/product"}],"about":[{"href":"https:\/\/librairie7l.com\/en\/wp-json\/wp\/v2\/types\/product"}],"wp:featuredmedia":[{"embeddable":true,"href":"https:\/\/librairie7l.com\/en\/wp-json\/wp\/v2\/media\/35770"}],"wp:attachment":[{"href":"https:\/\/librairie7l.com\/en\/wp-json\/wp\/v2\/media?parent=35772"}],"wp:term":[{"taxonomy":"product_cat","embeddable":true,"href":"https:\/\/librairie7l.com\/en\/wp-json\/wp\/v2\/product_cat?post=35772"},{"taxonomy":"product_tag","embeddable":true,"href":"https:\/\/librairie7l.com\/en\/wp-json\/wp\/v2\/product_tag?post=35772"}],"curies":[{"name":"wp","href":"https:\/\/api.w.org\/{rel}","templated":true}]}}