{"id":35776,"date":"2023-10-11T09:16:45","date_gmt":"2023-10-11T07:16:45","guid":{"rendered":"https:\/\/librairie7l.com\/?post_type=product&#038;p=35776"},"modified":"2026-04-23T21:48:10","modified_gmt":"2026-04-23T19:48:10","slug":"charlotte-perriand-3","status":"publish","type":"product","link":"https:\/\/librairie7l.com\/en\/produit\/charlotte-perriand-3\/","title":{"rendered":"CHARLOTTE PERRIAND"},"content":{"rendered":"<p>Architecture, Design, Arts D\u00e9coratifs&#8230; Les ma\u00eetres du XXe si\u00e8cle.<br \/>\nArchitecte et cr\u00e9atrice de mobilier, figure majeure de l&#8217;histoire de la modernit\u00e9, Charlotte Perriand (1903-1999) a consacr\u00e9 sa vie \u00e0 l&#8217;art d&#8217;habiter. Partageant les id\u00e9es de Le Corbusier, avec lequel elle a longtemps collabor\u00e9, elle a n\u00e9anmoins d\u00e9velopp\u00e9 sa propre vision, affirmant son statut de cr\u00e9atrice dans un monde de cr\u00e9ateurs. Sensible \u00e0 la cause des femmes et au sort des plus d\u00e9munis, elle s&#8217;est attach\u00e9e \u00e0 rendre accessibles au plus grand nombre des objets beaux, utiles et fonctionnels qui sont devenus des ic\u00f4nes du design du xxe si\u00e8cle. Ce livre donne \u00e0 voir, en images et \u00e0 travers une courte introduction, l&#8217;oeuvre et le parcours extraordinaires de cette femme libre et ind\u00e9pendante, dont la d\u00e9marche engag\u00e9e est plus que jamais d&#8217;actualit\u00e9.<\/p>\n","protected":false},"excerpt":{"rendered":"<p>Architecture, Design, Arts D\u00e9coratifs&#8230; Les ma\u00eetres du XXe si\u00e8cle. Architecte et cr\u00e9atrice de mobilier, figure majeure de l&#8217;histoire de la modernit\u00e9, Charlotte Perriand (1903-1999) a consacr\u00e9 sa vie \u00e0 l&#8217;art d&#8217;habiter. Partageant les id\u00e9es de Le Corbusier, avec lequel elle a longtemps collabor\u00e9, elle a n\u00e9anmoins d\u00e9velopp\u00e9 sa propre vision, affirmant son statut de cr\u00e9atrice [&hellip;]<\/p>\n","protected":false},"featured_media":35774,"template":"","meta":[],"product_cat":[2948,2952],"product_tag":[],"acf":[],"yoast_head":"<!-- This site is optimized with the Yoast SEO plugin v20.11 - https:\/\/yoast.com\/wordpress\/plugins\/seo\/ -->\n<title>Charlotte Perriand - Librairie 7L<\/title>\n<meta name=\"robots\" content=\"index, follow, max-snippet:-1, max-image-preview:large, max-video-preview:-1\" \/>\n<link rel=\"canonical\" href=\"https:\/\/librairie7l.com\/en\/produit\/charlotte-perriand-3\/\" \/>\n<meta property=\"og:locale\" content=\"en_US\" \/>\n<meta property=\"og:type\" content=\"article\" \/>\n<meta property=\"og:title\" content=\"Charlotte Perriand - Librairie 7L\" \/>\n<meta property=\"og:description\" content=\"Architecture, Design, Arts D\u00e9coratifs&#8230; Les ma\u00eetres du XXe si\u00e8cle. Architecte et cr\u00e9atrice de mobilier, figure majeure de l&#8217;histoire de la modernit\u00e9, Charlotte Perriand (1903-1999) a consacr\u00e9 sa vie \u00e0 l&#8217;art d&#8217;habiter. Partageant les id\u00e9es de Le Corbusier, avec lequel elle a longtemps collabor\u00e9, elle a n\u00e9anmoins d\u00e9velopp\u00e9 sa propre vision, affirmant son statut de cr\u00e9atrice [&hellip;]\" \/>\n<meta property=\"og:url\" content=\"https:\/\/librairie7l.com\/en\/produit\/charlotte-perriand-3\/\" \/>\n<meta property=\"og:site_name\" content=\"Librairie 7L\" \/>\n<meta property=\"article:modified_time\" content=\"2026-04-23T19:48:10+00:00\" \/>\n<meta property=\"og:image\" content=\"https:\/\/librairie7l.com\/wp-content\/uploads\/2023\/06\/9791037510198_1_75.jpg\" \/>\n\t<meta property=\"og:image:width\" content=\"600\" \/>\n\t<meta property=\"og:image:height\" content=\"802\" \/>\n\t<meta property=\"og:image:type\" content=\"image\/jpeg\" \/>\n<meta name=\"twitter:card\" content=\"summary_large_image\" \/>\n<meta name=\"twitter:label1\" content=\"Est. reading time\" \/>\n\t<meta name=\"twitter:data1\" content=\"1 minute\" \/>\n<script type=\"application\/ld+json\" class=\"yoast-schema-graph\">{\"@context\":\"https:\/\/schema.org\",\"@graph\":[{\"@type\":\"WebPage\",\"@id\":\"https:\/\/librairie7l.com\/en\/produit\/charlotte-perriand-3\/\",\"url\":\"https:\/\/librairie7l.com\/en\/produit\/charlotte-perriand-3\/\",\"name\":\"Charlotte Perriand - Librairie 7L\",\"isPartOf\":{\"@id\":\"https:\/\/librairie7l.com\/en\/#website\"},\"datePublished\":\"2023-10-11T07:16:45+00:00\",\"dateModified\":\"2026-04-23T19:48:10+00:00\",\"breadcrumb\":{\"@id\":\"https:\/\/librairie7l.com\/en\/produit\/charlotte-perriand-3\/#breadcrumb\"},\"inLanguage\":\"en-US\",\"potentialAction\":[{\"@type\":\"ReadAction\",\"target\":[\"https:\/\/librairie7l.com\/en\/produit\/charlotte-perriand-3\/\"]}]},{\"@type\":\"BreadcrumbList\",\"@id\":\"https:\/\/librairie7l.com\/en\/produit\/charlotte-perriand-3\/#breadcrumb\",\"itemListElement\":[{\"@type\":\"ListItem\",\"position\":1,\"name\":\"Accueil\",\"item\":\"https:\/\/librairie7l.com\/en\/\"},{\"@type\":\"ListItem\",\"position\":2,\"name\":\"Shop\",\"item\":\"https:\/\/librairie7l.com\/en\/shop\/\"},{\"@type\":\"ListItem\",\"position\":3,\"name\":\"CHARLOTTE PERRIAND\"}]},{\"@type\":\"WebSite\",\"@id\":\"https:\/\/librairie7l.com\/en\/#website\",\"url\":\"https:\/\/librairie7l.com\/en\/\",\"name\":\"Librairie 7L\",\"description\":\"Librairie fond\u00e9e en 1999 par Karl Lagerfeld \u00e0 Paris\",\"publisher\":{\"@id\":\"https:\/\/librairie7l.com\/en\/#organization\"},\"potentialAction\":[{\"@type\":\"SearchAction\",\"target\":{\"@type\":\"EntryPoint\",\"urlTemplate\":\"https:\/\/librairie7l.com\/en\/?s={search_term_string}\"},\"query-input\":\"required name=search_term_string\"}],\"inLanguage\":\"en-US\"},{\"@type\":\"Organization\",\"@id\":\"https:\/\/librairie7l.com\/en\/#organization\",\"name\":\"Librairie 7L\",\"url\":\"https:\/\/librairie7l.com\/en\/\",\"logo\":{\"@type\":\"ImageObject\",\"inLanguage\":\"en-US\",\"@id\":\"https:\/\/librairie7l.com\/en\/#\/schema\/logo\/image\/\",\"url\":\"https:\/\/librairie7l.com\/wp-content\/uploads\/2022\/08\/logo-1.png\",\"contentUrl\":\"https:\/\/librairie7l.com\/wp-content\/uploads\/2022\/08\/logo-1.png\",\"width\":227,\"height\":301,\"caption\":\"Librairie 7L\"},\"image\":{\"@id\":\"https:\/\/librairie7l.com\/en\/#\/schema\/logo\/image\/\"}}]}<\/script>\n<!-- \/ Yoast SEO plugin. -->","yoast_head_json":{"title":"Charlotte Perriand - Librairie 7L","robots":{"index":"index","follow":"follow","max-snippet":"max-snippet:-1","max-image-preview":"max-image-preview:large","max-video-preview":"max-video-preview:-1"},"canonical":"https:\/\/librairie7l.com\/en\/produit\/charlotte-perriand-3\/","og_locale":"en_US","og_type":"article","og_title":"Charlotte Perriand - Librairie 7L","og_description":"Architecture, Design, Arts D\u00e9coratifs&#8230; Les ma\u00eetres du XXe si\u00e8cle. Architecte et cr\u00e9atrice de mobilier, figure majeure de l&#8217;histoire de la modernit\u00e9, Charlotte Perriand (1903-1999) a consacr\u00e9 sa vie \u00e0 l&#8217;art d&#8217;habiter. Partageant les id\u00e9es de Le Corbusier, avec lequel elle a longtemps collabor\u00e9, elle a n\u00e9anmoins d\u00e9velopp\u00e9 sa propre vision, affirmant son statut de cr\u00e9atrice [&hellip;]","og_url":"https:\/\/librairie7l.com\/en\/produit\/charlotte-perriand-3\/","og_site_name":"Librairie 7L","article_modified_time":"2026-04-23T19:48:10+00:00","og_image":[{"width":600,"height":802,"url":"https:\/\/librairie7l.com\/wp-content\/uploads\/2023\/06\/9791037510198_1_75.jpg","type":"image\/jpeg"}],"twitter_card":"summary_large_image","twitter_misc":{"Est. reading time":"1 minute"},"schema":{"@context":"https:\/\/schema.org","@graph":[{"@type":"WebPage","@id":"https:\/\/librairie7l.com\/en\/produit\/charlotte-perriand-3\/","url":"https:\/\/librairie7l.com\/en\/produit\/charlotte-perriand-3\/","name":"Charlotte Perriand - Librairie 7L","isPartOf":{"@id":"https:\/\/librairie7l.com\/en\/#website"},"datePublished":"2023-10-11T07:16:45+00:00","dateModified":"2026-04-23T19:48:10+00:00","breadcrumb":{"@id":"https:\/\/librairie7l.com\/en\/produit\/charlotte-perriand-3\/#breadcrumb"},"inLanguage":"en-US","potentialAction":[{"@type":"ReadAction","target":["https:\/\/librairie7l.com\/en\/produit\/charlotte-perriand-3\/"]}]},{"@type":"BreadcrumbList","@id":"https:\/\/librairie7l.com\/en\/produit\/charlotte-perriand-3\/#breadcrumb","itemListElement":[{"@type":"ListItem","position":1,"name":"Accueil","item":"https:\/\/librairie7l.com\/en\/"},{"@type":"ListItem","position":2,"name":"Shop","item":"https:\/\/librairie7l.com\/en\/shop\/"},{"@type":"ListItem","position":3,"name":"CHARLOTTE PERRIAND"}]},{"@type":"WebSite","@id":"https:\/\/librairie7l.com\/en\/#website","url":"https:\/\/librairie7l.com\/en\/","name":"Librairie 7L","description":"Librairie fond\u00e9e en 1999 par Karl Lagerfeld \u00e0 Paris","publisher":{"@id":"https:\/\/librairie7l.com\/en\/#organization"},"potentialAction":[{"@type":"SearchAction","target":{"@type":"EntryPoint","urlTemplate":"https:\/\/librairie7l.com\/en\/?s={search_term_string}"},"query-input":"required name=search_term_string"}],"inLanguage":"en-US"},{"@type":"Organization","@id":"https:\/\/librairie7l.com\/en\/#organization","name":"Librairie 7L","url":"https:\/\/librairie7l.com\/en\/","logo":{"@type":"ImageObject","inLanguage":"en-US","@id":"https:\/\/librairie7l.com\/en\/#\/schema\/logo\/image\/","url":"https:\/\/librairie7l.com\/wp-content\/uploads\/2022\/08\/logo-1.png","contentUrl":"https:\/\/librairie7l.com\/wp-content\/uploads\/2022\/08\/logo-1.png","width":227,"height":301,"caption":"Librairie 7L"},"image":{"@id":"https:\/\/librairie7l.com\/en\/#\/schema\/logo\/image\/"}}]}},"_links":{"self":[{"href":"https:\/\/librairie7l.com\/en\/wp-json\/wp\/v2\/product\/35776"}],"collection":[{"href":"https:\/\/librairie7l.com\/en\/wp-json\/wp\/v2\/product"}],"about":[{"href":"https:\/\/librairie7l.com\/en\/wp-json\/wp\/v2\/types\/product"}],"wp:featuredmedia":[{"embeddable":true,"href":"https:\/\/librairie7l.com\/en\/wp-json\/wp\/v2\/media\/35774"}],"wp:attachment":[{"href":"https:\/\/librairie7l.com\/en\/wp-json\/wp\/v2\/media?parent=35776"}],"wp:term":[{"taxonomy":"product_cat","embeddable":true,"href":"https:\/\/librairie7l.com\/en\/wp-json\/wp\/v2\/product_cat?post=35776"},{"taxonomy":"product_tag","embeddable":true,"href":"https:\/\/librairie7l.com\/en\/wp-json\/wp\/v2\/product_tag?post=35776"}],"curies":[{"name":"wp","href":"https:\/\/api.w.org\/{rel}","templated":true}]}}