{"id":35784,"date":"2023-10-11T09:16:49","date_gmt":"2023-10-11T07:16:49","guid":{"rendered":"https:\/\/librairie7l.com\/?post_type=product&#038;p=35784"},"modified":"2026-04-05T14:27:07","modified_gmt":"2026-04-05T12:27:07","slug":"palais-de-paris-tresors-du-patrimoine","status":"publish","type":"product","link":"https:\/\/librairie7l.com\/en\/produit\/palais-de-paris-tresors-du-patrimoine\/","title":{"rendered":"PALAIS DE PARIS : TR\u00c9SORS DU PATRIMOINE"},"content":{"rendered":"<p>Tr\u00e9sors du patrimoine Du sommet de l&#8217;\u00c9tat aux minist\u00e8res, des ambassades aux grandes institutions, les lieux du pouvoir sont aussi des lieux d&#8217;histoire. Et le titre de  palais , r\u00e9serv\u00e9 autrefois \u00e0 l&#8217;h\u00f4tel particulier d&#8217;un prince, leur va comme un gant puisqu&#8217;ils abritent les plus somptueux d\u00e9cors int\u00e9rieurs de la capitale. Pour la plupart construites aux XVIIe et XVIIIe si\u00e8cles, ces demeures d&#8217;exception illustrent la splendeur du  go\u00fbt fran\u00e7ais  dans son \u00e2ge d&#8217;or&#8230; Ce livre pousse des portes qui ne s&#8217;entrouvrent que rarement, r\u00e9v\u00e9lant un patrimoine aussi m\u00e9connu que remarquable.<\/p>\n","protected":false},"excerpt":{"rendered":"<p>Tr\u00e9sors du patrimoine Du sommet de l&#8217;\u00c9tat aux minist\u00e8res, des ambassades aux grandes institutions, les lieux du pouvoir sont aussi des lieux d&#8217;histoire. Et le titre de palais , r\u00e9serv\u00e9 autrefois \u00e0 l&#8217;h\u00f4tel particulier d&#8217;un prince, leur va comme un gant puisqu&#8217;ils abritent les plus somptueux d\u00e9cors int\u00e9rieurs de la capitale. Pour la plupart construites [&hellip;]<\/p>\n","protected":false},"featured_media":35782,"template":"","meta":[],"product_cat":[2948,2950],"product_tag":[],"acf":[],"yoast_head":"<!-- This site is optimized with the Yoast SEO plugin v20.11 - https:\/\/yoast.com\/wordpress\/plugins\/seo\/ -->\n<title>Palais de Paris : tr\u00e9sors du patrimoine - Librairie 7L<\/title>\n<meta name=\"robots\" content=\"index, follow, max-snippet:-1, max-image-preview:large, max-video-preview:-1\" \/>\n<link rel=\"canonical\" href=\"https:\/\/librairie7l.com\/en\/produit\/palais-de-paris-tresors-du-patrimoine\/\" \/>\n<meta property=\"og:locale\" content=\"en_US\" \/>\n<meta property=\"og:type\" content=\"article\" \/>\n<meta property=\"og:title\" content=\"Palais de Paris : tr\u00e9sors du patrimoine - Librairie 7L\" \/>\n<meta property=\"og:description\" content=\"Tr\u00e9sors du patrimoine Du sommet de l&#8217;\u00c9tat aux minist\u00e8res, des ambassades aux grandes institutions, les lieux du pouvoir sont aussi des lieux d&#8217;histoire. Et le titre de palais , r\u00e9serv\u00e9 autrefois \u00e0 l&#8217;h\u00f4tel particulier d&#8217;un prince, leur va comme un gant puisqu&#8217;ils abritent les plus somptueux d\u00e9cors int\u00e9rieurs de la capitale. Pour la plupart construites [&hellip;]\" \/>\n<meta property=\"og:url\" content=\"https:\/\/librairie7l.com\/en\/produit\/palais-de-paris-tresors-du-patrimoine\/\" \/>\n<meta property=\"og:site_name\" content=\"Librairie 7L\" \/>\n<meta property=\"article:modified_time\" content=\"2026-04-05T12:27:07+00:00\" \/>\n<meta property=\"og:image\" content=\"https:\/\/librairie7l.com\/wp-content\/uploads\/2023\/06\/9782373952391_1_75.jpg\" \/>\n\t<meta property=\"og:image:width\" content=\"400\" \/>\n\t<meta property=\"og:image:height\" content=\"433\" \/>\n\t<meta property=\"og:image:type\" content=\"image\/jpeg\" \/>\n<meta name=\"twitter:card\" content=\"summary_large_image\" \/>\n<meta name=\"twitter:label1\" content=\"Est. reading time\" \/>\n\t<meta name=\"twitter:data1\" content=\"1 minute\" \/>\n<script type=\"application\/ld+json\" class=\"yoast-schema-graph\">{\"@context\":\"https:\/\/schema.org\",\"@graph\":[{\"@type\":\"WebPage\",\"@id\":\"https:\/\/librairie7l.com\/en\/produit\/palais-de-paris-tresors-du-patrimoine\/\",\"url\":\"https:\/\/librairie7l.com\/en\/produit\/palais-de-paris-tresors-du-patrimoine\/\",\"name\":\"Palais de Paris : tr\u00e9sors du patrimoine - Librairie 7L\",\"isPartOf\":{\"@id\":\"https:\/\/librairie7l.com\/en\/#website\"},\"datePublished\":\"2023-10-11T07:16:49+00:00\",\"dateModified\":\"2026-04-05T12:27:07+00:00\",\"breadcrumb\":{\"@id\":\"https:\/\/librairie7l.com\/en\/produit\/palais-de-paris-tresors-du-patrimoine\/#breadcrumb\"},\"inLanguage\":\"en-US\",\"potentialAction\":[{\"@type\":\"ReadAction\",\"target\":[\"https:\/\/librairie7l.com\/en\/produit\/palais-de-paris-tresors-du-patrimoine\/\"]}]},{\"@type\":\"BreadcrumbList\",\"@id\":\"https:\/\/librairie7l.com\/en\/produit\/palais-de-paris-tresors-du-patrimoine\/#breadcrumb\",\"itemListElement\":[{\"@type\":\"ListItem\",\"position\":1,\"name\":\"Accueil\",\"item\":\"https:\/\/librairie7l.com\/en\/\"},{\"@type\":\"ListItem\",\"position\":2,\"name\":\"Shop\",\"item\":\"https:\/\/librairie7l.com\/en\/shop\/\"},{\"@type\":\"ListItem\",\"position\":3,\"name\":\"PALAIS DE PARIS : TR\u00c9SORS DU PATRIMOINE\"}]},{\"@type\":\"WebSite\",\"@id\":\"https:\/\/librairie7l.com\/en\/#website\",\"url\":\"https:\/\/librairie7l.com\/en\/\",\"name\":\"Librairie 7L\",\"description\":\"Librairie fond\u00e9e en 1999 par Karl Lagerfeld \u00e0 Paris\",\"publisher\":{\"@id\":\"https:\/\/librairie7l.com\/en\/#organization\"},\"potentialAction\":[{\"@type\":\"SearchAction\",\"target\":{\"@type\":\"EntryPoint\",\"urlTemplate\":\"https:\/\/librairie7l.com\/en\/?s={search_term_string}\"},\"query-input\":\"required name=search_term_string\"}],\"inLanguage\":\"en-US\"},{\"@type\":\"Organization\",\"@id\":\"https:\/\/librairie7l.com\/en\/#organization\",\"name\":\"Librairie 7L\",\"url\":\"https:\/\/librairie7l.com\/en\/\",\"logo\":{\"@type\":\"ImageObject\",\"inLanguage\":\"en-US\",\"@id\":\"https:\/\/librairie7l.com\/en\/#\/schema\/logo\/image\/\",\"url\":\"https:\/\/librairie7l.com\/wp-content\/uploads\/2022\/08\/logo-1.png\",\"contentUrl\":\"https:\/\/librairie7l.com\/wp-content\/uploads\/2022\/08\/logo-1.png\",\"width\":227,\"height\":301,\"caption\":\"Librairie 7L\"},\"image\":{\"@id\":\"https:\/\/librairie7l.com\/en\/#\/schema\/logo\/image\/\"}}]}<\/script>\n<!-- \/ Yoast SEO plugin. -->","yoast_head_json":{"title":"Palais de Paris : tr\u00e9sors du patrimoine - Librairie 7L","robots":{"index":"index","follow":"follow","max-snippet":"max-snippet:-1","max-image-preview":"max-image-preview:large","max-video-preview":"max-video-preview:-1"},"canonical":"https:\/\/librairie7l.com\/en\/produit\/palais-de-paris-tresors-du-patrimoine\/","og_locale":"en_US","og_type":"article","og_title":"Palais de Paris : tr\u00e9sors du patrimoine - Librairie 7L","og_description":"Tr\u00e9sors du patrimoine Du sommet de l&#8217;\u00c9tat aux minist\u00e8res, des ambassades aux grandes institutions, les lieux du pouvoir sont aussi des lieux d&#8217;histoire. Et le titre de palais , r\u00e9serv\u00e9 autrefois \u00e0 l&#8217;h\u00f4tel particulier d&#8217;un prince, leur va comme un gant puisqu&#8217;ils abritent les plus somptueux d\u00e9cors int\u00e9rieurs de la capitale. Pour la plupart construites [&hellip;]","og_url":"https:\/\/librairie7l.com\/en\/produit\/palais-de-paris-tresors-du-patrimoine\/","og_site_name":"Librairie 7L","article_modified_time":"2026-04-05T12:27:07+00:00","og_image":[{"width":400,"height":433,"url":"https:\/\/librairie7l.com\/wp-content\/uploads\/2023\/06\/9782373952391_1_75.jpg","type":"image\/jpeg"}],"twitter_card":"summary_large_image","twitter_misc":{"Est. reading time":"1 minute"},"schema":{"@context":"https:\/\/schema.org","@graph":[{"@type":"WebPage","@id":"https:\/\/librairie7l.com\/en\/produit\/palais-de-paris-tresors-du-patrimoine\/","url":"https:\/\/librairie7l.com\/en\/produit\/palais-de-paris-tresors-du-patrimoine\/","name":"Palais de Paris : tr\u00e9sors du patrimoine - Librairie 7L","isPartOf":{"@id":"https:\/\/librairie7l.com\/en\/#website"},"datePublished":"2023-10-11T07:16:49+00:00","dateModified":"2026-04-05T12:27:07+00:00","breadcrumb":{"@id":"https:\/\/librairie7l.com\/en\/produit\/palais-de-paris-tresors-du-patrimoine\/#breadcrumb"},"inLanguage":"en-US","potentialAction":[{"@type":"ReadAction","target":["https:\/\/librairie7l.com\/en\/produit\/palais-de-paris-tresors-du-patrimoine\/"]}]},{"@type":"BreadcrumbList","@id":"https:\/\/librairie7l.com\/en\/produit\/palais-de-paris-tresors-du-patrimoine\/#breadcrumb","itemListElement":[{"@type":"ListItem","position":1,"name":"Accueil","item":"https:\/\/librairie7l.com\/en\/"},{"@type":"ListItem","position":2,"name":"Shop","item":"https:\/\/librairie7l.com\/en\/shop\/"},{"@type":"ListItem","position":3,"name":"PALAIS DE PARIS : TR\u00c9SORS DU PATRIMOINE"}]},{"@type":"WebSite","@id":"https:\/\/librairie7l.com\/en\/#website","url":"https:\/\/librairie7l.com\/en\/","name":"Librairie 7L","description":"Librairie fond\u00e9e en 1999 par Karl Lagerfeld \u00e0 Paris","publisher":{"@id":"https:\/\/librairie7l.com\/en\/#organization"},"potentialAction":[{"@type":"SearchAction","target":{"@type":"EntryPoint","urlTemplate":"https:\/\/librairie7l.com\/en\/?s={search_term_string}"},"query-input":"required name=search_term_string"}],"inLanguage":"en-US"},{"@type":"Organization","@id":"https:\/\/librairie7l.com\/en\/#organization","name":"Librairie 7L","url":"https:\/\/librairie7l.com\/en\/","logo":{"@type":"ImageObject","inLanguage":"en-US","@id":"https:\/\/librairie7l.com\/en\/#\/schema\/logo\/image\/","url":"https:\/\/librairie7l.com\/wp-content\/uploads\/2022\/08\/logo-1.png","contentUrl":"https:\/\/librairie7l.com\/wp-content\/uploads\/2022\/08\/logo-1.png","width":227,"height":301,"caption":"Librairie 7L"},"image":{"@id":"https:\/\/librairie7l.com\/en\/#\/schema\/logo\/image\/"}}]}},"_links":{"self":[{"href":"https:\/\/librairie7l.com\/en\/wp-json\/wp\/v2\/product\/35784"}],"collection":[{"href":"https:\/\/librairie7l.com\/en\/wp-json\/wp\/v2\/product"}],"about":[{"href":"https:\/\/librairie7l.com\/en\/wp-json\/wp\/v2\/types\/product"}],"wp:featuredmedia":[{"embeddable":true,"href":"https:\/\/librairie7l.com\/en\/wp-json\/wp\/v2\/media\/35782"}],"wp:attachment":[{"href":"https:\/\/librairie7l.com\/en\/wp-json\/wp\/v2\/media?parent=35784"}],"wp:term":[{"taxonomy":"product_cat","embeddable":true,"href":"https:\/\/librairie7l.com\/en\/wp-json\/wp\/v2\/product_cat?post=35784"},{"taxonomy":"product_tag","embeddable":true,"href":"https:\/\/librairie7l.com\/en\/wp-json\/wp\/v2\/product_tag?post=35784"}],"curies":[{"name":"wp","href":"https:\/\/api.w.org\/{rel}","templated":true}]}}