{"id":35792,"date":"2023-10-11T09:16:54","date_gmt":"2023-10-11T07:16:54","guid":{"rendered":"https:\/\/librairie7l.com\/?post_type=product&#038;p=35792"},"modified":"2026-04-28T01:27:16","modified_gmt":"2026-04-27T23:27:16","slug":"architectures-industrielles-paris-et-environs-100-batiments-remarquables","status":"publish","type":"product","link":"https:\/\/librairie7l.com\/en\/produit\/architectures-industrielles-paris-et-environs-100-batiments-remarquables\/","title":{"rendered":"ARCHITECTURES INDUSTRIELLES : PARIS ET ENVIRONS : 100 B\u00c2TIMENTS REMARQUABLES"},"content":{"rendered":"<p>100 b\u00e2timents remarquables Paris, capitale industrielle ? Plus vraiment. Il demeure cependant assez de b\u00e2timents d&#8217;usine ou d&#8217;entrep\u00f4ts pour t\u00e9moigner d&#8217;un pass\u00e9 somme toute assez proche. Du coeur du XIXe si\u00e8cle \u00e0 nos jours sont apparus en effet des \u00e9difices nouveaux r\u00e9pondant aux exigences des syst\u00e8mes de production toujours en \u00e9volution. Modestes ateliers ou v\u00e9ritables cath\u00e9drales chantant haut et fort la gloire d&#8217;un capitalisme triomphant, ils ont fortement marqu\u00e9 le paysage francilien. Si la d\u00e9sindustrialisation a \u00e9t\u00e9 fatale \u00e0 beaucoup, d&#8217;autres, nombreux, ont \u00e9t\u00e9 r\u00e9habilit\u00e9s avant de recevoir une nouvelle affectation.<\/p>\n<p>Voici 100 r\u00e9alisations issues de ce patrimoine riche et prot\u00e9iforme dont les silhouettes imposantes et les sobres lignes architecturales s&#8217;inscrivent dans l&#8217;histoire m\u00e9morielle autant que dans la g\u00e9ographie du Grand Paris.<\/p>\n","protected":false},"excerpt":{"rendered":"<p>100 b\u00e2timents remarquables Paris, capitale industrielle ? Plus vraiment. Il demeure cependant assez de b\u00e2timents d&#8217;usine ou d&#8217;entrep\u00f4ts pour t\u00e9moigner d&#8217;un pass\u00e9 somme toute assez proche. Du coeur du XIXe si\u00e8cle \u00e0 nos jours sont apparus en effet des \u00e9difices nouveaux r\u00e9pondant aux exigences des syst\u00e8mes de production toujours en \u00e9volution. Modestes ateliers ou v\u00e9ritables [&hellip;]<\/p>\n","protected":false},"featured_media":35790,"template":"","meta":[],"product_cat":[2948,2950],"product_tag":[],"acf":[],"yoast_head":"<!-- This site is optimized with the Yoast SEO plugin v20.11 - https:\/\/yoast.com\/wordpress\/plugins\/seo\/ -->\n<title>Architectures industrielles : Paris et environs : 100 b\u00e2timents remarquables - Librairie 7L<\/title>\n<meta name=\"robots\" content=\"index, follow, max-snippet:-1, max-image-preview:large, max-video-preview:-1\" \/>\n<link rel=\"canonical\" href=\"https:\/\/librairie7l.com\/en\/produit\/architectures-industrielles-paris-et-environs-100-batiments-remarquables\/\" \/>\n<meta property=\"og:locale\" content=\"en_US\" \/>\n<meta property=\"og:type\" content=\"article\" \/>\n<meta property=\"og:title\" content=\"Architectures industrielles : Paris et environs : 100 b\u00e2timents remarquables - Librairie 7L\" \/>\n<meta property=\"og:description\" content=\"100 b\u00e2timents remarquables Paris, capitale industrielle ? Plus vraiment. Il demeure cependant assez de b\u00e2timents d&#8217;usine ou d&#8217;entrep\u00f4ts pour t\u00e9moigner d&#8217;un pass\u00e9 somme toute assez proche. Du coeur du XIXe si\u00e8cle \u00e0 nos jours sont apparus en effet des \u00e9difices nouveaux r\u00e9pondant aux exigences des syst\u00e8mes de production toujours en \u00e9volution. Modestes ateliers ou v\u00e9ritables [&hellip;]\" \/>\n<meta property=\"og:url\" content=\"https:\/\/librairie7l.com\/en\/produit\/architectures-industrielles-paris-et-environs-100-batiments-remarquables\/\" \/>\n<meta property=\"og:site_name\" content=\"Librairie 7L\" \/>\n<meta property=\"article:modified_time\" content=\"2026-04-27T23:27:16+00:00\" \/>\n<meta property=\"og:image\" content=\"https:\/\/librairie7l.com\/wp-content\/uploads\/2023\/06\/9782373952049_1_75.jpg\" \/>\n\t<meta property=\"og:image:width\" content=\"600\" \/>\n\t<meta property=\"og:image:height\" content=\"831\" \/>\n\t<meta property=\"og:image:type\" content=\"image\/jpeg\" \/>\n<meta name=\"twitter:card\" content=\"summary_large_image\" \/>\n<meta name=\"twitter:label1\" content=\"Est. reading time\" \/>\n\t<meta name=\"twitter:data1\" content=\"1 minute\" \/>\n<script type=\"application\/ld+json\" class=\"yoast-schema-graph\">{\"@context\":\"https:\/\/schema.org\",\"@graph\":[{\"@type\":\"WebPage\",\"@id\":\"https:\/\/librairie7l.com\/en\/produit\/architectures-industrielles-paris-et-environs-100-batiments-remarquables\/\",\"url\":\"https:\/\/librairie7l.com\/en\/produit\/architectures-industrielles-paris-et-environs-100-batiments-remarquables\/\",\"name\":\"Architectures industrielles : Paris et environs : 100 b\u00e2timents remarquables - Librairie 7L\",\"isPartOf\":{\"@id\":\"https:\/\/librairie7l.com\/en\/#website\"},\"datePublished\":\"2023-10-11T07:16:54+00:00\",\"dateModified\":\"2026-04-27T23:27:16+00:00\",\"breadcrumb\":{\"@id\":\"https:\/\/librairie7l.com\/en\/produit\/architectures-industrielles-paris-et-environs-100-batiments-remarquables\/#breadcrumb\"},\"inLanguage\":\"en-US\",\"potentialAction\":[{\"@type\":\"ReadAction\",\"target\":[\"https:\/\/librairie7l.com\/en\/produit\/architectures-industrielles-paris-et-environs-100-batiments-remarquables\/\"]}]},{\"@type\":\"BreadcrumbList\",\"@id\":\"https:\/\/librairie7l.com\/en\/produit\/architectures-industrielles-paris-et-environs-100-batiments-remarquables\/#breadcrumb\",\"itemListElement\":[{\"@type\":\"ListItem\",\"position\":1,\"name\":\"Accueil\",\"item\":\"https:\/\/librairie7l.com\/en\/\"},{\"@type\":\"ListItem\",\"position\":2,\"name\":\"Shop\",\"item\":\"https:\/\/librairie7l.com\/en\/shop\/\"},{\"@type\":\"ListItem\",\"position\":3,\"name\":\"ARCHITECTURES INDUSTRIELLES : PARIS ET ENVIRONS : 100 B\u00c2TIMENTS REMARQUABLES\"}]},{\"@type\":\"WebSite\",\"@id\":\"https:\/\/librairie7l.com\/en\/#website\",\"url\":\"https:\/\/librairie7l.com\/en\/\",\"name\":\"Librairie 7L\",\"description\":\"Librairie fond\u00e9e en 1999 par Karl Lagerfeld \u00e0 Paris\",\"publisher\":{\"@id\":\"https:\/\/librairie7l.com\/en\/#organization\"},\"potentialAction\":[{\"@type\":\"SearchAction\",\"target\":{\"@type\":\"EntryPoint\",\"urlTemplate\":\"https:\/\/librairie7l.com\/en\/?s={search_term_string}\"},\"query-input\":\"required name=search_term_string\"}],\"inLanguage\":\"en-US\"},{\"@type\":\"Organization\",\"@id\":\"https:\/\/librairie7l.com\/en\/#organization\",\"name\":\"Librairie 7L\",\"url\":\"https:\/\/librairie7l.com\/en\/\",\"logo\":{\"@type\":\"ImageObject\",\"inLanguage\":\"en-US\",\"@id\":\"https:\/\/librairie7l.com\/en\/#\/schema\/logo\/image\/\",\"url\":\"https:\/\/librairie7l.com\/wp-content\/uploads\/2022\/08\/logo-1.png\",\"contentUrl\":\"https:\/\/librairie7l.com\/wp-content\/uploads\/2022\/08\/logo-1.png\",\"width\":227,\"height\":301,\"caption\":\"Librairie 7L\"},\"image\":{\"@id\":\"https:\/\/librairie7l.com\/en\/#\/schema\/logo\/image\/\"}}]}<\/script>\n<!-- \/ Yoast SEO plugin. -->","yoast_head_json":{"title":"Architectures industrielles : Paris et environs : 100 b\u00e2timents remarquables - Librairie 7L","robots":{"index":"index","follow":"follow","max-snippet":"max-snippet:-1","max-image-preview":"max-image-preview:large","max-video-preview":"max-video-preview:-1"},"canonical":"https:\/\/librairie7l.com\/en\/produit\/architectures-industrielles-paris-et-environs-100-batiments-remarquables\/","og_locale":"en_US","og_type":"article","og_title":"Architectures industrielles : Paris et environs : 100 b\u00e2timents remarquables - Librairie 7L","og_description":"100 b\u00e2timents remarquables Paris, capitale industrielle ? Plus vraiment. Il demeure cependant assez de b\u00e2timents d&#8217;usine ou d&#8217;entrep\u00f4ts pour t\u00e9moigner d&#8217;un pass\u00e9 somme toute assez proche. Du coeur du XIXe si\u00e8cle \u00e0 nos jours sont apparus en effet des \u00e9difices nouveaux r\u00e9pondant aux exigences des syst\u00e8mes de production toujours en \u00e9volution. Modestes ateliers ou v\u00e9ritables [&hellip;]","og_url":"https:\/\/librairie7l.com\/en\/produit\/architectures-industrielles-paris-et-environs-100-batiments-remarquables\/","og_site_name":"Librairie 7L","article_modified_time":"2026-04-27T23:27:16+00:00","og_image":[{"width":600,"height":831,"url":"https:\/\/librairie7l.com\/wp-content\/uploads\/2023\/06\/9782373952049_1_75.jpg","type":"image\/jpeg"}],"twitter_card":"summary_large_image","twitter_misc":{"Est. reading time":"1 minute"},"schema":{"@context":"https:\/\/schema.org","@graph":[{"@type":"WebPage","@id":"https:\/\/librairie7l.com\/en\/produit\/architectures-industrielles-paris-et-environs-100-batiments-remarquables\/","url":"https:\/\/librairie7l.com\/en\/produit\/architectures-industrielles-paris-et-environs-100-batiments-remarquables\/","name":"Architectures industrielles : Paris et environs : 100 b\u00e2timents remarquables - Librairie 7L","isPartOf":{"@id":"https:\/\/librairie7l.com\/en\/#website"},"datePublished":"2023-10-11T07:16:54+00:00","dateModified":"2026-04-27T23:27:16+00:00","breadcrumb":{"@id":"https:\/\/librairie7l.com\/en\/produit\/architectures-industrielles-paris-et-environs-100-batiments-remarquables\/#breadcrumb"},"inLanguage":"en-US","potentialAction":[{"@type":"ReadAction","target":["https:\/\/librairie7l.com\/en\/produit\/architectures-industrielles-paris-et-environs-100-batiments-remarquables\/"]}]},{"@type":"BreadcrumbList","@id":"https:\/\/librairie7l.com\/en\/produit\/architectures-industrielles-paris-et-environs-100-batiments-remarquables\/#breadcrumb","itemListElement":[{"@type":"ListItem","position":1,"name":"Accueil","item":"https:\/\/librairie7l.com\/en\/"},{"@type":"ListItem","position":2,"name":"Shop","item":"https:\/\/librairie7l.com\/en\/shop\/"},{"@type":"ListItem","position":3,"name":"ARCHITECTURES INDUSTRIELLES : PARIS ET ENVIRONS : 100 B\u00c2TIMENTS REMARQUABLES"}]},{"@type":"WebSite","@id":"https:\/\/librairie7l.com\/en\/#website","url":"https:\/\/librairie7l.com\/en\/","name":"Librairie 7L","description":"Librairie fond\u00e9e en 1999 par Karl Lagerfeld \u00e0 Paris","publisher":{"@id":"https:\/\/librairie7l.com\/en\/#organization"},"potentialAction":[{"@type":"SearchAction","target":{"@type":"EntryPoint","urlTemplate":"https:\/\/librairie7l.com\/en\/?s={search_term_string}"},"query-input":"required name=search_term_string"}],"inLanguage":"en-US"},{"@type":"Organization","@id":"https:\/\/librairie7l.com\/en\/#organization","name":"Librairie 7L","url":"https:\/\/librairie7l.com\/en\/","logo":{"@type":"ImageObject","inLanguage":"en-US","@id":"https:\/\/librairie7l.com\/en\/#\/schema\/logo\/image\/","url":"https:\/\/librairie7l.com\/wp-content\/uploads\/2022\/08\/logo-1.png","contentUrl":"https:\/\/librairie7l.com\/wp-content\/uploads\/2022\/08\/logo-1.png","width":227,"height":301,"caption":"Librairie 7L"},"image":{"@id":"https:\/\/librairie7l.com\/en\/#\/schema\/logo\/image\/"}}]}},"_links":{"self":[{"href":"https:\/\/librairie7l.com\/en\/wp-json\/wp\/v2\/product\/35792"}],"collection":[{"href":"https:\/\/librairie7l.com\/en\/wp-json\/wp\/v2\/product"}],"about":[{"href":"https:\/\/librairie7l.com\/en\/wp-json\/wp\/v2\/types\/product"}],"wp:featuredmedia":[{"embeddable":true,"href":"https:\/\/librairie7l.com\/en\/wp-json\/wp\/v2\/media\/35790"}],"wp:attachment":[{"href":"https:\/\/librairie7l.com\/en\/wp-json\/wp\/v2\/media?parent=35792"}],"wp:term":[{"taxonomy":"product_cat","embeddable":true,"href":"https:\/\/librairie7l.com\/en\/wp-json\/wp\/v2\/product_cat?post=35792"},{"taxonomy":"product_tag","embeddable":true,"href":"https:\/\/librairie7l.com\/en\/wp-json\/wp\/v2\/product_tag?post=35792"}],"curies":[{"name":"wp","href":"https:\/\/api.w.org\/{rel}","templated":true}]}}