{"id":35796,"date":"2023-10-11T09:16:56","date_gmt":"2023-10-11T07:16:56","guid":{"rendered":"https:\/\/librairie7l.com\/?post_type=product&#038;p=35796"},"modified":"2026-04-18T01:19:08","modified_gmt":"2026-04-17T23:19:08","slug":"architectures-contemporaines-de-1990-a-nos-jours-paris-et-environs-100-batiments-remarquables","status":"publish","type":"product","link":"https:\/\/librairie7l.com\/en\/produit\/architectures-contemporaines-de-1990-a-nos-jours-paris-et-environs-100-batiments-remarquables\/","title":{"rendered":"ARCHITECTURES CONTEMPORAINES DE 1990 \u00c0 NOS JOURS : PARIS ET ENVIRONS : 100 B\u00c2TIMENTS REMARQUABLES"},"content":{"rendered":"<p>100 b\u00e2timents remarquables Qu&#8217;est-ce que l&#8217;architecture aujourd&#8217;hui ? Le passage en revue des trente derni\u00e8res ann\u00e9es montre qu&#8217;elle est changeante, plurielle, affranchie des dogmes. Elle ne saurait se r\u00e9sumer \u00e0 un style ou \u00e0 une \u00e9cole, l&#8217;\u00e9clectisme y est la r\u00e8gle. Elle s&#8217;illustre dans des formes innovantes, organiques ou  d\u00e9construites , parfois \u00e0 grand renfort de brisures, d&#8217;excroissances ou de d\u00e9saxements. Elle bouscule au besoin la r\u00e9glementation des hauteurs mais s&#8217;incarne aussi dans des r\u00e9habilitations plus accord\u00e9es aux exigences du d\u00e9veloppement durable. La cr\u00e9ation architecturale \u00e0 Paris est port\u00e9e par des noms au rayonnement international, tels David Chipperfield, Frank Gehry, Jean Nouvel, Renzo Piano ou Christian de Portzamparc, comme par une pl\u00e9iade de petites agences inventives.<\/p>\n<p>Voici 100 de leurs r\u00e9alisations les plus remarquables, nouvelles venues dans le paysage parisien.<\/p>\n","protected":false},"excerpt":{"rendered":"<p>100 b\u00e2timents remarquables Qu&#8217;est-ce que l&#8217;architecture aujourd&#8217;hui ? Le passage en revue des trente derni\u00e8res ann\u00e9es montre qu&#8217;elle est changeante, plurielle, affranchie des dogmes. Elle ne saurait se r\u00e9sumer \u00e0 un style ou \u00e0 une \u00e9cole, l&#8217;\u00e9clectisme y est la r\u00e8gle. Elle s&#8217;illustre dans des formes innovantes, organiques ou d\u00e9construites , parfois \u00e0 grand renfort [&hellip;]<\/p>\n","protected":false},"featured_media":35794,"template":"","meta":[],"product_cat":[2948,2950],"product_tag":[],"acf":[],"yoast_head":"<!-- This site is optimized with the Yoast SEO plugin v20.11 - https:\/\/yoast.com\/wordpress\/plugins\/seo\/ -->\n<title>Architectures contemporaines de 1990 \u00e0 nos jours : Paris et environs : 100 b\u00e2timents remarquables - Librairie 7L<\/title>\n<meta name=\"robots\" content=\"index, follow, max-snippet:-1, max-image-preview:large, max-video-preview:-1\" \/>\n<link rel=\"canonical\" href=\"https:\/\/librairie7l.com\/en\/produit\/architectures-contemporaines-de-1990-a-nos-jours-paris-et-environs-100-batiments-remarquables\/\" \/>\n<meta property=\"og:locale\" content=\"en_US\" \/>\n<meta property=\"og:type\" content=\"article\" \/>\n<meta property=\"og:title\" content=\"Architectures contemporaines de 1990 \u00e0 nos jours : Paris et environs : 100 b\u00e2timents remarquables - Librairie 7L\" \/>\n<meta property=\"og:description\" content=\"100 b\u00e2timents remarquables Qu&#8217;est-ce que l&#8217;architecture aujourd&#8217;hui ? Le passage en revue des trente derni\u00e8res ann\u00e9es montre qu&#8217;elle est changeante, plurielle, affranchie des dogmes. Elle ne saurait se r\u00e9sumer \u00e0 un style ou \u00e0 une \u00e9cole, l&#8217;\u00e9clectisme y est la r\u00e8gle. Elle s&#8217;illustre dans des formes innovantes, organiques ou d\u00e9construites , parfois \u00e0 grand renfort [&hellip;]\" \/>\n<meta property=\"og:url\" content=\"https:\/\/librairie7l.com\/en\/produit\/architectures-contemporaines-de-1990-a-nos-jours-paris-et-environs-100-batiments-remarquables\/\" \/>\n<meta property=\"og:site_name\" content=\"Librairie 7L\" \/>\n<meta property=\"article:modified_time\" content=\"2026-04-17T23:19:08+00:00\" \/>\n<meta property=\"og:image\" content=\"https:\/\/librairie7l.com\/wp-content\/uploads\/2023\/06\/9782373952148_1_75.jpg\" \/>\n\t<meta property=\"og:image:width\" content=\"600\" \/>\n\t<meta property=\"og:image:height\" content=\"830\" \/>\n\t<meta property=\"og:image:type\" content=\"image\/jpeg\" \/>\n<meta name=\"twitter:card\" content=\"summary_large_image\" \/>\n<meta name=\"twitter:label1\" content=\"Est. reading time\" \/>\n\t<meta name=\"twitter:data1\" content=\"1 minute\" \/>\n<script type=\"application\/ld+json\" class=\"yoast-schema-graph\">{\"@context\":\"https:\/\/schema.org\",\"@graph\":[{\"@type\":\"WebPage\",\"@id\":\"https:\/\/librairie7l.com\/en\/produit\/architectures-contemporaines-de-1990-a-nos-jours-paris-et-environs-100-batiments-remarquables\/\",\"url\":\"https:\/\/librairie7l.com\/en\/produit\/architectures-contemporaines-de-1990-a-nos-jours-paris-et-environs-100-batiments-remarquables\/\",\"name\":\"Architectures contemporaines de 1990 \u00e0 nos jours : Paris et environs : 100 b\u00e2timents remarquables - Librairie 7L\",\"isPartOf\":{\"@id\":\"https:\/\/librairie7l.com\/en\/#website\"},\"datePublished\":\"2023-10-11T07:16:56+00:00\",\"dateModified\":\"2026-04-17T23:19:08+00:00\",\"breadcrumb\":{\"@id\":\"https:\/\/librairie7l.com\/en\/produit\/architectures-contemporaines-de-1990-a-nos-jours-paris-et-environs-100-batiments-remarquables\/#breadcrumb\"},\"inLanguage\":\"en-US\",\"potentialAction\":[{\"@type\":\"ReadAction\",\"target\":[\"https:\/\/librairie7l.com\/en\/produit\/architectures-contemporaines-de-1990-a-nos-jours-paris-et-environs-100-batiments-remarquables\/\"]}]},{\"@type\":\"BreadcrumbList\",\"@id\":\"https:\/\/librairie7l.com\/en\/produit\/architectures-contemporaines-de-1990-a-nos-jours-paris-et-environs-100-batiments-remarquables\/#breadcrumb\",\"itemListElement\":[{\"@type\":\"ListItem\",\"position\":1,\"name\":\"Accueil\",\"item\":\"https:\/\/librairie7l.com\/en\/\"},{\"@type\":\"ListItem\",\"position\":2,\"name\":\"Shop\",\"item\":\"https:\/\/librairie7l.com\/en\/shop\/\"},{\"@type\":\"ListItem\",\"position\":3,\"name\":\"ARCHITECTURES CONTEMPORAINES DE 1990 \u00c0 NOS JOURS : PARIS ET ENVIRONS : 100 B\u00c2TIMENTS REMARQUABLES\"}]},{\"@type\":\"WebSite\",\"@id\":\"https:\/\/librairie7l.com\/en\/#website\",\"url\":\"https:\/\/librairie7l.com\/en\/\",\"name\":\"Librairie 7L\",\"description\":\"Librairie fond\u00e9e en 1999 par Karl Lagerfeld \u00e0 Paris\",\"publisher\":{\"@id\":\"https:\/\/librairie7l.com\/en\/#organization\"},\"potentialAction\":[{\"@type\":\"SearchAction\",\"target\":{\"@type\":\"EntryPoint\",\"urlTemplate\":\"https:\/\/librairie7l.com\/en\/?s={search_term_string}\"},\"query-input\":\"required name=search_term_string\"}],\"inLanguage\":\"en-US\"},{\"@type\":\"Organization\",\"@id\":\"https:\/\/librairie7l.com\/en\/#organization\",\"name\":\"Librairie 7L\",\"url\":\"https:\/\/librairie7l.com\/en\/\",\"logo\":{\"@type\":\"ImageObject\",\"inLanguage\":\"en-US\",\"@id\":\"https:\/\/librairie7l.com\/en\/#\/schema\/logo\/image\/\",\"url\":\"https:\/\/librairie7l.com\/wp-content\/uploads\/2022\/08\/logo-1.png\",\"contentUrl\":\"https:\/\/librairie7l.com\/wp-content\/uploads\/2022\/08\/logo-1.png\",\"width\":227,\"height\":301,\"caption\":\"Librairie 7L\"},\"image\":{\"@id\":\"https:\/\/librairie7l.com\/en\/#\/schema\/logo\/image\/\"}}]}<\/script>\n<!-- \/ Yoast SEO plugin. -->","yoast_head_json":{"title":"Architectures contemporaines de 1990 \u00e0 nos jours : Paris et environs : 100 b\u00e2timents remarquables - Librairie 7L","robots":{"index":"index","follow":"follow","max-snippet":"max-snippet:-1","max-image-preview":"max-image-preview:large","max-video-preview":"max-video-preview:-1"},"canonical":"https:\/\/librairie7l.com\/en\/produit\/architectures-contemporaines-de-1990-a-nos-jours-paris-et-environs-100-batiments-remarquables\/","og_locale":"en_US","og_type":"article","og_title":"Architectures contemporaines de 1990 \u00e0 nos jours : Paris et environs : 100 b\u00e2timents remarquables - Librairie 7L","og_description":"100 b\u00e2timents remarquables Qu&#8217;est-ce que l&#8217;architecture aujourd&#8217;hui ? Le passage en revue des trente derni\u00e8res ann\u00e9es montre qu&#8217;elle est changeante, plurielle, affranchie des dogmes. Elle ne saurait se r\u00e9sumer \u00e0 un style ou \u00e0 une \u00e9cole, l&#8217;\u00e9clectisme y est la r\u00e8gle. Elle s&#8217;illustre dans des formes innovantes, organiques ou d\u00e9construites , parfois \u00e0 grand renfort [&hellip;]","og_url":"https:\/\/librairie7l.com\/en\/produit\/architectures-contemporaines-de-1990-a-nos-jours-paris-et-environs-100-batiments-remarquables\/","og_site_name":"Librairie 7L","article_modified_time":"2026-04-17T23:19:08+00:00","og_image":[{"width":600,"height":830,"url":"https:\/\/librairie7l.com\/wp-content\/uploads\/2023\/06\/9782373952148_1_75.jpg","type":"image\/jpeg"}],"twitter_card":"summary_large_image","twitter_misc":{"Est. reading time":"1 minute"},"schema":{"@context":"https:\/\/schema.org","@graph":[{"@type":"WebPage","@id":"https:\/\/librairie7l.com\/en\/produit\/architectures-contemporaines-de-1990-a-nos-jours-paris-et-environs-100-batiments-remarquables\/","url":"https:\/\/librairie7l.com\/en\/produit\/architectures-contemporaines-de-1990-a-nos-jours-paris-et-environs-100-batiments-remarquables\/","name":"Architectures contemporaines de 1990 \u00e0 nos jours : Paris et environs : 100 b\u00e2timents remarquables - Librairie 7L","isPartOf":{"@id":"https:\/\/librairie7l.com\/en\/#website"},"datePublished":"2023-10-11T07:16:56+00:00","dateModified":"2026-04-17T23:19:08+00:00","breadcrumb":{"@id":"https:\/\/librairie7l.com\/en\/produit\/architectures-contemporaines-de-1990-a-nos-jours-paris-et-environs-100-batiments-remarquables\/#breadcrumb"},"inLanguage":"en-US","potentialAction":[{"@type":"ReadAction","target":["https:\/\/librairie7l.com\/en\/produit\/architectures-contemporaines-de-1990-a-nos-jours-paris-et-environs-100-batiments-remarquables\/"]}]},{"@type":"BreadcrumbList","@id":"https:\/\/librairie7l.com\/en\/produit\/architectures-contemporaines-de-1990-a-nos-jours-paris-et-environs-100-batiments-remarquables\/#breadcrumb","itemListElement":[{"@type":"ListItem","position":1,"name":"Accueil","item":"https:\/\/librairie7l.com\/en\/"},{"@type":"ListItem","position":2,"name":"Shop","item":"https:\/\/librairie7l.com\/en\/shop\/"},{"@type":"ListItem","position":3,"name":"ARCHITECTURES CONTEMPORAINES DE 1990 \u00c0 NOS JOURS : PARIS ET ENVIRONS : 100 B\u00c2TIMENTS REMARQUABLES"}]},{"@type":"WebSite","@id":"https:\/\/librairie7l.com\/en\/#website","url":"https:\/\/librairie7l.com\/en\/","name":"Librairie 7L","description":"Librairie fond\u00e9e en 1999 par Karl Lagerfeld \u00e0 Paris","publisher":{"@id":"https:\/\/librairie7l.com\/en\/#organization"},"potentialAction":[{"@type":"SearchAction","target":{"@type":"EntryPoint","urlTemplate":"https:\/\/librairie7l.com\/en\/?s={search_term_string}"},"query-input":"required name=search_term_string"}],"inLanguage":"en-US"},{"@type":"Organization","@id":"https:\/\/librairie7l.com\/en\/#organization","name":"Librairie 7L","url":"https:\/\/librairie7l.com\/en\/","logo":{"@type":"ImageObject","inLanguage":"en-US","@id":"https:\/\/librairie7l.com\/en\/#\/schema\/logo\/image\/","url":"https:\/\/librairie7l.com\/wp-content\/uploads\/2022\/08\/logo-1.png","contentUrl":"https:\/\/librairie7l.com\/wp-content\/uploads\/2022\/08\/logo-1.png","width":227,"height":301,"caption":"Librairie 7L"},"image":{"@id":"https:\/\/librairie7l.com\/en\/#\/schema\/logo\/image\/"}}]}},"_links":{"self":[{"href":"https:\/\/librairie7l.com\/en\/wp-json\/wp\/v2\/product\/35796"}],"collection":[{"href":"https:\/\/librairie7l.com\/en\/wp-json\/wp\/v2\/product"}],"about":[{"href":"https:\/\/librairie7l.com\/en\/wp-json\/wp\/v2\/types\/product"}],"wp:featuredmedia":[{"embeddable":true,"href":"https:\/\/librairie7l.com\/en\/wp-json\/wp\/v2\/media\/35794"}],"wp:attachment":[{"href":"https:\/\/librairie7l.com\/en\/wp-json\/wp\/v2\/media?parent=35796"}],"wp:term":[{"taxonomy":"product_cat","embeddable":true,"href":"https:\/\/librairie7l.com\/en\/wp-json\/wp\/v2\/product_cat?post=35796"},{"taxonomy":"product_tag","embeddable":true,"href":"https:\/\/librairie7l.com\/en\/wp-json\/wp\/v2\/product_tag?post=35796"}],"curies":[{"name":"wp","href":"https:\/\/api.w.org\/{rel}","templated":true}]}}