{"id":35874,"date":"2023-10-12T09:16:59","date_gmt":"2023-10-12T07:16:59","guid":{"rendered":"https:\/\/librairie7l.com\/?post_type=product&#038;p=35874"},"modified":"2026-04-22T05:01:32","modified_gmt":"2026-04-22T03:01:32","slug":"chroniques-de-loiseau-perdu","status":"publish","type":"product","link":"https:\/\/librairie7l.com\/en\/produit\/chroniques-de-loiseau-perdu\/","title":{"rendered":"CHRONIQUES DE L&#8217;OISEAU PERDU"},"content":{"rendered":"<p>Les images de la photographe Christine Lefebvre semblent plus arrim\u00e9es au corps qu&#8217;au langage. Elles s&#8217;apparentent \u00e0 des champs magn\u00e9tiques qui convergent des forces, affectent leurs sens et leurs directions. L&#8217;artiste les d\u00e9ploie entre les pages d&#8217;un livre qu&#8217;elle a construit comme un po\u00e8me, ses espaces blancs les exposant \u00e0 l&#8217;ouverture du sens. Les photographies sont des visions arrach\u00e9es \u00e0 l&#8217;\u00e9coulement du temps. Lors de ses promenades, loin de la ville et des hommes, ce que la photographe sent monter comme une s\u00e8ve au contact d&#8217;un arbre, d&#8217;une falaise ou d&#8217;un glacier se fixe \u00e0 main lev\u00e9e, en quelques secondes et par fragments impulsifs.<br \/>\n Le choix de l&#8217;oiseau comme protagoniste de ses chroniques provient du souvenir de lecture d&#8217;un c\u00e9l\u00e8bre conte mystique persan \u00e9crit au XIe si\u00e8cle. La Conf\u00e9rence des oiseaux raconte l&#8217;\u00e9pop\u00e9e d&#8217;un groupe d&#8217;oiseaux perdus, en qu\u00eate de v\u00e9rit\u00e9. Les photographies pr\u00e9sentent des paysages imm\u00e9moriaux rythm\u00e9s par les battements d&#8217;ailes des oiseaux, contrastant avec les solides reliefs de paysages p\u00e9trifi\u00e9s.<br \/>\n Elle est ce r\u00eave de pierre qu&#8217;\u00e9voqua Baudelaire, t\u00e9moin d&#8217;une r\u00e9volution o\u00f9 la terre, source premi\u00e8re de toute cr\u00e9ation, perdait son aura et se figeait en objet. L&#8217;oeuvre de Lefebvre est une \u00e9l\u00e9gie, mais compose aussi une ode \u00e0 une nature restauratrice des liens avec les cycles, avec le rythme des saisons. [extraits] Marguerite Pilven Ce livre de photographie captivant de Christine Lefebvre, nous transporte dans un monde de beaut\u00e9, de tristesse et de nostalgie. Les images saisissantes captur\u00e9es dans ce livre racontent l&#8217;histoire de la nature, de la vie et de la mort, tout en c\u00e9l\u00e9brant la beaut\u00e9 fragile de notre monde.<br \/>\n Les photographies de Lefebvre sont po\u00e9tiques dans leur composition, leur lumi\u00e8re et leur texture. Chaque image est une histoire en soi, racontant une histoire unique de la nature qui se transforme, de la faune et de la flore qui disparaissent. Les nuances de couleurs et les textures sont magnifiques, offrant un v\u00e9ritable plaisir visuel. En r\u00e9sum\u00e9, Chronique de l&#8217;oiseau perdu est un livre de photographie sensible et captivant. C&#8217;est un v\u00e9ritable hommage \u00e0 la nature et \u00e0 la vie.<br \/>\n En 2017 Filigranes \u00e0 publi\u00e9 l&#8217;ouvrage L&#8217;entre temps de Christine Lefebvre.<\/p>\n","protected":false},"excerpt":{"rendered":"<p>Les images de la photographe Christine Lefebvre semblent plus arrim\u00e9es au corps qu&#8217;au langage. Elles s&#8217;apparentent \u00e0 des champs magn\u00e9tiques qui convergent des forces, affectent leurs sens et leurs directions. L&#8217;artiste les d\u00e9ploie entre les pages d&#8217;un livre qu&#8217;elle a construit comme un po\u00e8me, ses espaces blancs les exposant \u00e0 l&#8217;ouverture du sens. Les photographies [&hellip;]<\/p>\n","protected":false},"featured_media":35872,"template":"","meta":[],"product_cat":[2948,2958],"product_tag":[],"acf":[],"yoast_head":"<!-- This site is optimized with the Yoast SEO plugin v20.11 - https:\/\/yoast.com\/wordpress\/plugins\/seo\/ -->\n<title>Chroniques de l&#039;oiseau perdu - Librairie 7L<\/title>\n<meta name=\"robots\" content=\"index, follow, max-snippet:-1, max-image-preview:large, max-video-preview:-1\" \/>\n<link rel=\"canonical\" href=\"https:\/\/librairie7l.com\/en\/produit\/chroniques-de-loiseau-perdu\/\" \/>\n<meta property=\"og:locale\" content=\"en_US\" \/>\n<meta property=\"og:type\" content=\"article\" \/>\n<meta property=\"og:title\" content=\"Chroniques de l&#039;oiseau perdu - Librairie 7L\" \/>\n<meta property=\"og:description\" content=\"Les images de la photographe Christine Lefebvre semblent plus arrim\u00e9es au corps qu&#8217;au langage. Elles s&#8217;apparentent \u00e0 des champs magn\u00e9tiques qui convergent des forces, affectent leurs sens et leurs directions. L&#8217;artiste les d\u00e9ploie entre les pages d&#8217;un livre qu&#8217;elle a construit comme un po\u00e8me, ses espaces blancs les exposant \u00e0 l&#8217;ouverture du sens. Les photographies [&hellip;]\" \/>\n<meta property=\"og:url\" content=\"https:\/\/librairie7l.com\/en\/produit\/chroniques-de-loiseau-perdu\/\" \/>\n<meta property=\"og:site_name\" content=\"Librairie 7L\" \/>\n<meta property=\"article:modified_time\" content=\"2026-04-22T03:01:32+00:00\" \/>\n<meta property=\"og:image\" content=\"https:\/\/librairie7l.com\/wp-content\/uploads\/2023\/05\/9782350466057_1_75.jpg\" \/>\n\t<meta property=\"og:image:width\" content=\"600\" \/>\n\t<meta property=\"og:image:height\" content=\"913\" \/>\n\t<meta property=\"og:image:type\" content=\"image\/jpeg\" \/>\n<meta name=\"twitter:card\" content=\"summary_large_image\" \/>\n<meta name=\"twitter:label1\" content=\"Est. reading time\" \/>\n\t<meta name=\"twitter:data1\" content=\"2 minutes\" \/>\n<script type=\"application\/ld+json\" class=\"yoast-schema-graph\">{\"@context\":\"https:\/\/schema.org\",\"@graph\":[{\"@type\":\"WebPage\",\"@id\":\"https:\/\/librairie7l.com\/en\/produit\/chroniques-de-loiseau-perdu\/\",\"url\":\"https:\/\/librairie7l.com\/en\/produit\/chroniques-de-loiseau-perdu\/\",\"name\":\"Chroniques de l'oiseau perdu - Librairie 7L\",\"isPartOf\":{\"@id\":\"https:\/\/librairie7l.com\/en\/#website\"},\"datePublished\":\"2023-10-12T07:16:59+00:00\",\"dateModified\":\"2026-04-22T03:01:32+00:00\",\"breadcrumb\":{\"@id\":\"https:\/\/librairie7l.com\/en\/produit\/chroniques-de-loiseau-perdu\/#breadcrumb\"},\"inLanguage\":\"en-US\",\"potentialAction\":[{\"@type\":\"ReadAction\",\"target\":[\"https:\/\/librairie7l.com\/en\/produit\/chroniques-de-loiseau-perdu\/\"]}]},{\"@type\":\"BreadcrumbList\",\"@id\":\"https:\/\/librairie7l.com\/en\/produit\/chroniques-de-loiseau-perdu\/#breadcrumb\",\"itemListElement\":[{\"@type\":\"ListItem\",\"position\":1,\"name\":\"Accueil\",\"item\":\"https:\/\/librairie7l.com\/en\/\"},{\"@type\":\"ListItem\",\"position\":2,\"name\":\"Shop\",\"item\":\"https:\/\/librairie7l.com\/en\/shop\/\"},{\"@type\":\"ListItem\",\"position\":3,\"name\":\"CHRONIQUES DE L&#8217;OISEAU PERDU\"}]},{\"@type\":\"WebSite\",\"@id\":\"https:\/\/librairie7l.com\/en\/#website\",\"url\":\"https:\/\/librairie7l.com\/en\/\",\"name\":\"Librairie 7L\",\"description\":\"Librairie fond\u00e9e en 1999 par Karl Lagerfeld \u00e0 Paris\",\"publisher\":{\"@id\":\"https:\/\/librairie7l.com\/en\/#organization\"},\"potentialAction\":[{\"@type\":\"SearchAction\",\"target\":{\"@type\":\"EntryPoint\",\"urlTemplate\":\"https:\/\/librairie7l.com\/en\/?s={search_term_string}\"},\"query-input\":\"required name=search_term_string\"}],\"inLanguage\":\"en-US\"},{\"@type\":\"Organization\",\"@id\":\"https:\/\/librairie7l.com\/en\/#organization\",\"name\":\"Librairie 7L\",\"url\":\"https:\/\/librairie7l.com\/en\/\",\"logo\":{\"@type\":\"ImageObject\",\"inLanguage\":\"en-US\",\"@id\":\"https:\/\/librairie7l.com\/en\/#\/schema\/logo\/image\/\",\"url\":\"https:\/\/librairie7l.com\/wp-content\/uploads\/2022\/08\/logo-1.png\",\"contentUrl\":\"https:\/\/librairie7l.com\/wp-content\/uploads\/2022\/08\/logo-1.png\",\"width\":227,\"height\":301,\"caption\":\"Librairie 7L\"},\"image\":{\"@id\":\"https:\/\/librairie7l.com\/en\/#\/schema\/logo\/image\/\"}}]}<\/script>\n<!-- \/ Yoast SEO plugin. -->","yoast_head_json":{"title":"Chroniques de l'oiseau perdu - Librairie 7L","robots":{"index":"index","follow":"follow","max-snippet":"max-snippet:-1","max-image-preview":"max-image-preview:large","max-video-preview":"max-video-preview:-1"},"canonical":"https:\/\/librairie7l.com\/en\/produit\/chroniques-de-loiseau-perdu\/","og_locale":"en_US","og_type":"article","og_title":"Chroniques de l'oiseau perdu - Librairie 7L","og_description":"Les images de la photographe Christine Lefebvre semblent plus arrim\u00e9es au corps qu&#8217;au langage. Elles s&#8217;apparentent \u00e0 des champs magn\u00e9tiques qui convergent des forces, affectent leurs sens et leurs directions. L&#8217;artiste les d\u00e9ploie entre les pages d&#8217;un livre qu&#8217;elle a construit comme un po\u00e8me, ses espaces blancs les exposant \u00e0 l&#8217;ouverture du sens. Les photographies [&hellip;]","og_url":"https:\/\/librairie7l.com\/en\/produit\/chroniques-de-loiseau-perdu\/","og_site_name":"Librairie 7L","article_modified_time":"2026-04-22T03:01:32+00:00","og_image":[{"width":600,"height":913,"url":"https:\/\/librairie7l.com\/wp-content\/uploads\/2023\/05\/9782350466057_1_75.jpg","type":"image\/jpeg"}],"twitter_card":"summary_large_image","twitter_misc":{"Est. reading time":"2 minutes"},"schema":{"@context":"https:\/\/schema.org","@graph":[{"@type":"WebPage","@id":"https:\/\/librairie7l.com\/en\/produit\/chroniques-de-loiseau-perdu\/","url":"https:\/\/librairie7l.com\/en\/produit\/chroniques-de-loiseau-perdu\/","name":"Chroniques de l'oiseau perdu - Librairie 7L","isPartOf":{"@id":"https:\/\/librairie7l.com\/en\/#website"},"datePublished":"2023-10-12T07:16:59+00:00","dateModified":"2026-04-22T03:01:32+00:00","breadcrumb":{"@id":"https:\/\/librairie7l.com\/en\/produit\/chroniques-de-loiseau-perdu\/#breadcrumb"},"inLanguage":"en-US","potentialAction":[{"@type":"ReadAction","target":["https:\/\/librairie7l.com\/en\/produit\/chroniques-de-loiseau-perdu\/"]}]},{"@type":"BreadcrumbList","@id":"https:\/\/librairie7l.com\/en\/produit\/chroniques-de-loiseau-perdu\/#breadcrumb","itemListElement":[{"@type":"ListItem","position":1,"name":"Accueil","item":"https:\/\/librairie7l.com\/en\/"},{"@type":"ListItem","position":2,"name":"Shop","item":"https:\/\/librairie7l.com\/en\/shop\/"},{"@type":"ListItem","position":3,"name":"CHRONIQUES DE L&#8217;OISEAU PERDU"}]},{"@type":"WebSite","@id":"https:\/\/librairie7l.com\/en\/#website","url":"https:\/\/librairie7l.com\/en\/","name":"Librairie 7L","description":"Librairie fond\u00e9e en 1999 par Karl Lagerfeld \u00e0 Paris","publisher":{"@id":"https:\/\/librairie7l.com\/en\/#organization"},"potentialAction":[{"@type":"SearchAction","target":{"@type":"EntryPoint","urlTemplate":"https:\/\/librairie7l.com\/en\/?s={search_term_string}"},"query-input":"required name=search_term_string"}],"inLanguage":"en-US"},{"@type":"Organization","@id":"https:\/\/librairie7l.com\/en\/#organization","name":"Librairie 7L","url":"https:\/\/librairie7l.com\/en\/","logo":{"@type":"ImageObject","inLanguage":"en-US","@id":"https:\/\/librairie7l.com\/en\/#\/schema\/logo\/image\/","url":"https:\/\/librairie7l.com\/wp-content\/uploads\/2022\/08\/logo-1.png","contentUrl":"https:\/\/librairie7l.com\/wp-content\/uploads\/2022\/08\/logo-1.png","width":227,"height":301,"caption":"Librairie 7L"},"image":{"@id":"https:\/\/librairie7l.com\/en\/#\/schema\/logo\/image\/"}}]}},"_links":{"self":[{"href":"https:\/\/librairie7l.com\/en\/wp-json\/wp\/v2\/product\/35874"}],"collection":[{"href":"https:\/\/librairie7l.com\/en\/wp-json\/wp\/v2\/product"}],"about":[{"href":"https:\/\/librairie7l.com\/en\/wp-json\/wp\/v2\/types\/product"}],"wp:featuredmedia":[{"embeddable":true,"href":"https:\/\/librairie7l.com\/en\/wp-json\/wp\/v2\/media\/35872"}],"wp:attachment":[{"href":"https:\/\/librairie7l.com\/en\/wp-json\/wp\/v2\/media?parent=35874"}],"wp:term":[{"taxonomy":"product_cat","embeddable":true,"href":"https:\/\/librairie7l.com\/en\/wp-json\/wp\/v2\/product_cat?post=35874"},{"taxonomy":"product_tag","embeddable":true,"href":"https:\/\/librairie7l.com\/en\/wp-json\/wp\/v2\/product_tag?post=35874"}],"curies":[{"name":"wp","href":"https:\/\/api.w.org\/{rel}","templated":true}]}}