{"id":35886,"date":"2023-10-14T09:17:02","date_gmt":"2023-10-14T07:17:02","guid":{"rendered":"https:\/\/librairie7l.com\/?post_type=product&#038;p=35886"},"modified":"2026-04-22T03:23:14","modified_gmt":"2026-04-22T01:23:14","slug":"mark-steinmetz-irina-rozovsky-insieme","status":"publish","type":"product","link":"https:\/\/librairie7l.com\/en\/produit\/mark-steinmetz-irina-rozovsky-insieme\/","title":{"rendered":"MARK STEINMETZ \/ IRINA ROZOVSKY : INSIEME"},"content":{"rendered":"<p>En 2021, Irina Rozovsky et Mark Steinmetz ont \u00e9t\u00e9 invit\u00e9s \u00e0 photographier l&#8217;Italie. Ils ont s\u00e9journ\u00e9 \u00e0 Castelfranco Veneto en V\u00e9n\u00e9tie et \u00e0 Lecce dans les Pouilles, s&#8217;int\u00e9ressant au th\u00e8me de la nature et de sa mani\u00e8re de conditionner notre regard. Ce volume rassemble une s\u00e9lection d&#8217;images des deux artistes r\u00e9alis\u00e9es dans les deux r\u00e9gions \u00e9loign\u00e9es l&#8217;une de l&#8217;autre, des lieux o\u00f9 la nature se manifeste sous des formes expressives diff\u00e9rentes. Insieme (ensemble) est l&#8217;interpr\u00e9tation de cette exp\u00e9rience compos\u00e9e comme un journal intime. Proposant un double regard qui tisse d\u00e9licatement la trame narrative, les photographies de Rozovsky et Steinmetz se c\u00f4toient et se succ\u00e8dent, alternent et se r\u00e9pondent selon un rythme discontinu et fluctuant, comme les \u00e9pisodes de la vie. Tendant \u00e0 saisir des \u00e9v\u00e9nements impr\u00e9vus et des rencontres singuli\u00e8res, mais surtout les instants d&#8217;un quotidien v\u00e9cu ensemble, les images d\u00e9notent une familiarit\u00e9 particuli\u00e8re avec les lieux travers\u00e9s et en r\u00e9v\u00e8lent l&#8217;authenticit\u00e9 naturelle.<\/p>\n","protected":false},"excerpt":{"rendered":"<p>En 2021, Irina Rozovsky et Mark Steinmetz ont \u00e9t\u00e9 invit\u00e9s \u00e0 photographier l&#8217;Italie. Ils ont s\u00e9journ\u00e9 \u00e0 Castelfranco Veneto en V\u00e9n\u00e9tie et \u00e0 Lecce dans les Pouilles, s&#8217;int\u00e9ressant au th\u00e8me de la nature et de sa mani\u00e8re de conditionner notre regard. Ce volume rassemble une s\u00e9lection d&#8217;images des deux artistes r\u00e9alis\u00e9es dans les deux r\u00e9gions [&hellip;]<\/p>\n","protected":false},"featured_media":36665,"template":"","meta":[],"product_cat":[2948,2958],"product_tag":[],"acf":[],"yoast_head":"<!-- This site is optimized with the Yoast SEO plugin v20.11 - https:\/\/yoast.com\/wordpress\/plugins\/seo\/ -->\n<title>Mark Steinmetz \/ Irina Rozovsky : insieme - Librairie 7L<\/title>\n<meta name=\"robots\" content=\"index, follow, max-snippet:-1, max-image-preview:large, max-video-preview:-1\" \/>\n<link rel=\"canonical\" href=\"https:\/\/librairie7l.com\/en\/produit\/mark-steinmetz-irina-rozovsky-insieme\/\" \/>\n<meta property=\"og:locale\" content=\"en_US\" \/>\n<meta property=\"og:type\" content=\"article\" \/>\n<meta property=\"og:title\" content=\"Mark Steinmetz \/ Irina Rozovsky : insieme - Librairie 7L\" \/>\n<meta property=\"og:description\" content=\"En 2021, Irina Rozovsky et Mark Steinmetz ont \u00e9t\u00e9 invit\u00e9s \u00e0 photographier l&#8217;Italie. Ils ont s\u00e9journ\u00e9 \u00e0 Castelfranco Veneto en V\u00e9n\u00e9tie et \u00e0 Lecce dans les Pouilles, s&#8217;int\u00e9ressant au th\u00e8me de la nature et de sa mani\u00e8re de conditionner notre regard. Ce volume rassemble une s\u00e9lection d&#8217;images des deux artistes r\u00e9alis\u00e9es dans les deux r\u00e9gions [&hellip;]\" \/>\n<meta property=\"og:url\" content=\"https:\/\/librairie7l.com\/en\/produit\/mark-steinmetz-irina-rozovsky-insieme\/\" \/>\n<meta property=\"og:site_name\" content=\"Librairie 7L\" \/>\n<meta property=\"article:modified_time\" content=\"2026-04-22T01:23:14+00:00\" \/>\n<meta property=\"og:image\" content=\"https:\/\/librairie7l.com\/wp-content\/uploads\/2023\/09\/9791096383399_1_75.jpg\" \/>\n\t<meta property=\"og:image:width\" content=\"390\" \/>\n\t<meta property=\"og:image:height\" content=\"500\" \/>\n\t<meta property=\"og:image:type\" content=\"image\/jpeg\" \/>\n<meta name=\"twitter:card\" content=\"summary_large_image\" \/>\n<meta name=\"twitter:label1\" content=\"Est. reading time\" \/>\n\t<meta name=\"twitter:data1\" content=\"1 minute\" \/>\n<script type=\"application\/ld+json\" class=\"yoast-schema-graph\">{\"@context\":\"https:\/\/schema.org\",\"@graph\":[{\"@type\":\"WebPage\",\"@id\":\"https:\/\/librairie7l.com\/en\/produit\/mark-steinmetz-irina-rozovsky-insieme\/\",\"url\":\"https:\/\/librairie7l.com\/en\/produit\/mark-steinmetz-irina-rozovsky-insieme\/\",\"name\":\"Mark Steinmetz \/ Irina Rozovsky : insieme - Librairie 7L\",\"isPartOf\":{\"@id\":\"https:\/\/librairie7l.com\/en\/#website\"},\"datePublished\":\"2023-10-14T07:17:02+00:00\",\"dateModified\":\"2026-04-22T01:23:14+00:00\",\"breadcrumb\":{\"@id\":\"https:\/\/librairie7l.com\/en\/produit\/mark-steinmetz-irina-rozovsky-insieme\/#breadcrumb\"},\"inLanguage\":\"en-US\",\"potentialAction\":[{\"@type\":\"ReadAction\",\"target\":[\"https:\/\/librairie7l.com\/en\/produit\/mark-steinmetz-irina-rozovsky-insieme\/\"]}]},{\"@type\":\"BreadcrumbList\",\"@id\":\"https:\/\/librairie7l.com\/en\/produit\/mark-steinmetz-irina-rozovsky-insieme\/#breadcrumb\",\"itemListElement\":[{\"@type\":\"ListItem\",\"position\":1,\"name\":\"Accueil\",\"item\":\"https:\/\/librairie7l.com\/en\/\"},{\"@type\":\"ListItem\",\"position\":2,\"name\":\"Shop\",\"item\":\"https:\/\/librairie7l.com\/en\/shop\/\"},{\"@type\":\"ListItem\",\"position\":3,\"name\":\"MARK STEINMETZ \/ IRINA ROZOVSKY : INSIEME\"}]},{\"@type\":\"WebSite\",\"@id\":\"https:\/\/librairie7l.com\/en\/#website\",\"url\":\"https:\/\/librairie7l.com\/en\/\",\"name\":\"Librairie 7L\",\"description\":\"Librairie fond\u00e9e en 1999 par Karl Lagerfeld \u00e0 Paris\",\"publisher\":{\"@id\":\"https:\/\/librairie7l.com\/en\/#organization\"},\"potentialAction\":[{\"@type\":\"SearchAction\",\"target\":{\"@type\":\"EntryPoint\",\"urlTemplate\":\"https:\/\/librairie7l.com\/en\/?s={search_term_string}\"},\"query-input\":\"required name=search_term_string\"}],\"inLanguage\":\"en-US\"},{\"@type\":\"Organization\",\"@id\":\"https:\/\/librairie7l.com\/en\/#organization\",\"name\":\"Librairie 7L\",\"url\":\"https:\/\/librairie7l.com\/en\/\",\"logo\":{\"@type\":\"ImageObject\",\"inLanguage\":\"en-US\",\"@id\":\"https:\/\/librairie7l.com\/en\/#\/schema\/logo\/image\/\",\"url\":\"https:\/\/librairie7l.com\/wp-content\/uploads\/2022\/08\/logo-1.png\",\"contentUrl\":\"https:\/\/librairie7l.com\/wp-content\/uploads\/2022\/08\/logo-1.png\",\"width\":227,\"height\":301,\"caption\":\"Librairie 7L\"},\"image\":{\"@id\":\"https:\/\/librairie7l.com\/en\/#\/schema\/logo\/image\/\"}}]}<\/script>\n<!-- \/ Yoast SEO plugin. -->","yoast_head_json":{"title":"Mark Steinmetz \/ Irina Rozovsky : insieme - Librairie 7L","robots":{"index":"index","follow":"follow","max-snippet":"max-snippet:-1","max-image-preview":"max-image-preview:large","max-video-preview":"max-video-preview:-1"},"canonical":"https:\/\/librairie7l.com\/en\/produit\/mark-steinmetz-irina-rozovsky-insieme\/","og_locale":"en_US","og_type":"article","og_title":"Mark Steinmetz \/ Irina Rozovsky : insieme - Librairie 7L","og_description":"En 2021, Irina Rozovsky et Mark Steinmetz ont \u00e9t\u00e9 invit\u00e9s \u00e0 photographier l&#8217;Italie. Ils ont s\u00e9journ\u00e9 \u00e0 Castelfranco Veneto en V\u00e9n\u00e9tie et \u00e0 Lecce dans les Pouilles, s&#8217;int\u00e9ressant au th\u00e8me de la nature et de sa mani\u00e8re de conditionner notre regard. Ce volume rassemble une s\u00e9lection d&#8217;images des deux artistes r\u00e9alis\u00e9es dans les deux r\u00e9gions [&hellip;]","og_url":"https:\/\/librairie7l.com\/en\/produit\/mark-steinmetz-irina-rozovsky-insieme\/","og_site_name":"Librairie 7L","article_modified_time":"2026-04-22T01:23:14+00:00","og_image":[{"width":390,"height":500,"url":"https:\/\/librairie7l.com\/wp-content\/uploads\/2023\/09\/9791096383399_1_75.jpg","type":"image\/jpeg"}],"twitter_card":"summary_large_image","twitter_misc":{"Est. reading time":"1 minute"},"schema":{"@context":"https:\/\/schema.org","@graph":[{"@type":"WebPage","@id":"https:\/\/librairie7l.com\/en\/produit\/mark-steinmetz-irina-rozovsky-insieme\/","url":"https:\/\/librairie7l.com\/en\/produit\/mark-steinmetz-irina-rozovsky-insieme\/","name":"Mark Steinmetz \/ Irina Rozovsky : insieme - Librairie 7L","isPartOf":{"@id":"https:\/\/librairie7l.com\/en\/#website"},"datePublished":"2023-10-14T07:17:02+00:00","dateModified":"2026-04-22T01:23:14+00:00","breadcrumb":{"@id":"https:\/\/librairie7l.com\/en\/produit\/mark-steinmetz-irina-rozovsky-insieme\/#breadcrumb"},"inLanguage":"en-US","potentialAction":[{"@type":"ReadAction","target":["https:\/\/librairie7l.com\/en\/produit\/mark-steinmetz-irina-rozovsky-insieme\/"]}]},{"@type":"BreadcrumbList","@id":"https:\/\/librairie7l.com\/en\/produit\/mark-steinmetz-irina-rozovsky-insieme\/#breadcrumb","itemListElement":[{"@type":"ListItem","position":1,"name":"Accueil","item":"https:\/\/librairie7l.com\/en\/"},{"@type":"ListItem","position":2,"name":"Shop","item":"https:\/\/librairie7l.com\/en\/shop\/"},{"@type":"ListItem","position":3,"name":"MARK STEINMETZ \/ IRINA ROZOVSKY : INSIEME"}]},{"@type":"WebSite","@id":"https:\/\/librairie7l.com\/en\/#website","url":"https:\/\/librairie7l.com\/en\/","name":"Librairie 7L","description":"Librairie fond\u00e9e en 1999 par Karl Lagerfeld \u00e0 Paris","publisher":{"@id":"https:\/\/librairie7l.com\/en\/#organization"},"potentialAction":[{"@type":"SearchAction","target":{"@type":"EntryPoint","urlTemplate":"https:\/\/librairie7l.com\/en\/?s={search_term_string}"},"query-input":"required name=search_term_string"}],"inLanguage":"en-US"},{"@type":"Organization","@id":"https:\/\/librairie7l.com\/en\/#organization","name":"Librairie 7L","url":"https:\/\/librairie7l.com\/en\/","logo":{"@type":"ImageObject","inLanguage":"en-US","@id":"https:\/\/librairie7l.com\/en\/#\/schema\/logo\/image\/","url":"https:\/\/librairie7l.com\/wp-content\/uploads\/2022\/08\/logo-1.png","contentUrl":"https:\/\/librairie7l.com\/wp-content\/uploads\/2022\/08\/logo-1.png","width":227,"height":301,"caption":"Librairie 7L"},"image":{"@id":"https:\/\/librairie7l.com\/en\/#\/schema\/logo\/image\/"}}]}},"_links":{"self":[{"href":"https:\/\/librairie7l.com\/en\/wp-json\/wp\/v2\/product\/35886"}],"collection":[{"href":"https:\/\/librairie7l.com\/en\/wp-json\/wp\/v2\/product"}],"about":[{"href":"https:\/\/librairie7l.com\/en\/wp-json\/wp\/v2\/types\/product"}],"wp:featuredmedia":[{"embeddable":true,"href":"https:\/\/librairie7l.com\/en\/wp-json\/wp\/v2\/media\/36665"}],"wp:attachment":[{"href":"https:\/\/librairie7l.com\/en\/wp-json\/wp\/v2\/media?parent=35886"}],"wp:term":[{"taxonomy":"product_cat","embeddable":true,"href":"https:\/\/librairie7l.com\/en\/wp-json\/wp\/v2\/product_cat?post=35886"},{"taxonomy":"product_tag","embeddable":true,"href":"https:\/\/librairie7l.com\/en\/wp-json\/wp\/v2\/product_tag?post=35886"}],"curies":[{"name":"wp","href":"https:\/\/api.w.org\/{rel}","templated":true}]}}