{"id":35899,"date":"2023-10-18T09:16:38","date_gmt":"2023-10-18T07:16:38","guid":{"rendered":"https:\/\/librairie7l.com\/?post_type=product&#038;p=35899"},"modified":"2026-04-05T16:36:12","modified_gmt":"2026-04-05T14:36:12","slug":"histoires-extraordinaires-de-lart-a-lhotel-drout-de-vermeer-a-louise-bourgeo","status":"publish","type":"product","link":"https:\/\/librairie7l.com\/en\/produit\/histoires-extraordinaires-de-lart-a-lhotel-drout-de-vermeer-a-louise-bourgeo\/","title":{"rendered":"HISTOIRES EXTRAORDINAIRES DE L&#8217;ART \u00c0 L&#8217;H\u00d4TEL DROUT : DE VERMEER \u00c0 LOUISE BOURGEOIS"},"content":{"rendered":"<p>On oublie souvent qu&#8217;au XIX? si\u00e8cle et jusqu&#8217;\u00e0 la Seconde Guerre mondiale, Paris \u00e9tait l&#8217;\u00e9picentre plan\u00e9taire de la vie artistique. Le coeur battant du n\u00e9goce de tableaux se situait alors \u00e0 l&#8217;h\u00f4tel Drouot et dans ses diverses annexes, \u00e0 la fois caverne d&#8217;Ali Baba de la cr\u00e9ation ancienne et moderne et lieu de brassage social hors du commun. On y vendait de la peinture contemporaine, des Degas, des Picasso et autres Picabia. On y tirait des ma\u00eetres anciens de l&#8217;oubli, comme ce fut le cas pour Vermeer. On y croisait dans un brassage turbulent, non seulement des visionnaires de l&#8217;art, mais aussi des filles \u00e0 marier, des demi-mondaines ou des petits marchands. On y manipulait sans vergogne les cotations, nouant ainsi le destin de ma\u00eetres qui appartiennent aujourd&#8217;hui \u00e0 la post\u00e9rit\u00e9. \u00c0 travers dix r\u00e9cits extraordinaires, Judith Benhamou d\u00e9voile des pans m\u00e9connus de l&#8217;art et du march\u00e9 de l&#8217;art. Nombreux sont les grands personnages dont la trajectoire est pass\u00e9e par Drouot : d&#8217;Antoine van Dyck \u00e0 Louise Bourgeois, d&#8217;Eug\u00e8ne Delacroix \u00e0 Vincent van Gogh, de Paul \u00c9luard \u00e0 Marcel Duchamp, cet ouvrage propose un voyage sans tabous au pays des petites histoires de la grande histoire de l&#8217;art, illustr\u00e9 de chefs-d&#8217;oeuvre qui ont un jour \u00e9t\u00e9 propos\u00e9s \u00e0 l&#8217;encan dans les salles rouges de l&#8217;h\u00f4tel des ventes.<\/p>\n","protected":false},"excerpt":{"rendered":"<p>On oublie souvent qu&#8217;au XIX? si\u00e8cle et jusqu&#8217;\u00e0 la Seconde Guerre mondiale, Paris \u00e9tait l&#8217;\u00e9picentre plan\u00e9taire de la vie artistique. Le coeur battant du n\u00e9goce de tableaux se situait alors \u00e0 l&#8217;h\u00f4tel Drouot et dans ses diverses annexes, \u00e0 la fois caverne d&#8217;Ali Baba de la cr\u00e9ation ancienne et moderne et lieu de brassage social [&hellip;]<\/p>\n","protected":false},"featured_media":35897,"template":"","meta":[],"product_cat":[2948,2953],"product_tag":[],"acf":[],"yoast_head":"<!-- This site is optimized with the Yoast SEO plugin v20.11 - https:\/\/yoast.com\/wordpress\/plugins\/seo\/ -->\n<title>Histoires extraordinaires de l&#039;art \u00e0 l&#039;h\u00f4tel Drout : de Vermeer \u00e0 Louise Bourgeois - Librairie 7L<\/title>\n<meta name=\"robots\" content=\"index, follow, max-snippet:-1, max-image-preview:large, max-video-preview:-1\" \/>\n<link rel=\"canonical\" href=\"https:\/\/librairie7l.com\/en\/produit\/histoires-extraordinaires-de-lart-a-lhotel-drout-de-vermeer-a-louise-bourgeo\/\" \/>\n<meta property=\"og:locale\" content=\"en_US\" \/>\n<meta property=\"og:type\" content=\"article\" \/>\n<meta property=\"og:title\" content=\"Histoires extraordinaires de l&#039;art \u00e0 l&#039;h\u00f4tel Drout : de Vermeer \u00e0 Louise Bourgeois - Librairie 7L\" \/>\n<meta property=\"og:description\" content=\"On oublie souvent qu&#8217;au XIX? si\u00e8cle et jusqu&#8217;\u00e0 la Seconde Guerre mondiale, Paris \u00e9tait l&#8217;\u00e9picentre plan\u00e9taire de la vie artistique. Le coeur battant du n\u00e9goce de tableaux se situait alors \u00e0 l&#8217;h\u00f4tel Drouot et dans ses diverses annexes, \u00e0 la fois caverne d&#8217;Ali Baba de la cr\u00e9ation ancienne et moderne et lieu de brassage social [&hellip;]\" \/>\n<meta property=\"og:url\" content=\"https:\/\/librairie7l.com\/en\/produit\/histoires-extraordinaires-de-lart-a-lhotel-drout-de-vermeer-a-louise-bourgeo\/\" \/>\n<meta property=\"og:site_name\" content=\"Librairie 7L\" \/>\n<meta property=\"article:modified_time\" content=\"2026-04-05T14:36:12+00:00\" \/>\n<meta property=\"og:image\" content=\"https:\/\/librairie7l.com\/wp-content\/uploads\/2023\/06\/9782080428080_1_75.jpg\" \/>\n\t<meta property=\"og:image:width\" content=\"600\" \/>\n\t<meta property=\"og:image:height\" content=\"824\" \/>\n\t<meta property=\"og:image:type\" content=\"image\/jpeg\" \/>\n<meta name=\"twitter:card\" content=\"summary_large_image\" \/>\n<meta name=\"twitter:label1\" content=\"Est. reading time\" \/>\n\t<meta name=\"twitter:data1\" content=\"1 minute\" \/>\n<script type=\"application\/ld+json\" class=\"yoast-schema-graph\">{\"@context\":\"https:\/\/schema.org\",\"@graph\":[{\"@type\":\"WebPage\",\"@id\":\"https:\/\/librairie7l.com\/en\/produit\/histoires-extraordinaires-de-lart-a-lhotel-drout-de-vermeer-a-louise-bourgeo\/\",\"url\":\"https:\/\/librairie7l.com\/en\/produit\/histoires-extraordinaires-de-lart-a-lhotel-drout-de-vermeer-a-louise-bourgeo\/\",\"name\":\"Histoires extraordinaires de l'art \u00e0 l'h\u00f4tel Drout : de Vermeer \u00e0 Louise Bourgeois - Librairie 7L\",\"isPartOf\":{\"@id\":\"https:\/\/librairie7l.com\/en\/#website\"},\"datePublished\":\"2023-10-18T07:16:38+00:00\",\"dateModified\":\"2026-04-05T14:36:12+00:00\",\"breadcrumb\":{\"@id\":\"https:\/\/librairie7l.com\/en\/produit\/histoires-extraordinaires-de-lart-a-lhotel-drout-de-vermeer-a-louise-bourgeo\/#breadcrumb\"},\"inLanguage\":\"en-US\",\"potentialAction\":[{\"@type\":\"ReadAction\",\"target\":[\"https:\/\/librairie7l.com\/en\/produit\/histoires-extraordinaires-de-lart-a-lhotel-drout-de-vermeer-a-louise-bourgeo\/\"]}]},{\"@type\":\"BreadcrumbList\",\"@id\":\"https:\/\/librairie7l.com\/en\/produit\/histoires-extraordinaires-de-lart-a-lhotel-drout-de-vermeer-a-louise-bourgeo\/#breadcrumb\",\"itemListElement\":[{\"@type\":\"ListItem\",\"position\":1,\"name\":\"Accueil\",\"item\":\"https:\/\/librairie7l.com\/en\/\"},{\"@type\":\"ListItem\",\"position\":2,\"name\":\"Shop\",\"item\":\"https:\/\/librairie7l.com\/en\/shop\/\"},{\"@type\":\"ListItem\",\"position\":3,\"name\":\"HISTOIRES EXTRAORDINAIRES DE L&#8217;ART \u00c0 L&#8217;H\u00d4TEL DROUT : DE VERMEER \u00c0 LOUISE BOURGEOIS\"}]},{\"@type\":\"WebSite\",\"@id\":\"https:\/\/librairie7l.com\/en\/#website\",\"url\":\"https:\/\/librairie7l.com\/en\/\",\"name\":\"Librairie 7L\",\"description\":\"Librairie fond\u00e9e en 1999 par Karl Lagerfeld \u00e0 Paris\",\"publisher\":{\"@id\":\"https:\/\/librairie7l.com\/en\/#organization\"},\"potentialAction\":[{\"@type\":\"SearchAction\",\"target\":{\"@type\":\"EntryPoint\",\"urlTemplate\":\"https:\/\/librairie7l.com\/en\/?s={search_term_string}\"},\"query-input\":\"required name=search_term_string\"}],\"inLanguage\":\"en-US\"},{\"@type\":\"Organization\",\"@id\":\"https:\/\/librairie7l.com\/en\/#organization\",\"name\":\"Librairie 7L\",\"url\":\"https:\/\/librairie7l.com\/en\/\",\"logo\":{\"@type\":\"ImageObject\",\"inLanguage\":\"en-US\",\"@id\":\"https:\/\/librairie7l.com\/en\/#\/schema\/logo\/image\/\",\"url\":\"https:\/\/librairie7l.com\/wp-content\/uploads\/2022\/08\/logo-1.png\",\"contentUrl\":\"https:\/\/librairie7l.com\/wp-content\/uploads\/2022\/08\/logo-1.png\",\"width\":227,\"height\":301,\"caption\":\"Librairie 7L\"},\"image\":{\"@id\":\"https:\/\/librairie7l.com\/en\/#\/schema\/logo\/image\/\"}}]}<\/script>\n<!-- \/ Yoast SEO plugin. -->","yoast_head_json":{"title":"Histoires extraordinaires de l'art \u00e0 l'h\u00f4tel Drout : de Vermeer \u00e0 Louise Bourgeois - Librairie 7L","robots":{"index":"index","follow":"follow","max-snippet":"max-snippet:-1","max-image-preview":"max-image-preview:large","max-video-preview":"max-video-preview:-1"},"canonical":"https:\/\/librairie7l.com\/en\/produit\/histoires-extraordinaires-de-lart-a-lhotel-drout-de-vermeer-a-louise-bourgeo\/","og_locale":"en_US","og_type":"article","og_title":"Histoires extraordinaires de l'art \u00e0 l'h\u00f4tel Drout : de Vermeer \u00e0 Louise Bourgeois - Librairie 7L","og_description":"On oublie souvent qu&#8217;au XIX? si\u00e8cle et jusqu&#8217;\u00e0 la Seconde Guerre mondiale, Paris \u00e9tait l&#8217;\u00e9picentre plan\u00e9taire de la vie artistique. Le coeur battant du n\u00e9goce de tableaux se situait alors \u00e0 l&#8217;h\u00f4tel Drouot et dans ses diverses annexes, \u00e0 la fois caverne d&#8217;Ali Baba de la cr\u00e9ation ancienne et moderne et lieu de brassage social [&hellip;]","og_url":"https:\/\/librairie7l.com\/en\/produit\/histoires-extraordinaires-de-lart-a-lhotel-drout-de-vermeer-a-louise-bourgeo\/","og_site_name":"Librairie 7L","article_modified_time":"2026-04-05T14:36:12+00:00","og_image":[{"width":600,"height":824,"url":"https:\/\/librairie7l.com\/wp-content\/uploads\/2023\/06\/9782080428080_1_75.jpg","type":"image\/jpeg"}],"twitter_card":"summary_large_image","twitter_misc":{"Est. reading time":"1 minute"},"schema":{"@context":"https:\/\/schema.org","@graph":[{"@type":"WebPage","@id":"https:\/\/librairie7l.com\/en\/produit\/histoires-extraordinaires-de-lart-a-lhotel-drout-de-vermeer-a-louise-bourgeo\/","url":"https:\/\/librairie7l.com\/en\/produit\/histoires-extraordinaires-de-lart-a-lhotel-drout-de-vermeer-a-louise-bourgeo\/","name":"Histoires extraordinaires de l'art \u00e0 l'h\u00f4tel Drout : de Vermeer \u00e0 Louise Bourgeois - Librairie 7L","isPartOf":{"@id":"https:\/\/librairie7l.com\/en\/#website"},"datePublished":"2023-10-18T07:16:38+00:00","dateModified":"2026-04-05T14:36:12+00:00","breadcrumb":{"@id":"https:\/\/librairie7l.com\/en\/produit\/histoires-extraordinaires-de-lart-a-lhotel-drout-de-vermeer-a-louise-bourgeo\/#breadcrumb"},"inLanguage":"en-US","potentialAction":[{"@type":"ReadAction","target":["https:\/\/librairie7l.com\/en\/produit\/histoires-extraordinaires-de-lart-a-lhotel-drout-de-vermeer-a-louise-bourgeo\/"]}]},{"@type":"BreadcrumbList","@id":"https:\/\/librairie7l.com\/en\/produit\/histoires-extraordinaires-de-lart-a-lhotel-drout-de-vermeer-a-louise-bourgeo\/#breadcrumb","itemListElement":[{"@type":"ListItem","position":1,"name":"Accueil","item":"https:\/\/librairie7l.com\/en\/"},{"@type":"ListItem","position":2,"name":"Shop","item":"https:\/\/librairie7l.com\/en\/shop\/"},{"@type":"ListItem","position":3,"name":"HISTOIRES EXTRAORDINAIRES DE L&#8217;ART \u00c0 L&#8217;H\u00d4TEL DROUT : DE VERMEER \u00c0 LOUISE BOURGEOIS"}]},{"@type":"WebSite","@id":"https:\/\/librairie7l.com\/en\/#website","url":"https:\/\/librairie7l.com\/en\/","name":"Librairie 7L","description":"Librairie fond\u00e9e en 1999 par Karl Lagerfeld \u00e0 Paris","publisher":{"@id":"https:\/\/librairie7l.com\/en\/#organization"},"potentialAction":[{"@type":"SearchAction","target":{"@type":"EntryPoint","urlTemplate":"https:\/\/librairie7l.com\/en\/?s={search_term_string}"},"query-input":"required name=search_term_string"}],"inLanguage":"en-US"},{"@type":"Organization","@id":"https:\/\/librairie7l.com\/en\/#organization","name":"Librairie 7L","url":"https:\/\/librairie7l.com\/en\/","logo":{"@type":"ImageObject","inLanguage":"en-US","@id":"https:\/\/librairie7l.com\/en\/#\/schema\/logo\/image\/","url":"https:\/\/librairie7l.com\/wp-content\/uploads\/2022\/08\/logo-1.png","contentUrl":"https:\/\/librairie7l.com\/wp-content\/uploads\/2022\/08\/logo-1.png","width":227,"height":301,"caption":"Librairie 7L"},"image":{"@id":"https:\/\/librairie7l.com\/en\/#\/schema\/logo\/image\/"}}]}},"_links":{"self":[{"href":"https:\/\/librairie7l.com\/en\/wp-json\/wp\/v2\/product\/35899"}],"collection":[{"href":"https:\/\/librairie7l.com\/en\/wp-json\/wp\/v2\/product"}],"about":[{"href":"https:\/\/librairie7l.com\/en\/wp-json\/wp\/v2\/types\/product"}],"wp:featuredmedia":[{"embeddable":true,"href":"https:\/\/librairie7l.com\/en\/wp-json\/wp\/v2\/media\/35897"}],"wp:attachment":[{"href":"https:\/\/librairie7l.com\/en\/wp-json\/wp\/v2\/media?parent=35899"}],"wp:term":[{"taxonomy":"product_cat","embeddable":true,"href":"https:\/\/librairie7l.com\/en\/wp-json\/wp\/v2\/product_cat?post=35899"},{"taxonomy":"product_tag","embeddable":true,"href":"https:\/\/librairie7l.com\/en\/wp-json\/wp\/v2\/product_tag?post=35899"}],"curies":[{"name":"wp","href":"https:\/\/api.w.org\/{rel}","templated":true}]}}