{"id":35907,"date":"2023-10-18T09:17:05","date_gmt":"2023-10-18T07:17:05","guid":{"rendered":"https:\/\/librairie7l.com\/?post_type=product&#038;p=35907"},"modified":"2026-04-05T14:28:47","modified_gmt":"2026-04-05T12:28:47","slug":"thomas-bastide-design","status":"publish","type":"product","link":"https:\/\/librairie7l.com\/en\/produit\/thomas-bastide-design\/","title":{"rendered":"THOMAS BASTIDE : DESIGN"},"content":{"rendered":"<p>Cristal ou acier, bois ou obsidienne, \u00e9tain ou argent, verre ou porcelaine, Thomas Bastide s&#8217;empare des mati\u00e8res pour les fa\u00e7onner en autant d&#8217;objets du quotidien qu&#8217;il transfigure, magnifie, rend uniques. Au fil des pages et des cr\u00e9ations se d\u00e9voile dans ce livre, v\u00e9ritable ouvrage de transmission, l&#8217;univers foisonnant d&#8217;un designer d&#8217;exception, qui depuis quarante ans incarne une certaine id\u00e9e du savoir-vivre \u00e0 la fran\u00e7aise. Thomas Bastide is a master of materials-from crystal to steel, wood to obsidian, pewter to silver, and glass to porcelain-fashioning them into a panoply of articles, which he transfigures, embellishes, and renders unique to enhance our lives. Each work presented in this volume-a veritable homage to the transmission of his craft-takes readers inside the multifaceted world of an exceptional designer who, over forty years, has embodied the quintessence of French savoir vivre.<\/p>\n","protected":false},"excerpt":{"rendered":"<p>Cristal ou acier, bois ou obsidienne, \u00e9tain ou argent, verre ou porcelaine, Thomas Bastide s&#8217;empare des mati\u00e8res pour les fa\u00e7onner en autant d&#8217;objets du quotidien qu&#8217;il transfigure, magnifie, rend uniques. Au fil des pages et des cr\u00e9ations se d\u00e9voile dans ce livre, v\u00e9ritable ouvrage de transmission, l&#8217;univers foisonnant d&#8217;un designer d&#8217;exception, qui depuis quarante ans [&hellip;]<\/p>\n","protected":false},"featured_media":35905,"template":"","meta":[],"product_cat":[2948,2952],"product_tag":[],"acf":[],"yoast_head":"<!-- This site is optimized with the Yoast SEO plugin v20.11 - https:\/\/yoast.com\/wordpress\/plugins\/seo\/ -->\n<title>Thomas Bastide : Design - Librairie 7L<\/title>\n<meta name=\"robots\" content=\"index, follow, max-snippet:-1, max-image-preview:large, max-video-preview:-1\" \/>\n<link rel=\"canonical\" href=\"https:\/\/librairie7l.com\/en\/produit\/thomas-bastide-design\/\" \/>\n<meta property=\"og:locale\" content=\"en_US\" \/>\n<meta property=\"og:type\" content=\"article\" \/>\n<meta property=\"og:title\" content=\"Thomas Bastide : Design - Librairie 7L\" \/>\n<meta property=\"og:description\" content=\"Cristal ou acier, bois ou obsidienne, \u00e9tain ou argent, verre ou porcelaine, Thomas Bastide s&#8217;empare des mati\u00e8res pour les fa\u00e7onner en autant d&#8217;objets du quotidien qu&#8217;il transfigure, magnifie, rend uniques. Au fil des pages et des cr\u00e9ations se d\u00e9voile dans ce livre, v\u00e9ritable ouvrage de transmission, l&#8217;univers foisonnant d&#8217;un designer d&#8217;exception, qui depuis quarante ans [&hellip;]\" \/>\n<meta property=\"og:url\" content=\"https:\/\/librairie7l.com\/en\/produit\/thomas-bastide-design\/\" \/>\n<meta property=\"og:site_name\" content=\"Librairie 7L\" \/>\n<meta property=\"article:modified_time\" content=\"2026-04-05T12:28:47+00:00\" \/>\n<meta property=\"og:image\" content=\"https:\/\/librairie7l.com\/wp-content\/uploads\/2023\/06\/9782080416018_1_75.jpg\" \/>\n\t<meta property=\"og:image:width\" content=\"600\" \/>\n\t<meta property=\"og:image:height\" content=\"767\" \/>\n\t<meta property=\"og:image:type\" content=\"image\/jpeg\" \/>\n<meta name=\"twitter:card\" content=\"summary_large_image\" \/>\n<meta name=\"twitter:label1\" content=\"Est. reading time\" \/>\n\t<meta name=\"twitter:data1\" content=\"1 minute\" \/>\n<script type=\"application\/ld+json\" class=\"yoast-schema-graph\">{\"@context\":\"https:\/\/schema.org\",\"@graph\":[{\"@type\":\"WebPage\",\"@id\":\"https:\/\/librairie7l.com\/en\/produit\/thomas-bastide-design\/\",\"url\":\"https:\/\/librairie7l.com\/en\/produit\/thomas-bastide-design\/\",\"name\":\"Thomas Bastide : Design - Librairie 7L\",\"isPartOf\":{\"@id\":\"https:\/\/librairie7l.com\/en\/#website\"},\"datePublished\":\"2023-10-18T07:17:05+00:00\",\"dateModified\":\"2026-04-05T12:28:47+00:00\",\"breadcrumb\":{\"@id\":\"https:\/\/librairie7l.com\/en\/produit\/thomas-bastide-design\/#breadcrumb\"},\"inLanguage\":\"en-US\",\"potentialAction\":[{\"@type\":\"ReadAction\",\"target\":[\"https:\/\/librairie7l.com\/en\/produit\/thomas-bastide-design\/\"]}]},{\"@type\":\"BreadcrumbList\",\"@id\":\"https:\/\/librairie7l.com\/en\/produit\/thomas-bastide-design\/#breadcrumb\",\"itemListElement\":[{\"@type\":\"ListItem\",\"position\":1,\"name\":\"Accueil\",\"item\":\"https:\/\/librairie7l.com\/en\/\"},{\"@type\":\"ListItem\",\"position\":2,\"name\":\"Shop\",\"item\":\"https:\/\/librairie7l.com\/en\/shop\/\"},{\"@type\":\"ListItem\",\"position\":3,\"name\":\"THOMAS BASTIDE : DESIGN\"}]},{\"@type\":\"WebSite\",\"@id\":\"https:\/\/librairie7l.com\/en\/#website\",\"url\":\"https:\/\/librairie7l.com\/en\/\",\"name\":\"Librairie 7L\",\"description\":\"Librairie fond\u00e9e en 1999 par Karl Lagerfeld \u00e0 Paris\",\"publisher\":{\"@id\":\"https:\/\/librairie7l.com\/en\/#organization\"},\"potentialAction\":[{\"@type\":\"SearchAction\",\"target\":{\"@type\":\"EntryPoint\",\"urlTemplate\":\"https:\/\/librairie7l.com\/en\/?s={search_term_string}\"},\"query-input\":\"required name=search_term_string\"}],\"inLanguage\":\"en-US\"},{\"@type\":\"Organization\",\"@id\":\"https:\/\/librairie7l.com\/en\/#organization\",\"name\":\"Librairie 7L\",\"url\":\"https:\/\/librairie7l.com\/en\/\",\"logo\":{\"@type\":\"ImageObject\",\"inLanguage\":\"en-US\",\"@id\":\"https:\/\/librairie7l.com\/en\/#\/schema\/logo\/image\/\",\"url\":\"https:\/\/librairie7l.com\/wp-content\/uploads\/2022\/08\/logo-1.png\",\"contentUrl\":\"https:\/\/librairie7l.com\/wp-content\/uploads\/2022\/08\/logo-1.png\",\"width\":227,\"height\":301,\"caption\":\"Librairie 7L\"},\"image\":{\"@id\":\"https:\/\/librairie7l.com\/en\/#\/schema\/logo\/image\/\"}}]}<\/script>\n<!-- \/ Yoast SEO plugin. -->","yoast_head_json":{"title":"Thomas Bastide : Design - Librairie 7L","robots":{"index":"index","follow":"follow","max-snippet":"max-snippet:-1","max-image-preview":"max-image-preview:large","max-video-preview":"max-video-preview:-1"},"canonical":"https:\/\/librairie7l.com\/en\/produit\/thomas-bastide-design\/","og_locale":"en_US","og_type":"article","og_title":"Thomas Bastide : Design - Librairie 7L","og_description":"Cristal ou acier, bois ou obsidienne, \u00e9tain ou argent, verre ou porcelaine, Thomas Bastide s&#8217;empare des mati\u00e8res pour les fa\u00e7onner en autant d&#8217;objets du quotidien qu&#8217;il transfigure, magnifie, rend uniques. Au fil des pages et des cr\u00e9ations se d\u00e9voile dans ce livre, v\u00e9ritable ouvrage de transmission, l&#8217;univers foisonnant d&#8217;un designer d&#8217;exception, qui depuis quarante ans [&hellip;]","og_url":"https:\/\/librairie7l.com\/en\/produit\/thomas-bastide-design\/","og_site_name":"Librairie 7L","article_modified_time":"2026-04-05T12:28:47+00:00","og_image":[{"width":600,"height":767,"url":"https:\/\/librairie7l.com\/wp-content\/uploads\/2023\/06\/9782080416018_1_75.jpg","type":"image\/jpeg"}],"twitter_card":"summary_large_image","twitter_misc":{"Est. reading time":"1 minute"},"schema":{"@context":"https:\/\/schema.org","@graph":[{"@type":"WebPage","@id":"https:\/\/librairie7l.com\/en\/produit\/thomas-bastide-design\/","url":"https:\/\/librairie7l.com\/en\/produit\/thomas-bastide-design\/","name":"Thomas Bastide : Design - Librairie 7L","isPartOf":{"@id":"https:\/\/librairie7l.com\/en\/#website"},"datePublished":"2023-10-18T07:17:05+00:00","dateModified":"2026-04-05T12:28:47+00:00","breadcrumb":{"@id":"https:\/\/librairie7l.com\/en\/produit\/thomas-bastide-design\/#breadcrumb"},"inLanguage":"en-US","potentialAction":[{"@type":"ReadAction","target":["https:\/\/librairie7l.com\/en\/produit\/thomas-bastide-design\/"]}]},{"@type":"BreadcrumbList","@id":"https:\/\/librairie7l.com\/en\/produit\/thomas-bastide-design\/#breadcrumb","itemListElement":[{"@type":"ListItem","position":1,"name":"Accueil","item":"https:\/\/librairie7l.com\/en\/"},{"@type":"ListItem","position":2,"name":"Shop","item":"https:\/\/librairie7l.com\/en\/shop\/"},{"@type":"ListItem","position":3,"name":"THOMAS BASTIDE : DESIGN"}]},{"@type":"WebSite","@id":"https:\/\/librairie7l.com\/en\/#website","url":"https:\/\/librairie7l.com\/en\/","name":"Librairie 7L","description":"Librairie fond\u00e9e en 1999 par Karl Lagerfeld \u00e0 Paris","publisher":{"@id":"https:\/\/librairie7l.com\/en\/#organization"},"potentialAction":[{"@type":"SearchAction","target":{"@type":"EntryPoint","urlTemplate":"https:\/\/librairie7l.com\/en\/?s={search_term_string}"},"query-input":"required name=search_term_string"}],"inLanguage":"en-US"},{"@type":"Organization","@id":"https:\/\/librairie7l.com\/en\/#organization","name":"Librairie 7L","url":"https:\/\/librairie7l.com\/en\/","logo":{"@type":"ImageObject","inLanguage":"en-US","@id":"https:\/\/librairie7l.com\/en\/#\/schema\/logo\/image\/","url":"https:\/\/librairie7l.com\/wp-content\/uploads\/2022\/08\/logo-1.png","contentUrl":"https:\/\/librairie7l.com\/wp-content\/uploads\/2022\/08\/logo-1.png","width":227,"height":301,"caption":"Librairie 7L"},"image":{"@id":"https:\/\/librairie7l.com\/en\/#\/schema\/logo\/image\/"}}]}},"_links":{"self":[{"href":"https:\/\/librairie7l.com\/en\/wp-json\/wp\/v2\/product\/35907"}],"collection":[{"href":"https:\/\/librairie7l.com\/en\/wp-json\/wp\/v2\/product"}],"about":[{"href":"https:\/\/librairie7l.com\/en\/wp-json\/wp\/v2\/types\/product"}],"wp:featuredmedia":[{"embeddable":true,"href":"https:\/\/librairie7l.com\/en\/wp-json\/wp\/v2\/media\/35905"}],"wp:attachment":[{"href":"https:\/\/librairie7l.com\/en\/wp-json\/wp\/v2\/media?parent=35907"}],"wp:term":[{"taxonomy":"product_cat","embeddable":true,"href":"https:\/\/librairie7l.com\/en\/wp-json\/wp\/v2\/product_cat?post=35907"},{"taxonomy":"product_tag","embeddable":true,"href":"https:\/\/librairie7l.com\/en\/wp-json\/wp\/v2\/product_tag?post=35907"}],"curies":[{"name":"wp","href":"https:\/\/api.w.org\/{rel}","templated":true}]}}