{"id":35923,"date":"2023-10-18T13:53:48","date_gmt":"2023-10-18T11:53:48","guid":{"rendered":"https:\/\/librairie7l.com\/?post_type=product&#038;p=35923"},"modified":"2026-04-13T06:03:03","modified_gmt":"2026-04-13T04:03:03","slug":"le-japon-en-couleurs-photographies-du-xixe-siecle","status":"publish","type":"product","link":"https:\/\/librairie7l.com\/en\/produit\/le-japon-en-couleurs-photographies-du-xixe-siecle\/","title":{"rendered":"LE JAPON EN COULEURS &#8211; PHOTOGRAPHIES DU XIXE SIECLE"},"content":{"rendered":"<p>A la fois objets de collection, d&#8217;inspiration et de  connaissance, ces photographies donn\u00e9es par  Raymond Koechlin en 1903, par Hugues Krafft  en 1914 et par Gustave Schlumberger en 1929,  seront pour beaucoup d&#8217;entre elles montr\u00e9es  pour la premi\u00e8re fois en novembre 2023 au  mus\u00e9e des Arts d\u00e9coratifs en m\u00eame temps que  le salon Paris-Photo. Une s\u00e9lection magnifique  de ces photographies fait l&#8217;objet d&#8217;une  publication aux \u00e9ditions Volont\u00e9 d&#8217;art.<\/p>\n","protected":false},"excerpt":{"rendered":"<p>A la fois objets de collection, d&#8217;inspiration et de connaissance, ces photographies donn\u00e9es par Raymond Koechlin en 1903, par Hugues Krafft en 1914 et par Gustave Schlumberger en 1929, seront pour beaucoup d&#8217;entre elles montr\u00e9es pour la premi\u00e8re fois en novembre 2023 au mus\u00e9e des Arts d\u00e9coratifs en m\u00eame temps que le salon Paris-Photo. Une [&hellip;]<\/p>\n","protected":false},"featured_media":35921,"template":"","meta":[],"product_cat":[2948,2958],"product_tag":[],"acf":[],"yoast_head":"<!-- This site is optimized with the Yoast SEO plugin v20.11 - https:\/\/yoast.com\/wordpress\/plugins\/seo\/ -->\n<title>Le japon en couleurs - photographies du xixe siecle - Librairie 7L<\/title>\n<meta name=\"robots\" content=\"index, follow, max-snippet:-1, max-image-preview:large, max-video-preview:-1\" \/>\n<link rel=\"canonical\" href=\"https:\/\/librairie7l.com\/en\/produit\/le-japon-en-couleurs-photographies-du-xixe-siecle\/\" \/>\n<meta property=\"og:locale\" content=\"en_US\" \/>\n<meta property=\"og:type\" content=\"article\" \/>\n<meta property=\"og:title\" content=\"Le japon en couleurs - photographies du xixe siecle - Librairie 7L\" \/>\n<meta property=\"og:description\" content=\"A la fois objets de collection, d&#8217;inspiration et de connaissance, ces photographies donn\u00e9es par Raymond Koechlin en 1903, par Hugues Krafft en 1914 et par Gustave Schlumberger en 1929, seront pour beaucoup d&#8217;entre elles montr\u00e9es pour la premi\u00e8re fois en novembre 2023 au mus\u00e9e des Arts d\u00e9coratifs en m\u00eame temps que le salon Paris-Photo. Une [&hellip;]\" \/>\n<meta property=\"og:url\" content=\"https:\/\/librairie7l.com\/en\/produit\/le-japon-en-couleurs-photographies-du-xixe-siecle\/\" \/>\n<meta property=\"og:site_name\" content=\"Librairie 7L\" \/>\n<meta property=\"article:modified_time\" content=\"2026-04-13T04:03:03+00:00\" \/>\n<meta property=\"og:image\" content=\"https:\/\/librairie7l.com\/wp-content\/uploads\/2023\/07\/9782958865702_1_75.jpg\" \/>\n\t<meta property=\"og:image:width\" content=\"400\" \/>\n\t<meta property=\"og:image:height\" content=\"287\" \/>\n\t<meta property=\"og:image:type\" content=\"image\/jpeg\" \/>\n<meta name=\"twitter:card\" content=\"summary_large_image\" \/>\n<script type=\"application\/ld+json\" class=\"yoast-schema-graph\">{\"@context\":\"https:\/\/schema.org\",\"@graph\":[{\"@type\":\"WebPage\",\"@id\":\"https:\/\/librairie7l.com\/en\/produit\/le-japon-en-couleurs-photographies-du-xixe-siecle\/\",\"url\":\"https:\/\/librairie7l.com\/en\/produit\/le-japon-en-couleurs-photographies-du-xixe-siecle\/\",\"name\":\"Le japon en couleurs - photographies du xixe siecle - Librairie 7L\",\"isPartOf\":{\"@id\":\"https:\/\/librairie7l.com\/en\/#website\"},\"datePublished\":\"2023-10-18T11:53:48+00:00\",\"dateModified\":\"2026-04-13T04:03:03+00:00\",\"breadcrumb\":{\"@id\":\"https:\/\/librairie7l.com\/en\/produit\/le-japon-en-couleurs-photographies-du-xixe-siecle\/#breadcrumb\"},\"inLanguage\":\"en-US\",\"potentialAction\":[{\"@type\":\"ReadAction\",\"target\":[\"https:\/\/librairie7l.com\/en\/produit\/le-japon-en-couleurs-photographies-du-xixe-siecle\/\"]}]},{\"@type\":\"BreadcrumbList\",\"@id\":\"https:\/\/librairie7l.com\/en\/produit\/le-japon-en-couleurs-photographies-du-xixe-siecle\/#breadcrumb\",\"itemListElement\":[{\"@type\":\"ListItem\",\"position\":1,\"name\":\"Accueil\",\"item\":\"https:\/\/librairie7l.com\/en\/\"},{\"@type\":\"ListItem\",\"position\":2,\"name\":\"Shop\",\"item\":\"https:\/\/librairie7l.com\/en\/shop\/\"},{\"@type\":\"ListItem\",\"position\":3,\"name\":\"LE JAPON EN COULEURS &#8211; PHOTOGRAPHIES DU XIXE SIECLE\"}]},{\"@type\":\"WebSite\",\"@id\":\"https:\/\/librairie7l.com\/en\/#website\",\"url\":\"https:\/\/librairie7l.com\/en\/\",\"name\":\"Librairie 7L\",\"description\":\"Librairie fond\u00e9e en 1999 par Karl Lagerfeld \u00e0 Paris\",\"publisher\":{\"@id\":\"https:\/\/librairie7l.com\/en\/#organization\"},\"potentialAction\":[{\"@type\":\"SearchAction\",\"target\":{\"@type\":\"EntryPoint\",\"urlTemplate\":\"https:\/\/librairie7l.com\/en\/?s={search_term_string}\"},\"query-input\":\"required name=search_term_string\"}],\"inLanguage\":\"en-US\"},{\"@type\":\"Organization\",\"@id\":\"https:\/\/librairie7l.com\/en\/#organization\",\"name\":\"Librairie 7L\",\"url\":\"https:\/\/librairie7l.com\/en\/\",\"logo\":{\"@type\":\"ImageObject\",\"inLanguage\":\"en-US\",\"@id\":\"https:\/\/librairie7l.com\/en\/#\/schema\/logo\/image\/\",\"url\":\"https:\/\/librairie7l.com\/wp-content\/uploads\/2022\/08\/logo-1.png\",\"contentUrl\":\"https:\/\/librairie7l.com\/wp-content\/uploads\/2022\/08\/logo-1.png\",\"width\":227,\"height\":301,\"caption\":\"Librairie 7L\"},\"image\":{\"@id\":\"https:\/\/librairie7l.com\/en\/#\/schema\/logo\/image\/\"}}]}<\/script>\n<!-- \/ Yoast SEO plugin. -->","yoast_head_json":{"title":"Le japon en couleurs - photographies du xixe siecle - Librairie 7L","robots":{"index":"index","follow":"follow","max-snippet":"max-snippet:-1","max-image-preview":"max-image-preview:large","max-video-preview":"max-video-preview:-1"},"canonical":"https:\/\/librairie7l.com\/en\/produit\/le-japon-en-couleurs-photographies-du-xixe-siecle\/","og_locale":"en_US","og_type":"article","og_title":"Le japon en couleurs - photographies du xixe siecle - Librairie 7L","og_description":"A la fois objets de collection, d&#8217;inspiration et de connaissance, ces photographies donn\u00e9es par Raymond Koechlin en 1903, par Hugues Krafft en 1914 et par Gustave Schlumberger en 1929, seront pour beaucoup d&#8217;entre elles montr\u00e9es pour la premi\u00e8re fois en novembre 2023 au mus\u00e9e des Arts d\u00e9coratifs en m\u00eame temps que le salon Paris-Photo. Une [&hellip;]","og_url":"https:\/\/librairie7l.com\/en\/produit\/le-japon-en-couleurs-photographies-du-xixe-siecle\/","og_site_name":"Librairie 7L","article_modified_time":"2026-04-13T04:03:03+00:00","og_image":[{"width":400,"height":287,"url":"https:\/\/librairie7l.com\/wp-content\/uploads\/2023\/07\/9782958865702_1_75.jpg","type":"image\/jpeg"}],"twitter_card":"summary_large_image","schema":{"@context":"https:\/\/schema.org","@graph":[{"@type":"WebPage","@id":"https:\/\/librairie7l.com\/en\/produit\/le-japon-en-couleurs-photographies-du-xixe-siecle\/","url":"https:\/\/librairie7l.com\/en\/produit\/le-japon-en-couleurs-photographies-du-xixe-siecle\/","name":"Le japon en couleurs - photographies du xixe siecle - Librairie 7L","isPartOf":{"@id":"https:\/\/librairie7l.com\/en\/#website"},"datePublished":"2023-10-18T11:53:48+00:00","dateModified":"2026-04-13T04:03:03+00:00","breadcrumb":{"@id":"https:\/\/librairie7l.com\/en\/produit\/le-japon-en-couleurs-photographies-du-xixe-siecle\/#breadcrumb"},"inLanguage":"en-US","potentialAction":[{"@type":"ReadAction","target":["https:\/\/librairie7l.com\/en\/produit\/le-japon-en-couleurs-photographies-du-xixe-siecle\/"]}]},{"@type":"BreadcrumbList","@id":"https:\/\/librairie7l.com\/en\/produit\/le-japon-en-couleurs-photographies-du-xixe-siecle\/#breadcrumb","itemListElement":[{"@type":"ListItem","position":1,"name":"Accueil","item":"https:\/\/librairie7l.com\/en\/"},{"@type":"ListItem","position":2,"name":"Shop","item":"https:\/\/librairie7l.com\/en\/shop\/"},{"@type":"ListItem","position":3,"name":"LE JAPON EN COULEURS &#8211; PHOTOGRAPHIES DU XIXE SIECLE"}]},{"@type":"WebSite","@id":"https:\/\/librairie7l.com\/en\/#website","url":"https:\/\/librairie7l.com\/en\/","name":"Librairie 7L","description":"Librairie fond\u00e9e en 1999 par Karl Lagerfeld \u00e0 Paris","publisher":{"@id":"https:\/\/librairie7l.com\/en\/#organization"},"potentialAction":[{"@type":"SearchAction","target":{"@type":"EntryPoint","urlTemplate":"https:\/\/librairie7l.com\/en\/?s={search_term_string}"},"query-input":"required name=search_term_string"}],"inLanguage":"en-US"},{"@type":"Organization","@id":"https:\/\/librairie7l.com\/en\/#organization","name":"Librairie 7L","url":"https:\/\/librairie7l.com\/en\/","logo":{"@type":"ImageObject","inLanguage":"en-US","@id":"https:\/\/librairie7l.com\/en\/#\/schema\/logo\/image\/","url":"https:\/\/librairie7l.com\/wp-content\/uploads\/2022\/08\/logo-1.png","contentUrl":"https:\/\/librairie7l.com\/wp-content\/uploads\/2022\/08\/logo-1.png","width":227,"height":301,"caption":"Librairie 7L"},"image":{"@id":"https:\/\/librairie7l.com\/en\/#\/schema\/logo\/image\/"}}]}},"_links":{"self":[{"href":"https:\/\/librairie7l.com\/en\/wp-json\/wp\/v2\/product\/35923"}],"collection":[{"href":"https:\/\/librairie7l.com\/en\/wp-json\/wp\/v2\/product"}],"about":[{"href":"https:\/\/librairie7l.com\/en\/wp-json\/wp\/v2\/types\/product"}],"wp:featuredmedia":[{"embeddable":true,"href":"https:\/\/librairie7l.com\/en\/wp-json\/wp\/v2\/media\/35921"}],"wp:attachment":[{"href":"https:\/\/librairie7l.com\/en\/wp-json\/wp\/v2\/media?parent=35923"}],"wp:term":[{"taxonomy":"product_cat","embeddable":true,"href":"https:\/\/librairie7l.com\/en\/wp-json\/wp\/v2\/product_cat?post=35923"},{"taxonomy":"product_tag","embeddable":true,"href":"https:\/\/librairie7l.com\/en\/wp-json\/wp\/v2\/product_tag?post=35923"}],"curies":[{"name":"wp","href":"https:\/\/api.w.org\/{rel}","templated":true}]}}