{"id":35925,"date":"2023-10-18T13:53:52","date_gmt":"2023-10-18T11:53:52","guid":{"rendered":"https:\/\/librairie7l.com\/?post_type=product&#038;p=35925"},"modified":"2026-04-30T01:38:34","modified_gmt":"2026-04-29T23:38:34","slug":"interieurs-pompeiens-illustrations-couleur","status":"publish","type":"product","link":"https:\/\/librairie7l.com\/en\/produit\/interieurs-pompeiens-illustrations-couleur\/","title":{"rendered":"INTERIEURS POMPEIENS &#8211; ILLUSTRATIONS, COULEUR"},"content":{"rendered":"<p>Ce volume pr\u00e9sente le travail photographique in\u00e9dit r\u00e9alis\u00e9 par Luigi Spina dans le Parc  arch\u00e9ologique de Pomp\u00e9i avec un appareil Hasselblad. Spina a pu ainsi se plonger au coeur  de plus de 60 domus, fouler leurs p\u00e9ristyles, parcourir leurs pavements de mosa\u00efque, scruter la composition de l&#8217;opus sectile, \u00e9prouver la chaleur du rouge pomp\u00e9ien, sans oublier  de s&#8217;arr\u00eater, f\u00fbt-ce plus bri\u00e8vement, sur les murs couverts de fresques, les colonnes au  rev\u00eatement de pl\u00e2tre, les perspectives ouvertes sur le paysage environnant. \u00c0 l&#8217;\u00e9poque o\u00f9  le Parc arch\u00e9ologique, durant la pand\u00e9mie, \u00e9tait ferm\u00e9 au public, et o\u00f9 nous \u00e9tions tenus  de nous confiner dans nos appartements, Luigi Spina a \u00e9lu domicile \u00e0 Pomp\u00e9i, a habit\u00e9 ses  maisons, a vu la lumi\u00e8re naturelle donner sa forme \u00e0 la ville et en a recueilli les variations.<br \/>\nIl a ressenti dans sa chair l&#8217;arch\u00e9ologie vivante, le classicisme vibrant. Telle est la gen\u00e8se de  Interno pompeiano, un album photographique o\u00f9 la recherche plastique s&#8217;enrichit, pour  chacune des huit regiones, de textes brefs qui accompagnent le lecteur dans l&#8217;exploration  de chaque domus en \u00e9clairant ses particularit\u00e9s et en \u00e9voquant les anecdotes insolites qui  lui sont li\u00e9es. Deux textes sur la naissance et le d\u00e9veloppement de l&#8217;imaginaire pomp\u00e9ien  viennent compl\u00e9ter l&#8217;ensemble.<\/p>\n","protected":false},"excerpt":{"rendered":"<p>Ce volume pr\u00e9sente le travail photographique in\u00e9dit r\u00e9alis\u00e9 par Luigi Spina dans le Parc arch\u00e9ologique de Pomp\u00e9i avec un appareil Hasselblad. Spina a pu ainsi se plonger au coeur de plus de 60 domus, fouler leurs p\u00e9ristyles, parcourir leurs pavements de mosa\u00efque, scruter la composition de l&#8217;opus sectile, \u00e9prouver la chaleur du rouge pomp\u00e9ien, sans [&hellip;]<\/p>\n","protected":false},"featured_media":37375,"template":"","meta":[],"product_cat":[2948,2953],"product_tag":[],"acf":[],"yoast_head":"<!-- This site is optimized with the Yoast SEO plugin v20.11 - https:\/\/yoast.com\/wordpress\/plugins\/seo\/ -->\n<title>Interieurs pompeiens - illustrations, couleur - Librairie 7L<\/title>\n<meta name=\"robots\" content=\"index, follow, max-snippet:-1, max-image-preview:large, max-video-preview:-1\" \/>\n<link rel=\"canonical\" href=\"https:\/\/librairie7l.com\/en\/produit\/interieurs-pompeiens-illustrations-couleur\/\" \/>\n<meta property=\"og:locale\" content=\"en_US\" \/>\n<meta property=\"og:type\" content=\"article\" \/>\n<meta property=\"og:title\" content=\"Interieurs pompeiens - illustrations, couleur - Librairie 7L\" \/>\n<meta property=\"og:description\" content=\"Ce volume pr\u00e9sente le travail photographique in\u00e9dit r\u00e9alis\u00e9 par Luigi Spina dans le Parc arch\u00e9ologique de Pomp\u00e9i avec un appareil Hasselblad. Spina a pu ainsi se plonger au coeur de plus de 60 domus, fouler leurs p\u00e9ristyles, parcourir leurs pavements de mosa\u00efque, scruter la composition de l&#8217;opus sectile, \u00e9prouver la chaleur du rouge pomp\u00e9ien, sans [&hellip;]\" \/>\n<meta property=\"og:url\" content=\"https:\/\/librairie7l.com\/en\/produit\/interieurs-pompeiens-illustrations-couleur\/\" \/>\n<meta property=\"og:site_name\" content=\"Librairie 7L\" \/>\n<meta property=\"article:modified_time\" content=\"2026-04-29T23:38:34+00:00\" \/>\n<meta property=\"og:image\" content=\"https:\/\/librairie7l.com\/wp-content\/uploads\/2023\/03\/9791254600320_1_75.jpg\" \/>\n\t<meta property=\"og:image:width\" content=\"400\" \/>\n\t<meta property=\"og:image:height\" content=\"542\" \/>\n\t<meta property=\"og:image:type\" content=\"image\/jpeg\" \/>\n<meta name=\"twitter:card\" content=\"summary_large_image\" \/>\n<meta name=\"twitter:label1\" content=\"Est. reading time\" \/>\n\t<meta name=\"twitter:data1\" content=\"1 minute\" \/>\n<script type=\"application\/ld+json\" class=\"yoast-schema-graph\">{\"@context\":\"https:\/\/schema.org\",\"@graph\":[{\"@type\":\"WebPage\",\"@id\":\"https:\/\/librairie7l.com\/en\/produit\/interieurs-pompeiens-illustrations-couleur\/\",\"url\":\"https:\/\/librairie7l.com\/en\/produit\/interieurs-pompeiens-illustrations-couleur\/\",\"name\":\"Interieurs pompeiens - illustrations, couleur - Librairie 7L\",\"isPartOf\":{\"@id\":\"https:\/\/librairie7l.com\/en\/#website\"},\"datePublished\":\"2023-10-18T11:53:52+00:00\",\"dateModified\":\"2026-04-29T23:38:34+00:00\",\"breadcrumb\":{\"@id\":\"https:\/\/librairie7l.com\/en\/produit\/interieurs-pompeiens-illustrations-couleur\/#breadcrumb\"},\"inLanguage\":\"en-US\",\"potentialAction\":[{\"@type\":\"ReadAction\",\"target\":[\"https:\/\/librairie7l.com\/en\/produit\/interieurs-pompeiens-illustrations-couleur\/\"]}]},{\"@type\":\"BreadcrumbList\",\"@id\":\"https:\/\/librairie7l.com\/en\/produit\/interieurs-pompeiens-illustrations-couleur\/#breadcrumb\",\"itemListElement\":[{\"@type\":\"ListItem\",\"position\":1,\"name\":\"Accueil\",\"item\":\"https:\/\/librairie7l.com\/en\/\"},{\"@type\":\"ListItem\",\"position\":2,\"name\":\"Shop\",\"item\":\"https:\/\/librairie7l.com\/en\/shop\/\"},{\"@type\":\"ListItem\",\"position\":3,\"name\":\"INTERIEURS POMPEIENS &#8211; ILLUSTRATIONS, COULEUR\"}]},{\"@type\":\"WebSite\",\"@id\":\"https:\/\/librairie7l.com\/en\/#website\",\"url\":\"https:\/\/librairie7l.com\/en\/\",\"name\":\"Librairie 7L\",\"description\":\"Librairie fond\u00e9e en 1999 par Karl Lagerfeld \u00e0 Paris\",\"publisher\":{\"@id\":\"https:\/\/librairie7l.com\/en\/#organization\"},\"potentialAction\":[{\"@type\":\"SearchAction\",\"target\":{\"@type\":\"EntryPoint\",\"urlTemplate\":\"https:\/\/librairie7l.com\/en\/?s={search_term_string}\"},\"query-input\":\"required name=search_term_string\"}],\"inLanguage\":\"en-US\"},{\"@type\":\"Organization\",\"@id\":\"https:\/\/librairie7l.com\/en\/#organization\",\"name\":\"Librairie 7L\",\"url\":\"https:\/\/librairie7l.com\/en\/\",\"logo\":{\"@type\":\"ImageObject\",\"inLanguage\":\"en-US\",\"@id\":\"https:\/\/librairie7l.com\/en\/#\/schema\/logo\/image\/\",\"url\":\"https:\/\/librairie7l.com\/wp-content\/uploads\/2022\/08\/logo-1.png\",\"contentUrl\":\"https:\/\/librairie7l.com\/wp-content\/uploads\/2022\/08\/logo-1.png\",\"width\":227,\"height\":301,\"caption\":\"Librairie 7L\"},\"image\":{\"@id\":\"https:\/\/librairie7l.com\/en\/#\/schema\/logo\/image\/\"}}]}<\/script>\n<!-- \/ Yoast SEO plugin. -->","yoast_head_json":{"title":"Interieurs pompeiens - illustrations, couleur - Librairie 7L","robots":{"index":"index","follow":"follow","max-snippet":"max-snippet:-1","max-image-preview":"max-image-preview:large","max-video-preview":"max-video-preview:-1"},"canonical":"https:\/\/librairie7l.com\/en\/produit\/interieurs-pompeiens-illustrations-couleur\/","og_locale":"en_US","og_type":"article","og_title":"Interieurs pompeiens - illustrations, couleur - Librairie 7L","og_description":"Ce volume pr\u00e9sente le travail photographique in\u00e9dit r\u00e9alis\u00e9 par Luigi Spina dans le Parc arch\u00e9ologique de Pomp\u00e9i avec un appareil Hasselblad. Spina a pu ainsi se plonger au coeur de plus de 60 domus, fouler leurs p\u00e9ristyles, parcourir leurs pavements de mosa\u00efque, scruter la composition de l&#8217;opus sectile, \u00e9prouver la chaleur du rouge pomp\u00e9ien, sans [&hellip;]","og_url":"https:\/\/librairie7l.com\/en\/produit\/interieurs-pompeiens-illustrations-couleur\/","og_site_name":"Librairie 7L","article_modified_time":"2026-04-29T23:38:34+00:00","og_image":[{"width":400,"height":542,"url":"https:\/\/librairie7l.com\/wp-content\/uploads\/2023\/03\/9791254600320_1_75.jpg","type":"image\/jpeg"}],"twitter_card":"summary_large_image","twitter_misc":{"Est. reading time":"1 minute"},"schema":{"@context":"https:\/\/schema.org","@graph":[{"@type":"WebPage","@id":"https:\/\/librairie7l.com\/en\/produit\/interieurs-pompeiens-illustrations-couleur\/","url":"https:\/\/librairie7l.com\/en\/produit\/interieurs-pompeiens-illustrations-couleur\/","name":"Interieurs pompeiens - illustrations, couleur - Librairie 7L","isPartOf":{"@id":"https:\/\/librairie7l.com\/en\/#website"},"datePublished":"2023-10-18T11:53:52+00:00","dateModified":"2026-04-29T23:38:34+00:00","breadcrumb":{"@id":"https:\/\/librairie7l.com\/en\/produit\/interieurs-pompeiens-illustrations-couleur\/#breadcrumb"},"inLanguage":"en-US","potentialAction":[{"@type":"ReadAction","target":["https:\/\/librairie7l.com\/en\/produit\/interieurs-pompeiens-illustrations-couleur\/"]}]},{"@type":"BreadcrumbList","@id":"https:\/\/librairie7l.com\/en\/produit\/interieurs-pompeiens-illustrations-couleur\/#breadcrumb","itemListElement":[{"@type":"ListItem","position":1,"name":"Accueil","item":"https:\/\/librairie7l.com\/en\/"},{"@type":"ListItem","position":2,"name":"Shop","item":"https:\/\/librairie7l.com\/en\/shop\/"},{"@type":"ListItem","position":3,"name":"INTERIEURS POMPEIENS &#8211; ILLUSTRATIONS, COULEUR"}]},{"@type":"WebSite","@id":"https:\/\/librairie7l.com\/en\/#website","url":"https:\/\/librairie7l.com\/en\/","name":"Librairie 7L","description":"Librairie fond\u00e9e en 1999 par Karl Lagerfeld \u00e0 Paris","publisher":{"@id":"https:\/\/librairie7l.com\/en\/#organization"},"potentialAction":[{"@type":"SearchAction","target":{"@type":"EntryPoint","urlTemplate":"https:\/\/librairie7l.com\/en\/?s={search_term_string}"},"query-input":"required name=search_term_string"}],"inLanguage":"en-US"},{"@type":"Organization","@id":"https:\/\/librairie7l.com\/en\/#organization","name":"Librairie 7L","url":"https:\/\/librairie7l.com\/en\/","logo":{"@type":"ImageObject","inLanguage":"en-US","@id":"https:\/\/librairie7l.com\/en\/#\/schema\/logo\/image\/","url":"https:\/\/librairie7l.com\/wp-content\/uploads\/2022\/08\/logo-1.png","contentUrl":"https:\/\/librairie7l.com\/wp-content\/uploads\/2022\/08\/logo-1.png","width":227,"height":301,"caption":"Librairie 7L"},"image":{"@id":"https:\/\/librairie7l.com\/en\/#\/schema\/logo\/image\/"}}]}},"_links":{"self":[{"href":"https:\/\/librairie7l.com\/en\/wp-json\/wp\/v2\/product\/35925"}],"collection":[{"href":"https:\/\/librairie7l.com\/en\/wp-json\/wp\/v2\/product"}],"about":[{"href":"https:\/\/librairie7l.com\/en\/wp-json\/wp\/v2\/types\/product"}],"wp:featuredmedia":[{"embeddable":true,"href":"https:\/\/librairie7l.com\/en\/wp-json\/wp\/v2\/media\/37375"}],"wp:attachment":[{"href":"https:\/\/librairie7l.com\/en\/wp-json\/wp\/v2\/media?parent=35925"}],"wp:term":[{"taxonomy":"product_cat","embeddable":true,"href":"https:\/\/librairie7l.com\/en\/wp-json\/wp\/v2\/product_cat?post=35925"},{"taxonomy":"product_tag","embeddable":true,"href":"https:\/\/librairie7l.com\/en\/wp-json\/wp\/v2\/product_tag?post=35925"}],"curies":[{"name":"wp","href":"https:\/\/api.w.org\/{rel}","templated":true}]}}