{"id":35927,"date":"2023-10-18T13:53:56","date_gmt":"2023-10-18T11:53:56","guid":{"rendered":"https:\/\/librairie7l.com\/?post_type=product&#038;p=35927"},"modified":"2026-04-05T04:07:08","modified_gmt":"2026-04-05T02:07:08","slug":"kandinsky-et-l-inspiration-poesie-et-peinture","status":"publish","type":"product","link":"https:\/\/librairie7l.com\/en\/produit\/kandinsky-et-l-inspiration-poesie-et-peinture\/","title":{"rendered":"KANDINSKY ET L INSPIRATION : POESIE ET PEINTURE"},"content":{"rendered":"<p>Cet ouvrage, dans le prolongement de l&#8217;exposition et du colloque qui l&#8217;accompagne, permet de cerner au plus pr\u00e8s une intuition forte de Kandinsky : la synth\u00e8se des arts. Le peintre pressent en effet une union organique entre ces trois arts majeurs que sont la peinture, la po\u00e9sie et la musique. Son album R\u00e9sonances (Kl\u00e4nge), r\u00e9alis\u00e9 en 1913, et dont le pr\u00e9sent livre reproduit les gravures originales ou les fac-simil\u00e9s, en fait la puissante d\u00e9monstration : Kandinsky y met ses po\u00e8mes, qu&#8217;ils expriment les tr\u00e9fonds de sa vie int\u00e9rieure ou les r\u00e9alit\u00e9s du monde ext\u00e9rieur, en relation avec son inspiration picturale, nourrie pour une bonne part, \u00e0 cette \u00e9poque, de th\u00e8mes bibliques et apocalyptiques. Manier la plume ou le pinceau sont les tenants d&#8217;une seule et m\u00eame qu\u00eate spirituelle. Po\u00e8mes et tableaux se r\u00e9pondent dans ces pages o\u00f9 il y a autant \u00e0 lire qu&#8217;\u00e0 regarder. Les contributions collect\u00e9es soulignent, dans leurs approches respectives, combien Kandinsky inlassablement poursuit ses recherches vers l&#8217;abstraction. Dans le contexte tr\u00e8s chahut\u00e9 au d\u00e9but des ann\u00e9es 1910, l&#8217;art para\u00eet une r\u00e9ponse, une voie possible face au drame de la condition humaine.<\/p>\n","protected":false},"excerpt":{"rendered":"<p>Cet ouvrage, dans le prolongement de l&#8217;exposition et du colloque qui l&#8217;accompagne, permet de cerner au plus pr\u00e8s une intuition forte de Kandinsky : la synth\u00e8se des arts. Le peintre pressent en effet une union organique entre ces trois arts majeurs que sont la peinture, la po\u00e9sie et la musique. Son album R\u00e9sonances (Kl\u00e4nge), r\u00e9alis\u00e9 [&hellip;]<\/p>\n","protected":false},"featured_media":0,"template":"","meta":[],"product_cat":[2948,2953],"product_tag":[],"acf":[],"yoast_head":"<!-- This site is optimized with the Yoast SEO plugin v20.11 - https:\/\/yoast.com\/wordpress\/plugins\/seo\/ -->\n<title>Kandinsky et l inspiration : poesie et peinture - Librairie 7L<\/title>\n<meta name=\"robots\" content=\"index, follow, max-snippet:-1, max-image-preview:large, max-video-preview:-1\" \/>\n<link rel=\"canonical\" href=\"https:\/\/librairie7l.com\/en\/produit\/kandinsky-et-l-inspiration-poesie-et-peinture\/\" \/>\n<meta property=\"og:locale\" content=\"en_US\" \/>\n<meta property=\"og:type\" content=\"article\" \/>\n<meta property=\"og:title\" content=\"Kandinsky et l inspiration : poesie et peinture - Librairie 7L\" \/>\n<meta property=\"og:description\" content=\"Cet ouvrage, dans le prolongement de l&#8217;exposition et du colloque qui l&#8217;accompagne, permet de cerner au plus pr\u00e8s une intuition forte de Kandinsky : la synth\u00e8se des arts. Le peintre pressent en effet une union organique entre ces trois arts majeurs que sont la peinture, la po\u00e9sie et la musique. Son album R\u00e9sonances (Kl\u00e4nge), r\u00e9alis\u00e9 [&hellip;]\" \/>\n<meta property=\"og:url\" content=\"https:\/\/librairie7l.com\/en\/produit\/kandinsky-et-l-inspiration-poesie-et-peinture\/\" \/>\n<meta property=\"og:site_name\" content=\"Librairie 7L\" \/>\n<meta property=\"article:modified_time\" content=\"2026-04-05T02:07:08+00:00\" \/>\n<meta name=\"twitter:card\" content=\"summary_large_image\" \/>\n<meta name=\"twitter:label1\" content=\"Est. reading time\" \/>\n\t<meta name=\"twitter:data1\" content=\"1 minute\" \/>\n<script type=\"application\/ld+json\" class=\"yoast-schema-graph\">{\"@context\":\"https:\/\/schema.org\",\"@graph\":[{\"@type\":\"WebPage\",\"@id\":\"https:\/\/librairie7l.com\/en\/produit\/kandinsky-et-l-inspiration-poesie-et-peinture\/\",\"url\":\"https:\/\/librairie7l.com\/en\/produit\/kandinsky-et-l-inspiration-poesie-et-peinture\/\",\"name\":\"Kandinsky et l inspiration : poesie et peinture - Librairie 7L\",\"isPartOf\":{\"@id\":\"https:\/\/librairie7l.com\/en\/#website\"},\"datePublished\":\"2023-10-18T11:53:56+00:00\",\"dateModified\":\"2026-04-05T02:07:08+00:00\",\"breadcrumb\":{\"@id\":\"https:\/\/librairie7l.com\/en\/produit\/kandinsky-et-l-inspiration-poesie-et-peinture\/#breadcrumb\"},\"inLanguage\":\"en-US\",\"potentialAction\":[{\"@type\":\"ReadAction\",\"target\":[\"https:\/\/librairie7l.com\/en\/produit\/kandinsky-et-l-inspiration-poesie-et-peinture\/\"]}]},{\"@type\":\"BreadcrumbList\",\"@id\":\"https:\/\/librairie7l.com\/en\/produit\/kandinsky-et-l-inspiration-poesie-et-peinture\/#breadcrumb\",\"itemListElement\":[{\"@type\":\"ListItem\",\"position\":1,\"name\":\"Accueil\",\"item\":\"https:\/\/librairie7l.com\/en\/\"},{\"@type\":\"ListItem\",\"position\":2,\"name\":\"Shop\",\"item\":\"https:\/\/librairie7l.com\/en\/shop\/\"},{\"@type\":\"ListItem\",\"position\":3,\"name\":\"KANDINSKY ET L INSPIRATION : POESIE ET PEINTURE\"}]},{\"@type\":\"WebSite\",\"@id\":\"https:\/\/librairie7l.com\/en\/#website\",\"url\":\"https:\/\/librairie7l.com\/en\/\",\"name\":\"Librairie 7L\",\"description\":\"Librairie fond\u00e9e en 1999 par Karl Lagerfeld \u00e0 Paris\",\"publisher\":{\"@id\":\"https:\/\/librairie7l.com\/en\/#organization\"},\"potentialAction\":[{\"@type\":\"SearchAction\",\"target\":{\"@type\":\"EntryPoint\",\"urlTemplate\":\"https:\/\/librairie7l.com\/en\/?s={search_term_string}\"},\"query-input\":\"required name=search_term_string\"}],\"inLanguage\":\"en-US\"},{\"@type\":\"Organization\",\"@id\":\"https:\/\/librairie7l.com\/en\/#organization\",\"name\":\"Librairie 7L\",\"url\":\"https:\/\/librairie7l.com\/en\/\",\"logo\":{\"@type\":\"ImageObject\",\"inLanguage\":\"en-US\",\"@id\":\"https:\/\/librairie7l.com\/en\/#\/schema\/logo\/image\/\",\"url\":\"https:\/\/librairie7l.com\/wp-content\/uploads\/2022\/08\/logo-1.png\",\"contentUrl\":\"https:\/\/librairie7l.com\/wp-content\/uploads\/2022\/08\/logo-1.png\",\"width\":227,\"height\":301,\"caption\":\"Librairie 7L\"},\"image\":{\"@id\":\"https:\/\/librairie7l.com\/en\/#\/schema\/logo\/image\/\"}}]}<\/script>\n<!-- \/ Yoast SEO plugin. -->","yoast_head_json":{"title":"Kandinsky et l inspiration : poesie et peinture - Librairie 7L","robots":{"index":"index","follow":"follow","max-snippet":"max-snippet:-1","max-image-preview":"max-image-preview:large","max-video-preview":"max-video-preview:-1"},"canonical":"https:\/\/librairie7l.com\/en\/produit\/kandinsky-et-l-inspiration-poesie-et-peinture\/","og_locale":"en_US","og_type":"article","og_title":"Kandinsky et l inspiration : poesie et peinture - Librairie 7L","og_description":"Cet ouvrage, dans le prolongement de l&#8217;exposition et du colloque qui l&#8217;accompagne, permet de cerner au plus pr\u00e8s une intuition forte de Kandinsky : la synth\u00e8se des arts. Le peintre pressent en effet une union organique entre ces trois arts majeurs que sont la peinture, la po\u00e9sie et la musique. Son album R\u00e9sonances (Kl\u00e4nge), r\u00e9alis\u00e9 [&hellip;]","og_url":"https:\/\/librairie7l.com\/en\/produit\/kandinsky-et-l-inspiration-poesie-et-peinture\/","og_site_name":"Librairie 7L","article_modified_time":"2026-04-05T02:07:08+00:00","twitter_card":"summary_large_image","twitter_misc":{"Est. reading time":"1 minute"},"schema":{"@context":"https:\/\/schema.org","@graph":[{"@type":"WebPage","@id":"https:\/\/librairie7l.com\/en\/produit\/kandinsky-et-l-inspiration-poesie-et-peinture\/","url":"https:\/\/librairie7l.com\/en\/produit\/kandinsky-et-l-inspiration-poesie-et-peinture\/","name":"Kandinsky et l inspiration : poesie et peinture - Librairie 7L","isPartOf":{"@id":"https:\/\/librairie7l.com\/en\/#website"},"datePublished":"2023-10-18T11:53:56+00:00","dateModified":"2026-04-05T02:07:08+00:00","breadcrumb":{"@id":"https:\/\/librairie7l.com\/en\/produit\/kandinsky-et-l-inspiration-poesie-et-peinture\/#breadcrumb"},"inLanguage":"en-US","potentialAction":[{"@type":"ReadAction","target":["https:\/\/librairie7l.com\/en\/produit\/kandinsky-et-l-inspiration-poesie-et-peinture\/"]}]},{"@type":"BreadcrumbList","@id":"https:\/\/librairie7l.com\/en\/produit\/kandinsky-et-l-inspiration-poesie-et-peinture\/#breadcrumb","itemListElement":[{"@type":"ListItem","position":1,"name":"Accueil","item":"https:\/\/librairie7l.com\/en\/"},{"@type":"ListItem","position":2,"name":"Shop","item":"https:\/\/librairie7l.com\/en\/shop\/"},{"@type":"ListItem","position":3,"name":"KANDINSKY ET L INSPIRATION : POESIE ET PEINTURE"}]},{"@type":"WebSite","@id":"https:\/\/librairie7l.com\/en\/#website","url":"https:\/\/librairie7l.com\/en\/","name":"Librairie 7L","description":"Librairie fond\u00e9e en 1999 par Karl Lagerfeld \u00e0 Paris","publisher":{"@id":"https:\/\/librairie7l.com\/en\/#organization"},"potentialAction":[{"@type":"SearchAction","target":{"@type":"EntryPoint","urlTemplate":"https:\/\/librairie7l.com\/en\/?s={search_term_string}"},"query-input":"required name=search_term_string"}],"inLanguage":"en-US"},{"@type":"Organization","@id":"https:\/\/librairie7l.com\/en\/#organization","name":"Librairie 7L","url":"https:\/\/librairie7l.com\/en\/","logo":{"@type":"ImageObject","inLanguage":"en-US","@id":"https:\/\/librairie7l.com\/en\/#\/schema\/logo\/image\/","url":"https:\/\/librairie7l.com\/wp-content\/uploads\/2022\/08\/logo-1.png","contentUrl":"https:\/\/librairie7l.com\/wp-content\/uploads\/2022\/08\/logo-1.png","width":227,"height":301,"caption":"Librairie 7L"},"image":{"@id":"https:\/\/librairie7l.com\/en\/#\/schema\/logo\/image\/"}}]}},"_links":{"self":[{"href":"https:\/\/librairie7l.com\/en\/wp-json\/wp\/v2\/product\/35927"}],"collection":[{"href":"https:\/\/librairie7l.com\/en\/wp-json\/wp\/v2\/product"}],"about":[{"href":"https:\/\/librairie7l.com\/en\/wp-json\/wp\/v2\/types\/product"}],"wp:attachment":[{"href":"https:\/\/librairie7l.com\/en\/wp-json\/wp\/v2\/media?parent=35927"}],"wp:term":[{"taxonomy":"product_cat","embeddable":true,"href":"https:\/\/librairie7l.com\/en\/wp-json\/wp\/v2\/product_cat?post=35927"},{"taxonomy":"product_tag","embeddable":true,"href":"https:\/\/librairie7l.com\/en\/wp-json\/wp\/v2\/product_tag?post=35927"}],"curies":[{"name":"wp","href":"https:\/\/api.w.org\/{rel}","templated":true}]}}