{"id":35931,"date":"2023-10-18T13:54:07","date_gmt":"2023-10-18T11:54:07","guid":{"rendered":"https:\/\/librairie7l.com\/?post_type=product&#038;p=35931"},"modified":"2026-04-22T03:19:53","modified_gmt":"2026-04-22T01:19:53","slug":"la-photo-brute","status":"publish","type":"product","link":"https:\/\/librairie7l.com\/en\/produit\/la-photo-brute\/","title":{"rendered":"LA PHOTO BRUTE"},"content":{"rendered":"<p>L&#8217;appareil photographique a \u00e9t\u00e9 con\u00e7u pour produire une image conforme aux normes figuratives issues de la Renaissance. Cette h\u00e9r\u00e9dit\u00e9 culturelle le rend en principe inappropri\u00e9 \u00e0 l&#8217;Art Brut, ce \u00ab d\u00e9cha\u00eenement d&#8217;ing\u00e9niosit\u00e9 et d&#8217;innovation \u00bb qui fait d\u00e9railler les normes esth\u00e9tiques, selon Jean Dubuffet. Cependant, les \u00ab photographes bruts \u00bb ont pour particularit\u00e9 de rater leurs clich\u00e9s chacun \u00e0 sa mani\u00e8re &#8211; et c&#8217;est un ratage r\u00e9ussi, qui met en \u00e9vidence le fonctionnement de ce formatage culturel de nos images et, cons\u00e9cutivement, de notre perception. Ainsi l&#8217;\u00ab effet de r\u00e9el \u00bb, prioritairement imputable \u00e0 la photographie, peut-il \u00eatre perturb\u00e9 par la folie, la maladresse, la perversion, la superstition, la c\u00e9cit\u00e9 m\u00eame. Telle est la contre perspective adopt\u00e9e dans cet ouvrage sur une cr\u00e9ativit\u00e9 s\u00e9culaire, mais g\u00e9n\u00e9ralement anonyme, modeste, si ce n&#8217;est clandestine, r\u00e9cemment mise au jour en \u00e9tudes photographiques.<\/p>\n","protected":false},"excerpt":{"rendered":"<p>L&#8217;appareil photographique a \u00e9t\u00e9 con\u00e7u pour produire une image conforme aux normes figuratives issues de la Renaissance. Cette h\u00e9r\u00e9dit\u00e9 culturelle le rend en principe inappropri\u00e9 \u00e0 l&#8217;Art Brut, ce \u00ab d\u00e9cha\u00eenement d&#8217;ing\u00e9niosit\u00e9 et d&#8217;innovation \u00bb qui fait d\u00e9railler les normes esth\u00e9tiques, selon Jean Dubuffet. Cependant, les \u00ab photographes bruts \u00bb ont pour particularit\u00e9 de rater [&hellip;]<\/p>\n","protected":false},"featured_media":37106,"template":"","meta":[],"product_cat":[2948,2958],"product_tag":[],"acf":[],"yoast_head":"<!-- This site is optimized with the Yoast SEO plugin v20.11 - https:\/\/yoast.com\/wordpress\/plugins\/seo\/ -->\n<title>La photo brute - Librairie 7L<\/title>\n<meta name=\"robots\" content=\"index, follow, max-snippet:-1, max-image-preview:large, max-video-preview:-1\" \/>\n<link rel=\"canonical\" href=\"https:\/\/librairie7l.com\/en\/produit\/la-photo-brute\/\" \/>\n<meta property=\"og:locale\" content=\"en_US\" \/>\n<meta property=\"og:type\" content=\"article\" \/>\n<meta property=\"og:title\" content=\"La photo brute - Librairie 7L\" \/>\n<meta property=\"og:description\" content=\"L&#8217;appareil photographique a \u00e9t\u00e9 con\u00e7u pour produire une image conforme aux normes figuratives issues de la Renaissance. Cette h\u00e9r\u00e9dit\u00e9 culturelle le rend en principe inappropri\u00e9 \u00e0 l&#8217;Art Brut, ce \u00ab d\u00e9cha\u00eenement d&#8217;ing\u00e9niosit\u00e9 et d&#8217;innovation \u00bb qui fait d\u00e9railler les normes esth\u00e9tiques, selon Jean Dubuffet. Cependant, les \u00ab photographes bruts \u00bb ont pour particularit\u00e9 de rater [&hellip;]\" \/>\n<meta property=\"og:url\" content=\"https:\/\/librairie7l.com\/en\/produit\/la-photo-brute\/\" \/>\n<meta property=\"og:site_name\" content=\"Librairie 7L\" \/>\n<meta property=\"article:modified_time\" content=\"2026-04-22T01:19:53+00:00\" \/>\n<meta property=\"og:image\" content=\"https:\/\/librairie7l.com\/wp-content\/uploads\/2023\/10\/9782850351358_1_75.jpg\" \/>\n\t<meta property=\"og:image:width\" content=\"400\" \/>\n\t<meta property=\"og:image:height\" content=\"559\" \/>\n\t<meta property=\"og:image:type\" content=\"image\/jpeg\" \/>\n<meta name=\"twitter:card\" content=\"summary_large_image\" \/>\n<meta name=\"twitter:label1\" content=\"Est. reading time\" \/>\n\t<meta name=\"twitter:data1\" content=\"1 minute\" \/>\n<script type=\"application\/ld+json\" class=\"yoast-schema-graph\">{\"@context\":\"https:\/\/schema.org\",\"@graph\":[{\"@type\":\"WebPage\",\"@id\":\"https:\/\/librairie7l.com\/en\/produit\/la-photo-brute\/\",\"url\":\"https:\/\/librairie7l.com\/en\/produit\/la-photo-brute\/\",\"name\":\"La photo brute - Librairie 7L\",\"isPartOf\":{\"@id\":\"https:\/\/librairie7l.com\/en\/#website\"},\"datePublished\":\"2023-10-18T11:54:07+00:00\",\"dateModified\":\"2026-04-22T01:19:53+00:00\",\"breadcrumb\":{\"@id\":\"https:\/\/librairie7l.com\/en\/produit\/la-photo-brute\/#breadcrumb\"},\"inLanguage\":\"en-US\",\"potentialAction\":[{\"@type\":\"ReadAction\",\"target\":[\"https:\/\/librairie7l.com\/en\/produit\/la-photo-brute\/\"]}]},{\"@type\":\"BreadcrumbList\",\"@id\":\"https:\/\/librairie7l.com\/en\/produit\/la-photo-brute\/#breadcrumb\",\"itemListElement\":[{\"@type\":\"ListItem\",\"position\":1,\"name\":\"Accueil\",\"item\":\"https:\/\/librairie7l.com\/en\/\"},{\"@type\":\"ListItem\",\"position\":2,\"name\":\"Shop\",\"item\":\"https:\/\/librairie7l.com\/en\/shop\/\"},{\"@type\":\"ListItem\",\"position\":3,\"name\":\"LA PHOTO BRUTE\"}]},{\"@type\":\"WebSite\",\"@id\":\"https:\/\/librairie7l.com\/en\/#website\",\"url\":\"https:\/\/librairie7l.com\/en\/\",\"name\":\"Librairie 7L\",\"description\":\"Librairie fond\u00e9e en 1999 par Karl Lagerfeld \u00e0 Paris\",\"publisher\":{\"@id\":\"https:\/\/librairie7l.com\/en\/#organization\"},\"potentialAction\":[{\"@type\":\"SearchAction\",\"target\":{\"@type\":\"EntryPoint\",\"urlTemplate\":\"https:\/\/librairie7l.com\/en\/?s={search_term_string}\"},\"query-input\":\"required name=search_term_string\"}],\"inLanguage\":\"en-US\"},{\"@type\":\"Organization\",\"@id\":\"https:\/\/librairie7l.com\/en\/#organization\",\"name\":\"Librairie 7L\",\"url\":\"https:\/\/librairie7l.com\/en\/\",\"logo\":{\"@type\":\"ImageObject\",\"inLanguage\":\"en-US\",\"@id\":\"https:\/\/librairie7l.com\/en\/#\/schema\/logo\/image\/\",\"url\":\"https:\/\/librairie7l.com\/wp-content\/uploads\/2022\/08\/logo-1.png\",\"contentUrl\":\"https:\/\/librairie7l.com\/wp-content\/uploads\/2022\/08\/logo-1.png\",\"width\":227,\"height\":301,\"caption\":\"Librairie 7L\"},\"image\":{\"@id\":\"https:\/\/librairie7l.com\/en\/#\/schema\/logo\/image\/\"}}]}<\/script>\n<!-- \/ Yoast SEO plugin. -->","yoast_head_json":{"title":"La photo brute - Librairie 7L","robots":{"index":"index","follow":"follow","max-snippet":"max-snippet:-1","max-image-preview":"max-image-preview:large","max-video-preview":"max-video-preview:-1"},"canonical":"https:\/\/librairie7l.com\/en\/produit\/la-photo-brute\/","og_locale":"en_US","og_type":"article","og_title":"La photo brute - Librairie 7L","og_description":"L&#8217;appareil photographique a \u00e9t\u00e9 con\u00e7u pour produire une image conforme aux normes figuratives issues de la Renaissance. Cette h\u00e9r\u00e9dit\u00e9 culturelle le rend en principe inappropri\u00e9 \u00e0 l&#8217;Art Brut, ce \u00ab d\u00e9cha\u00eenement d&#8217;ing\u00e9niosit\u00e9 et d&#8217;innovation \u00bb qui fait d\u00e9railler les normes esth\u00e9tiques, selon Jean Dubuffet. Cependant, les \u00ab photographes bruts \u00bb ont pour particularit\u00e9 de rater [&hellip;]","og_url":"https:\/\/librairie7l.com\/en\/produit\/la-photo-brute\/","og_site_name":"Librairie 7L","article_modified_time":"2026-04-22T01:19:53+00:00","og_image":[{"width":400,"height":559,"url":"https:\/\/librairie7l.com\/wp-content\/uploads\/2023\/10\/9782850351358_1_75.jpg","type":"image\/jpeg"}],"twitter_card":"summary_large_image","twitter_misc":{"Est. reading time":"1 minute"},"schema":{"@context":"https:\/\/schema.org","@graph":[{"@type":"WebPage","@id":"https:\/\/librairie7l.com\/en\/produit\/la-photo-brute\/","url":"https:\/\/librairie7l.com\/en\/produit\/la-photo-brute\/","name":"La photo brute - Librairie 7L","isPartOf":{"@id":"https:\/\/librairie7l.com\/en\/#website"},"datePublished":"2023-10-18T11:54:07+00:00","dateModified":"2026-04-22T01:19:53+00:00","breadcrumb":{"@id":"https:\/\/librairie7l.com\/en\/produit\/la-photo-brute\/#breadcrumb"},"inLanguage":"en-US","potentialAction":[{"@type":"ReadAction","target":["https:\/\/librairie7l.com\/en\/produit\/la-photo-brute\/"]}]},{"@type":"BreadcrumbList","@id":"https:\/\/librairie7l.com\/en\/produit\/la-photo-brute\/#breadcrumb","itemListElement":[{"@type":"ListItem","position":1,"name":"Accueil","item":"https:\/\/librairie7l.com\/en\/"},{"@type":"ListItem","position":2,"name":"Shop","item":"https:\/\/librairie7l.com\/en\/shop\/"},{"@type":"ListItem","position":3,"name":"LA PHOTO BRUTE"}]},{"@type":"WebSite","@id":"https:\/\/librairie7l.com\/en\/#website","url":"https:\/\/librairie7l.com\/en\/","name":"Librairie 7L","description":"Librairie fond\u00e9e en 1999 par Karl Lagerfeld \u00e0 Paris","publisher":{"@id":"https:\/\/librairie7l.com\/en\/#organization"},"potentialAction":[{"@type":"SearchAction","target":{"@type":"EntryPoint","urlTemplate":"https:\/\/librairie7l.com\/en\/?s={search_term_string}"},"query-input":"required name=search_term_string"}],"inLanguage":"en-US"},{"@type":"Organization","@id":"https:\/\/librairie7l.com\/en\/#organization","name":"Librairie 7L","url":"https:\/\/librairie7l.com\/en\/","logo":{"@type":"ImageObject","inLanguage":"en-US","@id":"https:\/\/librairie7l.com\/en\/#\/schema\/logo\/image\/","url":"https:\/\/librairie7l.com\/wp-content\/uploads\/2022\/08\/logo-1.png","contentUrl":"https:\/\/librairie7l.com\/wp-content\/uploads\/2022\/08\/logo-1.png","width":227,"height":301,"caption":"Librairie 7L"},"image":{"@id":"https:\/\/librairie7l.com\/en\/#\/schema\/logo\/image\/"}}]}},"_links":{"self":[{"href":"https:\/\/librairie7l.com\/en\/wp-json\/wp\/v2\/product\/35931"}],"collection":[{"href":"https:\/\/librairie7l.com\/en\/wp-json\/wp\/v2\/product"}],"about":[{"href":"https:\/\/librairie7l.com\/en\/wp-json\/wp\/v2\/types\/product"}],"wp:featuredmedia":[{"embeddable":true,"href":"https:\/\/librairie7l.com\/en\/wp-json\/wp\/v2\/media\/37106"}],"wp:attachment":[{"href":"https:\/\/librairie7l.com\/en\/wp-json\/wp\/v2\/media?parent=35931"}],"wp:term":[{"taxonomy":"product_cat","embeddable":true,"href":"https:\/\/librairie7l.com\/en\/wp-json\/wp\/v2\/product_cat?post=35931"},{"taxonomy":"product_tag","embeddable":true,"href":"https:\/\/librairie7l.com\/en\/wp-json\/wp\/v2\/product_tag?post=35931"}],"curies":[{"name":"wp","href":"https:\/\/api.w.org\/{rel}","templated":true}]}}