{"id":35935,"date":"2023-10-18T13:54:11","date_gmt":"2023-10-18T11:54:11","guid":{"rendered":"https:\/\/librairie7l.com\/?post_type=product&#038;p=35935"},"modified":"2026-04-08T23:58:27","modified_gmt":"2026-04-08T21:58:27","slug":"malewicz-au-dela-des-censures","status":"publish","type":"product","link":"https:\/\/librairie7l.com\/en\/produit\/malewicz-au-dela-des-censures\/","title":{"rendered":"MALEWICZ : AU-DEL\u00c0 DES CENSURES"},"content":{"rendered":"<p>Effac\u00e9e de la sc\u00e8ne culturelle pendant de longue d\u00e9cennies, et ce d\u00e9j\u00e0 du vivant de l&#8217;artiste, l&#8217;oeuvre de Kazimir Malewicz (1879-1935) a \u00e9t\u00e9 d\u00e9couverte en Europe occidentale seulement \u00e0 partir de la fin des ann\u00e9es cinquante. Trois d\u00e9cennies plus tard, elle devient accessible au public russe. Son assimilation se fit graduellement \u00e0 travers des filtres esth\u00e9tiques, politiques, culturelles et autres. Mais \u00e0 ce jour, l&#8217;extraordinaire potentiel de cette cr\u00e9ation eut \u00e0 faire face \u00e0 des filtres d&#8217;interpr\u00e9tations fantaisistes dont certains ont perdur\u00e9 ce jour. Dans ce texte sont abord\u00e9s certains mythes fondamentaux de son interpr\u00e9tation tels les origines esth\u00e9tiques de l&#8217;artiste (son rapport avec la langue d&#8217;origine), son rapport \u00e0 la culture religieuse de son environnement russe et, avant tout, son int\u00e9gration \u00e0 l&#8217;art moderne europ\u00e9en auquel il appartient fondamentalement attach\u00e9. La lecture de ses formes supr\u00e9matistes reste un sujet essentiel de sa cr\u00e9ation : au del\u00e0 de ses nombreux \u00e9crits, elle conduit \u00e0 une compr\u00e9hension d\u00e9cisive de son message artistique. Au travers de ce texte, un certain nombre de pr\u00e9jug\u00e9s anti-modernistes plastiques et culturels se trouvent ainsi questionn\u00e9s. Avan\u00e7ant dans son interpr\u00e9tation de l&#8217;oeuvre de l&#8217;artiste, Andr\u00e9i Nakov d\u00e9voile des strates inconnues de cette cr\u00e9ation qui s&#8217;av\u00e8re de plus en plus fondamentale pour la compr\u00e9hension de la modernit\u00e9 du XXe si\u00e8cle.<\/p>\n","protected":false},"excerpt":{"rendered":"<p>Effac\u00e9e de la sc\u00e8ne culturelle pendant de longue d\u00e9cennies, et ce d\u00e9j\u00e0 du vivant de l&#8217;artiste, l&#8217;oeuvre de Kazimir Malewicz (1879-1935) a \u00e9t\u00e9 d\u00e9couverte en Europe occidentale seulement \u00e0 partir de la fin des ann\u00e9es cinquante. Trois d\u00e9cennies plus tard, elle devient accessible au public russe. Son assimilation se fit graduellement \u00e0 travers des filtres [&hellip;]<\/p>\n","protected":false},"featured_media":35933,"template":"","meta":[],"product_cat":[2948,2953],"product_tag":[],"acf":[],"yoast_head":"<!-- This site is optimized with the Yoast SEO plugin v20.11 - https:\/\/yoast.com\/wordpress\/plugins\/seo\/ -->\n<title>Malewicz : au-del\u00e0 des censures - Librairie 7L<\/title>\n<meta name=\"robots\" content=\"index, follow, max-snippet:-1, max-image-preview:large, max-video-preview:-1\" \/>\n<link rel=\"canonical\" href=\"https:\/\/librairie7l.com\/en\/produit\/malewicz-au-dela-des-censures\/\" \/>\n<meta property=\"og:locale\" content=\"en_US\" \/>\n<meta property=\"og:type\" content=\"article\" \/>\n<meta property=\"og:title\" content=\"Malewicz : au-del\u00e0 des censures - Librairie 7L\" \/>\n<meta property=\"og:description\" content=\"Effac\u00e9e de la sc\u00e8ne culturelle pendant de longue d\u00e9cennies, et ce d\u00e9j\u00e0 du vivant de l&#8217;artiste, l&#8217;oeuvre de Kazimir Malewicz (1879-1935) a \u00e9t\u00e9 d\u00e9couverte en Europe occidentale seulement \u00e0 partir de la fin des ann\u00e9es cinquante. Trois d\u00e9cennies plus tard, elle devient accessible au public russe. Son assimilation se fit graduellement \u00e0 travers des filtres [&hellip;]\" \/>\n<meta property=\"og:url\" content=\"https:\/\/librairie7l.com\/en\/produit\/malewicz-au-dela-des-censures\/\" \/>\n<meta property=\"og:site_name\" content=\"Librairie 7L\" \/>\n<meta property=\"article:modified_time\" content=\"2026-04-08T21:58:27+00:00\" \/>\n<meta property=\"og:image\" content=\"https:\/\/librairie7l.com\/wp-content\/uploads\/2023\/04\/9791094886427_1_75.jpg\" \/>\n\t<meta property=\"og:image:width\" content=\"400\" \/>\n\t<meta property=\"og:image:height\" content=\"569\" \/>\n\t<meta property=\"og:image:type\" content=\"image\/jpeg\" \/>\n<meta name=\"twitter:card\" content=\"summary_large_image\" \/>\n<meta name=\"twitter:label1\" content=\"Est. reading time\" \/>\n\t<meta name=\"twitter:data1\" content=\"1 minute\" \/>\n<script type=\"application\/ld+json\" class=\"yoast-schema-graph\">{\"@context\":\"https:\/\/schema.org\",\"@graph\":[{\"@type\":\"WebPage\",\"@id\":\"https:\/\/librairie7l.com\/en\/produit\/malewicz-au-dela-des-censures\/\",\"url\":\"https:\/\/librairie7l.com\/en\/produit\/malewicz-au-dela-des-censures\/\",\"name\":\"Malewicz : au-del\u00e0 des censures - Librairie 7L\",\"isPartOf\":{\"@id\":\"https:\/\/librairie7l.com\/en\/#website\"},\"datePublished\":\"2023-10-18T11:54:11+00:00\",\"dateModified\":\"2026-04-08T21:58:27+00:00\",\"breadcrumb\":{\"@id\":\"https:\/\/librairie7l.com\/en\/produit\/malewicz-au-dela-des-censures\/#breadcrumb\"},\"inLanguage\":\"en-US\",\"potentialAction\":[{\"@type\":\"ReadAction\",\"target\":[\"https:\/\/librairie7l.com\/en\/produit\/malewicz-au-dela-des-censures\/\"]}]},{\"@type\":\"BreadcrumbList\",\"@id\":\"https:\/\/librairie7l.com\/en\/produit\/malewicz-au-dela-des-censures\/#breadcrumb\",\"itemListElement\":[{\"@type\":\"ListItem\",\"position\":1,\"name\":\"Accueil\",\"item\":\"https:\/\/librairie7l.com\/en\/\"},{\"@type\":\"ListItem\",\"position\":2,\"name\":\"Shop\",\"item\":\"https:\/\/librairie7l.com\/en\/shop\/\"},{\"@type\":\"ListItem\",\"position\":3,\"name\":\"MALEWICZ : AU-DEL\u00c0 DES CENSURES\"}]},{\"@type\":\"WebSite\",\"@id\":\"https:\/\/librairie7l.com\/en\/#website\",\"url\":\"https:\/\/librairie7l.com\/en\/\",\"name\":\"Librairie 7L\",\"description\":\"Librairie fond\u00e9e en 1999 par Karl Lagerfeld \u00e0 Paris\",\"publisher\":{\"@id\":\"https:\/\/librairie7l.com\/en\/#organization\"},\"potentialAction\":[{\"@type\":\"SearchAction\",\"target\":{\"@type\":\"EntryPoint\",\"urlTemplate\":\"https:\/\/librairie7l.com\/en\/?s={search_term_string}\"},\"query-input\":\"required name=search_term_string\"}],\"inLanguage\":\"en-US\"},{\"@type\":\"Organization\",\"@id\":\"https:\/\/librairie7l.com\/en\/#organization\",\"name\":\"Librairie 7L\",\"url\":\"https:\/\/librairie7l.com\/en\/\",\"logo\":{\"@type\":\"ImageObject\",\"inLanguage\":\"en-US\",\"@id\":\"https:\/\/librairie7l.com\/en\/#\/schema\/logo\/image\/\",\"url\":\"https:\/\/librairie7l.com\/wp-content\/uploads\/2022\/08\/logo-1.png\",\"contentUrl\":\"https:\/\/librairie7l.com\/wp-content\/uploads\/2022\/08\/logo-1.png\",\"width\":227,\"height\":301,\"caption\":\"Librairie 7L\"},\"image\":{\"@id\":\"https:\/\/librairie7l.com\/en\/#\/schema\/logo\/image\/\"}}]}<\/script>\n<!-- \/ Yoast SEO plugin. -->","yoast_head_json":{"title":"Malewicz : au-del\u00e0 des censures - Librairie 7L","robots":{"index":"index","follow":"follow","max-snippet":"max-snippet:-1","max-image-preview":"max-image-preview:large","max-video-preview":"max-video-preview:-1"},"canonical":"https:\/\/librairie7l.com\/en\/produit\/malewicz-au-dela-des-censures\/","og_locale":"en_US","og_type":"article","og_title":"Malewicz : au-del\u00e0 des censures - Librairie 7L","og_description":"Effac\u00e9e de la sc\u00e8ne culturelle pendant de longue d\u00e9cennies, et ce d\u00e9j\u00e0 du vivant de l&#8217;artiste, l&#8217;oeuvre de Kazimir Malewicz (1879-1935) a \u00e9t\u00e9 d\u00e9couverte en Europe occidentale seulement \u00e0 partir de la fin des ann\u00e9es cinquante. Trois d\u00e9cennies plus tard, elle devient accessible au public russe. Son assimilation se fit graduellement \u00e0 travers des filtres [&hellip;]","og_url":"https:\/\/librairie7l.com\/en\/produit\/malewicz-au-dela-des-censures\/","og_site_name":"Librairie 7L","article_modified_time":"2026-04-08T21:58:27+00:00","og_image":[{"width":400,"height":569,"url":"https:\/\/librairie7l.com\/wp-content\/uploads\/2023\/04\/9791094886427_1_75.jpg","type":"image\/jpeg"}],"twitter_card":"summary_large_image","twitter_misc":{"Est. reading time":"1 minute"},"schema":{"@context":"https:\/\/schema.org","@graph":[{"@type":"WebPage","@id":"https:\/\/librairie7l.com\/en\/produit\/malewicz-au-dela-des-censures\/","url":"https:\/\/librairie7l.com\/en\/produit\/malewicz-au-dela-des-censures\/","name":"Malewicz : au-del\u00e0 des censures - Librairie 7L","isPartOf":{"@id":"https:\/\/librairie7l.com\/en\/#website"},"datePublished":"2023-10-18T11:54:11+00:00","dateModified":"2026-04-08T21:58:27+00:00","breadcrumb":{"@id":"https:\/\/librairie7l.com\/en\/produit\/malewicz-au-dela-des-censures\/#breadcrumb"},"inLanguage":"en-US","potentialAction":[{"@type":"ReadAction","target":["https:\/\/librairie7l.com\/en\/produit\/malewicz-au-dela-des-censures\/"]}]},{"@type":"BreadcrumbList","@id":"https:\/\/librairie7l.com\/en\/produit\/malewicz-au-dela-des-censures\/#breadcrumb","itemListElement":[{"@type":"ListItem","position":1,"name":"Accueil","item":"https:\/\/librairie7l.com\/en\/"},{"@type":"ListItem","position":2,"name":"Shop","item":"https:\/\/librairie7l.com\/en\/shop\/"},{"@type":"ListItem","position":3,"name":"MALEWICZ : AU-DEL\u00c0 DES CENSURES"}]},{"@type":"WebSite","@id":"https:\/\/librairie7l.com\/en\/#website","url":"https:\/\/librairie7l.com\/en\/","name":"Librairie 7L","description":"Librairie fond\u00e9e en 1999 par Karl Lagerfeld \u00e0 Paris","publisher":{"@id":"https:\/\/librairie7l.com\/en\/#organization"},"potentialAction":[{"@type":"SearchAction","target":{"@type":"EntryPoint","urlTemplate":"https:\/\/librairie7l.com\/en\/?s={search_term_string}"},"query-input":"required name=search_term_string"}],"inLanguage":"en-US"},{"@type":"Organization","@id":"https:\/\/librairie7l.com\/en\/#organization","name":"Librairie 7L","url":"https:\/\/librairie7l.com\/en\/","logo":{"@type":"ImageObject","inLanguage":"en-US","@id":"https:\/\/librairie7l.com\/en\/#\/schema\/logo\/image\/","url":"https:\/\/librairie7l.com\/wp-content\/uploads\/2022\/08\/logo-1.png","contentUrl":"https:\/\/librairie7l.com\/wp-content\/uploads\/2022\/08\/logo-1.png","width":227,"height":301,"caption":"Librairie 7L"},"image":{"@id":"https:\/\/librairie7l.com\/en\/#\/schema\/logo\/image\/"}}]}},"_links":{"self":[{"href":"https:\/\/librairie7l.com\/en\/wp-json\/wp\/v2\/product\/35935"}],"collection":[{"href":"https:\/\/librairie7l.com\/en\/wp-json\/wp\/v2\/product"}],"about":[{"href":"https:\/\/librairie7l.com\/en\/wp-json\/wp\/v2\/types\/product"}],"wp:featuredmedia":[{"embeddable":true,"href":"https:\/\/librairie7l.com\/en\/wp-json\/wp\/v2\/media\/35933"}],"wp:attachment":[{"href":"https:\/\/librairie7l.com\/en\/wp-json\/wp\/v2\/media?parent=35935"}],"wp:term":[{"taxonomy":"product_cat","embeddable":true,"href":"https:\/\/librairie7l.com\/en\/wp-json\/wp\/v2\/product_cat?post=35935"},{"taxonomy":"product_tag","embeddable":true,"href":"https:\/\/librairie7l.com\/en\/wp-json\/wp\/v2\/product_tag?post=35935"}],"curies":[{"name":"wp","href":"https:\/\/api.w.org\/{rel}","templated":true}]}}