{"id":35943,"date":"2023-10-18T13:54:29","date_gmt":"2023-10-18T11:54:29","guid":{"rendered":"https:\/\/librairie7l.com\/?post_type=product&#038;p=35943"},"modified":"2026-04-23T21:48:12","modified_gmt":"2026-04-23T19:48:12","slug":"architectes-decorateurs-belges-1920-1930","status":"publish","type":"product","link":"https:\/\/librairie7l.com\/en\/produit\/architectes-decorateurs-belges-1920-1930\/","title":{"rendered":"ARCHITECTES DECORATEURS BELGES  1920-1930"},"content":{"rendered":"<p>Priv\u00e9s de la commande des meubles de luxe (monopole de la France) et de la grande s\u00e9rie (fief de l&#8217;Allemagne et  de l&#8217;Autriche), les d\u00e9corateurs belges modernistes de l&#8217;entre-deux-guerres se sont fray\u00e9 une voie originale et  exp\u00e9rimentale. Le livre \u00e9voque leur histoire au coeur d&#8217;une p\u00e9riode d&#8217;intenses changements, marqu\u00e9e par la  naissance des contreplaqu\u00e9s qui rem\u00e9dient aux effets d\u00e9vastateurs du chauffage central sur le mobilier,  l&#8217;engouement pour le bois mall\u00e9able, l&#8217;apparition des meubles en tubes chrom\u00e9s, du mobilier \u00e0 combinaisons, de  l&#8217;\u00e9clairage indirect, le renouveau du tissage, du papier peint, des bibelots&#8230; C&#8217;est une v\u00e9ritable aventure artistique  qui se d\u00e9voile au cours de ces pages abondamment illustr\u00e9es, et r\u00e9dig\u00e9es par une \u00e9quipe de sp\u00e9cialistes, \u00e0 partir  des collections exceptionnelles du Centre international pour la ville, l&#8217;architecture et le paysage, bient\u00f4t abrit\u00e9es  par un nouveau mus\u00e9e de Bruxelles : le Kanal-Centre Pompidou.<\/p>\n","protected":false},"excerpt":{"rendered":"<p>Priv\u00e9s de la commande des meubles de luxe (monopole de la France) et de la grande s\u00e9rie (fief de l&#8217;Allemagne et de l&#8217;Autriche), les d\u00e9corateurs belges modernistes de l&#8217;entre-deux-guerres se sont fray\u00e9 une voie originale et exp\u00e9rimentale. Le livre \u00e9voque leur histoire au coeur d&#8217;une p\u00e9riode d&#8217;intenses changements, marqu\u00e9e par la naissance des contreplaqu\u00e9s qui [&hellip;]<\/p>\n","protected":false},"featured_media":36404,"template":"","meta":[],"product_cat":[2948,2952],"product_tag":[],"acf":[],"yoast_head":"<!-- This site is optimized with the Yoast SEO plugin v20.11 - https:\/\/yoast.com\/wordpress\/plugins\/seo\/ -->\n<title>Architectes decorateurs belges 1920-1930 - Librairie 7L<\/title>\n<meta name=\"robots\" content=\"index, follow, max-snippet:-1, max-image-preview:large, max-video-preview:-1\" \/>\n<link rel=\"canonical\" href=\"https:\/\/librairie7l.com\/en\/produit\/architectes-decorateurs-belges-1920-1930\/\" \/>\n<meta property=\"og:locale\" content=\"en_US\" \/>\n<meta property=\"og:type\" content=\"article\" \/>\n<meta property=\"og:title\" content=\"Architectes decorateurs belges 1920-1930 - Librairie 7L\" \/>\n<meta property=\"og:description\" content=\"Priv\u00e9s de la commande des meubles de luxe (monopole de la France) et de la grande s\u00e9rie (fief de l&#8217;Allemagne et de l&#8217;Autriche), les d\u00e9corateurs belges modernistes de l&#8217;entre-deux-guerres se sont fray\u00e9 une voie originale et exp\u00e9rimentale. Le livre \u00e9voque leur histoire au coeur d&#8217;une p\u00e9riode d&#8217;intenses changements, marqu\u00e9e par la naissance des contreplaqu\u00e9s qui [&hellip;]\" \/>\n<meta property=\"og:url\" content=\"https:\/\/librairie7l.com\/en\/produit\/architectes-decorateurs-belges-1920-1930\/\" \/>\n<meta property=\"og:site_name\" content=\"Librairie 7L\" \/>\n<meta property=\"article:modified_time\" content=\"2026-04-23T19:48:12+00:00\" \/>\n<meta property=\"og:image\" content=\"https:\/\/librairie7l.com\/wp-content\/uploads\/2023\/06\/9782871434085_1_75.jpg\" \/>\n\t<meta property=\"og:image:width\" content=\"400\" \/>\n\t<meta property=\"og:image:height\" content=\"538\" \/>\n\t<meta property=\"og:image:type\" content=\"image\/jpeg\" \/>\n<meta name=\"twitter:card\" content=\"summary_large_image\" \/>\n<meta name=\"twitter:label1\" content=\"Est. reading time\" \/>\n\t<meta name=\"twitter:data1\" content=\"1 minute\" \/>\n<script type=\"application\/ld+json\" class=\"yoast-schema-graph\">{\"@context\":\"https:\/\/schema.org\",\"@graph\":[{\"@type\":\"WebPage\",\"@id\":\"https:\/\/librairie7l.com\/en\/produit\/architectes-decorateurs-belges-1920-1930\/\",\"url\":\"https:\/\/librairie7l.com\/en\/produit\/architectes-decorateurs-belges-1920-1930\/\",\"name\":\"Architectes decorateurs belges 1920-1930 - Librairie 7L\",\"isPartOf\":{\"@id\":\"https:\/\/librairie7l.com\/en\/#website\"},\"datePublished\":\"2023-10-18T11:54:29+00:00\",\"dateModified\":\"2026-04-23T19:48:12+00:00\",\"breadcrumb\":{\"@id\":\"https:\/\/librairie7l.com\/en\/produit\/architectes-decorateurs-belges-1920-1930\/#breadcrumb\"},\"inLanguage\":\"en-US\",\"potentialAction\":[{\"@type\":\"ReadAction\",\"target\":[\"https:\/\/librairie7l.com\/en\/produit\/architectes-decorateurs-belges-1920-1930\/\"]}]},{\"@type\":\"BreadcrumbList\",\"@id\":\"https:\/\/librairie7l.com\/en\/produit\/architectes-decorateurs-belges-1920-1930\/#breadcrumb\",\"itemListElement\":[{\"@type\":\"ListItem\",\"position\":1,\"name\":\"Accueil\",\"item\":\"https:\/\/librairie7l.com\/en\/\"},{\"@type\":\"ListItem\",\"position\":2,\"name\":\"Shop\",\"item\":\"https:\/\/librairie7l.com\/en\/shop\/\"},{\"@type\":\"ListItem\",\"position\":3,\"name\":\"ARCHITECTES DECORATEURS BELGES 1920-1930\"}]},{\"@type\":\"WebSite\",\"@id\":\"https:\/\/librairie7l.com\/en\/#website\",\"url\":\"https:\/\/librairie7l.com\/en\/\",\"name\":\"Librairie 7L\",\"description\":\"Librairie fond\u00e9e en 1999 par Karl Lagerfeld \u00e0 Paris\",\"publisher\":{\"@id\":\"https:\/\/librairie7l.com\/en\/#organization\"},\"potentialAction\":[{\"@type\":\"SearchAction\",\"target\":{\"@type\":\"EntryPoint\",\"urlTemplate\":\"https:\/\/librairie7l.com\/en\/?s={search_term_string}\"},\"query-input\":\"required name=search_term_string\"}],\"inLanguage\":\"en-US\"},{\"@type\":\"Organization\",\"@id\":\"https:\/\/librairie7l.com\/en\/#organization\",\"name\":\"Librairie 7L\",\"url\":\"https:\/\/librairie7l.com\/en\/\",\"logo\":{\"@type\":\"ImageObject\",\"inLanguage\":\"en-US\",\"@id\":\"https:\/\/librairie7l.com\/en\/#\/schema\/logo\/image\/\",\"url\":\"https:\/\/librairie7l.com\/wp-content\/uploads\/2022\/08\/logo-1.png\",\"contentUrl\":\"https:\/\/librairie7l.com\/wp-content\/uploads\/2022\/08\/logo-1.png\",\"width\":227,\"height\":301,\"caption\":\"Librairie 7L\"},\"image\":{\"@id\":\"https:\/\/librairie7l.com\/en\/#\/schema\/logo\/image\/\"}}]}<\/script>\n<!-- \/ Yoast SEO plugin. -->","yoast_head_json":{"title":"Architectes decorateurs belges 1920-1930 - Librairie 7L","robots":{"index":"index","follow":"follow","max-snippet":"max-snippet:-1","max-image-preview":"max-image-preview:large","max-video-preview":"max-video-preview:-1"},"canonical":"https:\/\/librairie7l.com\/en\/produit\/architectes-decorateurs-belges-1920-1930\/","og_locale":"en_US","og_type":"article","og_title":"Architectes decorateurs belges 1920-1930 - Librairie 7L","og_description":"Priv\u00e9s de la commande des meubles de luxe (monopole de la France) et de la grande s\u00e9rie (fief de l&#8217;Allemagne et de l&#8217;Autriche), les d\u00e9corateurs belges modernistes de l&#8217;entre-deux-guerres se sont fray\u00e9 une voie originale et exp\u00e9rimentale. Le livre \u00e9voque leur histoire au coeur d&#8217;une p\u00e9riode d&#8217;intenses changements, marqu\u00e9e par la naissance des contreplaqu\u00e9s qui [&hellip;]","og_url":"https:\/\/librairie7l.com\/en\/produit\/architectes-decorateurs-belges-1920-1930\/","og_site_name":"Librairie 7L","article_modified_time":"2026-04-23T19:48:12+00:00","og_image":[{"width":400,"height":538,"url":"https:\/\/librairie7l.com\/wp-content\/uploads\/2023\/06\/9782871434085_1_75.jpg","type":"image\/jpeg"}],"twitter_card":"summary_large_image","twitter_misc":{"Est. reading time":"1 minute"},"schema":{"@context":"https:\/\/schema.org","@graph":[{"@type":"WebPage","@id":"https:\/\/librairie7l.com\/en\/produit\/architectes-decorateurs-belges-1920-1930\/","url":"https:\/\/librairie7l.com\/en\/produit\/architectes-decorateurs-belges-1920-1930\/","name":"Architectes decorateurs belges 1920-1930 - Librairie 7L","isPartOf":{"@id":"https:\/\/librairie7l.com\/en\/#website"},"datePublished":"2023-10-18T11:54:29+00:00","dateModified":"2026-04-23T19:48:12+00:00","breadcrumb":{"@id":"https:\/\/librairie7l.com\/en\/produit\/architectes-decorateurs-belges-1920-1930\/#breadcrumb"},"inLanguage":"en-US","potentialAction":[{"@type":"ReadAction","target":["https:\/\/librairie7l.com\/en\/produit\/architectes-decorateurs-belges-1920-1930\/"]}]},{"@type":"BreadcrumbList","@id":"https:\/\/librairie7l.com\/en\/produit\/architectes-decorateurs-belges-1920-1930\/#breadcrumb","itemListElement":[{"@type":"ListItem","position":1,"name":"Accueil","item":"https:\/\/librairie7l.com\/en\/"},{"@type":"ListItem","position":2,"name":"Shop","item":"https:\/\/librairie7l.com\/en\/shop\/"},{"@type":"ListItem","position":3,"name":"ARCHITECTES DECORATEURS BELGES 1920-1930"}]},{"@type":"WebSite","@id":"https:\/\/librairie7l.com\/en\/#website","url":"https:\/\/librairie7l.com\/en\/","name":"Librairie 7L","description":"Librairie fond\u00e9e en 1999 par Karl Lagerfeld \u00e0 Paris","publisher":{"@id":"https:\/\/librairie7l.com\/en\/#organization"},"potentialAction":[{"@type":"SearchAction","target":{"@type":"EntryPoint","urlTemplate":"https:\/\/librairie7l.com\/en\/?s={search_term_string}"},"query-input":"required name=search_term_string"}],"inLanguage":"en-US"},{"@type":"Organization","@id":"https:\/\/librairie7l.com\/en\/#organization","name":"Librairie 7L","url":"https:\/\/librairie7l.com\/en\/","logo":{"@type":"ImageObject","inLanguage":"en-US","@id":"https:\/\/librairie7l.com\/en\/#\/schema\/logo\/image\/","url":"https:\/\/librairie7l.com\/wp-content\/uploads\/2022\/08\/logo-1.png","contentUrl":"https:\/\/librairie7l.com\/wp-content\/uploads\/2022\/08\/logo-1.png","width":227,"height":301,"caption":"Librairie 7L"},"image":{"@id":"https:\/\/librairie7l.com\/en\/#\/schema\/logo\/image\/"}}]}},"_links":{"self":[{"href":"https:\/\/librairie7l.com\/en\/wp-json\/wp\/v2\/product\/35943"}],"collection":[{"href":"https:\/\/librairie7l.com\/en\/wp-json\/wp\/v2\/product"}],"about":[{"href":"https:\/\/librairie7l.com\/en\/wp-json\/wp\/v2\/types\/product"}],"wp:featuredmedia":[{"embeddable":true,"href":"https:\/\/librairie7l.com\/en\/wp-json\/wp\/v2\/media\/36404"}],"wp:attachment":[{"href":"https:\/\/librairie7l.com\/en\/wp-json\/wp\/v2\/media?parent=35943"}],"wp:term":[{"taxonomy":"product_cat","embeddable":true,"href":"https:\/\/librairie7l.com\/en\/wp-json\/wp\/v2\/product_cat?post=35943"},{"taxonomy":"product_tag","embeddable":true,"href":"https:\/\/librairie7l.com\/en\/wp-json\/wp\/v2\/product_tag?post=35943"}],"curies":[{"name":"wp","href":"https:\/\/api.w.org\/{rel}","templated":true}]}}