{"id":35945,"date":"2023-10-18T13:54:40","date_gmt":"2023-10-18T11:54:40","guid":{"rendered":"https:\/\/librairie7l.com\/?post_type=product&#038;p=35945"},"modified":"2026-05-02T01:19:35","modified_gmt":"2026-05-01T23:19:35","slug":"sauvage-materialite-illustrations-couleur","status":"publish","type":"product","link":"https:\/\/librairie7l.com\/en\/produit\/sauvage-materialite-illustrations-couleur\/","title":{"rendered":"SAUVAGE MATERIALITE &#8211; ILLUSTRATIONS, COULEUR"},"content":{"rendered":"<p>Au d\u00e9but des ann\u00e9es 2000, Jean-Christophe B\u00e9chet se lance dans  l&#8217;exp\u00e9rimentation de la mati\u00e8re photographique. N\u00e9 d&#8217;un int\u00e9r\u00eat pour  l&#8217;accident dans l&#8217;image, ce plaisir a atteint son apog\u00e9e dans une  hybridation des techniques argentiques et num\u00e9riques, dont ce livre  collecte les r\u00e9sultats inventifs et saisissants.<br \/>\nDepuis les photos voil\u00e9es, amput\u00e9es ou effac\u00e9es des amorces de fi lms  que Jean-Christophe B\u00e9chet a commenc\u00e9 par rassembler, leur trouvant  une qualit\u00e9 inattendue, jusqu&#8217;\u00e0 ses tirages hybrides plus r\u00e9cents (\u00e0 la fois  argentiques et num\u00e9riques), en passant par les diapositives et polaroids  de sa s\u00e9rie \u00ab Accidents \u00bb expos\u00e9e aux Rencontres d&#8217;Arles en 2013,  cet ouvrage revisite deux d\u00e9cennies d&#8217;exp\u00e9rimentation.<\/p>\n","protected":false},"excerpt":{"rendered":"<p>Au d\u00e9but des ann\u00e9es 2000, Jean-Christophe B\u00e9chet se lance dans l&#8217;exp\u00e9rimentation de la mati\u00e8re photographique. N\u00e9 d&#8217;un int\u00e9r\u00eat pour l&#8217;accident dans l&#8217;image, ce plaisir a atteint son apog\u00e9e dans une hybridation des techniques argentiques et num\u00e9riques, dont ce livre collecte les r\u00e9sultats inventifs et saisissants. Depuis les photos voil\u00e9es, amput\u00e9es ou effac\u00e9es des amorces de [&hellip;]<\/p>\n","protected":false},"featured_media":37048,"template":"","meta":[],"product_cat":[2948,2958],"product_tag":[],"acf":[],"yoast_head":"<!-- This site is optimized with the Yoast SEO plugin v20.11 - https:\/\/yoast.com\/wordpress\/plugins\/seo\/ -->\n<title>Sauvage materialite - illustrations, couleur - Librairie 7L<\/title>\n<meta name=\"robots\" content=\"index, follow, max-snippet:-1, max-image-preview:large, max-video-preview:-1\" \/>\n<link rel=\"canonical\" href=\"https:\/\/librairie7l.com\/en\/produit\/sauvage-materialite-illustrations-couleur\/\" \/>\n<meta property=\"og:locale\" content=\"en_US\" \/>\n<meta property=\"og:type\" content=\"article\" \/>\n<meta property=\"og:title\" content=\"Sauvage materialite - illustrations, couleur - Librairie 7L\" \/>\n<meta property=\"og:description\" content=\"Au d\u00e9but des ann\u00e9es 2000, Jean-Christophe B\u00e9chet se lance dans l&#8217;exp\u00e9rimentation de la mati\u00e8re photographique. N\u00e9 d&#8217;un int\u00e9r\u00eat pour l&#8217;accident dans l&#8217;image, ce plaisir a atteint son apog\u00e9e dans une hybridation des techniques argentiques et num\u00e9riques, dont ce livre collecte les r\u00e9sultats inventifs et saisissants. Depuis les photos voil\u00e9es, amput\u00e9es ou effac\u00e9es des amorces de [&hellip;]\" \/>\n<meta property=\"og:url\" content=\"https:\/\/librairie7l.com\/en\/produit\/sauvage-materialite-illustrations-couleur\/\" \/>\n<meta property=\"og:site_name\" content=\"Librairie 7L\" \/>\n<meta property=\"article:modified_time\" content=\"2026-05-01T23:19:35+00:00\" \/>\n<meta property=\"og:image\" content=\"https:\/\/librairie7l.com\/wp-content\/uploads\/2023\/10\/9782843140884_1_75.jpg\" \/>\n\t<meta property=\"og:image:width\" content=\"338\" \/>\n\t<meta property=\"og:image:height\" content=\"434\" \/>\n\t<meta property=\"og:image:type\" content=\"image\/jpeg\" \/>\n<meta name=\"twitter:card\" content=\"summary_large_image\" \/>\n<meta name=\"twitter:label1\" content=\"Est. reading time\" \/>\n\t<meta name=\"twitter:data1\" content=\"1 minute\" \/>\n<script type=\"application\/ld+json\" class=\"yoast-schema-graph\">{\"@context\":\"https:\/\/schema.org\",\"@graph\":[{\"@type\":\"WebPage\",\"@id\":\"https:\/\/librairie7l.com\/en\/produit\/sauvage-materialite-illustrations-couleur\/\",\"url\":\"https:\/\/librairie7l.com\/en\/produit\/sauvage-materialite-illustrations-couleur\/\",\"name\":\"Sauvage materialite - illustrations, couleur - Librairie 7L\",\"isPartOf\":{\"@id\":\"https:\/\/librairie7l.com\/en\/#website\"},\"datePublished\":\"2023-10-18T11:54:40+00:00\",\"dateModified\":\"2026-05-01T23:19:35+00:00\",\"breadcrumb\":{\"@id\":\"https:\/\/librairie7l.com\/en\/produit\/sauvage-materialite-illustrations-couleur\/#breadcrumb\"},\"inLanguage\":\"en-US\",\"potentialAction\":[{\"@type\":\"ReadAction\",\"target\":[\"https:\/\/librairie7l.com\/en\/produit\/sauvage-materialite-illustrations-couleur\/\"]}]},{\"@type\":\"BreadcrumbList\",\"@id\":\"https:\/\/librairie7l.com\/en\/produit\/sauvage-materialite-illustrations-couleur\/#breadcrumb\",\"itemListElement\":[{\"@type\":\"ListItem\",\"position\":1,\"name\":\"Accueil\",\"item\":\"https:\/\/librairie7l.com\/en\/\"},{\"@type\":\"ListItem\",\"position\":2,\"name\":\"Shop\",\"item\":\"https:\/\/librairie7l.com\/en\/shop\/\"},{\"@type\":\"ListItem\",\"position\":3,\"name\":\"SAUVAGE MATERIALITE &#8211; ILLUSTRATIONS, COULEUR\"}]},{\"@type\":\"WebSite\",\"@id\":\"https:\/\/librairie7l.com\/en\/#website\",\"url\":\"https:\/\/librairie7l.com\/en\/\",\"name\":\"Librairie 7L\",\"description\":\"Librairie fond\u00e9e en 1999 par Karl Lagerfeld \u00e0 Paris\",\"publisher\":{\"@id\":\"https:\/\/librairie7l.com\/en\/#organization\"},\"potentialAction\":[{\"@type\":\"SearchAction\",\"target\":{\"@type\":\"EntryPoint\",\"urlTemplate\":\"https:\/\/librairie7l.com\/en\/?s={search_term_string}\"},\"query-input\":\"required name=search_term_string\"}],\"inLanguage\":\"en-US\"},{\"@type\":\"Organization\",\"@id\":\"https:\/\/librairie7l.com\/en\/#organization\",\"name\":\"Librairie 7L\",\"url\":\"https:\/\/librairie7l.com\/en\/\",\"logo\":{\"@type\":\"ImageObject\",\"inLanguage\":\"en-US\",\"@id\":\"https:\/\/librairie7l.com\/en\/#\/schema\/logo\/image\/\",\"url\":\"https:\/\/librairie7l.com\/wp-content\/uploads\/2022\/08\/logo-1.png\",\"contentUrl\":\"https:\/\/librairie7l.com\/wp-content\/uploads\/2022\/08\/logo-1.png\",\"width\":227,\"height\":301,\"caption\":\"Librairie 7L\"},\"image\":{\"@id\":\"https:\/\/librairie7l.com\/en\/#\/schema\/logo\/image\/\"}}]}<\/script>\n<!-- \/ Yoast SEO plugin. -->","yoast_head_json":{"title":"Sauvage materialite - illustrations, couleur - Librairie 7L","robots":{"index":"index","follow":"follow","max-snippet":"max-snippet:-1","max-image-preview":"max-image-preview:large","max-video-preview":"max-video-preview:-1"},"canonical":"https:\/\/librairie7l.com\/en\/produit\/sauvage-materialite-illustrations-couleur\/","og_locale":"en_US","og_type":"article","og_title":"Sauvage materialite - illustrations, couleur - Librairie 7L","og_description":"Au d\u00e9but des ann\u00e9es 2000, Jean-Christophe B\u00e9chet se lance dans l&#8217;exp\u00e9rimentation de la mati\u00e8re photographique. N\u00e9 d&#8217;un int\u00e9r\u00eat pour l&#8217;accident dans l&#8217;image, ce plaisir a atteint son apog\u00e9e dans une hybridation des techniques argentiques et num\u00e9riques, dont ce livre collecte les r\u00e9sultats inventifs et saisissants. Depuis les photos voil\u00e9es, amput\u00e9es ou effac\u00e9es des amorces de [&hellip;]","og_url":"https:\/\/librairie7l.com\/en\/produit\/sauvage-materialite-illustrations-couleur\/","og_site_name":"Librairie 7L","article_modified_time":"2026-05-01T23:19:35+00:00","og_image":[{"width":338,"height":434,"url":"https:\/\/librairie7l.com\/wp-content\/uploads\/2023\/10\/9782843140884_1_75.jpg","type":"image\/jpeg"}],"twitter_card":"summary_large_image","twitter_misc":{"Est. reading time":"1 minute"},"schema":{"@context":"https:\/\/schema.org","@graph":[{"@type":"WebPage","@id":"https:\/\/librairie7l.com\/en\/produit\/sauvage-materialite-illustrations-couleur\/","url":"https:\/\/librairie7l.com\/en\/produit\/sauvage-materialite-illustrations-couleur\/","name":"Sauvage materialite - illustrations, couleur - Librairie 7L","isPartOf":{"@id":"https:\/\/librairie7l.com\/en\/#website"},"datePublished":"2023-10-18T11:54:40+00:00","dateModified":"2026-05-01T23:19:35+00:00","breadcrumb":{"@id":"https:\/\/librairie7l.com\/en\/produit\/sauvage-materialite-illustrations-couleur\/#breadcrumb"},"inLanguage":"en-US","potentialAction":[{"@type":"ReadAction","target":["https:\/\/librairie7l.com\/en\/produit\/sauvage-materialite-illustrations-couleur\/"]}]},{"@type":"BreadcrumbList","@id":"https:\/\/librairie7l.com\/en\/produit\/sauvage-materialite-illustrations-couleur\/#breadcrumb","itemListElement":[{"@type":"ListItem","position":1,"name":"Accueil","item":"https:\/\/librairie7l.com\/en\/"},{"@type":"ListItem","position":2,"name":"Shop","item":"https:\/\/librairie7l.com\/en\/shop\/"},{"@type":"ListItem","position":3,"name":"SAUVAGE MATERIALITE &#8211; ILLUSTRATIONS, COULEUR"}]},{"@type":"WebSite","@id":"https:\/\/librairie7l.com\/en\/#website","url":"https:\/\/librairie7l.com\/en\/","name":"Librairie 7L","description":"Librairie fond\u00e9e en 1999 par Karl Lagerfeld \u00e0 Paris","publisher":{"@id":"https:\/\/librairie7l.com\/en\/#organization"},"potentialAction":[{"@type":"SearchAction","target":{"@type":"EntryPoint","urlTemplate":"https:\/\/librairie7l.com\/en\/?s={search_term_string}"},"query-input":"required name=search_term_string"}],"inLanguage":"en-US"},{"@type":"Organization","@id":"https:\/\/librairie7l.com\/en\/#organization","name":"Librairie 7L","url":"https:\/\/librairie7l.com\/en\/","logo":{"@type":"ImageObject","inLanguage":"en-US","@id":"https:\/\/librairie7l.com\/en\/#\/schema\/logo\/image\/","url":"https:\/\/librairie7l.com\/wp-content\/uploads\/2022\/08\/logo-1.png","contentUrl":"https:\/\/librairie7l.com\/wp-content\/uploads\/2022\/08\/logo-1.png","width":227,"height":301,"caption":"Librairie 7L"},"image":{"@id":"https:\/\/librairie7l.com\/en\/#\/schema\/logo\/image\/"}}]}},"_links":{"self":[{"href":"https:\/\/librairie7l.com\/en\/wp-json\/wp\/v2\/product\/35945"}],"collection":[{"href":"https:\/\/librairie7l.com\/en\/wp-json\/wp\/v2\/product"}],"about":[{"href":"https:\/\/librairie7l.com\/en\/wp-json\/wp\/v2\/types\/product"}],"wp:featuredmedia":[{"embeddable":true,"href":"https:\/\/librairie7l.com\/en\/wp-json\/wp\/v2\/media\/37048"}],"wp:attachment":[{"href":"https:\/\/librairie7l.com\/en\/wp-json\/wp\/v2\/media?parent=35945"}],"wp:term":[{"taxonomy":"product_cat","embeddable":true,"href":"https:\/\/librairie7l.com\/en\/wp-json\/wp\/v2\/product_cat?post=35945"},{"taxonomy":"product_tag","embeddable":true,"href":"https:\/\/librairie7l.com\/en\/wp-json\/wp\/v2\/product_tag?post=35945"}],"curies":[{"name":"wp","href":"https:\/\/api.w.org\/{rel}","templated":true}]}}