{"id":35969,"date":"2023-10-19T09:16:32","date_gmt":"2023-10-19T07:16:32","guid":{"rendered":"https:\/\/librairie7l.com\/?post_type=product&#038;p=35969"},"modified":"2026-04-20T10:42:33","modified_gmt":"2026-04-20T08:42:33","slug":"histoires-de-nos-mains-en-90-portraits-etonnes","status":"publish","type":"product","link":"https:\/\/librairie7l.com\/en\/produit\/histoires-de-nos-mains-en-90-portraits-etonnes\/","title":{"rendered":"HISTOIRES DE NOS MAINS : EN 90 PORTRAITS \u00c9TONN\u00c9S"},"content":{"rendered":"<p>Dorian Chauvet est neurochirurgien. Il porte depuis longtemps ce projet d&#8217;un livre sur les mains et leur myst\u00e8re, \u00e0 l&#8217;origine de sa vocation m\u00eame :<\/p>\n<p> Au d\u00e9part, il y eut la volont\u00e9 d&#8217;\u00eatre en prise directe avec la maladie, le souhait de ne pas utiliser d&#8217;artifices pour la combattre. Je nourrissais le d\u00e9sir quasi charnel d&#8217;en d\u00e9coudre avec elle avec les mains&#8230; C&#8217;est ainsi que, tr\u00e8s t\u00f4t en m\u00e9decine, je choisis d&#8217;\u00eatre chirurgien. <\/p>\n<p>Il donne dans cet ouvrage collectif la parole \u00e0 plus de quarante artisans, artistes, musiciens, scientifiques, cuisiniers.<\/p>\n","protected":false},"excerpt":{"rendered":"<p>Dorian Chauvet est neurochirurgien. Il porte depuis longtemps ce projet d&#8217;un livre sur les mains et leur myst\u00e8re, \u00e0 l&#8217;origine de sa vocation m\u00eame : Au d\u00e9part, il y eut la volont\u00e9 d&#8217;\u00eatre en prise directe avec la maladie, le souhait de ne pas utiliser d&#8217;artifices pour la combattre. Je nourrissais le d\u00e9sir quasi charnel [&hellip;]<\/p>\n","protected":false},"featured_media":35967,"template":"","meta":[],"product_cat":[2948,2953],"product_tag":[],"acf":[],"yoast_head":"<!-- This site is optimized with the Yoast SEO plugin v20.11 - https:\/\/yoast.com\/wordpress\/plugins\/seo\/ -->\n<title>Histoires de nos mains : en 90 portraits \u00e9tonn\u00e9s - Librairie 7L<\/title>\n<meta name=\"robots\" content=\"index, follow, max-snippet:-1, max-image-preview:large, max-video-preview:-1\" \/>\n<link rel=\"canonical\" href=\"https:\/\/librairie7l.com\/en\/produit\/histoires-de-nos-mains-en-90-portraits-etonnes\/\" \/>\n<meta property=\"og:locale\" content=\"en_US\" \/>\n<meta property=\"og:type\" content=\"article\" \/>\n<meta property=\"og:title\" content=\"Histoires de nos mains : en 90 portraits \u00e9tonn\u00e9s - Librairie 7L\" \/>\n<meta property=\"og:description\" content=\"Dorian Chauvet est neurochirurgien. Il porte depuis longtemps ce projet d&#8217;un livre sur les mains et leur myst\u00e8re, \u00e0 l&#8217;origine de sa vocation m\u00eame : Au d\u00e9part, il y eut la volont\u00e9 d&#8217;\u00eatre en prise directe avec la maladie, le souhait de ne pas utiliser d&#8217;artifices pour la combattre. Je nourrissais le d\u00e9sir quasi charnel [&hellip;]\" \/>\n<meta property=\"og:url\" content=\"https:\/\/librairie7l.com\/en\/produit\/histoires-de-nos-mains-en-90-portraits-etonnes\/\" \/>\n<meta property=\"og:site_name\" content=\"Librairie 7L\" \/>\n<meta property=\"article:modified_time\" content=\"2026-04-20T08:42:33+00:00\" \/>\n<meta property=\"og:image\" content=\"https:\/\/librairie7l.com\/wp-content\/uploads\/2022\/07\/9782749175669_1_75.jpg\" \/>\n\t<meta property=\"og:image:width\" content=\"400\" \/>\n\t<meta property=\"og:image:height\" content=\"546\" \/>\n\t<meta property=\"og:image:type\" content=\"image\/jpeg\" \/>\n<meta name=\"twitter:card\" content=\"summary_large_image\" \/>\n<script type=\"application\/ld+json\" class=\"yoast-schema-graph\">{\"@context\":\"https:\/\/schema.org\",\"@graph\":[{\"@type\":\"WebPage\",\"@id\":\"https:\/\/librairie7l.com\/en\/produit\/histoires-de-nos-mains-en-90-portraits-etonnes\/\",\"url\":\"https:\/\/librairie7l.com\/en\/produit\/histoires-de-nos-mains-en-90-portraits-etonnes\/\",\"name\":\"Histoires de nos mains : en 90 portraits \u00e9tonn\u00e9s - Librairie 7L\",\"isPartOf\":{\"@id\":\"https:\/\/librairie7l.com\/en\/#website\"},\"datePublished\":\"2023-10-19T07:16:32+00:00\",\"dateModified\":\"2026-04-20T08:42:33+00:00\",\"breadcrumb\":{\"@id\":\"https:\/\/librairie7l.com\/en\/produit\/histoires-de-nos-mains-en-90-portraits-etonnes\/#breadcrumb\"},\"inLanguage\":\"en-US\",\"potentialAction\":[{\"@type\":\"ReadAction\",\"target\":[\"https:\/\/librairie7l.com\/en\/produit\/histoires-de-nos-mains-en-90-portraits-etonnes\/\"]}]},{\"@type\":\"BreadcrumbList\",\"@id\":\"https:\/\/librairie7l.com\/en\/produit\/histoires-de-nos-mains-en-90-portraits-etonnes\/#breadcrumb\",\"itemListElement\":[{\"@type\":\"ListItem\",\"position\":1,\"name\":\"Accueil\",\"item\":\"https:\/\/librairie7l.com\/en\/\"},{\"@type\":\"ListItem\",\"position\":2,\"name\":\"Shop\",\"item\":\"https:\/\/librairie7l.com\/en\/shop\/\"},{\"@type\":\"ListItem\",\"position\":3,\"name\":\"HISTOIRES DE NOS MAINS : EN 90 PORTRAITS \u00c9TONN\u00c9S\"}]},{\"@type\":\"WebSite\",\"@id\":\"https:\/\/librairie7l.com\/en\/#website\",\"url\":\"https:\/\/librairie7l.com\/en\/\",\"name\":\"Librairie 7L\",\"description\":\"Librairie fond\u00e9e en 1999 par Karl Lagerfeld \u00e0 Paris\",\"publisher\":{\"@id\":\"https:\/\/librairie7l.com\/en\/#organization\"},\"potentialAction\":[{\"@type\":\"SearchAction\",\"target\":{\"@type\":\"EntryPoint\",\"urlTemplate\":\"https:\/\/librairie7l.com\/en\/?s={search_term_string}\"},\"query-input\":\"required name=search_term_string\"}],\"inLanguage\":\"en-US\"},{\"@type\":\"Organization\",\"@id\":\"https:\/\/librairie7l.com\/en\/#organization\",\"name\":\"Librairie 7L\",\"url\":\"https:\/\/librairie7l.com\/en\/\",\"logo\":{\"@type\":\"ImageObject\",\"inLanguage\":\"en-US\",\"@id\":\"https:\/\/librairie7l.com\/en\/#\/schema\/logo\/image\/\",\"url\":\"https:\/\/librairie7l.com\/wp-content\/uploads\/2022\/08\/logo-1.png\",\"contentUrl\":\"https:\/\/librairie7l.com\/wp-content\/uploads\/2022\/08\/logo-1.png\",\"width\":227,\"height\":301,\"caption\":\"Librairie 7L\"},\"image\":{\"@id\":\"https:\/\/librairie7l.com\/en\/#\/schema\/logo\/image\/\"}}]}<\/script>\n<!-- \/ Yoast SEO plugin. -->","yoast_head_json":{"title":"Histoires de nos mains : en 90 portraits \u00e9tonn\u00e9s - Librairie 7L","robots":{"index":"index","follow":"follow","max-snippet":"max-snippet:-1","max-image-preview":"max-image-preview:large","max-video-preview":"max-video-preview:-1"},"canonical":"https:\/\/librairie7l.com\/en\/produit\/histoires-de-nos-mains-en-90-portraits-etonnes\/","og_locale":"en_US","og_type":"article","og_title":"Histoires de nos mains : en 90 portraits \u00e9tonn\u00e9s - Librairie 7L","og_description":"Dorian Chauvet est neurochirurgien. Il porte depuis longtemps ce projet d&#8217;un livre sur les mains et leur myst\u00e8re, \u00e0 l&#8217;origine de sa vocation m\u00eame : Au d\u00e9part, il y eut la volont\u00e9 d&#8217;\u00eatre en prise directe avec la maladie, le souhait de ne pas utiliser d&#8217;artifices pour la combattre. Je nourrissais le d\u00e9sir quasi charnel [&hellip;]","og_url":"https:\/\/librairie7l.com\/en\/produit\/histoires-de-nos-mains-en-90-portraits-etonnes\/","og_site_name":"Librairie 7L","article_modified_time":"2026-04-20T08:42:33+00:00","og_image":[{"width":400,"height":546,"url":"https:\/\/librairie7l.com\/wp-content\/uploads\/2022\/07\/9782749175669_1_75.jpg","type":"image\/jpeg"}],"twitter_card":"summary_large_image","schema":{"@context":"https:\/\/schema.org","@graph":[{"@type":"WebPage","@id":"https:\/\/librairie7l.com\/en\/produit\/histoires-de-nos-mains-en-90-portraits-etonnes\/","url":"https:\/\/librairie7l.com\/en\/produit\/histoires-de-nos-mains-en-90-portraits-etonnes\/","name":"Histoires de nos mains : en 90 portraits \u00e9tonn\u00e9s - Librairie 7L","isPartOf":{"@id":"https:\/\/librairie7l.com\/en\/#website"},"datePublished":"2023-10-19T07:16:32+00:00","dateModified":"2026-04-20T08:42:33+00:00","breadcrumb":{"@id":"https:\/\/librairie7l.com\/en\/produit\/histoires-de-nos-mains-en-90-portraits-etonnes\/#breadcrumb"},"inLanguage":"en-US","potentialAction":[{"@type":"ReadAction","target":["https:\/\/librairie7l.com\/en\/produit\/histoires-de-nos-mains-en-90-portraits-etonnes\/"]}]},{"@type":"BreadcrumbList","@id":"https:\/\/librairie7l.com\/en\/produit\/histoires-de-nos-mains-en-90-portraits-etonnes\/#breadcrumb","itemListElement":[{"@type":"ListItem","position":1,"name":"Accueil","item":"https:\/\/librairie7l.com\/en\/"},{"@type":"ListItem","position":2,"name":"Shop","item":"https:\/\/librairie7l.com\/en\/shop\/"},{"@type":"ListItem","position":3,"name":"HISTOIRES DE NOS MAINS : EN 90 PORTRAITS \u00c9TONN\u00c9S"}]},{"@type":"WebSite","@id":"https:\/\/librairie7l.com\/en\/#website","url":"https:\/\/librairie7l.com\/en\/","name":"Librairie 7L","description":"Librairie fond\u00e9e en 1999 par Karl Lagerfeld \u00e0 Paris","publisher":{"@id":"https:\/\/librairie7l.com\/en\/#organization"},"potentialAction":[{"@type":"SearchAction","target":{"@type":"EntryPoint","urlTemplate":"https:\/\/librairie7l.com\/en\/?s={search_term_string}"},"query-input":"required name=search_term_string"}],"inLanguage":"en-US"},{"@type":"Organization","@id":"https:\/\/librairie7l.com\/en\/#organization","name":"Librairie 7L","url":"https:\/\/librairie7l.com\/en\/","logo":{"@type":"ImageObject","inLanguage":"en-US","@id":"https:\/\/librairie7l.com\/en\/#\/schema\/logo\/image\/","url":"https:\/\/librairie7l.com\/wp-content\/uploads\/2022\/08\/logo-1.png","contentUrl":"https:\/\/librairie7l.com\/wp-content\/uploads\/2022\/08\/logo-1.png","width":227,"height":301,"caption":"Librairie 7L"},"image":{"@id":"https:\/\/librairie7l.com\/en\/#\/schema\/logo\/image\/"}}]}},"_links":{"self":[{"href":"https:\/\/librairie7l.com\/en\/wp-json\/wp\/v2\/product\/35969"}],"collection":[{"href":"https:\/\/librairie7l.com\/en\/wp-json\/wp\/v2\/product"}],"about":[{"href":"https:\/\/librairie7l.com\/en\/wp-json\/wp\/v2\/types\/product"}],"wp:featuredmedia":[{"embeddable":true,"href":"https:\/\/librairie7l.com\/en\/wp-json\/wp\/v2\/media\/35967"}],"wp:attachment":[{"href":"https:\/\/librairie7l.com\/en\/wp-json\/wp\/v2\/media?parent=35969"}],"wp:term":[{"taxonomy":"product_cat","embeddable":true,"href":"https:\/\/librairie7l.com\/en\/wp-json\/wp\/v2\/product_cat?post=35969"},{"taxonomy":"product_tag","embeddable":true,"href":"https:\/\/librairie7l.com\/en\/wp-json\/wp\/v2\/product_tag?post=35969"}],"curies":[{"name":"wp","href":"https:\/\/api.w.org\/{rel}","templated":true}]}}