{"id":35973,"date":"2023-10-19T09:16:55","date_gmt":"2023-10-19T07:16:55","guid":{"rendered":"https:\/\/librairie7l.com\/?post_type=product&#038;p=35973"},"modified":"2026-04-09T18:49:25","modified_gmt":"2026-04-09T16:49:25","slug":"a-lecoute-des-arbres","status":"publish","type":"product","link":"https:\/\/librairie7l.com\/en\/produit\/a-lecoute-des-arbres\/","title":{"rendered":"\u00c0 L&#8217;\u00c9COUTE DES ARBRES"},"content":{"rendered":"<p>Le duo d&#8217;artistes espagnols Angel Albarran et Anna Cabrera entretiennent une relation particuli\u00e8re avec la nature. Source d&#8217;inspiration, sujet photographique ou d\u00e9cor presque irr\u00e9el, elle est toujours, d&#8217;une mani\u00e8re ou d&#8217;une autre, pr\u00e9sente dans leurs images.<br \/>\nComme un fil conducteur dans leur production, les arbres sont souvent repr\u00e9sent\u00e9s : l&#8217;ombre d&#8217;une branche, le dessin d&#8217;un feuillage devenu abstrait ou encore une silhouette tortueuse au centre du cadre. Seulement l&#8217;arbre n&#8217;est pas le seul sujet de cet ouvrage. Il s&#8217;agit pour eux d&#8217;explorer plus largement la relation que l&#8217;homme entretient avec la nature.  Nous partons du principe que la compr\u00e9hension de l&#8217;homme passe par celle de la nature, non pas telle qu&#8217;elle est, mais plut\u00f4t comme nous sommes. En restant attentifs et observateurs, nous pouvons percevoir les deux, car nous sommes \u00e0 la fois t\u00e9moins et faisons l&#8217;objet d&#8217;une observation. , pr\u00e9cisent-ils. Cela se fait avec l&#8217;aide de la litt\u00e9rature, et notamment les \u00e9crits d&#8217;Hermann Hess, qui partage cette pens\u00e9e et ce que les artistes expriment. Les photographes m\u00ealent \u00e0 la mani\u00e8re d&#8217;un peintre un \u00e9quilibre si caract\u00e9ristique des couleurs \u00e0 une technicit\u00e9 du tirage hors norme, qui est devenue l&#8217;une de leurs marques de fabrique. La feuille d&#8217;or vient rehausser les couleurs vives, quand une trace argent\u00e9e ne souligne pas un reflet, pour nous plonger dans des paysages oniriques et hors du temps. Loin d&#8217;id\u00e9aliser cette nature, les photographes s&#8217;attachent \u00e0 magnifier l&#8217;existant, en nous emmenant dans un voyage chromatique unique qu&#8217;eux seuls sont capables d&#8217;inventer.<\/p>\n","protected":false},"excerpt":{"rendered":"<p>Le duo d&#8217;artistes espagnols Angel Albarran et Anna Cabrera entretiennent une relation particuli\u00e8re avec la nature. Source d&#8217;inspiration, sujet photographique ou d\u00e9cor presque irr\u00e9el, elle est toujours, d&#8217;une mani\u00e8re ou d&#8217;une autre, pr\u00e9sente dans leurs images. Comme un fil conducteur dans leur production, les arbres sont souvent repr\u00e9sent\u00e9s : l&#8217;ombre d&#8217;une branche, le dessin d&#8217;un [&hellip;]<\/p>\n","protected":false},"featured_media":35971,"template":"","meta":[],"product_cat":[2948,2958],"product_tag":[],"acf":[],"yoast_head":"<!-- This site is optimized with the Yoast SEO plugin v20.11 - https:\/\/yoast.com\/wordpress\/plugins\/seo\/ -->\n<title>\u00c0 l&#039;\u00e9coute des arbres - Librairie 7L<\/title>\n<meta name=\"robots\" content=\"index, follow, max-snippet:-1, max-image-preview:large, max-video-preview:-1\" \/>\n<link rel=\"canonical\" href=\"https:\/\/librairie7l.com\/en\/produit\/a-lecoute-des-arbres\/\" \/>\n<meta property=\"og:locale\" content=\"en_US\" \/>\n<meta property=\"og:type\" content=\"article\" \/>\n<meta property=\"og:title\" content=\"\u00c0 l&#039;\u00e9coute des arbres - Librairie 7L\" \/>\n<meta property=\"og:description\" content=\"Le duo d&#8217;artistes espagnols Angel Albarran et Anna Cabrera entretiennent une relation particuli\u00e8re avec la nature. Source d&#8217;inspiration, sujet photographique ou d\u00e9cor presque irr\u00e9el, elle est toujours, d&#8217;une mani\u00e8re ou d&#8217;une autre, pr\u00e9sente dans leurs images. Comme un fil conducteur dans leur production, les arbres sont souvent repr\u00e9sent\u00e9s : l&#8217;ombre d&#8217;une branche, le dessin d&#8217;un [&hellip;]\" \/>\n<meta property=\"og:url\" content=\"https:\/\/librairie7l.com\/en\/produit\/a-lecoute-des-arbres\/\" \/>\n<meta property=\"og:site_name\" content=\"Librairie 7L\" \/>\n<meta property=\"article:modified_time\" content=\"2026-04-09T16:49:25+00:00\" \/>\n<meta property=\"og:image\" content=\"https:\/\/librairie7l.com\/wp-content\/uploads\/2023\/06\/9782365113656_1_75.jpg\" \/>\n\t<meta property=\"og:image:width\" content=\"600\" \/>\n\t<meta property=\"og:image:height\" content=\"899\" \/>\n\t<meta property=\"og:image:type\" content=\"image\/jpeg\" \/>\n<meta name=\"twitter:card\" content=\"summary_large_image\" \/>\n<meta name=\"twitter:label1\" content=\"Est. reading time\" \/>\n\t<meta name=\"twitter:data1\" content=\"1 minute\" \/>\n<script type=\"application\/ld+json\" class=\"yoast-schema-graph\">{\"@context\":\"https:\/\/schema.org\",\"@graph\":[{\"@type\":\"WebPage\",\"@id\":\"https:\/\/librairie7l.com\/en\/produit\/a-lecoute-des-arbres\/\",\"url\":\"https:\/\/librairie7l.com\/en\/produit\/a-lecoute-des-arbres\/\",\"name\":\"\u00c0 l'\u00e9coute des arbres - Librairie 7L\",\"isPartOf\":{\"@id\":\"https:\/\/librairie7l.com\/en\/#website\"},\"datePublished\":\"2023-10-19T07:16:55+00:00\",\"dateModified\":\"2026-04-09T16:49:25+00:00\",\"breadcrumb\":{\"@id\":\"https:\/\/librairie7l.com\/en\/produit\/a-lecoute-des-arbres\/#breadcrumb\"},\"inLanguage\":\"en-US\",\"potentialAction\":[{\"@type\":\"ReadAction\",\"target\":[\"https:\/\/librairie7l.com\/en\/produit\/a-lecoute-des-arbres\/\"]}]},{\"@type\":\"BreadcrumbList\",\"@id\":\"https:\/\/librairie7l.com\/en\/produit\/a-lecoute-des-arbres\/#breadcrumb\",\"itemListElement\":[{\"@type\":\"ListItem\",\"position\":1,\"name\":\"Accueil\",\"item\":\"https:\/\/librairie7l.com\/en\/\"},{\"@type\":\"ListItem\",\"position\":2,\"name\":\"Shop\",\"item\":\"https:\/\/librairie7l.com\/en\/shop\/\"},{\"@type\":\"ListItem\",\"position\":3,\"name\":\"\u00c0 L&#8217;\u00c9COUTE DES ARBRES\"}]},{\"@type\":\"WebSite\",\"@id\":\"https:\/\/librairie7l.com\/en\/#website\",\"url\":\"https:\/\/librairie7l.com\/en\/\",\"name\":\"Librairie 7L\",\"description\":\"Librairie fond\u00e9e en 1999 par Karl Lagerfeld \u00e0 Paris\",\"publisher\":{\"@id\":\"https:\/\/librairie7l.com\/en\/#organization\"},\"potentialAction\":[{\"@type\":\"SearchAction\",\"target\":{\"@type\":\"EntryPoint\",\"urlTemplate\":\"https:\/\/librairie7l.com\/en\/?s={search_term_string}\"},\"query-input\":\"required name=search_term_string\"}],\"inLanguage\":\"en-US\"},{\"@type\":\"Organization\",\"@id\":\"https:\/\/librairie7l.com\/en\/#organization\",\"name\":\"Librairie 7L\",\"url\":\"https:\/\/librairie7l.com\/en\/\",\"logo\":{\"@type\":\"ImageObject\",\"inLanguage\":\"en-US\",\"@id\":\"https:\/\/librairie7l.com\/en\/#\/schema\/logo\/image\/\",\"url\":\"https:\/\/librairie7l.com\/wp-content\/uploads\/2022\/08\/logo-1.png\",\"contentUrl\":\"https:\/\/librairie7l.com\/wp-content\/uploads\/2022\/08\/logo-1.png\",\"width\":227,\"height\":301,\"caption\":\"Librairie 7L\"},\"image\":{\"@id\":\"https:\/\/librairie7l.com\/en\/#\/schema\/logo\/image\/\"}}]}<\/script>\n<!-- \/ Yoast SEO plugin. -->","yoast_head_json":{"title":"\u00c0 l'\u00e9coute des arbres - Librairie 7L","robots":{"index":"index","follow":"follow","max-snippet":"max-snippet:-1","max-image-preview":"max-image-preview:large","max-video-preview":"max-video-preview:-1"},"canonical":"https:\/\/librairie7l.com\/en\/produit\/a-lecoute-des-arbres\/","og_locale":"en_US","og_type":"article","og_title":"\u00c0 l'\u00e9coute des arbres - Librairie 7L","og_description":"Le duo d&#8217;artistes espagnols Angel Albarran et Anna Cabrera entretiennent une relation particuli\u00e8re avec la nature. Source d&#8217;inspiration, sujet photographique ou d\u00e9cor presque irr\u00e9el, elle est toujours, d&#8217;une mani\u00e8re ou d&#8217;une autre, pr\u00e9sente dans leurs images. Comme un fil conducteur dans leur production, les arbres sont souvent repr\u00e9sent\u00e9s : l&#8217;ombre d&#8217;une branche, le dessin d&#8217;un [&hellip;]","og_url":"https:\/\/librairie7l.com\/en\/produit\/a-lecoute-des-arbres\/","og_site_name":"Librairie 7L","article_modified_time":"2026-04-09T16:49:25+00:00","og_image":[{"width":600,"height":899,"url":"https:\/\/librairie7l.com\/wp-content\/uploads\/2023\/06\/9782365113656_1_75.jpg","type":"image\/jpeg"}],"twitter_card":"summary_large_image","twitter_misc":{"Est. reading time":"1 minute"},"schema":{"@context":"https:\/\/schema.org","@graph":[{"@type":"WebPage","@id":"https:\/\/librairie7l.com\/en\/produit\/a-lecoute-des-arbres\/","url":"https:\/\/librairie7l.com\/en\/produit\/a-lecoute-des-arbres\/","name":"\u00c0 l'\u00e9coute des arbres - Librairie 7L","isPartOf":{"@id":"https:\/\/librairie7l.com\/en\/#website"},"datePublished":"2023-10-19T07:16:55+00:00","dateModified":"2026-04-09T16:49:25+00:00","breadcrumb":{"@id":"https:\/\/librairie7l.com\/en\/produit\/a-lecoute-des-arbres\/#breadcrumb"},"inLanguage":"en-US","potentialAction":[{"@type":"ReadAction","target":["https:\/\/librairie7l.com\/en\/produit\/a-lecoute-des-arbres\/"]}]},{"@type":"BreadcrumbList","@id":"https:\/\/librairie7l.com\/en\/produit\/a-lecoute-des-arbres\/#breadcrumb","itemListElement":[{"@type":"ListItem","position":1,"name":"Accueil","item":"https:\/\/librairie7l.com\/en\/"},{"@type":"ListItem","position":2,"name":"Shop","item":"https:\/\/librairie7l.com\/en\/shop\/"},{"@type":"ListItem","position":3,"name":"\u00c0 L&#8217;\u00c9COUTE DES ARBRES"}]},{"@type":"WebSite","@id":"https:\/\/librairie7l.com\/en\/#website","url":"https:\/\/librairie7l.com\/en\/","name":"Librairie 7L","description":"Librairie fond\u00e9e en 1999 par Karl Lagerfeld \u00e0 Paris","publisher":{"@id":"https:\/\/librairie7l.com\/en\/#organization"},"potentialAction":[{"@type":"SearchAction","target":{"@type":"EntryPoint","urlTemplate":"https:\/\/librairie7l.com\/en\/?s={search_term_string}"},"query-input":"required name=search_term_string"}],"inLanguage":"en-US"},{"@type":"Organization","@id":"https:\/\/librairie7l.com\/en\/#organization","name":"Librairie 7L","url":"https:\/\/librairie7l.com\/en\/","logo":{"@type":"ImageObject","inLanguage":"en-US","@id":"https:\/\/librairie7l.com\/en\/#\/schema\/logo\/image\/","url":"https:\/\/librairie7l.com\/wp-content\/uploads\/2022\/08\/logo-1.png","contentUrl":"https:\/\/librairie7l.com\/wp-content\/uploads\/2022\/08\/logo-1.png","width":227,"height":301,"caption":"Librairie 7L"},"image":{"@id":"https:\/\/librairie7l.com\/en\/#\/schema\/logo\/image\/"}}]}},"_links":{"self":[{"href":"https:\/\/librairie7l.com\/en\/wp-json\/wp\/v2\/product\/35973"}],"collection":[{"href":"https:\/\/librairie7l.com\/en\/wp-json\/wp\/v2\/product"}],"about":[{"href":"https:\/\/librairie7l.com\/en\/wp-json\/wp\/v2\/types\/product"}],"wp:featuredmedia":[{"embeddable":true,"href":"https:\/\/librairie7l.com\/en\/wp-json\/wp\/v2\/media\/35971"}],"wp:attachment":[{"href":"https:\/\/librairie7l.com\/en\/wp-json\/wp\/v2\/media?parent=35973"}],"wp:term":[{"taxonomy":"product_cat","embeddable":true,"href":"https:\/\/librairie7l.com\/en\/wp-json\/wp\/v2\/product_cat?post=35973"},{"taxonomy":"product_tag","embeddable":true,"href":"https:\/\/librairie7l.com\/en\/wp-json\/wp\/v2\/product_tag?post=35973"}],"curies":[{"name":"wp","href":"https:\/\/api.w.org\/{rel}","templated":true}]}}