{"id":35977,"date":"2023-10-19T09:17:04","date_gmt":"2023-10-19T07:17:04","guid":{"rendered":"https:\/\/librairie7l.com\/?post_type=product&#038;p=35977"},"modified":"2026-04-13T07:13:47","modified_gmt":"2026-04-13T05:13:47","slug":"ceramique","status":"publish","type":"product","link":"https:\/\/librairie7l.com\/en\/produit\/ceramique\/","title":{"rendered":"C\u00c9RAMIQUE"},"content":{"rendered":"<p>Cet ouvrage, paru pour la premi\u00e8re fois en 2001 et jamais \u00e9gal\u00e9 depuis, vise \u00e0 dresser l&#8217;inventaire des mat\u00e9riaux et des savoir-faire li\u00e9s \u00e0 la c\u00e9ramique et d\u00e9velopp\u00e9s par l&#8217;homme depuis 25 000 ans.<br \/>\nCet ouvrage, paru pour la premi\u00e8re fois en 2001 et jamais \u00e9gal\u00e9 depuis, vise \u00e0 dresser l&#8217;inventaire des mat\u00e9riaux et des savoir-faire li\u00e9s \u00e0 la c\u00e9ramique et d\u00e9velopp\u00e9s par l&#8217;homme depuis 25 000 ans. Tous les composants entrant dans la fabrication de la c\u00e9ramique sont ici pr\u00e9sent\u00e9s, ainsi que les modes de cuisson et les innombrables possibilit\u00e9s de d\u00e9cors. L&#8217;ambition de ce livre est de cr\u00e9er une terminologie pour des m\u00e9thodes et des recettes jamais r\u00e9unies et d\u00e9crites aussi pr\u00e9cis\u00e9ment. <\/p>\n<p> 650 entr\u00e9es et plus de 900 photographies (reportages, photos de laboratoire, macros et pi\u00e8ces rares) renforcent le souci d&#8217;exhaustivit\u00e9 de ce travail de plus de vingt ann\u00e9es. Une riche iconographie rend l&#8217;ouvrage d&#8217;une lecture ais\u00e9e, sans nuire \u00e0 la rigueur du propos. Enfin, un chapitre traitant des d\u00e9fauts et alt\u00e9rations de la c\u00e9ramique et pr\u00e9sentant les diff\u00e9rentes techniques de restauration int\u00e9ressera particuli\u00e8rement les collectionneurs et les antiquaires. <\/p>\n<p> Nicole Blondel est conservateur g\u00e9n\u00e9ral honoraire du Patrimoine. Dans la collection Vocabulaires, elle est l&#8217;auteur des volumes  Vitrail et  Objets civils et domestiques ainsi que de l&#8217;Itin\u00e9raire  La Cit\u00e9 de la c\u00e9ramique \u00e0 S\u00e8vres.<\/p>\n","protected":false},"excerpt":{"rendered":"<p>Cet ouvrage, paru pour la premi\u00e8re fois en 2001 et jamais \u00e9gal\u00e9 depuis, vise \u00e0 dresser l&#8217;inventaire des mat\u00e9riaux et des savoir-faire li\u00e9s \u00e0 la c\u00e9ramique et d\u00e9velopp\u00e9s par l&#8217;homme depuis 25 000 ans. Cet ouvrage, paru pour la premi\u00e8re fois en 2001 et jamais \u00e9gal\u00e9 depuis, vise \u00e0 dresser l&#8217;inventaire des mat\u00e9riaux et des [&hellip;]<\/p>\n","protected":false},"featured_media":35975,"template":"","meta":[],"product_cat":[2948,2952],"product_tag":[],"acf":[],"yoast_head":"<!-- This site is optimized with the Yoast SEO plugin v20.11 - https:\/\/yoast.com\/wordpress\/plugins\/seo\/ -->\n<title>C\u00e9ramique - Librairie 7L<\/title>\n<meta name=\"robots\" content=\"index, follow, max-snippet:-1, max-image-preview:large, max-video-preview:-1\" \/>\n<link rel=\"canonical\" href=\"https:\/\/librairie7l.com\/en\/produit\/ceramique\/\" \/>\n<meta property=\"og:locale\" content=\"en_US\" \/>\n<meta property=\"og:type\" content=\"article\" \/>\n<meta property=\"og:title\" content=\"C\u00e9ramique - Librairie 7L\" \/>\n<meta property=\"og:description\" content=\"Cet ouvrage, paru pour la premi\u00e8re fois en 2001 et jamais \u00e9gal\u00e9 depuis, vise \u00e0 dresser l&#8217;inventaire des mat\u00e9riaux et des savoir-faire li\u00e9s \u00e0 la c\u00e9ramique et d\u00e9velopp\u00e9s par l&#8217;homme depuis 25 000 ans. Cet ouvrage, paru pour la premi\u00e8re fois en 2001 et jamais \u00e9gal\u00e9 depuis, vise \u00e0 dresser l&#8217;inventaire des mat\u00e9riaux et des [&hellip;]\" \/>\n<meta property=\"og:url\" content=\"https:\/\/librairie7l.com\/en\/produit\/ceramique\/\" \/>\n<meta property=\"og:site_name\" content=\"Librairie 7L\" \/>\n<meta property=\"article:modified_time\" content=\"2026-04-13T05:13:47+00:00\" \/>\n<meta property=\"og:image\" content=\"https:\/\/librairie7l.com\/wp-content\/uploads\/2022\/12\/9782757708873_1_75.jpg\" \/>\n\t<meta property=\"og:image:width\" content=\"400\" \/>\n\t<meta property=\"og:image:height\" content=\"567\" \/>\n\t<meta property=\"og:image:type\" content=\"image\/jpeg\" \/>\n<meta name=\"twitter:card\" content=\"summary_large_image\" \/>\n<meta name=\"twitter:label1\" content=\"Est. reading time\" \/>\n\t<meta name=\"twitter:data1\" content=\"1 minute\" \/>\n<script type=\"application\/ld+json\" class=\"yoast-schema-graph\">{\"@context\":\"https:\/\/schema.org\",\"@graph\":[{\"@type\":\"WebPage\",\"@id\":\"https:\/\/librairie7l.com\/en\/produit\/ceramique\/\",\"url\":\"https:\/\/librairie7l.com\/en\/produit\/ceramique\/\",\"name\":\"C\u00e9ramique - Librairie 7L\",\"isPartOf\":{\"@id\":\"https:\/\/librairie7l.com\/en\/#website\"},\"datePublished\":\"2023-10-19T07:17:04+00:00\",\"dateModified\":\"2026-04-13T05:13:47+00:00\",\"breadcrumb\":{\"@id\":\"https:\/\/librairie7l.com\/en\/produit\/ceramique\/#breadcrumb\"},\"inLanguage\":\"en-US\",\"potentialAction\":[{\"@type\":\"ReadAction\",\"target\":[\"https:\/\/librairie7l.com\/en\/produit\/ceramique\/\"]}]},{\"@type\":\"BreadcrumbList\",\"@id\":\"https:\/\/librairie7l.com\/en\/produit\/ceramique\/#breadcrumb\",\"itemListElement\":[{\"@type\":\"ListItem\",\"position\":1,\"name\":\"Accueil\",\"item\":\"https:\/\/librairie7l.com\/en\/\"},{\"@type\":\"ListItem\",\"position\":2,\"name\":\"Shop\",\"item\":\"https:\/\/librairie7l.com\/en\/shop\/\"},{\"@type\":\"ListItem\",\"position\":3,\"name\":\"C\u00c9RAMIQUE\"}]},{\"@type\":\"WebSite\",\"@id\":\"https:\/\/librairie7l.com\/en\/#website\",\"url\":\"https:\/\/librairie7l.com\/en\/\",\"name\":\"Librairie 7L\",\"description\":\"Librairie fond\u00e9e en 1999 par Karl Lagerfeld \u00e0 Paris\",\"publisher\":{\"@id\":\"https:\/\/librairie7l.com\/en\/#organization\"},\"potentialAction\":[{\"@type\":\"SearchAction\",\"target\":{\"@type\":\"EntryPoint\",\"urlTemplate\":\"https:\/\/librairie7l.com\/en\/?s={search_term_string}\"},\"query-input\":\"required name=search_term_string\"}],\"inLanguage\":\"en-US\"},{\"@type\":\"Organization\",\"@id\":\"https:\/\/librairie7l.com\/en\/#organization\",\"name\":\"Librairie 7L\",\"url\":\"https:\/\/librairie7l.com\/en\/\",\"logo\":{\"@type\":\"ImageObject\",\"inLanguage\":\"en-US\",\"@id\":\"https:\/\/librairie7l.com\/en\/#\/schema\/logo\/image\/\",\"url\":\"https:\/\/librairie7l.com\/wp-content\/uploads\/2022\/08\/logo-1.png\",\"contentUrl\":\"https:\/\/librairie7l.com\/wp-content\/uploads\/2022\/08\/logo-1.png\",\"width\":227,\"height\":301,\"caption\":\"Librairie 7L\"},\"image\":{\"@id\":\"https:\/\/librairie7l.com\/en\/#\/schema\/logo\/image\/\"}}]}<\/script>\n<!-- \/ Yoast SEO plugin. -->","yoast_head_json":{"title":"C\u00e9ramique - Librairie 7L","robots":{"index":"index","follow":"follow","max-snippet":"max-snippet:-1","max-image-preview":"max-image-preview:large","max-video-preview":"max-video-preview:-1"},"canonical":"https:\/\/librairie7l.com\/en\/produit\/ceramique\/","og_locale":"en_US","og_type":"article","og_title":"C\u00e9ramique - Librairie 7L","og_description":"Cet ouvrage, paru pour la premi\u00e8re fois en 2001 et jamais \u00e9gal\u00e9 depuis, vise \u00e0 dresser l&#8217;inventaire des mat\u00e9riaux et des savoir-faire li\u00e9s \u00e0 la c\u00e9ramique et d\u00e9velopp\u00e9s par l&#8217;homme depuis 25 000 ans. Cet ouvrage, paru pour la premi\u00e8re fois en 2001 et jamais \u00e9gal\u00e9 depuis, vise \u00e0 dresser l&#8217;inventaire des mat\u00e9riaux et des [&hellip;]","og_url":"https:\/\/librairie7l.com\/en\/produit\/ceramique\/","og_site_name":"Librairie 7L","article_modified_time":"2026-04-13T05:13:47+00:00","og_image":[{"width":400,"height":567,"url":"https:\/\/librairie7l.com\/wp-content\/uploads\/2022\/12\/9782757708873_1_75.jpg","type":"image\/jpeg"}],"twitter_card":"summary_large_image","twitter_misc":{"Est. reading time":"1 minute"},"schema":{"@context":"https:\/\/schema.org","@graph":[{"@type":"WebPage","@id":"https:\/\/librairie7l.com\/en\/produit\/ceramique\/","url":"https:\/\/librairie7l.com\/en\/produit\/ceramique\/","name":"C\u00e9ramique - Librairie 7L","isPartOf":{"@id":"https:\/\/librairie7l.com\/en\/#website"},"datePublished":"2023-10-19T07:17:04+00:00","dateModified":"2026-04-13T05:13:47+00:00","breadcrumb":{"@id":"https:\/\/librairie7l.com\/en\/produit\/ceramique\/#breadcrumb"},"inLanguage":"en-US","potentialAction":[{"@type":"ReadAction","target":["https:\/\/librairie7l.com\/en\/produit\/ceramique\/"]}]},{"@type":"BreadcrumbList","@id":"https:\/\/librairie7l.com\/en\/produit\/ceramique\/#breadcrumb","itemListElement":[{"@type":"ListItem","position":1,"name":"Accueil","item":"https:\/\/librairie7l.com\/en\/"},{"@type":"ListItem","position":2,"name":"Shop","item":"https:\/\/librairie7l.com\/en\/shop\/"},{"@type":"ListItem","position":3,"name":"C\u00c9RAMIQUE"}]},{"@type":"WebSite","@id":"https:\/\/librairie7l.com\/en\/#website","url":"https:\/\/librairie7l.com\/en\/","name":"Librairie 7L","description":"Librairie fond\u00e9e en 1999 par Karl Lagerfeld \u00e0 Paris","publisher":{"@id":"https:\/\/librairie7l.com\/en\/#organization"},"potentialAction":[{"@type":"SearchAction","target":{"@type":"EntryPoint","urlTemplate":"https:\/\/librairie7l.com\/en\/?s={search_term_string}"},"query-input":"required name=search_term_string"}],"inLanguage":"en-US"},{"@type":"Organization","@id":"https:\/\/librairie7l.com\/en\/#organization","name":"Librairie 7L","url":"https:\/\/librairie7l.com\/en\/","logo":{"@type":"ImageObject","inLanguage":"en-US","@id":"https:\/\/librairie7l.com\/en\/#\/schema\/logo\/image\/","url":"https:\/\/librairie7l.com\/wp-content\/uploads\/2022\/08\/logo-1.png","contentUrl":"https:\/\/librairie7l.com\/wp-content\/uploads\/2022\/08\/logo-1.png","width":227,"height":301,"caption":"Librairie 7L"},"image":{"@id":"https:\/\/librairie7l.com\/en\/#\/schema\/logo\/image\/"}}]}},"_links":{"self":[{"href":"https:\/\/librairie7l.com\/en\/wp-json\/wp\/v2\/product\/35977"}],"collection":[{"href":"https:\/\/librairie7l.com\/en\/wp-json\/wp\/v2\/product"}],"about":[{"href":"https:\/\/librairie7l.com\/en\/wp-json\/wp\/v2\/types\/product"}],"wp:featuredmedia":[{"embeddable":true,"href":"https:\/\/librairie7l.com\/en\/wp-json\/wp\/v2\/media\/35975"}],"wp:attachment":[{"href":"https:\/\/librairie7l.com\/en\/wp-json\/wp\/v2\/media?parent=35977"}],"wp:term":[{"taxonomy":"product_cat","embeddable":true,"href":"https:\/\/librairie7l.com\/en\/wp-json\/wp\/v2\/product_cat?post=35977"},{"taxonomy":"product_tag","embeddable":true,"href":"https:\/\/librairie7l.com\/en\/wp-json\/wp\/v2\/product_tag?post=35977"}],"curies":[{"name":"wp","href":"https:\/\/api.w.org\/{rel}","templated":true}]}}