{"id":35981,"date":"2023-10-19T09:17:09","date_gmt":"2023-10-19T07:17:09","guid":{"rendered":"https:\/\/librairie7l.com\/?post_type=product&#038;p=35981"},"modified":"2026-05-02T01:19:58","modified_gmt":"2026-05-01T23:19:58","slug":"des-oiseaux","status":"publish","type":"product","link":"https:\/\/librairie7l.com\/en\/produit\/des-oiseaux\/","title":{"rendered":"DES OISEAUX"},"content":{"rendered":"<p>Ma\u00eetre de la photographie de studio, Roversi a substitu\u00e9 au top-mode, pour une s\u00e9rie r\u00e9alis\u00e9e au Polaro\u00efd grand format, des oiseaux de fauconnerie.<\/p>\n<p> Figure de la photographie de mode, directeur artistique et grand portraitiste, Paolo Roversi collabore depuis plus de quarante ans avec les plus prestigieuses maisons de haute couture, parmi lesquelles Dior ou encore Yohji Yamamoto. Ma\u00eetre de la photographie de studio, Roversi a substitu\u00e9 au top-mode, pour une s\u00e9rie r\u00e9alis\u00e9e au Polaro\u00efd grand format, des oiseaux de fauconnerie. Nimb\u00e9s de lumi\u00e8res satur\u00e9es, hiboux, chouettes et faucons posent face \u00e0 l&#8217;objectif. L&#8217;approche minimaliste du portrait et les tons monochromes, qui ont fait la signature du photographe italien, donnent \u00e0 voir dans toute leur majest\u00e9 un faucon royal, un hibou moyen-duc et une chouette princi\u00e8re. Les oiseaux, pos\u00e9s sur un tabouret ou le dossier d&#8217;une chaise, se tiennent avec \u00e9l\u00e9gance, regards parfois \u00e9tonn\u00e9s d&#8217;\u00eatre l\u00e0, devenu sujet digne d&#8217;attention. Le temps para\u00eet suspendu : dans des tons violines ou presque vieil or patin\u00e9, la pr\u00e9sence tranquille, l&#8217;envol soudain, le regard surpris des oiseaux confinent presque au pictural. La gr\u00e2ce de ces rapaces, la beaut\u00e9 de leurs plumes et la puissance de leur pr\u00e9sence se r\u00e9v\u00e8lent sous la g\u00e9latine argentique et dans les couleurs \u00e9vanescentes caract\u00e9ristiques du photographe. Cette s\u00e9rie in\u00e9dite de Roversi offre un nouveau regard sur les oiseaux : leurs liens aux hommes, comme mod\u00e8le artistique.<\/p>\n","protected":false},"excerpt":{"rendered":"<p>Ma\u00eetre de la photographie de studio, Roversi a substitu\u00e9 au top-mode, pour une s\u00e9rie r\u00e9alis\u00e9e au Polaro\u00efd grand format, des oiseaux de fauconnerie. Figure de la photographie de mode, directeur artistique et grand portraitiste, Paolo Roversi collabore depuis plus de quarante ans avec les plus prestigieuses maisons de haute couture, parmi lesquelles Dior ou encore [&hellip;]<\/p>\n","protected":false},"featured_media":35979,"template":"","meta":[],"product_cat":[2948,2958],"product_tag":[],"acf":[],"yoast_head":"<!-- This site is optimized with the Yoast SEO plugin v20.11 - https:\/\/yoast.com\/wordpress\/plugins\/seo\/ -->\n<title>Des oiseaux - Librairie 7L<\/title>\n<meta name=\"robots\" content=\"index, follow, max-snippet:-1, max-image-preview:large, max-video-preview:-1\" \/>\n<link rel=\"canonical\" href=\"https:\/\/librairie7l.com\/en\/produit\/des-oiseaux\/\" \/>\n<meta property=\"og:locale\" content=\"en_US\" \/>\n<meta property=\"og:type\" content=\"article\" \/>\n<meta property=\"og:title\" content=\"Des oiseaux - Librairie 7L\" \/>\n<meta property=\"og:description\" content=\"Ma\u00eetre de la photographie de studio, Roversi a substitu\u00e9 au top-mode, pour une s\u00e9rie r\u00e9alis\u00e9e au Polaro\u00efd grand format, des oiseaux de fauconnerie. Figure de la photographie de mode, directeur artistique et grand portraitiste, Paolo Roversi collabore depuis plus de quarante ans avec les plus prestigieuses maisons de haute couture, parmi lesquelles Dior ou encore [&hellip;]\" \/>\n<meta property=\"og:url\" content=\"https:\/\/librairie7l.com\/en\/produit\/des-oiseaux\/\" \/>\n<meta property=\"og:site_name\" content=\"Librairie 7L\" \/>\n<meta property=\"article:modified_time\" content=\"2026-05-01T23:19:58+00:00\" \/>\n<meta property=\"og:image\" content=\"https:\/\/librairie7l.com\/wp-content\/uploads\/2023\/06\/9782365113854_1_75.jpg\" \/>\n\t<meta property=\"og:image:width\" content=\"600\" \/>\n\t<meta property=\"og:image:height\" content=\"763\" \/>\n\t<meta property=\"og:image:type\" content=\"image\/jpeg\" \/>\n<meta name=\"twitter:card\" content=\"summary_large_image\" \/>\n<meta name=\"twitter:label1\" content=\"Est. reading time\" \/>\n\t<meta name=\"twitter:data1\" content=\"1 minute\" \/>\n<script type=\"application\/ld+json\" class=\"yoast-schema-graph\">{\"@context\":\"https:\/\/schema.org\",\"@graph\":[{\"@type\":\"WebPage\",\"@id\":\"https:\/\/librairie7l.com\/en\/produit\/des-oiseaux\/\",\"url\":\"https:\/\/librairie7l.com\/en\/produit\/des-oiseaux\/\",\"name\":\"Des oiseaux - Librairie 7L\",\"isPartOf\":{\"@id\":\"https:\/\/librairie7l.com\/en\/#website\"},\"datePublished\":\"2023-10-19T07:17:09+00:00\",\"dateModified\":\"2026-05-01T23:19:58+00:00\",\"breadcrumb\":{\"@id\":\"https:\/\/librairie7l.com\/en\/produit\/des-oiseaux\/#breadcrumb\"},\"inLanguage\":\"en-US\",\"potentialAction\":[{\"@type\":\"ReadAction\",\"target\":[\"https:\/\/librairie7l.com\/en\/produit\/des-oiseaux\/\"]}]},{\"@type\":\"BreadcrumbList\",\"@id\":\"https:\/\/librairie7l.com\/en\/produit\/des-oiseaux\/#breadcrumb\",\"itemListElement\":[{\"@type\":\"ListItem\",\"position\":1,\"name\":\"Accueil\",\"item\":\"https:\/\/librairie7l.com\/en\/\"},{\"@type\":\"ListItem\",\"position\":2,\"name\":\"Shop\",\"item\":\"https:\/\/librairie7l.com\/en\/shop\/\"},{\"@type\":\"ListItem\",\"position\":3,\"name\":\"DES OISEAUX\"}]},{\"@type\":\"WebSite\",\"@id\":\"https:\/\/librairie7l.com\/en\/#website\",\"url\":\"https:\/\/librairie7l.com\/en\/\",\"name\":\"Librairie 7L\",\"description\":\"Librairie fond\u00e9e en 1999 par Karl Lagerfeld \u00e0 Paris\",\"publisher\":{\"@id\":\"https:\/\/librairie7l.com\/en\/#organization\"},\"potentialAction\":[{\"@type\":\"SearchAction\",\"target\":{\"@type\":\"EntryPoint\",\"urlTemplate\":\"https:\/\/librairie7l.com\/en\/?s={search_term_string}\"},\"query-input\":\"required name=search_term_string\"}],\"inLanguage\":\"en-US\"},{\"@type\":\"Organization\",\"@id\":\"https:\/\/librairie7l.com\/en\/#organization\",\"name\":\"Librairie 7L\",\"url\":\"https:\/\/librairie7l.com\/en\/\",\"logo\":{\"@type\":\"ImageObject\",\"inLanguage\":\"en-US\",\"@id\":\"https:\/\/librairie7l.com\/en\/#\/schema\/logo\/image\/\",\"url\":\"https:\/\/librairie7l.com\/wp-content\/uploads\/2022\/08\/logo-1.png\",\"contentUrl\":\"https:\/\/librairie7l.com\/wp-content\/uploads\/2022\/08\/logo-1.png\",\"width\":227,\"height\":301,\"caption\":\"Librairie 7L\"},\"image\":{\"@id\":\"https:\/\/librairie7l.com\/en\/#\/schema\/logo\/image\/\"}}]}<\/script>\n<!-- \/ Yoast SEO plugin. -->","yoast_head_json":{"title":"Des oiseaux - Librairie 7L","robots":{"index":"index","follow":"follow","max-snippet":"max-snippet:-1","max-image-preview":"max-image-preview:large","max-video-preview":"max-video-preview:-1"},"canonical":"https:\/\/librairie7l.com\/en\/produit\/des-oiseaux\/","og_locale":"en_US","og_type":"article","og_title":"Des oiseaux - Librairie 7L","og_description":"Ma\u00eetre de la photographie de studio, Roversi a substitu\u00e9 au top-mode, pour une s\u00e9rie r\u00e9alis\u00e9e au Polaro\u00efd grand format, des oiseaux de fauconnerie. Figure de la photographie de mode, directeur artistique et grand portraitiste, Paolo Roversi collabore depuis plus de quarante ans avec les plus prestigieuses maisons de haute couture, parmi lesquelles Dior ou encore [&hellip;]","og_url":"https:\/\/librairie7l.com\/en\/produit\/des-oiseaux\/","og_site_name":"Librairie 7L","article_modified_time":"2026-05-01T23:19:58+00:00","og_image":[{"width":600,"height":763,"url":"https:\/\/librairie7l.com\/wp-content\/uploads\/2023\/06\/9782365113854_1_75.jpg","type":"image\/jpeg"}],"twitter_card":"summary_large_image","twitter_misc":{"Est. reading time":"1 minute"},"schema":{"@context":"https:\/\/schema.org","@graph":[{"@type":"WebPage","@id":"https:\/\/librairie7l.com\/en\/produit\/des-oiseaux\/","url":"https:\/\/librairie7l.com\/en\/produit\/des-oiseaux\/","name":"Des oiseaux - Librairie 7L","isPartOf":{"@id":"https:\/\/librairie7l.com\/en\/#website"},"datePublished":"2023-10-19T07:17:09+00:00","dateModified":"2026-05-01T23:19:58+00:00","breadcrumb":{"@id":"https:\/\/librairie7l.com\/en\/produit\/des-oiseaux\/#breadcrumb"},"inLanguage":"en-US","potentialAction":[{"@type":"ReadAction","target":["https:\/\/librairie7l.com\/en\/produit\/des-oiseaux\/"]}]},{"@type":"BreadcrumbList","@id":"https:\/\/librairie7l.com\/en\/produit\/des-oiseaux\/#breadcrumb","itemListElement":[{"@type":"ListItem","position":1,"name":"Accueil","item":"https:\/\/librairie7l.com\/en\/"},{"@type":"ListItem","position":2,"name":"Shop","item":"https:\/\/librairie7l.com\/en\/shop\/"},{"@type":"ListItem","position":3,"name":"DES OISEAUX"}]},{"@type":"WebSite","@id":"https:\/\/librairie7l.com\/en\/#website","url":"https:\/\/librairie7l.com\/en\/","name":"Librairie 7L","description":"Librairie fond\u00e9e en 1999 par Karl Lagerfeld \u00e0 Paris","publisher":{"@id":"https:\/\/librairie7l.com\/en\/#organization"},"potentialAction":[{"@type":"SearchAction","target":{"@type":"EntryPoint","urlTemplate":"https:\/\/librairie7l.com\/en\/?s={search_term_string}"},"query-input":"required name=search_term_string"}],"inLanguage":"en-US"},{"@type":"Organization","@id":"https:\/\/librairie7l.com\/en\/#organization","name":"Librairie 7L","url":"https:\/\/librairie7l.com\/en\/","logo":{"@type":"ImageObject","inLanguage":"en-US","@id":"https:\/\/librairie7l.com\/en\/#\/schema\/logo\/image\/","url":"https:\/\/librairie7l.com\/wp-content\/uploads\/2022\/08\/logo-1.png","contentUrl":"https:\/\/librairie7l.com\/wp-content\/uploads\/2022\/08\/logo-1.png","width":227,"height":301,"caption":"Librairie 7L"},"image":{"@id":"https:\/\/librairie7l.com\/en\/#\/schema\/logo\/image\/"}}]}},"_links":{"self":[{"href":"https:\/\/librairie7l.com\/en\/wp-json\/wp\/v2\/product\/35981"}],"collection":[{"href":"https:\/\/librairie7l.com\/en\/wp-json\/wp\/v2\/product"}],"about":[{"href":"https:\/\/librairie7l.com\/en\/wp-json\/wp\/v2\/types\/product"}],"wp:featuredmedia":[{"embeddable":true,"href":"https:\/\/librairie7l.com\/en\/wp-json\/wp\/v2\/media\/35979"}],"wp:attachment":[{"href":"https:\/\/librairie7l.com\/en\/wp-json\/wp\/v2\/media?parent=35981"}],"wp:term":[{"taxonomy":"product_cat","embeddable":true,"href":"https:\/\/librairie7l.com\/en\/wp-json\/wp\/v2\/product_cat?post=35981"},{"taxonomy":"product_tag","embeddable":true,"href":"https:\/\/librairie7l.com\/en\/wp-json\/wp\/v2\/product_tag?post=35981"}],"curies":[{"name":"wp","href":"https:\/\/api.w.org\/{rel}","templated":true}]}}