{"id":35985,"date":"2023-10-19T09:17:14","date_gmt":"2023-10-19T07:17:14","guid":{"rendered":"https:\/\/librairie7l.com\/?post_type=product&#038;p=35985"},"modified":"2026-04-23T21:47:59","modified_gmt":"2026-04-23T19:47:59","slug":"ornement","status":"publish","type":"product","link":"https:\/\/librairie7l.com\/en\/produit\/ornement\/","title":{"rendered":"ORNEMENT"},"content":{"rendered":"<p>L&#8217;immense diversit\u00e9 des document r\u00e9unis dans ce livre est source d&#8217;inspiration pour tous les stylistes, graphistes, typographes, designers, directeurs artistiques.<br \/>\nCet ouvrage, treizi\u00e8me de la collection voulue par Andr\u00e9 Malraux et Andr\u00e9 Chastel, se propose de donner les clefs des ornements qui, depuis des si\u00e8cles, structurent et d\u00e9corent tout ce qui constitue notre environnement. <\/p>\n<p>Inspir\u00e9s de repr\u00e9sentations diverses, entrelacs, palmettes, tritons ou fleurons structurent depuis des si\u00e8cles les \u00e9l\u00e9ments d&#8217;architecture, du mobilier, des textiles ou des arts d\u00e9coratifs et nous permettent de mieux appr\u00e9cier et de dater tous les supports auxquels ils s&#8217;appliquent. <\/p>\n<p>En effet, la d\u00e9coration et l&#8217;ornementation sont patentes aussi loin que l&#8217;on puisse remonter dans l&#8217;Histoire, allant de l&#8217;architecture de l&#8217;\u00c9gypte antique \u00e0 l&#8217;apparent manque d&#8217;ornementation de l&#8217;architecture moderne du XXe si\u00e8cle. <\/p>\n<p>Au-del\u00e0 de nos publics traditionnels (conservateurs, restaurateurs, etc.), ce livre est source d&#8217;inspiration pour tous les stylistes, graphistes, typographes, designers, directeurs artistiques.<\/p>\n","protected":false},"excerpt":{"rendered":"<p>L&#8217;immense diversit\u00e9 des document r\u00e9unis dans ce livre est source d&#8217;inspiration pour tous les stylistes, graphistes, typographes, designers, directeurs artistiques. Cet ouvrage, treizi\u00e8me de la collection voulue par Andr\u00e9 Malraux et Andr\u00e9 Chastel, se propose de donner les clefs des ornements qui, depuis des si\u00e8cles, structurent et d\u00e9corent tout ce qui constitue notre environnement. Inspir\u00e9s [&hellip;]<\/p>\n","protected":false},"featured_media":35983,"template":"","meta":[],"product_cat":[2948,2952],"product_tag":[],"acf":[],"yoast_head":"<!-- This site is optimized with the Yoast SEO plugin v20.11 - https:\/\/yoast.com\/wordpress\/plugins\/seo\/ -->\n<title>Ornement - Librairie 7L<\/title>\n<meta name=\"robots\" content=\"index, follow, max-snippet:-1, max-image-preview:large, max-video-preview:-1\" \/>\n<link rel=\"canonical\" href=\"https:\/\/librairie7l.com\/en\/produit\/ornement\/\" \/>\n<meta property=\"og:locale\" content=\"en_US\" \/>\n<meta property=\"og:type\" content=\"article\" \/>\n<meta property=\"og:title\" content=\"Ornement - Librairie 7L\" \/>\n<meta property=\"og:description\" content=\"L&#8217;immense diversit\u00e9 des document r\u00e9unis dans ce livre est source d&#8217;inspiration pour tous les stylistes, graphistes, typographes, designers, directeurs artistiques. Cet ouvrage, treizi\u00e8me de la collection voulue par Andr\u00e9 Malraux et Andr\u00e9 Chastel, se propose de donner les clefs des ornements qui, depuis des si\u00e8cles, structurent et d\u00e9corent tout ce qui constitue notre environnement. Inspir\u00e9s [&hellip;]\" \/>\n<meta property=\"og:url\" content=\"https:\/\/librairie7l.com\/en\/produit\/ornement\/\" \/>\n<meta property=\"og:site_name\" content=\"Librairie 7L\" \/>\n<meta property=\"article:modified_time\" content=\"2026-04-23T19:47:59+00:00\" \/>\n<meta property=\"og:image\" content=\"https:\/\/librairie7l.com\/wp-content\/uploads\/2022\/12\/9782757708866_1_75.jpg\" \/>\n\t<meta property=\"og:image:width\" content=\"600\" \/>\n\t<meta property=\"og:image:height\" content=\"843\" \/>\n\t<meta property=\"og:image:type\" content=\"image\/jpeg\" \/>\n<meta name=\"twitter:card\" content=\"summary_large_image\" \/>\n<meta name=\"twitter:label1\" content=\"Est. reading time\" \/>\n\t<meta name=\"twitter:data1\" content=\"1 minute\" \/>\n<script type=\"application\/ld+json\" class=\"yoast-schema-graph\">{\"@context\":\"https:\/\/schema.org\",\"@graph\":[{\"@type\":\"WebPage\",\"@id\":\"https:\/\/librairie7l.com\/en\/produit\/ornement\/\",\"url\":\"https:\/\/librairie7l.com\/en\/produit\/ornement\/\",\"name\":\"Ornement - Librairie 7L\",\"isPartOf\":{\"@id\":\"https:\/\/librairie7l.com\/en\/#website\"},\"datePublished\":\"2023-10-19T07:17:14+00:00\",\"dateModified\":\"2026-04-23T19:47:59+00:00\",\"breadcrumb\":{\"@id\":\"https:\/\/librairie7l.com\/en\/produit\/ornement\/#breadcrumb\"},\"inLanguage\":\"en-US\",\"potentialAction\":[{\"@type\":\"ReadAction\",\"target\":[\"https:\/\/librairie7l.com\/en\/produit\/ornement\/\"]}]},{\"@type\":\"BreadcrumbList\",\"@id\":\"https:\/\/librairie7l.com\/en\/produit\/ornement\/#breadcrumb\",\"itemListElement\":[{\"@type\":\"ListItem\",\"position\":1,\"name\":\"Accueil\",\"item\":\"https:\/\/librairie7l.com\/en\/\"},{\"@type\":\"ListItem\",\"position\":2,\"name\":\"Shop\",\"item\":\"https:\/\/librairie7l.com\/en\/shop\/\"},{\"@type\":\"ListItem\",\"position\":3,\"name\":\"ORNEMENT\"}]},{\"@type\":\"WebSite\",\"@id\":\"https:\/\/librairie7l.com\/en\/#website\",\"url\":\"https:\/\/librairie7l.com\/en\/\",\"name\":\"Librairie 7L\",\"description\":\"Librairie fond\u00e9e en 1999 par Karl Lagerfeld \u00e0 Paris\",\"publisher\":{\"@id\":\"https:\/\/librairie7l.com\/en\/#organization\"},\"potentialAction\":[{\"@type\":\"SearchAction\",\"target\":{\"@type\":\"EntryPoint\",\"urlTemplate\":\"https:\/\/librairie7l.com\/en\/?s={search_term_string}\"},\"query-input\":\"required name=search_term_string\"}],\"inLanguage\":\"en-US\"},{\"@type\":\"Organization\",\"@id\":\"https:\/\/librairie7l.com\/en\/#organization\",\"name\":\"Librairie 7L\",\"url\":\"https:\/\/librairie7l.com\/en\/\",\"logo\":{\"@type\":\"ImageObject\",\"inLanguage\":\"en-US\",\"@id\":\"https:\/\/librairie7l.com\/en\/#\/schema\/logo\/image\/\",\"url\":\"https:\/\/librairie7l.com\/wp-content\/uploads\/2022\/08\/logo-1.png\",\"contentUrl\":\"https:\/\/librairie7l.com\/wp-content\/uploads\/2022\/08\/logo-1.png\",\"width\":227,\"height\":301,\"caption\":\"Librairie 7L\"},\"image\":{\"@id\":\"https:\/\/librairie7l.com\/en\/#\/schema\/logo\/image\/\"}}]}<\/script>\n<!-- \/ Yoast SEO plugin. -->","yoast_head_json":{"title":"Ornement - Librairie 7L","robots":{"index":"index","follow":"follow","max-snippet":"max-snippet:-1","max-image-preview":"max-image-preview:large","max-video-preview":"max-video-preview:-1"},"canonical":"https:\/\/librairie7l.com\/en\/produit\/ornement\/","og_locale":"en_US","og_type":"article","og_title":"Ornement - Librairie 7L","og_description":"L&#8217;immense diversit\u00e9 des document r\u00e9unis dans ce livre est source d&#8217;inspiration pour tous les stylistes, graphistes, typographes, designers, directeurs artistiques. Cet ouvrage, treizi\u00e8me de la collection voulue par Andr\u00e9 Malraux et Andr\u00e9 Chastel, se propose de donner les clefs des ornements qui, depuis des si\u00e8cles, structurent et d\u00e9corent tout ce qui constitue notre environnement. Inspir\u00e9s [&hellip;]","og_url":"https:\/\/librairie7l.com\/en\/produit\/ornement\/","og_site_name":"Librairie 7L","article_modified_time":"2026-04-23T19:47:59+00:00","og_image":[{"width":600,"height":843,"url":"https:\/\/librairie7l.com\/wp-content\/uploads\/2022\/12\/9782757708866_1_75.jpg","type":"image\/jpeg"}],"twitter_card":"summary_large_image","twitter_misc":{"Est. reading time":"1 minute"},"schema":{"@context":"https:\/\/schema.org","@graph":[{"@type":"WebPage","@id":"https:\/\/librairie7l.com\/en\/produit\/ornement\/","url":"https:\/\/librairie7l.com\/en\/produit\/ornement\/","name":"Ornement - Librairie 7L","isPartOf":{"@id":"https:\/\/librairie7l.com\/en\/#website"},"datePublished":"2023-10-19T07:17:14+00:00","dateModified":"2026-04-23T19:47:59+00:00","breadcrumb":{"@id":"https:\/\/librairie7l.com\/en\/produit\/ornement\/#breadcrumb"},"inLanguage":"en-US","potentialAction":[{"@type":"ReadAction","target":["https:\/\/librairie7l.com\/en\/produit\/ornement\/"]}]},{"@type":"BreadcrumbList","@id":"https:\/\/librairie7l.com\/en\/produit\/ornement\/#breadcrumb","itemListElement":[{"@type":"ListItem","position":1,"name":"Accueil","item":"https:\/\/librairie7l.com\/en\/"},{"@type":"ListItem","position":2,"name":"Shop","item":"https:\/\/librairie7l.com\/en\/shop\/"},{"@type":"ListItem","position":3,"name":"ORNEMENT"}]},{"@type":"WebSite","@id":"https:\/\/librairie7l.com\/en\/#website","url":"https:\/\/librairie7l.com\/en\/","name":"Librairie 7L","description":"Librairie fond\u00e9e en 1999 par Karl Lagerfeld \u00e0 Paris","publisher":{"@id":"https:\/\/librairie7l.com\/en\/#organization"},"potentialAction":[{"@type":"SearchAction","target":{"@type":"EntryPoint","urlTemplate":"https:\/\/librairie7l.com\/en\/?s={search_term_string}"},"query-input":"required name=search_term_string"}],"inLanguage":"en-US"},{"@type":"Organization","@id":"https:\/\/librairie7l.com\/en\/#organization","name":"Librairie 7L","url":"https:\/\/librairie7l.com\/en\/","logo":{"@type":"ImageObject","inLanguage":"en-US","@id":"https:\/\/librairie7l.com\/en\/#\/schema\/logo\/image\/","url":"https:\/\/librairie7l.com\/wp-content\/uploads\/2022\/08\/logo-1.png","contentUrl":"https:\/\/librairie7l.com\/wp-content\/uploads\/2022\/08\/logo-1.png","width":227,"height":301,"caption":"Librairie 7L"},"image":{"@id":"https:\/\/librairie7l.com\/en\/#\/schema\/logo\/image\/"}}]}},"_links":{"self":[{"href":"https:\/\/librairie7l.com\/en\/wp-json\/wp\/v2\/product\/35985"}],"collection":[{"href":"https:\/\/librairie7l.com\/en\/wp-json\/wp\/v2\/product"}],"about":[{"href":"https:\/\/librairie7l.com\/en\/wp-json\/wp\/v2\/types\/product"}],"wp:featuredmedia":[{"embeddable":true,"href":"https:\/\/librairie7l.com\/en\/wp-json\/wp\/v2\/media\/35983"}],"wp:attachment":[{"href":"https:\/\/librairie7l.com\/en\/wp-json\/wp\/v2\/media?parent=35985"}],"wp:term":[{"taxonomy":"product_cat","embeddable":true,"href":"https:\/\/librairie7l.com\/en\/wp-json\/wp\/v2\/product_cat?post=35985"},{"taxonomy":"product_tag","embeddable":true,"href":"https:\/\/librairie7l.com\/en\/wp-json\/wp\/v2\/product_tag?post=35985"}],"curies":[{"name":"wp","href":"https:\/\/api.w.org\/{rel}","templated":true}]}}