{"id":36021,"date":"2023-10-19T17:21:42","date_gmt":"2023-10-19T15:21:42","guid":{"rendered":"https:\/\/librairie7l.com\/?post_type=product&#038;p=36021"},"modified":"2026-04-05T18:48:56","modified_gmt":"2026-04-05T16:48:56","slug":"paris-moderne-1914-1945-art-design-architecture-photographie-litterature-cinema-mode","status":"publish","type":"product","link":"https:\/\/librairie7l.com\/en\/produit\/paris-moderne-1914-1945-art-design-architecture-photographie-litterature-cinema-mode\/","title":{"rendered":"PARIS MODERNE, 1914-1945 : ART, DESIGN, ARCHITECTURE, PHOTOGRAPHIE, LITT\u00c9RATURE, CIN\u00c9MA, MODE"},"content":{"rendered":"<p>En paix ou en guerre, le Paris de la premi\u00e8re moiti\u00e9 du XX? si\u00e8cle vibre d&#8217;\u00e9nergie f\u00e9brile. Les imaginations les plus d\u00e9brid\u00e9es s&#8217;expriment dans des formes nouvelles dont les cr\u00e9ateurs viennent de l&#8217;Europe enti\u00e8re. Le d\u00e9fi de l&#8217;industrie et les attentes du march\u00e9 nourrissent l&#8217;architecture et l&#8217;ensemble des disciplines artistiques, qui donnent son visage quotidien \u00e0 une ville d\u00e9lib\u00e9r\u00e9ment moderne. Ce foisonnement est retrac\u00e9 selon le principe d&#8217;un dictionnaire, de la lettre \u00abA\u00bb, comme la photographe Laure Albin-Guillot, \u00e0 la lettre \u00abZ\u00bb, comme le critique d&#8217;art Christian Zervos, en passant par Josephine Baker, Marcel Carn\u00e9, Coco Chanel, Le Corbusier, Fernand L\u00e9ger, Adolf Loos, Charlotte Perriand, Helena Rubinstein ou Tristan Tzara. Pr\u00e8s de cent entr\u00e9es composent un portrait sous forme de kal\u00e9idoscope amplement illustr\u00e9. Un reportage photographique d&#8217;Antonio Martinelli donne \u00e0 voir ce que le paysage architectural et urbain d&#8217;aujourd&#8217;hui r\u00e9v\u00e8le du Paris d&#8217;il y a cent ans. J-L. C., G.M.J.<\/p>\n","protected":false},"excerpt":{"rendered":"<p>En paix ou en guerre, le Paris de la premi\u00e8re moiti\u00e9 du XX? si\u00e8cle vibre d&#8217;\u00e9nergie f\u00e9brile. Les imaginations les plus d\u00e9brid\u00e9es s&#8217;expriment dans des formes nouvelles dont les cr\u00e9ateurs viennent de l&#8217;Europe enti\u00e8re. Le d\u00e9fi de l&#8217;industrie et les attentes du march\u00e9 nourrissent l&#8217;architecture et l&#8217;ensemble des disciplines artistiques, qui donnent son visage quotidien [&hellip;]<\/p>\n","protected":false},"featured_media":36019,"template":"","meta":[],"product_cat":[2948,2953],"product_tag":[],"acf":[],"yoast_head":"<!-- This site is optimized with the Yoast SEO plugin v20.11 - https:\/\/yoast.com\/wordpress\/plugins\/seo\/ -->\n<title>Paris Moderne, 1914-1945 : Art, Design, Architecture, Photographie, Litt\u00e9rature, Cin\u00e9ma, Mode - Librairie 7L<\/title>\n<meta name=\"robots\" content=\"index, follow, max-snippet:-1, max-image-preview:large, max-video-preview:-1\" \/>\n<link rel=\"canonical\" href=\"https:\/\/librairie7l.com\/en\/produit\/paris-moderne-1914-1945-art-design-architecture-photographie-litterature-cinema-mode\/\" \/>\n<meta property=\"og:locale\" content=\"en_US\" \/>\n<meta property=\"og:type\" content=\"article\" \/>\n<meta property=\"og:title\" content=\"Paris Moderne, 1914-1945 : Art, Design, Architecture, Photographie, Litt\u00e9rature, Cin\u00e9ma, Mode - Librairie 7L\" \/>\n<meta property=\"og:description\" content=\"En paix ou en guerre, le Paris de la premi\u00e8re moiti\u00e9 du XX? si\u00e8cle vibre d&#8217;\u00e9nergie f\u00e9brile. Les imaginations les plus d\u00e9brid\u00e9es s&#8217;expriment dans des formes nouvelles dont les cr\u00e9ateurs viennent de l&#8217;Europe enti\u00e8re. Le d\u00e9fi de l&#8217;industrie et les attentes du march\u00e9 nourrissent l&#8217;architecture et l&#8217;ensemble des disciplines artistiques, qui donnent son visage quotidien [&hellip;]\" \/>\n<meta property=\"og:url\" content=\"https:\/\/librairie7l.com\/en\/produit\/paris-moderne-1914-1945-art-design-architecture-photographie-litterature-cinema-mode\/\" \/>\n<meta property=\"og:site_name\" content=\"Librairie 7L\" \/>\n<meta property=\"article:modified_time\" content=\"2026-04-05T16:48:56+00:00\" \/>\n<meta property=\"og:image\" content=\"https:\/\/librairie7l.com\/wp-content\/uploads\/2023\/06\/9782080264268_1_75.jpg\" \/>\n\t<meta property=\"og:image:width\" content=\"600\" \/>\n\t<meta property=\"og:image:height\" content=\"739\" \/>\n\t<meta property=\"og:image:type\" content=\"image\/jpeg\" \/>\n<meta name=\"twitter:card\" content=\"summary_large_image\" \/>\n<meta name=\"twitter:label1\" content=\"Est. reading time\" \/>\n\t<meta name=\"twitter:data1\" content=\"1 minute\" \/>\n<script type=\"application\/ld+json\" class=\"yoast-schema-graph\">{\"@context\":\"https:\/\/schema.org\",\"@graph\":[{\"@type\":\"WebPage\",\"@id\":\"https:\/\/librairie7l.com\/en\/produit\/paris-moderne-1914-1945-art-design-architecture-photographie-litterature-cinema-mode\/\",\"url\":\"https:\/\/librairie7l.com\/en\/produit\/paris-moderne-1914-1945-art-design-architecture-photographie-litterature-cinema-mode\/\",\"name\":\"Paris Moderne, 1914-1945 : Art, Design, Architecture, Photographie, Litt\u00e9rature, Cin\u00e9ma, Mode - Librairie 7L\",\"isPartOf\":{\"@id\":\"https:\/\/librairie7l.com\/en\/#website\"},\"datePublished\":\"2023-10-19T15:21:42+00:00\",\"dateModified\":\"2026-04-05T16:48:56+00:00\",\"breadcrumb\":{\"@id\":\"https:\/\/librairie7l.com\/en\/produit\/paris-moderne-1914-1945-art-design-architecture-photographie-litterature-cinema-mode\/#breadcrumb\"},\"inLanguage\":\"en-US\",\"potentialAction\":[{\"@type\":\"ReadAction\",\"target\":[\"https:\/\/librairie7l.com\/en\/produit\/paris-moderne-1914-1945-art-design-architecture-photographie-litterature-cinema-mode\/\"]}]},{\"@type\":\"BreadcrumbList\",\"@id\":\"https:\/\/librairie7l.com\/en\/produit\/paris-moderne-1914-1945-art-design-architecture-photographie-litterature-cinema-mode\/#breadcrumb\",\"itemListElement\":[{\"@type\":\"ListItem\",\"position\":1,\"name\":\"Accueil\",\"item\":\"https:\/\/librairie7l.com\/en\/\"},{\"@type\":\"ListItem\",\"position\":2,\"name\":\"Shop\",\"item\":\"https:\/\/librairie7l.com\/en\/shop\/\"},{\"@type\":\"ListItem\",\"position\":3,\"name\":\"PARIS MODERNE, 1914-1945 : ART, DESIGN, ARCHITECTURE, PHOTOGRAPHIE, LITT\u00c9RATURE, CIN\u00c9MA, MODE\"}]},{\"@type\":\"WebSite\",\"@id\":\"https:\/\/librairie7l.com\/en\/#website\",\"url\":\"https:\/\/librairie7l.com\/en\/\",\"name\":\"Librairie 7L\",\"description\":\"Librairie fond\u00e9e en 1999 par Karl Lagerfeld \u00e0 Paris\",\"publisher\":{\"@id\":\"https:\/\/librairie7l.com\/en\/#organization\"},\"potentialAction\":[{\"@type\":\"SearchAction\",\"target\":{\"@type\":\"EntryPoint\",\"urlTemplate\":\"https:\/\/librairie7l.com\/en\/?s={search_term_string}\"},\"query-input\":\"required name=search_term_string\"}],\"inLanguage\":\"en-US\"},{\"@type\":\"Organization\",\"@id\":\"https:\/\/librairie7l.com\/en\/#organization\",\"name\":\"Librairie 7L\",\"url\":\"https:\/\/librairie7l.com\/en\/\",\"logo\":{\"@type\":\"ImageObject\",\"inLanguage\":\"en-US\",\"@id\":\"https:\/\/librairie7l.com\/en\/#\/schema\/logo\/image\/\",\"url\":\"https:\/\/librairie7l.com\/wp-content\/uploads\/2022\/08\/logo-1.png\",\"contentUrl\":\"https:\/\/librairie7l.com\/wp-content\/uploads\/2022\/08\/logo-1.png\",\"width\":227,\"height\":301,\"caption\":\"Librairie 7L\"},\"image\":{\"@id\":\"https:\/\/librairie7l.com\/en\/#\/schema\/logo\/image\/\"}}]}<\/script>\n<!-- \/ Yoast SEO plugin. -->","yoast_head_json":{"title":"Paris Moderne, 1914-1945 : Art, Design, Architecture, Photographie, Litt\u00e9rature, Cin\u00e9ma, Mode - Librairie 7L","robots":{"index":"index","follow":"follow","max-snippet":"max-snippet:-1","max-image-preview":"max-image-preview:large","max-video-preview":"max-video-preview:-1"},"canonical":"https:\/\/librairie7l.com\/en\/produit\/paris-moderne-1914-1945-art-design-architecture-photographie-litterature-cinema-mode\/","og_locale":"en_US","og_type":"article","og_title":"Paris Moderne, 1914-1945 : Art, Design, Architecture, Photographie, Litt\u00e9rature, Cin\u00e9ma, Mode - Librairie 7L","og_description":"En paix ou en guerre, le Paris de la premi\u00e8re moiti\u00e9 du XX? si\u00e8cle vibre d&#8217;\u00e9nergie f\u00e9brile. Les imaginations les plus d\u00e9brid\u00e9es s&#8217;expriment dans des formes nouvelles dont les cr\u00e9ateurs viennent de l&#8217;Europe enti\u00e8re. Le d\u00e9fi de l&#8217;industrie et les attentes du march\u00e9 nourrissent l&#8217;architecture et l&#8217;ensemble des disciplines artistiques, qui donnent son visage quotidien [&hellip;]","og_url":"https:\/\/librairie7l.com\/en\/produit\/paris-moderne-1914-1945-art-design-architecture-photographie-litterature-cinema-mode\/","og_site_name":"Librairie 7L","article_modified_time":"2026-04-05T16:48:56+00:00","og_image":[{"width":600,"height":739,"url":"https:\/\/librairie7l.com\/wp-content\/uploads\/2023\/06\/9782080264268_1_75.jpg","type":"image\/jpeg"}],"twitter_card":"summary_large_image","twitter_misc":{"Est. reading time":"1 minute"},"schema":{"@context":"https:\/\/schema.org","@graph":[{"@type":"WebPage","@id":"https:\/\/librairie7l.com\/en\/produit\/paris-moderne-1914-1945-art-design-architecture-photographie-litterature-cinema-mode\/","url":"https:\/\/librairie7l.com\/en\/produit\/paris-moderne-1914-1945-art-design-architecture-photographie-litterature-cinema-mode\/","name":"Paris Moderne, 1914-1945 : Art, Design, Architecture, Photographie, Litt\u00e9rature, Cin\u00e9ma, Mode - Librairie 7L","isPartOf":{"@id":"https:\/\/librairie7l.com\/en\/#website"},"datePublished":"2023-10-19T15:21:42+00:00","dateModified":"2026-04-05T16:48:56+00:00","breadcrumb":{"@id":"https:\/\/librairie7l.com\/en\/produit\/paris-moderne-1914-1945-art-design-architecture-photographie-litterature-cinema-mode\/#breadcrumb"},"inLanguage":"en-US","potentialAction":[{"@type":"ReadAction","target":["https:\/\/librairie7l.com\/en\/produit\/paris-moderne-1914-1945-art-design-architecture-photographie-litterature-cinema-mode\/"]}]},{"@type":"BreadcrumbList","@id":"https:\/\/librairie7l.com\/en\/produit\/paris-moderne-1914-1945-art-design-architecture-photographie-litterature-cinema-mode\/#breadcrumb","itemListElement":[{"@type":"ListItem","position":1,"name":"Accueil","item":"https:\/\/librairie7l.com\/en\/"},{"@type":"ListItem","position":2,"name":"Shop","item":"https:\/\/librairie7l.com\/en\/shop\/"},{"@type":"ListItem","position":3,"name":"PARIS MODERNE, 1914-1945 : ART, DESIGN, ARCHITECTURE, PHOTOGRAPHIE, LITT\u00c9RATURE, CIN\u00c9MA, MODE"}]},{"@type":"WebSite","@id":"https:\/\/librairie7l.com\/en\/#website","url":"https:\/\/librairie7l.com\/en\/","name":"Librairie 7L","description":"Librairie fond\u00e9e en 1999 par Karl Lagerfeld \u00e0 Paris","publisher":{"@id":"https:\/\/librairie7l.com\/en\/#organization"},"potentialAction":[{"@type":"SearchAction","target":{"@type":"EntryPoint","urlTemplate":"https:\/\/librairie7l.com\/en\/?s={search_term_string}"},"query-input":"required name=search_term_string"}],"inLanguage":"en-US"},{"@type":"Organization","@id":"https:\/\/librairie7l.com\/en\/#organization","name":"Librairie 7L","url":"https:\/\/librairie7l.com\/en\/","logo":{"@type":"ImageObject","inLanguage":"en-US","@id":"https:\/\/librairie7l.com\/en\/#\/schema\/logo\/image\/","url":"https:\/\/librairie7l.com\/wp-content\/uploads\/2022\/08\/logo-1.png","contentUrl":"https:\/\/librairie7l.com\/wp-content\/uploads\/2022\/08\/logo-1.png","width":227,"height":301,"caption":"Librairie 7L"},"image":{"@id":"https:\/\/librairie7l.com\/en\/#\/schema\/logo\/image\/"}}]}},"_links":{"self":[{"href":"https:\/\/librairie7l.com\/en\/wp-json\/wp\/v2\/product\/36021"}],"collection":[{"href":"https:\/\/librairie7l.com\/en\/wp-json\/wp\/v2\/product"}],"about":[{"href":"https:\/\/librairie7l.com\/en\/wp-json\/wp\/v2\/types\/product"}],"wp:featuredmedia":[{"embeddable":true,"href":"https:\/\/librairie7l.com\/en\/wp-json\/wp\/v2\/media\/36019"}],"wp:attachment":[{"href":"https:\/\/librairie7l.com\/en\/wp-json\/wp\/v2\/media?parent=36021"}],"wp:term":[{"taxonomy":"product_cat","embeddable":true,"href":"https:\/\/librairie7l.com\/en\/wp-json\/wp\/v2\/product_cat?post=36021"},{"taxonomy":"product_tag","embeddable":true,"href":"https:\/\/librairie7l.com\/en\/wp-json\/wp\/v2\/product_tag?post=36021"}],"curies":[{"name":"wp","href":"https:\/\/api.w.org\/{rel}","templated":true}]}}