{"id":36026,"date":"2023-10-19T17:22:53","date_gmt":"2023-10-19T15:22:53","guid":{"rendered":"https:\/\/librairie7l.com\/?post_type=product&#038;p=36026"},"modified":"2026-04-08T23:59:23","modified_gmt":"2026-04-08T21:59:23","slug":"christian-dior-christian-berard-la-melancolie-joyeuse","status":"publish","type":"product","link":"https:\/\/librairie7l.com\/en\/produit\/christian-dior-christian-berard-la-melancolie-joyeuse\/","title":{"rendered":"CHRISTIAN DIOR CHRISTIAN B\u00c9RARD : LA M\u00c9LANCOLIE JOYEUSE"},"content":{"rendered":"<p>C&#8217;est \u00e0 la fin des ann\u00e9es 1920 que Christian Dior et Christian B\u00e9rard se rencontrent et se lient d&#8217;une ind\u00e9fectible amiti\u00e9, nourrie par l&#8217;amour de l&#8217;art, de la mode et du th\u00e9\u00e2tre. Si le premier, inventeur du New Look, r\u00e9volutionne son \u00e9poque en redessinant la silhouette des femmes, le second, touche-\u00e0-tout de g\u00e9nie &#8211; peintre, d\u00e9corateur, costumier -, d\u00e9ploie sa cr\u00e9ativit\u00e9 polychrome, son sens des exc\u00e8s et sa personnalit\u00e9 flamboyante. Voil\u00e0 deux artistes que tout oppose et que tout, pourtant, r\u00e9unit. Tout Dior est dans B\u00e9rard, tout B\u00e9rard est dans Dior. Ce livre n&#8217;est pas une biographie \u00e0 deux t\u00eates, c&#8217;est un vagabondage au coeur d&#8217;une double histoire hant\u00e9e de r\u00eaves, d&#8217;affinit\u00e9s, de secrets cousus \u00e0 l&#8217;int\u00e9rieur du temps qui file. Richement illustr\u00e9 d&#8217;oeuvres et de photographies parfois in\u00e9dites, cet ouvrage, publi\u00e9 en collaboration avec la maison Dior, invite \u00e0 une plong\u00e9e dans le tourbillon d&#8217;une \u00e9poque fascinante, du Paris de la Belle \u00c9poque, celui de la Caf\u00e9 Society de l&#8217;apr\u00e8s-guerre.<\/p>\n","protected":false},"excerpt":{"rendered":"<p>C&#8217;est \u00e0 la fin des ann\u00e9es 1920 que Christian Dior et Christian B\u00e9rard se rencontrent et se lient d&#8217;une ind\u00e9fectible amiti\u00e9, nourrie par l&#8217;amour de l&#8217;art, de la mode et du th\u00e9\u00e2tre. Si le premier, inventeur du New Look, r\u00e9volutionne son \u00e9poque en redessinant la silhouette des femmes, le second, touche-\u00e0-tout de g\u00e9nie &#8211; peintre, [&hellip;]<\/p>\n","protected":false},"featured_media":36024,"template":"","meta":[],"product_cat":[2948,2953],"product_tag":[],"acf":[],"yoast_head":"<!-- This site is optimized with the Yoast SEO plugin v20.11 - https:\/\/yoast.com\/wordpress\/plugins\/seo\/ -->\n<title>Christian Dior Christian B\u00e9rard : la m\u00e9lancolie joyeuse - Librairie 7L<\/title>\n<meta name=\"robots\" content=\"index, follow, max-snippet:-1, max-image-preview:large, max-video-preview:-1\" \/>\n<link rel=\"canonical\" href=\"https:\/\/librairie7l.com\/en\/produit\/christian-dior-christian-berard-la-melancolie-joyeuse\/\" \/>\n<meta property=\"og:locale\" content=\"en_US\" \/>\n<meta property=\"og:type\" content=\"article\" \/>\n<meta property=\"og:title\" content=\"Christian Dior Christian B\u00e9rard : la m\u00e9lancolie joyeuse - Librairie 7L\" \/>\n<meta property=\"og:description\" content=\"C&#8217;est \u00e0 la fin des ann\u00e9es 1920 que Christian Dior et Christian B\u00e9rard se rencontrent et se lient d&#8217;une ind\u00e9fectible amiti\u00e9, nourrie par l&#8217;amour de l&#8217;art, de la mode et du th\u00e9\u00e2tre. Si le premier, inventeur du New Look, r\u00e9volutionne son \u00e9poque en redessinant la silhouette des femmes, le second, touche-\u00e0-tout de g\u00e9nie &#8211; peintre, [&hellip;]\" \/>\n<meta property=\"og:url\" content=\"https:\/\/librairie7l.com\/en\/produit\/christian-dior-christian-berard-la-melancolie-joyeuse\/\" \/>\n<meta property=\"og:site_name\" content=\"Librairie 7L\" \/>\n<meta property=\"article:modified_time\" content=\"2026-04-08T21:59:23+00:00\" \/>\n<meta property=\"og:image\" content=\"https:\/\/librairie7l.com\/wp-content\/uploads\/2022\/11\/9782073018915_1_75.jpg\" \/>\n\t<meta property=\"og:image:width\" content=\"600\" \/>\n\t<meta property=\"og:image:height\" content=\"822\" \/>\n\t<meta property=\"og:image:type\" content=\"image\/jpeg\" \/>\n<meta name=\"twitter:card\" content=\"summary_large_image\" \/>\n<meta name=\"twitter:label1\" content=\"Est. reading time\" \/>\n\t<meta name=\"twitter:data1\" content=\"1 minute\" \/>\n<script type=\"application\/ld+json\" class=\"yoast-schema-graph\">{\"@context\":\"https:\/\/schema.org\",\"@graph\":[{\"@type\":\"WebPage\",\"@id\":\"https:\/\/librairie7l.com\/en\/produit\/christian-dior-christian-berard-la-melancolie-joyeuse\/\",\"url\":\"https:\/\/librairie7l.com\/en\/produit\/christian-dior-christian-berard-la-melancolie-joyeuse\/\",\"name\":\"Christian Dior Christian B\u00e9rard : la m\u00e9lancolie joyeuse - Librairie 7L\",\"isPartOf\":{\"@id\":\"https:\/\/librairie7l.com\/en\/#website\"},\"datePublished\":\"2023-10-19T15:22:53+00:00\",\"dateModified\":\"2026-04-08T21:59:23+00:00\",\"breadcrumb\":{\"@id\":\"https:\/\/librairie7l.com\/en\/produit\/christian-dior-christian-berard-la-melancolie-joyeuse\/#breadcrumb\"},\"inLanguage\":\"en-US\",\"potentialAction\":[{\"@type\":\"ReadAction\",\"target\":[\"https:\/\/librairie7l.com\/en\/produit\/christian-dior-christian-berard-la-melancolie-joyeuse\/\"]}]},{\"@type\":\"BreadcrumbList\",\"@id\":\"https:\/\/librairie7l.com\/en\/produit\/christian-dior-christian-berard-la-melancolie-joyeuse\/#breadcrumb\",\"itemListElement\":[{\"@type\":\"ListItem\",\"position\":1,\"name\":\"Accueil\",\"item\":\"https:\/\/librairie7l.com\/en\/\"},{\"@type\":\"ListItem\",\"position\":2,\"name\":\"Shop\",\"item\":\"https:\/\/librairie7l.com\/en\/shop\/\"},{\"@type\":\"ListItem\",\"position\":3,\"name\":\"CHRISTIAN DIOR CHRISTIAN B\u00c9RARD : LA M\u00c9LANCOLIE JOYEUSE\"}]},{\"@type\":\"WebSite\",\"@id\":\"https:\/\/librairie7l.com\/en\/#website\",\"url\":\"https:\/\/librairie7l.com\/en\/\",\"name\":\"Librairie 7L\",\"description\":\"Librairie fond\u00e9e en 1999 par Karl Lagerfeld \u00e0 Paris\",\"publisher\":{\"@id\":\"https:\/\/librairie7l.com\/en\/#organization\"},\"potentialAction\":[{\"@type\":\"SearchAction\",\"target\":{\"@type\":\"EntryPoint\",\"urlTemplate\":\"https:\/\/librairie7l.com\/en\/?s={search_term_string}\"},\"query-input\":\"required name=search_term_string\"}],\"inLanguage\":\"en-US\"},{\"@type\":\"Organization\",\"@id\":\"https:\/\/librairie7l.com\/en\/#organization\",\"name\":\"Librairie 7L\",\"url\":\"https:\/\/librairie7l.com\/en\/\",\"logo\":{\"@type\":\"ImageObject\",\"inLanguage\":\"en-US\",\"@id\":\"https:\/\/librairie7l.com\/en\/#\/schema\/logo\/image\/\",\"url\":\"https:\/\/librairie7l.com\/wp-content\/uploads\/2022\/08\/logo-1.png\",\"contentUrl\":\"https:\/\/librairie7l.com\/wp-content\/uploads\/2022\/08\/logo-1.png\",\"width\":227,\"height\":301,\"caption\":\"Librairie 7L\"},\"image\":{\"@id\":\"https:\/\/librairie7l.com\/en\/#\/schema\/logo\/image\/\"}}]}<\/script>\n<!-- \/ Yoast SEO plugin. -->","yoast_head_json":{"title":"Christian Dior Christian B\u00e9rard : la m\u00e9lancolie joyeuse - Librairie 7L","robots":{"index":"index","follow":"follow","max-snippet":"max-snippet:-1","max-image-preview":"max-image-preview:large","max-video-preview":"max-video-preview:-1"},"canonical":"https:\/\/librairie7l.com\/en\/produit\/christian-dior-christian-berard-la-melancolie-joyeuse\/","og_locale":"en_US","og_type":"article","og_title":"Christian Dior Christian B\u00e9rard : la m\u00e9lancolie joyeuse - Librairie 7L","og_description":"C&#8217;est \u00e0 la fin des ann\u00e9es 1920 que Christian Dior et Christian B\u00e9rard se rencontrent et se lient d&#8217;une ind\u00e9fectible amiti\u00e9, nourrie par l&#8217;amour de l&#8217;art, de la mode et du th\u00e9\u00e2tre. Si le premier, inventeur du New Look, r\u00e9volutionne son \u00e9poque en redessinant la silhouette des femmes, le second, touche-\u00e0-tout de g\u00e9nie &#8211; peintre, [&hellip;]","og_url":"https:\/\/librairie7l.com\/en\/produit\/christian-dior-christian-berard-la-melancolie-joyeuse\/","og_site_name":"Librairie 7L","article_modified_time":"2026-04-08T21:59:23+00:00","og_image":[{"width":600,"height":822,"url":"https:\/\/librairie7l.com\/wp-content\/uploads\/2022\/11\/9782073018915_1_75.jpg","type":"image\/jpeg"}],"twitter_card":"summary_large_image","twitter_misc":{"Est. reading time":"1 minute"},"schema":{"@context":"https:\/\/schema.org","@graph":[{"@type":"WebPage","@id":"https:\/\/librairie7l.com\/en\/produit\/christian-dior-christian-berard-la-melancolie-joyeuse\/","url":"https:\/\/librairie7l.com\/en\/produit\/christian-dior-christian-berard-la-melancolie-joyeuse\/","name":"Christian Dior Christian B\u00e9rard : la m\u00e9lancolie joyeuse - Librairie 7L","isPartOf":{"@id":"https:\/\/librairie7l.com\/en\/#website"},"datePublished":"2023-10-19T15:22:53+00:00","dateModified":"2026-04-08T21:59:23+00:00","breadcrumb":{"@id":"https:\/\/librairie7l.com\/en\/produit\/christian-dior-christian-berard-la-melancolie-joyeuse\/#breadcrumb"},"inLanguage":"en-US","potentialAction":[{"@type":"ReadAction","target":["https:\/\/librairie7l.com\/en\/produit\/christian-dior-christian-berard-la-melancolie-joyeuse\/"]}]},{"@type":"BreadcrumbList","@id":"https:\/\/librairie7l.com\/en\/produit\/christian-dior-christian-berard-la-melancolie-joyeuse\/#breadcrumb","itemListElement":[{"@type":"ListItem","position":1,"name":"Accueil","item":"https:\/\/librairie7l.com\/en\/"},{"@type":"ListItem","position":2,"name":"Shop","item":"https:\/\/librairie7l.com\/en\/shop\/"},{"@type":"ListItem","position":3,"name":"CHRISTIAN DIOR CHRISTIAN B\u00c9RARD : LA M\u00c9LANCOLIE JOYEUSE"}]},{"@type":"WebSite","@id":"https:\/\/librairie7l.com\/en\/#website","url":"https:\/\/librairie7l.com\/en\/","name":"Librairie 7L","description":"Librairie fond\u00e9e en 1999 par Karl Lagerfeld \u00e0 Paris","publisher":{"@id":"https:\/\/librairie7l.com\/en\/#organization"},"potentialAction":[{"@type":"SearchAction","target":{"@type":"EntryPoint","urlTemplate":"https:\/\/librairie7l.com\/en\/?s={search_term_string}"},"query-input":"required name=search_term_string"}],"inLanguage":"en-US"},{"@type":"Organization","@id":"https:\/\/librairie7l.com\/en\/#organization","name":"Librairie 7L","url":"https:\/\/librairie7l.com\/en\/","logo":{"@type":"ImageObject","inLanguage":"en-US","@id":"https:\/\/librairie7l.com\/en\/#\/schema\/logo\/image\/","url":"https:\/\/librairie7l.com\/wp-content\/uploads\/2022\/08\/logo-1.png","contentUrl":"https:\/\/librairie7l.com\/wp-content\/uploads\/2022\/08\/logo-1.png","width":227,"height":301,"caption":"Librairie 7L"},"image":{"@id":"https:\/\/librairie7l.com\/en\/#\/schema\/logo\/image\/"}}]}},"_links":{"self":[{"href":"https:\/\/librairie7l.com\/en\/wp-json\/wp\/v2\/product\/36026"}],"collection":[{"href":"https:\/\/librairie7l.com\/en\/wp-json\/wp\/v2\/product"}],"about":[{"href":"https:\/\/librairie7l.com\/en\/wp-json\/wp\/v2\/types\/product"}],"wp:featuredmedia":[{"embeddable":true,"href":"https:\/\/librairie7l.com\/en\/wp-json\/wp\/v2\/media\/36024"}],"wp:attachment":[{"href":"https:\/\/librairie7l.com\/en\/wp-json\/wp\/v2\/media?parent=36026"}],"wp:term":[{"taxonomy":"product_cat","embeddable":true,"href":"https:\/\/librairie7l.com\/en\/wp-json\/wp\/v2\/product_cat?post=36026"},{"taxonomy":"product_tag","embeddable":true,"href":"https:\/\/librairie7l.com\/en\/wp-json\/wp\/v2\/product_tag?post=36026"}],"curies":[{"name":"wp","href":"https:\/\/api.w.org\/{rel}","templated":true}]}}