{"id":36030,"date":"2023-10-19T17:22:58","date_gmt":"2023-10-19T15:22:58","guid":{"rendered":"https:\/\/librairie7l.com\/?post_type=product&#038;p=36030"},"modified":"2026-04-05T20:38:32","modified_gmt":"2026-04-05T18:38:32","slug":"le-voyage-au-maroc","status":"publish","type":"product","link":"https:\/\/librairie7l.com\/en\/produit\/le-voyage-au-maroc\/","title":{"rendered":"LE VOYAGE AU MAROC"},"content":{"rendered":"<p>Pour la premi\u00e8re fois, sont rassembl\u00e9s les textes et les croquis de jeunesse de Nicolas de Sta\u00ebl, r\u00e9cit de son voyage fondateur au Maroc.<br \/>\nPour la premi\u00e8re fois, sont rassembl\u00e9s les textes et les croquis de jeunesse de Nicolas de Sta\u00ebl, r\u00e9cit de son voyage fondateur au Maroc, qui dura 15 mois de juin 1936 \u00e0 octobre 1937 : quatorze lettres \u00e9crites \u00e0 ses parents adoptifs, un cahier d&#8217;\u00e9colier o\u00f9 il dessinait et \u00e9crivait ses pens\u00e9es et observations p\u00eale-m\u00eale, ainsi qu&#8217;un reportage sur le Maroc de quarante feuillets intitul\u00e9 Les Gueux de l&#8217;Atlas, dont la moiti\u00e9 a \u00e9t\u00e9 publi\u00e9 dans la revue belge de l&#8217;un de ses amis.<\/p>\n<p>La deuxi\u00e8me partie, in\u00e9dite, a sombr\u00e9 dans l&#8217;oubli pendant pr\u00e8s de quatre-vingt ans avant de ressurgir en 2016.<\/p>\n<p>Nous publions ici la totalit\u00e9 du manuscrit.<\/p>\n<p>\u00c2g\u00e9 de 23 ans, Nicolas de Sta\u00ebl \u00e9crit ce qu&#8217;il d\u00e9couvre et observe dans ce pays qui le fascine. L&#8217;\u00e9lan n\u00e9cessaire \u00e0 la cr\u00e9ation est visible dans ses mots. La couleur, la lumi\u00e8re, l&#8217;espace, la musique, la joie, le doute, le risque, les questions profond\u00e9ment humaines et l&#8217;attention aux injustices sociales constituent le ferment de l&#8217;oeuvre \u00e0 venir. Les r\u00e9flexions qui s&#8217;imposent au jeune artiste qui s&#8217;engage dans la peinture et voudrait rassurer ses proches apparaissent ici dans leur \u00e9tonnante v\u00e9rit\u00e9. <\/p>\n<p>Et nous, lecteur, observons \u00e0 quel point l&#8217;oeuvre de Nicolas de Sta\u00ebl est esquiss\u00e9e ici \u00e0 travers la langue unique de celui qui a su voir et dire avant de peindre.<\/p>\n","protected":false},"excerpt":{"rendered":"<p>Pour la premi\u00e8re fois, sont rassembl\u00e9s les textes et les croquis de jeunesse de Nicolas de Sta\u00ebl, r\u00e9cit de son voyage fondateur au Maroc. Pour la premi\u00e8re fois, sont rassembl\u00e9s les textes et les croquis de jeunesse de Nicolas de Sta\u00ebl, r\u00e9cit de son voyage fondateur au Maroc, qui dura 15 mois de juin 1936 [&hellip;]<\/p>\n","protected":false},"featured_media":36028,"template":"","meta":[],"product_cat":[2948,2953],"product_tag":[],"acf":[],"yoast_head":"<!-- This site is optimized with the Yoast SEO plugin v20.11 - https:\/\/yoast.com\/wordpress\/plugins\/seo\/ -->\n<title>Le voyage au Maroc - Librairie 7L<\/title>\n<meta name=\"robots\" content=\"index, follow, max-snippet:-1, max-image-preview:large, max-video-preview:-1\" \/>\n<link rel=\"canonical\" href=\"https:\/\/librairie7l.com\/en\/produit\/le-voyage-au-maroc\/\" \/>\n<meta property=\"og:locale\" content=\"en_US\" \/>\n<meta property=\"og:type\" content=\"article\" \/>\n<meta property=\"og:title\" content=\"Le voyage au Maroc - Librairie 7L\" \/>\n<meta property=\"og:description\" content=\"Pour la premi\u00e8re fois, sont rassembl\u00e9s les textes et les croquis de jeunesse de Nicolas de Sta\u00ebl, r\u00e9cit de son voyage fondateur au Maroc. Pour la premi\u00e8re fois, sont rassembl\u00e9s les textes et les croquis de jeunesse de Nicolas de Sta\u00ebl, r\u00e9cit de son voyage fondateur au Maroc, qui dura 15 mois de juin 1936 [&hellip;]\" \/>\n<meta property=\"og:url\" content=\"https:\/\/librairie7l.com\/en\/produit\/le-voyage-au-maroc\/\" \/>\n<meta property=\"og:site_name\" content=\"Librairie 7L\" \/>\n<meta property=\"article:modified_time\" content=\"2026-04-05T18:38:32+00:00\" \/>\n<meta property=\"og:image\" content=\"https:\/\/librairie7l.com\/wp-content\/uploads\/2023\/06\/9782363083494_1_75.jpg\" \/>\n\t<meta property=\"og:image:width\" content=\"600\" \/>\n\t<meta property=\"og:image:height\" content=\"984\" \/>\n\t<meta property=\"og:image:type\" content=\"image\/jpeg\" \/>\n<meta name=\"twitter:card\" content=\"summary_large_image\" \/>\n<meta name=\"twitter:label1\" content=\"Est. reading time\" \/>\n\t<meta name=\"twitter:data1\" content=\"1 minute\" \/>\n<script type=\"application\/ld+json\" class=\"yoast-schema-graph\">{\"@context\":\"https:\/\/schema.org\",\"@graph\":[{\"@type\":\"WebPage\",\"@id\":\"https:\/\/librairie7l.com\/en\/produit\/le-voyage-au-maroc\/\",\"url\":\"https:\/\/librairie7l.com\/en\/produit\/le-voyage-au-maroc\/\",\"name\":\"Le voyage au Maroc - Librairie 7L\",\"isPartOf\":{\"@id\":\"https:\/\/librairie7l.com\/en\/#website\"},\"datePublished\":\"2023-10-19T15:22:58+00:00\",\"dateModified\":\"2026-04-05T18:38:32+00:00\",\"breadcrumb\":{\"@id\":\"https:\/\/librairie7l.com\/en\/produit\/le-voyage-au-maroc\/#breadcrumb\"},\"inLanguage\":\"en-US\",\"potentialAction\":[{\"@type\":\"ReadAction\",\"target\":[\"https:\/\/librairie7l.com\/en\/produit\/le-voyage-au-maroc\/\"]}]},{\"@type\":\"BreadcrumbList\",\"@id\":\"https:\/\/librairie7l.com\/en\/produit\/le-voyage-au-maroc\/#breadcrumb\",\"itemListElement\":[{\"@type\":\"ListItem\",\"position\":1,\"name\":\"Accueil\",\"item\":\"https:\/\/librairie7l.com\/en\/\"},{\"@type\":\"ListItem\",\"position\":2,\"name\":\"Shop\",\"item\":\"https:\/\/librairie7l.com\/en\/shop\/\"},{\"@type\":\"ListItem\",\"position\":3,\"name\":\"LE VOYAGE AU MAROC\"}]},{\"@type\":\"WebSite\",\"@id\":\"https:\/\/librairie7l.com\/en\/#website\",\"url\":\"https:\/\/librairie7l.com\/en\/\",\"name\":\"Librairie 7L\",\"description\":\"Librairie fond\u00e9e en 1999 par Karl Lagerfeld \u00e0 Paris\",\"publisher\":{\"@id\":\"https:\/\/librairie7l.com\/en\/#organization\"},\"potentialAction\":[{\"@type\":\"SearchAction\",\"target\":{\"@type\":\"EntryPoint\",\"urlTemplate\":\"https:\/\/librairie7l.com\/en\/?s={search_term_string}\"},\"query-input\":\"required name=search_term_string\"}],\"inLanguage\":\"en-US\"},{\"@type\":\"Organization\",\"@id\":\"https:\/\/librairie7l.com\/en\/#organization\",\"name\":\"Librairie 7L\",\"url\":\"https:\/\/librairie7l.com\/en\/\",\"logo\":{\"@type\":\"ImageObject\",\"inLanguage\":\"en-US\",\"@id\":\"https:\/\/librairie7l.com\/en\/#\/schema\/logo\/image\/\",\"url\":\"https:\/\/librairie7l.com\/wp-content\/uploads\/2022\/08\/logo-1.png\",\"contentUrl\":\"https:\/\/librairie7l.com\/wp-content\/uploads\/2022\/08\/logo-1.png\",\"width\":227,\"height\":301,\"caption\":\"Librairie 7L\"},\"image\":{\"@id\":\"https:\/\/librairie7l.com\/en\/#\/schema\/logo\/image\/\"}}]}<\/script>\n<!-- \/ Yoast SEO plugin. -->","yoast_head_json":{"title":"Le voyage au Maroc - Librairie 7L","robots":{"index":"index","follow":"follow","max-snippet":"max-snippet:-1","max-image-preview":"max-image-preview:large","max-video-preview":"max-video-preview:-1"},"canonical":"https:\/\/librairie7l.com\/en\/produit\/le-voyage-au-maroc\/","og_locale":"en_US","og_type":"article","og_title":"Le voyage au Maroc - Librairie 7L","og_description":"Pour la premi\u00e8re fois, sont rassembl\u00e9s les textes et les croquis de jeunesse de Nicolas de Sta\u00ebl, r\u00e9cit de son voyage fondateur au Maroc. Pour la premi\u00e8re fois, sont rassembl\u00e9s les textes et les croquis de jeunesse de Nicolas de Sta\u00ebl, r\u00e9cit de son voyage fondateur au Maroc, qui dura 15 mois de juin 1936 [&hellip;]","og_url":"https:\/\/librairie7l.com\/en\/produit\/le-voyage-au-maroc\/","og_site_name":"Librairie 7L","article_modified_time":"2026-04-05T18:38:32+00:00","og_image":[{"width":600,"height":984,"url":"https:\/\/librairie7l.com\/wp-content\/uploads\/2023\/06\/9782363083494_1_75.jpg","type":"image\/jpeg"}],"twitter_card":"summary_large_image","twitter_misc":{"Est. reading time":"1 minute"},"schema":{"@context":"https:\/\/schema.org","@graph":[{"@type":"WebPage","@id":"https:\/\/librairie7l.com\/en\/produit\/le-voyage-au-maroc\/","url":"https:\/\/librairie7l.com\/en\/produit\/le-voyage-au-maroc\/","name":"Le voyage au Maroc - Librairie 7L","isPartOf":{"@id":"https:\/\/librairie7l.com\/en\/#website"},"datePublished":"2023-10-19T15:22:58+00:00","dateModified":"2026-04-05T18:38:32+00:00","breadcrumb":{"@id":"https:\/\/librairie7l.com\/en\/produit\/le-voyage-au-maroc\/#breadcrumb"},"inLanguage":"en-US","potentialAction":[{"@type":"ReadAction","target":["https:\/\/librairie7l.com\/en\/produit\/le-voyage-au-maroc\/"]}]},{"@type":"BreadcrumbList","@id":"https:\/\/librairie7l.com\/en\/produit\/le-voyage-au-maroc\/#breadcrumb","itemListElement":[{"@type":"ListItem","position":1,"name":"Accueil","item":"https:\/\/librairie7l.com\/en\/"},{"@type":"ListItem","position":2,"name":"Shop","item":"https:\/\/librairie7l.com\/en\/shop\/"},{"@type":"ListItem","position":3,"name":"LE VOYAGE AU MAROC"}]},{"@type":"WebSite","@id":"https:\/\/librairie7l.com\/en\/#website","url":"https:\/\/librairie7l.com\/en\/","name":"Librairie 7L","description":"Librairie fond\u00e9e en 1999 par Karl Lagerfeld \u00e0 Paris","publisher":{"@id":"https:\/\/librairie7l.com\/en\/#organization"},"potentialAction":[{"@type":"SearchAction","target":{"@type":"EntryPoint","urlTemplate":"https:\/\/librairie7l.com\/en\/?s={search_term_string}"},"query-input":"required name=search_term_string"}],"inLanguage":"en-US"},{"@type":"Organization","@id":"https:\/\/librairie7l.com\/en\/#organization","name":"Librairie 7L","url":"https:\/\/librairie7l.com\/en\/","logo":{"@type":"ImageObject","inLanguage":"en-US","@id":"https:\/\/librairie7l.com\/en\/#\/schema\/logo\/image\/","url":"https:\/\/librairie7l.com\/wp-content\/uploads\/2022\/08\/logo-1.png","contentUrl":"https:\/\/librairie7l.com\/wp-content\/uploads\/2022\/08\/logo-1.png","width":227,"height":301,"caption":"Librairie 7L"},"image":{"@id":"https:\/\/librairie7l.com\/en\/#\/schema\/logo\/image\/"}}]}},"_links":{"self":[{"href":"https:\/\/librairie7l.com\/en\/wp-json\/wp\/v2\/product\/36030"}],"collection":[{"href":"https:\/\/librairie7l.com\/en\/wp-json\/wp\/v2\/product"}],"about":[{"href":"https:\/\/librairie7l.com\/en\/wp-json\/wp\/v2\/types\/product"}],"wp:featuredmedia":[{"embeddable":true,"href":"https:\/\/librairie7l.com\/en\/wp-json\/wp\/v2\/media\/36028"}],"wp:attachment":[{"href":"https:\/\/librairie7l.com\/en\/wp-json\/wp\/v2\/media?parent=36030"}],"wp:term":[{"taxonomy":"product_cat","embeddable":true,"href":"https:\/\/librairie7l.com\/en\/wp-json\/wp\/v2\/product_cat?post=36030"},{"taxonomy":"product_tag","embeddable":true,"href":"https:\/\/librairie7l.com\/en\/wp-json\/wp\/v2\/product_tag?post=36030"}],"curies":[{"name":"wp","href":"https:\/\/api.w.org\/{rel}","templated":true}]}}