{"id":36038,"date":"2023-10-19T17:23:25","date_gmt":"2023-10-19T15:23:25","guid":{"rendered":"https:\/\/librairie7l.com\/?post_type=product&#038;p=36038"},"modified":"2026-04-13T07:34:27","modified_gmt":"2026-04-13T05:34:27","slug":"anselm-kiefer","status":"publish","type":"product","link":"https:\/\/librairie7l.com\/en\/produit\/anselm-kiefer\/","title":{"rendered":"ANSELM KIEFER"},"content":{"rendered":"<p>Connu pour sa peinture et ses installations monumentales, Anselm Kiefer est n\u00e9 en 1945, quelques mois avant la fin de la Seconde Guerre mondiale. C\u00e9l\u00e9br\u00e9es sur la sc\u00e8ne internationale, ses oeuvres, nourries par les mythes et la litt\u00e9rature, sont marqu\u00e9es par une interrogation constante sur l&#8217;histoire et la pr\u00e9sence du mal en action dans le monde.<br \/>\nAlors que l&#8217;artiste clame penser en images et affirme photographier constamment, sa production photographique, qui irrigue toute son activit\u00e9 plastique, reste largement in\u00e9dite.<br \/>\nC&#8217;est cette composante essentielle de son travail, encore m\u00e9connue, que ce livre r\u00e9v\u00e8le.<\/p>\n","protected":false},"excerpt":{"rendered":"<p>Connu pour sa peinture et ses installations monumentales, Anselm Kiefer est n\u00e9 en 1945, quelques mois avant la fin de la Seconde Guerre mondiale. C\u00e9l\u00e9br\u00e9es sur la sc\u00e8ne internationale, ses oeuvres, nourries par les mythes et la litt\u00e9rature, sont marqu\u00e9es par une interrogation constante sur l&#8217;histoire et la pr\u00e9sence du mal en action dans le [&hellip;]<\/p>\n","protected":false},"featured_media":36036,"template":"","meta":[],"product_cat":[2948,2953],"product_tag":[],"acf":[],"yoast_head":"<!-- This site is optimized with the Yoast SEO plugin v20.11 - https:\/\/yoast.com\/wordpress\/plugins\/seo\/ -->\n<title>Anselm Kiefer - Librairie 7L<\/title>\n<meta name=\"robots\" content=\"index, follow, max-snippet:-1, max-image-preview:large, max-video-preview:-1\" \/>\n<link rel=\"canonical\" href=\"https:\/\/librairie7l.com\/en\/produit\/anselm-kiefer\/\" \/>\n<meta property=\"og:locale\" content=\"en_US\" \/>\n<meta property=\"og:type\" content=\"article\" \/>\n<meta property=\"og:title\" content=\"Anselm Kiefer - Librairie 7L\" \/>\n<meta property=\"og:description\" content=\"Connu pour sa peinture et ses installations monumentales, Anselm Kiefer est n\u00e9 en 1945, quelques mois avant la fin de la Seconde Guerre mondiale. C\u00e9l\u00e9br\u00e9es sur la sc\u00e8ne internationale, ses oeuvres, nourries par les mythes et la litt\u00e9rature, sont marqu\u00e9es par une interrogation constante sur l&#8217;histoire et la pr\u00e9sence du mal en action dans le [&hellip;]\" \/>\n<meta property=\"og:url\" content=\"https:\/\/librairie7l.com\/en\/produit\/anselm-kiefer\/\" \/>\n<meta property=\"og:site_name\" content=\"Librairie 7L\" \/>\n<meta property=\"article:modified_time\" content=\"2026-04-13T05:34:27+00:00\" \/>\n<meta property=\"og:image\" content=\"https:\/\/librairie7l.com\/wp-content\/uploads\/2023\/05\/9782073027405_1_75.jpg\" \/>\n\t<meta property=\"og:image:width\" content=\"600\" \/>\n\t<meta property=\"og:image:height\" content=\"760\" \/>\n\t<meta property=\"og:image:type\" content=\"image\/jpeg\" \/>\n<meta name=\"twitter:card\" content=\"summary_large_image\" \/>\n<meta name=\"twitter:label1\" content=\"Est. reading time\" \/>\n\t<meta name=\"twitter:data1\" content=\"1 minute\" \/>\n<script type=\"application\/ld+json\" class=\"yoast-schema-graph\">{\"@context\":\"https:\/\/schema.org\",\"@graph\":[{\"@type\":\"WebPage\",\"@id\":\"https:\/\/librairie7l.com\/en\/produit\/anselm-kiefer\/\",\"url\":\"https:\/\/librairie7l.com\/en\/produit\/anselm-kiefer\/\",\"name\":\"Anselm Kiefer - Librairie 7L\",\"isPartOf\":{\"@id\":\"https:\/\/librairie7l.com\/en\/#website\"},\"datePublished\":\"2023-10-19T15:23:25+00:00\",\"dateModified\":\"2026-04-13T05:34:27+00:00\",\"breadcrumb\":{\"@id\":\"https:\/\/librairie7l.com\/en\/produit\/anselm-kiefer\/#breadcrumb\"},\"inLanguage\":\"en-US\",\"potentialAction\":[{\"@type\":\"ReadAction\",\"target\":[\"https:\/\/librairie7l.com\/en\/produit\/anselm-kiefer\/\"]}]},{\"@type\":\"BreadcrumbList\",\"@id\":\"https:\/\/librairie7l.com\/en\/produit\/anselm-kiefer\/#breadcrumb\",\"itemListElement\":[{\"@type\":\"ListItem\",\"position\":1,\"name\":\"Accueil\",\"item\":\"https:\/\/librairie7l.com\/en\/\"},{\"@type\":\"ListItem\",\"position\":2,\"name\":\"Shop\",\"item\":\"https:\/\/librairie7l.com\/en\/shop\/\"},{\"@type\":\"ListItem\",\"position\":3,\"name\":\"ANSELM KIEFER\"}]},{\"@type\":\"WebSite\",\"@id\":\"https:\/\/librairie7l.com\/en\/#website\",\"url\":\"https:\/\/librairie7l.com\/en\/\",\"name\":\"Librairie 7L\",\"description\":\"Librairie fond\u00e9e en 1999 par Karl Lagerfeld \u00e0 Paris\",\"publisher\":{\"@id\":\"https:\/\/librairie7l.com\/en\/#organization\"},\"potentialAction\":[{\"@type\":\"SearchAction\",\"target\":{\"@type\":\"EntryPoint\",\"urlTemplate\":\"https:\/\/librairie7l.com\/en\/?s={search_term_string}\"},\"query-input\":\"required name=search_term_string\"}],\"inLanguage\":\"en-US\"},{\"@type\":\"Organization\",\"@id\":\"https:\/\/librairie7l.com\/en\/#organization\",\"name\":\"Librairie 7L\",\"url\":\"https:\/\/librairie7l.com\/en\/\",\"logo\":{\"@type\":\"ImageObject\",\"inLanguage\":\"en-US\",\"@id\":\"https:\/\/librairie7l.com\/en\/#\/schema\/logo\/image\/\",\"url\":\"https:\/\/librairie7l.com\/wp-content\/uploads\/2022\/08\/logo-1.png\",\"contentUrl\":\"https:\/\/librairie7l.com\/wp-content\/uploads\/2022\/08\/logo-1.png\",\"width\":227,\"height\":301,\"caption\":\"Librairie 7L\"},\"image\":{\"@id\":\"https:\/\/librairie7l.com\/en\/#\/schema\/logo\/image\/\"}}]}<\/script>\n<!-- \/ Yoast SEO plugin. -->","yoast_head_json":{"title":"Anselm Kiefer - Librairie 7L","robots":{"index":"index","follow":"follow","max-snippet":"max-snippet:-1","max-image-preview":"max-image-preview:large","max-video-preview":"max-video-preview:-1"},"canonical":"https:\/\/librairie7l.com\/en\/produit\/anselm-kiefer\/","og_locale":"en_US","og_type":"article","og_title":"Anselm Kiefer - Librairie 7L","og_description":"Connu pour sa peinture et ses installations monumentales, Anselm Kiefer est n\u00e9 en 1945, quelques mois avant la fin de la Seconde Guerre mondiale. C\u00e9l\u00e9br\u00e9es sur la sc\u00e8ne internationale, ses oeuvres, nourries par les mythes et la litt\u00e9rature, sont marqu\u00e9es par une interrogation constante sur l&#8217;histoire et la pr\u00e9sence du mal en action dans le [&hellip;]","og_url":"https:\/\/librairie7l.com\/en\/produit\/anselm-kiefer\/","og_site_name":"Librairie 7L","article_modified_time":"2026-04-13T05:34:27+00:00","og_image":[{"width":600,"height":760,"url":"https:\/\/librairie7l.com\/wp-content\/uploads\/2023\/05\/9782073027405_1_75.jpg","type":"image\/jpeg"}],"twitter_card":"summary_large_image","twitter_misc":{"Est. reading time":"1 minute"},"schema":{"@context":"https:\/\/schema.org","@graph":[{"@type":"WebPage","@id":"https:\/\/librairie7l.com\/en\/produit\/anselm-kiefer\/","url":"https:\/\/librairie7l.com\/en\/produit\/anselm-kiefer\/","name":"Anselm Kiefer - Librairie 7L","isPartOf":{"@id":"https:\/\/librairie7l.com\/en\/#website"},"datePublished":"2023-10-19T15:23:25+00:00","dateModified":"2026-04-13T05:34:27+00:00","breadcrumb":{"@id":"https:\/\/librairie7l.com\/en\/produit\/anselm-kiefer\/#breadcrumb"},"inLanguage":"en-US","potentialAction":[{"@type":"ReadAction","target":["https:\/\/librairie7l.com\/en\/produit\/anselm-kiefer\/"]}]},{"@type":"BreadcrumbList","@id":"https:\/\/librairie7l.com\/en\/produit\/anselm-kiefer\/#breadcrumb","itemListElement":[{"@type":"ListItem","position":1,"name":"Accueil","item":"https:\/\/librairie7l.com\/en\/"},{"@type":"ListItem","position":2,"name":"Shop","item":"https:\/\/librairie7l.com\/en\/shop\/"},{"@type":"ListItem","position":3,"name":"ANSELM KIEFER"}]},{"@type":"WebSite","@id":"https:\/\/librairie7l.com\/en\/#website","url":"https:\/\/librairie7l.com\/en\/","name":"Librairie 7L","description":"Librairie fond\u00e9e en 1999 par Karl Lagerfeld \u00e0 Paris","publisher":{"@id":"https:\/\/librairie7l.com\/en\/#organization"},"potentialAction":[{"@type":"SearchAction","target":{"@type":"EntryPoint","urlTemplate":"https:\/\/librairie7l.com\/en\/?s={search_term_string}"},"query-input":"required name=search_term_string"}],"inLanguage":"en-US"},{"@type":"Organization","@id":"https:\/\/librairie7l.com\/en\/#organization","name":"Librairie 7L","url":"https:\/\/librairie7l.com\/en\/","logo":{"@type":"ImageObject","inLanguage":"en-US","@id":"https:\/\/librairie7l.com\/en\/#\/schema\/logo\/image\/","url":"https:\/\/librairie7l.com\/wp-content\/uploads\/2022\/08\/logo-1.png","contentUrl":"https:\/\/librairie7l.com\/wp-content\/uploads\/2022\/08\/logo-1.png","width":227,"height":301,"caption":"Librairie 7L"},"image":{"@id":"https:\/\/librairie7l.com\/en\/#\/schema\/logo\/image\/"}}]}},"_links":{"self":[{"href":"https:\/\/librairie7l.com\/en\/wp-json\/wp\/v2\/product\/36038"}],"collection":[{"href":"https:\/\/librairie7l.com\/en\/wp-json\/wp\/v2\/product"}],"about":[{"href":"https:\/\/librairie7l.com\/en\/wp-json\/wp\/v2\/types\/product"}],"wp:featuredmedia":[{"embeddable":true,"href":"https:\/\/librairie7l.com\/en\/wp-json\/wp\/v2\/media\/36036"}],"wp:attachment":[{"href":"https:\/\/librairie7l.com\/en\/wp-json\/wp\/v2\/media?parent=36038"}],"wp:term":[{"taxonomy":"product_cat","embeddable":true,"href":"https:\/\/librairie7l.com\/en\/wp-json\/wp\/v2\/product_cat?post=36038"},{"taxonomy":"product_tag","embeddable":true,"href":"https:\/\/librairie7l.com\/en\/wp-json\/wp\/v2\/product_tag?post=36038"}],"curies":[{"name":"wp","href":"https:\/\/api.w.org\/{rel}","templated":true}]}}