{"id":36043,"date":"2023-10-19T17:24:05","date_gmt":"2023-10-19T15:24:05","guid":{"rendered":"https:\/\/librairie7l.com\/?post_type=product&#038;p=36043"},"modified":"2026-04-09T18:50:16","modified_gmt":"2026-04-09T16:50:16","slug":"collections-extraordinaires","status":"publish","type":"product","link":"https:\/\/librairie7l.com\/en\/produit\/collections-extraordinaires\/","title":{"rendered":"COLLECTIONS EXTRAORDINAIRES"},"content":{"rendered":"<p>Depuis toujours, Marin Montagut collectionne les objets dot\u00e9s d&#8217;une \u00e2me dont la po\u00e9sie parle \u00e0 l&#8217;imagination. Au cours de ses voyages en France, il a rencontr\u00e9 de nombreux antiquaires et amateurs passionn\u00e9s. Apr\u00e8s nous avoir accueilli dans sa maison et son atelier, m\u00e9lange po\u00e9tique de couleurs et de styles o\u00f9 tous les objets de ses collections racontent une histoire, Marin nous embarque pour une plong\u00e9e au coeur du monde magique de collections extraordinaires. Le voyage commence dans le Perche, o\u00f9 l&#8217;on d\u00e9couvre une collection d&#8217;art populaire et de verrerie d&#8217;antan. Ensuite, s&#8217;ouvre \u00e0 nous un bel h\u00f4tel particulier proven\u00e7al qui abrite c\u00e9ramiques et vanneries. Sur les bords du Loir, on remonte le temps pour une visite insolite au mus\u00e9e des boutiques d&#8217;un autre si\u00e8cle. On explore l&#8217;atelier d&#8217;un mouleur d&#8217;art et d\u00e9couvre l&#8217;\u00e9trange beaut\u00e9 de mannequins d&#8217;artistes venus du pass\u00e9. On se met dans la peau d&#8217;un d\u00e9corateur venu chercher un si\u00e8ge d&#8217;\u00e9poque pour un film. On se faufile dans le labyrinthe d&#8217;un \u00e9crivain aux mille livres et tableaux, avant de se lancer dans une chasse aux tr\u00e9sors aux Puces de Saint-Ouen. Ce livre est une invitation \u00e0 retrouver nos souvenirs d&#8217;enfance pour sublimer notre quotidien.<\/p>\n","protected":false},"excerpt":{"rendered":"<p>Depuis toujours, Marin Montagut collectionne les objets dot\u00e9s d&#8217;une \u00e2me dont la po\u00e9sie parle \u00e0 l&#8217;imagination. Au cours de ses voyages en France, il a rencontr\u00e9 de nombreux antiquaires et amateurs passionn\u00e9s. Apr\u00e8s nous avoir accueilli dans sa maison et son atelier, m\u00e9lange po\u00e9tique de couleurs et de styles o\u00f9 tous les objets de ses [&hellip;]<\/p>\n","protected":false},"featured_media":36041,"template":"","meta":[],"product_cat":[2948,2951],"product_tag":[],"acf":[],"yoast_head":"<!-- This site is optimized with the Yoast SEO plugin v20.11 - https:\/\/yoast.com\/wordpress\/plugins\/seo\/ -->\n<title>Collections extraordinaires - Librairie 7L<\/title>\n<meta name=\"robots\" content=\"index, follow, max-snippet:-1, max-image-preview:large, max-video-preview:-1\" \/>\n<link rel=\"canonical\" href=\"https:\/\/librairie7l.com\/en\/produit\/collections-extraordinaires\/\" \/>\n<meta property=\"og:locale\" content=\"en_US\" \/>\n<meta property=\"og:type\" content=\"article\" \/>\n<meta property=\"og:title\" content=\"Collections extraordinaires - Librairie 7L\" \/>\n<meta property=\"og:description\" content=\"Depuis toujours, Marin Montagut collectionne les objets dot\u00e9s d&#8217;une \u00e2me dont la po\u00e9sie parle \u00e0 l&#8217;imagination. Au cours de ses voyages en France, il a rencontr\u00e9 de nombreux antiquaires et amateurs passionn\u00e9s. Apr\u00e8s nous avoir accueilli dans sa maison et son atelier, m\u00e9lange po\u00e9tique de couleurs et de styles o\u00f9 tous les objets de ses [&hellip;]\" \/>\n<meta property=\"og:url\" content=\"https:\/\/librairie7l.com\/en\/produit\/collections-extraordinaires\/\" \/>\n<meta property=\"og:site_name\" content=\"Librairie 7L\" \/>\n<meta property=\"article:modified_time\" content=\"2026-04-09T16:50:16+00:00\" \/>\n<meta property=\"og:image\" content=\"https:\/\/librairie7l.com\/wp-content\/uploads\/2023\/06\/9782080427342_1_75.jpg\" \/>\n\t<meta property=\"og:image:width\" content=\"600\" \/>\n\t<meta property=\"og:image:height\" content=\"815\" \/>\n\t<meta property=\"og:image:type\" content=\"image\/jpeg\" \/>\n<meta name=\"twitter:card\" content=\"summary_large_image\" \/>\n<meta name=\"twitter:label1\" content=\"Est. reading time\" \/>\n\t<meta name=\"twitter:data1\" content=\"1 minute\" \/>\n<script type=\"application\/ld+json\" class=\"yoast-schema-graph\">{\"@context\":\"https:\/\/schema.org\",\"@graph\":[{\"@type\":\"WebPage\",\"@id\":\"https:\/\/librairie7l.com\/en\/produit\/collections-extraordinaires\/\",\"url\":\"https:\/\/librairie7l.com\/en\/produit\/collections-extraordinaires\/\",\"name\":\"Collections extraordinaires - Librairie 7L\",\"isPartOf\":{\"@id\":\"https:\/\/librairie7l.com\/en\/#website\"},\"datePublished\":\"2023-10-19T15:24:05+00:00\",\"dateModified\":\"2026-04-09T16:50:16+00:00\",\"breadcrumb\":{\"@id\":\"https:\/\/librairie7l.com\/en\/produit\/collections-extraordinaires\/#breadcrumb\"},\"inLanguage\":\"en-US\",\"potentialAction\":[{\"@type\":\"ReadAction\",\"target\":[\"https:\/\/librairie7l.com\/en\/produit\/collections-extraordinaires\/\"]}]},{\"@type\":\"BreadcrumbList\",\"@id\":\"https:\/\/librairie7l.com\/en\/produit\/collections-extraordinaires\/#breadcrumb\",\"itemListElement\":[{\"@type\":\"ListItem\",\"position\":1,\"name\":\"Accueil\",\"item\":\"https:\/\/librairie7l.com\/en\/\"},{\"@type\":\"ListItem\",\"position\":2,\"name\":\"Shop\",\"item\":\"https:\/\/librairie7l.com\/en\/shop\/\"},{\"@type\":\"ListItem\",\"position\":3,\"name\":\"COLLECTIONS EXTRAORDINAIRES\"}]},{\"@type\":\"WebSite\",\"@id\":\"https:\/\/librairie7l.com\/en\/#website\",\"url\":\"https:\/\/librairie7l.com\/en\/\",\"name\":\"Librairie 7L\",\"description\":\"Librairie fond\u00e9e en 1999 par Karl Lagerfeld \u00e0 Paris\",\"publisher\":{\"@id\":\"https:\/\/librairie7l.com\/en\/#organization\"},\"potentialAction\":[{\"@type\":\"SearchAction\",\"target\":{\"@type\":\"EntryPoint\",\"urlTemplate\":\"https:\/\/librairie7l.com\/en\/?s={search_term_string}\"},\"query-input\":\"required name=search_term_string\"}],\"inLanguage\":\"en-US\"},{\"@type\":\"Organization\",\"@id\":\"https:\/\/librairie7l.com\/en\/#organization\",\"name\":\"Librairie 7L\",\"url\":\"https:\/\/librairie7l.com\/en\/\",\"logo\":{\"@type\":\"ImageObject\",\"inLanguage\":\"en-US\",\"@id\":\"https:\/\/librairie7l.com\/en\/#\/schema\/logo\/image\/\",\"url\":\"https:\/\/librairie7l.com\/wp-content\/uploads\/2022\/08\/logo-1.png\",\"contentUrl\":\"https:\/\/librairie7l.com\/wp-content\/uploads\/2022\/08\/logo-1.png\",\"width\":227,\"height\":301,\"caption\":\"Librairie 7L\"},\"image\":{\"@id\":\"https:\/\/librairie7l.com\/en\/#\/schema\/logo\/image\/\"}}]}<\/script>\n<!-- \/ Yoast SEO plugin. -->","yoast_head_json":{"title":"Collections extraordinaires - Librairie 7L","robots":{"index":"index","follow":"follow","max-snippet":"max-snippet:-1","max-image-preview":"max-image-preview:large","max-video-preview":"max-video-preview:-1"},"canonical":"https:\/\/librairie7l.com\/en\/produit\/collections-extraordinaires\/","og_locale":"en_US","og_type":"article","og_title":"Collections extraordinaires - Librairie 7L","og_description":"Depuis toujours, Marin Montagut collectionne les objets dot\u00e9s d&#8217;une \u00e2me dont la po\u00e9sie parle \u00e0 l&#8217;imagination. Au cours de ses voyages en France, il a rencontr\u00e9 de nombreux antiquaires et amateurs passionn\u00e9s. Apr\u00e8s nous avoir accueilli dans sa maison et son atelier, m\u00e9lange po\u00e9tique de couleurs et de styles o\u00f9 tous les objets de ses [&hellip;]","og_url":"https:\/\/librairie7l.com\/en\/produit\/collections-extraordinaires\/","og_site_name":"Librairie 7L","article_modified_time":"2026-04-09T16:50:16+00:00","og_image":[{"width":600,"height":815,"url":"https:\/\/librairie7l.com\/wp-content\/uploads\/2023\/06\/9782080427342_1_75.jpg","type":"image\/jpeg"}],"twitter_card":"summary_large_image","twitter_misc":{"Est. reading time":"1 minute"},"schema":{"@context":"https:\/\/schema.org","@graph":[{"@type":"WebPage","@id":"https:\/\/librairie7l.com\/en\/produit\/collections-extraordinaires\/","url":"https:\/\/librairie7l.com\/en\/produit\/collections-extraordinaires\/","name":"Collections extraordinaires - Librairie 7L","isPartOf":{"@id":"https:\/\/librairie7l.com\/en\/#website"},"datePublished":"2023-10-19T15:24:05+00:00","dateModified":"2026-04-09T16:50:16+00:00","breadcrumb":{"@id":"https:\/\/librairie7l.com\/en\/produit\/collections-extraordinaires\/#breadcrumb"},"inLanguage":"en-US","potentialAction":[{"@type":"ReadAction","target":["https:\/\/librairie7l.com\/en\/produit\/collections-extraordinaires\/"]}]},{"@type":"BreadcrumbList","@id":"https:\/\/librairie7l.com\/en\/produit\/collections-extraordinaires\/#breadcrumb","itemListElement":[{"@type":"ListItem","position":1,"name":"Accueil","item":"https:\/\/librairie7l.com\/en\/"},{"@type":"ListItem","position":2,"name":"Shop","item":"https:\/\/librairie7l.com\/en\/shop\/"},{"@type":"ListItem","position":3,"name":"COLLECTIONS EXTRAORDINAIRES"}]},{"@type":"WebSite","@id":"https:\/\/librairie7l.com\/en\/#website","url":"https:\/\/librairie7l.com\/en\/","name":"Librairie 7L","description":"Librairie fond\u00e9e en 1999 par Karl Lagerfeld \u00e0 Paris","publisher":{"@id":"https:\/\/librairie7l.com\/en\/#organization"},"potentialAction":[{"@type":"SearchAction","target":{"@type":"EntryPoint","urlTemplate":"https:\/\/librairie7l.com\/en\/?s={search_term_string}"},"query-input":"required name=search_term_string"}],"inLanguage":"en-US"},{"@type":"Organization","@id":"https:\/\/librairie7l.com\/en\/#organization","name":"Librairie 7L","url":"https:\/\/librairie7l.com\/en\/","logo":{"@type":"ImageObject","inLanguage":"en-US","@id":"https:\/\/librairie7l.com\/en\/#\/schema\/logo\/image\/","url":"https:\/\/librairie7l.com\/wp-content\/uploads\/2022\/08\/logo-1.png","contentUrl":"https:\/\/librairie7l.com\/wp-content\/uploads\/2022\/08\/logo-1.png","width":227,"height":301,"caption":"Librairie 7L"},"image":{"@id":"https:\/\/librairie7l.com\/en\/#\/schema\/logo\/image\/"}}]}},"_links":{"self":[{"href":"https:\/\/librairie7l.com\/en\/wp-json\/wp\/v2\/product\/36043"}],"collection":[{"href":"https:\/\/librairie7l.com\/en\/wp-json\/wp\/v2\/product"}],"about":[{"href":"https:\/\/librairie7l.com\/en\/wp-json\/wp\/v2\/types\/product"}],"wp:featuredmedia":[{"embeddable":true,"href":"https:\/\/librairie7l.com\/en\/wp-json\/wp\/v2\/media\/36041"}],"wp:attachment":[{"href":"https:\/\/librairie7l.com\/en\/wp-json\/wp\/v2\/media?parent=36043"}],"wp:term":[{"taxonomy":"product_cat","embeddable":true,"href":"https:\/\/librairie7l.com\/en\/wp-json\/wp\/v2\/product_cat?post=36043"},{"taxonomy":"product_tag","embeddable":true,"href":"https:\/\/librairie7l.com\/en\/wp-json\/wp\/v2\/product_tag?post=36043"}],"curies":[{"name":"wp","href":"https:\/\/api.w.org\/{rel}","templated":true}]}}