{"id":36069,"date":"2023-10-19T17:27:28","date_gmt":"2023-10-19T15:27:28","guid":{"rendered":"https:\/\/librairie7l.com\/?post_type=product&#038;p=36069"},"modified":"2026-04-16T06:24:11","modified_gmt":"2026-04-16T04:24:11","slug":"fantomes-de-pierre-a-la-recherche-des-monuments-disparus","status":"publish","type":"product","link":"https:\/\/librairie7l.com\/en\/produit\/fantomes-de-pierre-a-la-recherche-des-monuments-disparus\/","title":{"rendered":"FANT\u00d4MES DE PIERRE : \u00c0 LA RECHERCHE DES MONUMENTS DISPARUS"},"content":{"rendered":"<p>Les  fant\u00f4mes de pierre  d\u00e9signent les monuments historiques d\u00e9truits et disparus, dont il ne reste rien hormis ce que le papier -\u00e9criture et images, aura su conserver. A travers des r\u00e9cits, mais aussi la reproduction de dessins, photographies, estampes et plans, cet ouvrage transmet leur m\u00e9moire et incarne leur souvenir vivace qui traverse le temps.<br \/>\nLes  fant\u00f4mes de pierre , ce sont des ruines, des monuments mutil\u00e9s, ou reconstruits. Ce sont aussi ceux dont il ne reste rien, car ils ont disparu. Leur souvenir de papier subsiste, parfois par les r\u00e9cits de leur histoire, \u00e0 travers les archives, et les images aussi, plans, dessins, estampes ou photographies. Leur m\u00e9moire trouve alors toute sa place dans les collections de la Biblioth\u00e8que nationale de France.<\/p>\n<p>Ces fant\u00f4mes de pierre ont contribu\u00e9 \u00e0 composer l&#8217;aspect d&#8217;une ville, d&#8217;un village, d&#8217;un coin de campagne. Ils s&#8217;inscrivent dans une m\u00e9moire collective. Ils t\u00e9moignent des ravages caus\u00e9s par la nature, telle la ville de Saint-Pierre et l&#8217;immense majorit\u00e9 de ses habitants, ray\u00e9s de la carte par l&#8217;\u00e9ruption de la montagne Pel\u00e9e. Ils rappellent la folie des hommes et de leurs guerres, comme Verdun en 1916 ou l&#8217;\u00e9glise Saint-Vincent de Rouen en 1944. Ils portent les plaies laiss\u00e9es par les exactions de la R\u00e9volution fran\u00e7aise, qui fut aussi la p\u00e9riode o\u00f9 \u00e9mergea l&#8217;id\u00e9e d&#8217;un patrimoine \u00e0 d\u00e9fendre, n&#8217;emp\u00eachant pas pour autant les saccages de monuments vendus comme biens nationaux, l&#8217;abbatiale de Cluny en est un exemple c\u00e9l\u00e8bre. Ils furent parfois les sacrifi\u00e9s du progr\u00e8s, \u00e0 l&#8217;instar du Pont-Neuf de Cahors, d\u00e9truit et remplac\u00e9 par une structure en b\u00e9ton. D&#8217;autres ont \u00e9t\u00e9 victimes d&#8217;incendies, comme le ch\u00e2teau de Lun\u00e9ville. Beaucoup ont souffert du temps et de l&#8217;incurie, souvent par manque de moyens de leurs propri\u00e9taires.<\/p>\n<p>Cet ouvrage rassemble une cinquantaine d&#8217;ensembles architecturaux repr\u00e9sentatifs de toutes les r\u00e9gions fran\u00e7aises en associant images des lieux et commentaires. Ces fant\u00f4mes de pierre, t\u00e9moins estomp\u00e9s de l&#8217;histoire, sont dans ces pages rendus \u00e0 leurs couleurs et \u00e0 la m\u00e9moire du lecteur.<\/p>\n","protected":false},"excerpt":{"rendered":"<p>Les fant\u00f4mes de pierre d\u00e9signent les monuments historiques d\u00e9truits et disparus, dont il ne reste rien hormis ce que le papier -\u00e9criture et images, aura su conserver. A travers des r\u00e9cits, mais aussi la reproduction de dessins, photographies, estampes et plans, cet ouvrage transmet leur m\u00e9moire et incarne leur souvenir vivace qui traverse le temps. [&hellip;]<\/p>\n","protected":false},"featured_media":36067,"template":"","meta":[],"product_cat":[2948,2950],"product_tag":[],"acf":[],"yoast_head":"<!-- This site is optimized with the Yoast SEO plugin v20.11 - https:\/\/yoast.com\/wordpress\/plugins\/seo\/ -->\n<title>Fant\u00f4mes de pierre : \u00e0 la recherche des monuments disparus - Librairie 7L<\/title>\n<meta name=\"robots\" content=\"index, follow, max-snippet:-1, max-image-preview:large, max-video-preview:-1\" \/>\n<link rel=\"canonical\" href=\"https:\/\/librairie7l.com\/en\/produit\/fantomes-de-pierre-a-la-recherche-des-monuments-disparus\/\" \/>\n<meta property=\"og:locale\" content=\"en_US\" \/>\n<meta property=\"og:type\" content=\"article\" \/>\n<meta property=\"og:title\" content=\"Fant\u00f4mes de pierre : \u00e0 la recherche des monuments disparus - Librairie 7L\" \/>\n<meta property=\"og:description\" content=\"Les fant\u00f4mes de pierre d\u00e9signent les monuments historiques d\u00e9truits et disparus, dont il ne reste rien hormis ce que le papier -\u00e9criture et images, aura su conserver. A travers des r\u00e9cits, mais aussi la reproduction de dessins, photographies, estampes et plans, cet ouvrage transmet leur m\u00e9moire et incarne leur souvenir vivace qui traverse le temps. [&hellip;]\" \/>\n<meta property=\"og:url\" content=\"https:\/\/librairie7l.com\/en\/produit\/fantomes-de-pierre-a-la-recherche-des-monuments-disparus\/\" \/>\n<meta property=\"og:site_name\" content=\"Librairie 7L\" \/>\n<meta property=\"article:modified_time\" content=\"2026-04-16T04:24:11+00:00\" \/>\n<meta property=\"og:image\" content=\"https:\/\/librairie7l.com\/wp-content\/uploads\/2023\/06\/9782717728880_1_75.jpg\" \/>\n\t<meta property=\"og:image:width\" content=\"600\" \/>\n\t<meta property=\"og:image:height\" content=\"847\" \/>\n\t<meta property=\"og:image:type\" content=\"image\/jpeg\" \/>\n<meta name=\"twitter:card\" content=\"summary_large_image\" \/>\n<meta name=\"twitter:label1\" content=\"Est. reading time\" \/>\n\t<meta name=\"twitter:data1\" content=\"2 minutes\" \/>\n<script type=\"application\/ld+json\" class=\"yoast-schema-graph\">{\"@context\":\"https:\/\/schema.org\",\"@graph\":[{\"@type\":\"WebPage\",\"@id\":\"https:\/\/librairie7l.com\/en\/produit\/fantomes-de-pierre-a-la-recherche-des-monuments-disparus\/\",\"url\":\"https:\/\/librairie7l.com\/en\/produit\/fantomes-de-pierre-a-la-recherche-des-monuments-disparus\/\",\"name\":\"Fant\u00f4mes de pierre : \u00e0 la recherche des monuments disparus - Librairie 7L\",\"isPartOf\":{\"@id\":\"https:\/\/librairie7l.com\/en\/#website\"},\"datePublished\":\"2023-10-19T15:27:28+00:00\",\"dateModified\":\"2026-04-16T04:24:11+00:00\",\"breadcrumb\":{\"@id\":\"https:\/\/librairie7l.com\/en\/produit\/fantomes-de-pierre-a-la-recherche-des-monuments-disparus\/#breadcrumb\"},\"inLanguage\":\"en-US\",\"potentialAction\":[{\"@type\":\"ReadAction\",\"target\":[\"https:\/\/librairie7l.com\/en\/produit\/fantomes-de-pierre-a-la-recherche-des-monuments-disparus\/\"]}]},{\"@type\":\"BreadcrumbList\",\"@id\":\"https:\/\/librairie7l.com\/en\/produit\/fantomes-de-pierre-a-la-recherche-des-monuments-disparus\/#breadcrumb\",\"itemListElement\":[{\"@type\":\"ListItem\",\"position\":1,\"name\":\"Accueil\",\"item\":\"https:\/\/librairie7l.com\/en\/\"},{\"@type\":\"ListItem\",\"position\":2,\"name\":\"Shop\",\"item\":\"https:\/\/librairie7l.com\/en\/shop\/\"},{\"@type\":\"ListItem\",\"position\":3,\"name\":\"FANT\u00d4MES DE PIERRE : \u00c0 LA RECHERCHE DES MONUMENTS DISPARUS\"}]},{\"@type\":\"WebSite\",\"@id\":\"https:\/\/librairie7l.com\/en\/#website\",\"url\":\"https:\/\/librairie7l.com\/en\/\",\"name\":\"Librairie 7L\",\"description\":\"Librairie fond\u00e9e en 1999 par Karl Lagerfeld \u00e0 Paris\",\"publisher\":{\"@id\":\"https:\/\/librairie7l.com\/en\/#organization\"},\"potentialAction\":[{\"@type\":\"SearchAction\",\"target\":{\"@type\":\"EntryPoint\",\"urlTemplate\":\"https:\/\/librairie7l.com\/en\/?s={search_term_string}\"},\"query-input\":\"required name=search_term_string\"}],\"inLanguage\":\"en-US\"},{\"@type\":\"Organization\",\"@id\":\"https:\/\/librairie7l.com\/en\/#organization\",\"name\":\"Librairie 7L\",\"url\":\"https:\/\/librairie7l.com\/en\/\",\"logo\":{\"@type\":\"ImageObject\",\"inLanguage\":\"en-US\",\"@id\":\"https:\/\/librairie7l.com\/en\/#\/schema\/logo\/image\/\",\"url\":\"https:\/\/librairie7l.com\/wp-content\/uploads\/2022\/08\/logo-1.png\",\"contentUrl\":\"https:\/\/librairie7l.com\/wp-content\/uploads\/2022\/08\/logo-1.png\",\"width\":227,\"height\":301,\"caption\":\"Librairie 7L\"},\"image\":{\"@id\":\"https:\/\/librairie7l.com\/en\/#\/schema\/logo\/image\/\"}}]}<\/script>\n<!-- \/ Yoast SEO plugin. -->","yoast_head_json":{"title":"Fant\u00f4mes de pierre : \u00e0 la recherche des monuments disparus - Librairie 7L","robots":{"index":"index","follow":"follow","max-snippet":"max-snippet:-1","max-image-preview":"max-image-preview:large","max-video-preview":"max-video-preview:-1"},"canonical":"https:\/\/librairie7l.com\/en\/produit\/fantomes-de-pierre-a-la-recherche-des-monuments-disparus\/","og_locale":"en_US","og_type":"article","og_title":"Fant\u00f4mes de pierre : \u00e0 la recherche des monuments disparus - Librairie 7L","og_description":"Les fant\u00f4mes de pierre d\u00e9signent les monuments historiques d\u00e9truits et disparus, dont il ne reste rien hormis ce que le papier -\u00e9criture et images, aura su conserver. A travers des r\u00e9cits, mais aussi la reproduction de dessins, photographies, estampes et plans, cet ouvrage transmet leur m\u00e9moire et incarne leur souvenir vivace qui traverse le temps. [&hellip;]","og_url":"https:\/\/librairie7l.com\/en\/produit\/fantomes-de-pierre-a-la-recherche-des-monuments-disparus\/","og_site_name":"Librairie 7L","article_modified_time":"2026-04-16T04:24:11+00:00","og_image":[{"width":600,"height":847,"url":"https:\/\/librairie7l.com\/wp-content\/uploads\/2023\/06\/9782717728880_1_75.jpg","type":"image\/jpeg"}],"twitter_card":"summary_large_image","twitter_misc":{"Est. reading time":"2 minutes"},"schema":{"@context":"https:\/\/schema.org","@graph":[{"@type":"WebPage","@id":"https:\/\/librairie7l.com\/en\/produit\/fantomes-de-pierre-a-la-recherche-des-monuments-disparus\/","url":"https:\/\/librairie7l.com\/en\/produit\/fantomes-de-pierre-a-la-recherche-des-monuments-disparus\/","name":"Fant\u00f4mes de pierre : \u00e0 la recherche des monuments disparus - Librairie 7L","isPartOf":{"@id":"https:\/\/librairie7l.com\/en\/#website"},"datePublished":"2023-10-19T15:27:28+00:00","dateModified":"2026-04-16T04:24:11+00:00","breadcrumb":{"@id":"https:\/\/librairie7l.com\/en\/produit\/fantomes-de-pierre-a-la-recherche-des-monuments-disparus\/#breadcrumb"},"inLanguage":"en-US","potentialAction":[{"@type":"ReadAction","target":["https:\/\/librairie7l.com\/en\/produit\/fantomes-de-pierre-a-la-recherche-des-monuments-disparus\/"]}]},{"@type":"BreadcrumbList","@id":"https:\/\/librairie7l.com\/en\/produit\/fantomes-de-pierre-a-la-recherche-des-monuments-disparus\/#breadcrumb","itemListElement":[{"@type":"ListItem","position":1,"name":"Accueil","item":"https:\/\/librairie7l.com\/en\/"},{"@type":"ListItem","position":2,"name":"Shop","item":"https:\/\/librairie7l.com\/en\/shop\/"},{"@type":"ListItem","position":3,"name":"FANT\u00d4MES DE PIERRE : \u00c0 LA RECHERCHE DES MONUMENTS DISPARUS"}]},{"@type":"WebSite","@id":"https:\/\/librairie7l.com\/en\/#website","url":"https:\/\/librairie7l.com\/en\/","name":"Librairie 7L","description":"Librairie fond\u00e9e en 1999 par Karl Lagerfeld \u00e0 Paris","publisher":{"@id":"https:\/\/librairie7l.com\/en\/#organization"},"potentialAction":[{"@type":"SearchAction","target":{"@type":"EntryPoint","urlTemplate":"https:\/\/librairie7l.com\/en\/?s={search_term_string}"},"query-input":"required name=search_term_string"}],"inLanguage":"en-US"},{"@type":"Organization","@id":"https:\/\/librairie7l.com\/en\/#organization","name":"Librairie 7L","url":"https:\/\/librairie7l.com\/en\/","logo":{"@type":"ImageObject","inLanguage":"en-US","@id":"https:\/\/librairie7l.com\/en\/#\/schema\/logo\/image\/","url":"https:\/\/librairie7l.com\/wp-content\/uploads\/2022\/08\/logo-1.png","contentUrl":"https:\/\/librairie7l.com\/wp-content\/uploads\/2022\/08\/logo-1.png","width":227,"height":301,"caption":"Librairie 7L"},"image":{"@id":"https:\/\/librairie7l.com\/en\/#\/schema\/logo\/image\/"}}]}},"_links":{"self":[{"href":"https:\/\/librairie7l.com\/en\/wp-json\/wp\/v2\/product\/36069"}],"collection":[{"href":"https:\/\/librairie7l.com\/en\/wp-json\/wp\/v2\/product"}],"about":[{"href":"https:\/\/librairie7l.com\/en\/wp-json\/wp\/v2\/types\/product"}],"wp:featuredmedia":[{"embeddable":true,"href":"https:\/\/librairie7l.com\/en\/wp-json\/wp\/v2\/media\/36067"}],"wp:attachment":[{"href":"https:\/\/librairie7l.com\/en\/wp-json\/wp\/v2\/media?parent=36069"}],"wp:term":[{"taxonomy":"product_cat","embeddable":true,"href":"https:\/\/librairie7l.com\/en\/wp-json\/wp\/v2\/product_cat?post=36069"},{"taxonomy":"product_tag","embeddable":true,"href":"https:\/\/librairie7l.com\/en\/wp-json\/wp\/v2\/product_tag?post=36069"}],"curies":[{"name":"wp","href":"https:\/\/api.w.org\/{rel}","templated":true}]}}