{"id":36089,"date":"2023-10-19T17:28:54","date_gmt":"2023-10-19T15:28:54","guid":{"rendered":"https:\/\/librairie7l.com\/?post_type=product&#038;p=36089"},"modified":"2026-05-02T01:19:40","modified_gmt":"2026-05-01T23:19:40","slug":"chez-antoinette-poisson-ou-lart-de-vivre-au-fil-des-saisons","status":"publish","type":"product","link":"https:\/\/librairie7l.com\/en\/produit\/chez-antoinette-poisson-ou-lart-de-vivre-au-fil-des-saisons\/","title":{"rendered":"CHEZ ANTOINETTE POISSON OU L&#8217;ART DE VIVRE AU FIL DES SAISONS"},"content":{"rendered":"<p>La maison Lescop \u00e0 Port-Louis, en Bretagne, a conserv\u00e9 son d\u00e9cor d&#8217;origine du XVIII? si\u00e8cle, elle est devenue le terrain de jeu du duo de restaurateurs cr\u00e9atifs d&#8217;\u00c0 Paris chez Antoinette Poisson. Port\u00e9s par la beaut\u00e9 po\u00e9tique des motifs des papiers dominot\u00e9s \u00bf des fleurs \u00e0 la faune et de la g\u00e9om\u00e9trie \u00e0 l&#8217;ikat &#8211; ils ont am\u00e9nag\u00e9 leur nouvelle r\u00e9sidence avec ces \u00e9l\u00e9gantes touches d\u00e9coratives. C\u00e9l\u00e9brant un art de vivre tout entier tourn\u00e9 vers le charme du XVIII? si\u00e8cle, ses objets, sa gastronomie, ses savoir-faire, ils partagent au coeur de cet ouvrage leur vie loin de Paris au rythme des saisons, entre p\u00eache aux crustac\u00e9s, march\u00e9 estival, brocante, teinture de textiles \u00e0 l&#8217;indigo et impression \u00e0 la planche sur papier artisanal.<\/p>\n","protected":false},"excerpt":{"rendered":"<p>La maison Lescop \u00e0 Port-Louis, en Bretagne, a conserv\u00e9 son d\u00e9cor d&#8217;origine du XVIII? si\u00e8cle, elle est devenue le terrain de jeu du duo de restaurateurs cr\u00e9atifs d&#8217;\u00c0 Paris chez Antoinette Poisson. Port\u00e9s par la beaut\u00e9 po\u00e9tique des motifs des papiers dominot\u00e9s \u00bf des fleurs \u00e0 la faune et de la g\u00e9om\u00e9trie \u00e0 l&#8217;ikat &#8211; [&hellip;]<\/p>\n","protected":false},"featured_media":36087,"template":"","meta":[],"product_cat":[2948,2952],"product_tag":[],"acf":[],"yoast_head":"<!-- This site is optimized with the Yoast SEO plugin v20.11 - https:\/\/yoast.com\/wordpress\/plugins\/seo\/ -->\n<title>Chez Antoinette Poisson ou l&#039;art de vivre au fil des saisons - Librairie 7L<\/title>\n<meta name=\"robots\" content=\"index, follow, max-snippet:-1, max-image-preview:large, max-video-preview:-1\" \/>\n<link rel=\"canonical\" href=\"https:\/\/librairie7l.com\/en\/produit\/chez-antoinette-poisson-ou-lart-de-vivre-au-fil-des-saisons\/\" \/>\n<meta property=\"og:locale\" content=\"en_US\" \/>\n<meta property=\"og:type\" content=\"article\" \/>\n<meta property=\"og:title\" content=\"Chez Antoinette Poisson ou l&#039;art de vivre au fil des saisons - Librairie 7L\" \/>\n<meta property=\"og:description\" content=\"La maison Lescop \u00e0 Port-Louis, en Bretagne, a conserv\u00e9 son d\u00e9cor d&#8217;origine du XVIII? si\u00e8cle, elle est devenue le terrain de jeu du duo de restaurateurs cr\u00e9atifs d&#8217;\u00c0 Paris chez Antoinette Poisson. Port\u00e9s par la beaut\u00e9 po\u00e9tique des motifs des papiers dominot\u00e9s \u00bf des fleurs \u00e0 la faune et de la g\u00e9om\u00e9trie \u00e0 l&#8217;ikat &#8211; [&hellip;]\" \/>\n<meta property=\"og:url\" content=\"https:\/\/librairie7l.com\/en\/produit\/chez-antoinette-poisson-ou-lart-de-vivre-au-fil-des-saisons\/\" \/>\n<meta property=\"og:site_name\" content=\"Librairie 7L\" \/>\n<meta property=\"article:modified_time\" content=\"2026-05-01T23:19:40+00:00\" \/>\n<meta property=\"og:image\" content=\"https:\/\/librairie7l.com\/wp-content\/uploads\/2023\/06\/9782080414809_1_75.jpg\" \/>\n\t<meta property=\"og:image:width\" content=\"600\" \/>\n\t<meta property=\"og:image:height\" content=\"794\" \/>\n\t<meta property=\"og:image:type\" content=\"image\/jpeg\" \/>\n<meta name=\"twitter:card\" content=\"summary_large_image\" \/>\n<meta name=\"twitter:label1\" content=\"Est. reading time\" \/>\n\t<meta name=\"twitter:data1\" content=\"1 minute\" \/>\n<script type=\"application\/ld+json\" class=\"yoast-schema-graph\">{\"@context\":\"https:\/\/schema.org\",\"@graph\":[{\"@type\":\"WebPage\",\"@id\":\"https:\/\/librairie7l.com\/en\/produit\/chez-antoinette-poisson-ou-lart-de-vivre-au-fil-des-saisons\/\",\"url\":\"https:\/\/librairie7l.com\/en\/produit\/chez-antoinette-poisson-ou-lart-de-vivre-au-fil-des-saisons\/\",\"name\":\"Chez Antoinette Poisson ou l'art de vivre au fil des saisons - Librairie 7L\",\"isPartOf\":{\"@id\":\"https:\/\/librairie7l.com\/en\/#website\"},\"datePublished\":\"2023-10-19T15:28:54+00:00\",\"dateModified\":\"2026-05-01T23:19:40+00:00\",\"breadcrumb\":{\"@id\":\"https:\/\/librairie7l.com\/en\/produit\/chez-antoinette-poisson-ou-lart-de-vivre-au-fil-des-saisons\/#breadcrumb\"},\"inLanguage\":\"en-US\",\"potentialAction\":[{\"@type\":\"ReadAction\",\"target\":[\"https:\/\/librairie7l.com\/en\/produit\/chez-antoinette-poisson-ou-lart-de-vivre-au-fil-des-saisons\/\"]}]},{\"@type\":\"BreadcrumbList\",\"@id\":\"https:\/\/librairie7l.com\/en\/produit\/chez-antoinette-poisson-ou-lart-de-vivre-au-fil-des-saisons\/#breadcrumb\",\"itemListElement\":[{\"@type\":\"ListItem\",\"position\":1,\"name\":\"Accueil\",\"item\":\"https:\/\/librairie7l.com\/en\/\"},{\"@type\":\"ListItem\",\"position\":2,\"name\":\"Shop\",\"item\":\"https:\/\/librairie7l.com\/en\/shop\/\"},{\"@type\":\"ListItem\",\"position\":3,\"name\":\"CHEZ ANTOINETTE POISSON OU L&#8217;ART DE VIVRE AU FIL DES SAISONS\"}]},{\"@type\":\"WebSite\",\"@id\":\"https:\/\/librairie7l.com\/en\/#website\",\"url\":\"https:\/\/librairie7l.com\/en\/\",\"name\":\"Librairie 7L\",\"description\":\"Librairie fond\u00e9e en 1999 par Karl Lagerfeld \u00e0 Paris\",\"publisher\":{\"@id\":\"https:\/\/librairie7l.com\/en\/#organization\"},\"potentialAction\":[{\"@type\":\"SearchAction\",\"target\":{\"@type\":\"EntryPoint\",\"urlTemplate\":\"https:\/\/librairie7l.com\/en\/?s={search_term_string}\"},\"query-input\":\"required name=search_term_string\"}],\"inLanguage\":\"en-US\"},{\"@type\":\"Organization\",\"@id\":\"https:\/\/librairie7l.com\/en\/#organization\",\"name\":\"Librairie 7L\",\"url\":\"https:\/\/librairie7l.com\/en\/\",\"logo\":{\"@type\":\"ImageObject\",\"inLanguage\":\"en-US\",\"@id\":\"https:\/\/librairie7l.com\/en\/#\/schema\/logo\/image\/\",\"url\":\"https:\/\/librairie7l.com\/wp-content\/uploads\/2022\/08\/logo-1.png\",\"contentUrl\":\"https:\/\/librairie7l.com\/wp-content\/uploads\/2022\/08\/logo-1.png\",\"width\":227,\"height\":301,\"caption\":\"Librairie 7L\"},\"image\":{\"@id\":\"https:\/\/librairie7l.com\/en\/#\/schema\/logo\/image\/\"}}]}<\/script>\n<!-- \/ Yoast SEO plugin. -->","yoast_head_json":{"title":"Chez Antoinette Poisson ou l'art de vivre au fil des saisons - Librairie 7L","robots":{"index":"index","follow":"follow","max-snippet":"max-snippet:-1","max-image-preview":"max-image-preview:large","max-video-preview":"max-video-preview:-1"},"canonical":"https:\/\/librairie7l.com\/en\/produit\/chez-antoinette-poisson-ou-lart-de-vivre-au-fil-des-saisons\/","og_locale":"en_US","og_type":"article","og_title":"Chez Antoinette Poisson ou l'art de vivre au fil des saisons - Librairie 7L","og_description":"La maison Lescop \u00e0 Port-Louis, en Bretagne, a conserv\u00e9 son d\u00e9cor d&#8217;origine du XVIII? si\u00e8cle, elle est devenue le terrain de jeu du duo de restaurateurs cr\u00e9atifs d&#8217;\u00c0 Paris chez Antoinette Poisson. Port\u00e9s par la beaut\u00e9 po\u00e9tique des motifs des papiers dominot\u00e9s \u00bf des fleurs \u00e0 la faune et de la g\u00e9om\u00e9trie \u00e0 l&#8217;ikat &#8211; [&hellip;]","og_url":"https:\/\/librairie7l.com\/en\/produit\/chez-antoinette-poisson-ou-lart-de-vivre-au-fil-des-saisons\/","og_site_name":"Librairie 7L","article_modified_time":"2026-05-01T23:19:40+00:00","og_image":[{"width":600,"height":794,"url":"https:\/\/librairie7l.com\/wp-content\/uploads\/2023\/06\/9782080414809_1_75.jpg","type":"image\/jpeg"}],"twitter_card":"summary_large_image","twitter_misc":{"Est. reading time":"1 minute"},"schema":{"@context":"https:\/\/schema.org","@graph":[{"@type":"WebPage","@id":"https:\/\/librairie7l.com\/en\/produit\/chez-antoinette-poisson-ou-lart-de-vivre-au-fil-des-saisons\/","url":"https:\/\/librairie7l.com\/en\/produit\/chez-antoinette-poisson-ou-lart-de-vivre-au-fil-des-saisons\/","name":"Chez Antoinette Poisson ou l'art de vivre au fil des saisons - Librairie 7L","isPartOf":{"@id":"https:\/\/librairie7l.com\/en\/#website"},"datePublished":"2023-10-19T15:28:54+00:00","dateModified":"2026-05-01T23:19:40+00:00","breadcrumb":{"@id":"https:\/\/librairie7l.com\/en\/produit\/chez-antoinette-poisson-ou-lart-de-vivre-au-fil-des-saisons\/#breadcrumb"},"inLanguage":"en-US","potentialAction":[{"@type":"ReadAction","target":["https:\/\/librairie7l.com\/en\/produit\/chez-antoinette-poisson-ou-lart-de-vivre-au-fil-des-saisons\/"]}]},{"@type":"BreadcrumbList","@id":"https:\/\/librairie7l.com\/en\/produit\/chez-antoinette-poisson-ou-lart-de-vivre-au-fil-des-saisons\/#breadcrumb","itemListElement":[{"@type":"ListItem","position":1,"name":"Accueil","item":"https:\/\/librairie7l.com\/en\/"},{"@type":"ListItem","position":2,"name":"Shop","item":"https:\/\/librairie7l.com\/en\/shop\/"},{"@type":"ListItem","position":3,"name":"CHEZ ANTOINETTE POISSON OU L&#8217;ART DE VIVRE AU FIL DES SAISONS"}]},{"@type":"WebSite","@id":"https:\/\/librairie7l.com\/en\/#website","url":"https:\/\/librairie7l.com\/en\/","name":"Librairie 7L","description":"Librairie fond\u00e9e en 1999 par Karl Lagerfeld \u00e0 Paris","publisher":{"@id":"https:\/\/librairie7l.com\/en\/#organization"},"potentialAction":[{"@type":"SearchAction","target":{"@type":"EntryPoint","urlTemplate":"https:\/\/librairie7l.com\/en\/?s={search_term_string}"},"query-input":"required name=search_term_string"}],"inLanguage":"en-US"},{"@type":"Organization","@id":"https:\/\/librairie7l.com\/en\/#organization","name":"Librairie 7L","url":"https:\/\/librairie7l.com\/en\/","logo":{"@type":"ImageObject","inLanguage":"en-US","@id":"https:\/\/librairie7l.com\/en\/#\/schema\/logo\/image\/","url":"https:\/\/librairie7l.com\/wp-content\/uploads\/2022\/08\/logo-1.png","contentUrl":"https:\/\/librairie7l.com\/wp-content\/uploads\/2022\/08\/logo-1.png","width":227,"height":301,"caption":"Librairie 7L"},"image":{"@id":"https:\/\/librairie7l.com\/en\/#\/schema\/logo\/image\/"}}]}},"_links":{"self":[{"href":"https:\/\/librairie7l.com\/en\/wp-json\/wp\/v2\/product\/36089"}],"collection":[{"href":"https:\/\/librairie7l.com\/en\/wp-json\/wp\/v2\/product"}],"about":[{"href":"https:\/\/librairie7l.com\/en\/wp-json\/wp\/v2\/types\/product"}],"wp:featuredmedia":[{"embeddable":true,"href":"https:\/\/librairie7l.com\/en\/wp-json\/wp\/v2\/media\/36087"}],"wp:attachment":[{"href":"https:\/\/librairie7l.com\/en\/wp-json\/wp\/v2\/media?parent=36089"}],"wp:term":[{"taxonomy":"product_cat","embeddable":true,"href":"https:\/\/librairie7l.com\/en\/wp-json\/wp\/v2\/product_cat?post=36089"},{"taxonomy":"product_tag","embeddable":true,"href":"https:\/\/librairie7l.com\/en\/wp-json\/wp\/v2\/product_tag?post=36089"}],"curies":[{"name":"wp","href":"https:\/\/api.w.org\/{rel}","templated":true}]}}