{"id":36099,"date":"2024-06-25T18:06:29","date_gmt":"2024-06-25T16:06:29","guid":{"rendered":"https:\/\/librairie7l.com\/?post_type=product&#038;p=36099"},"modified":"2026-05-07T07:06:11","modified_gmt":"2026-05-07T05:06:11","slug":"suzanne-valadon-un-monde-a-soi","status":"publish","type":"product","link":"https:\/\/librairie7l.com\/en\/produit\/suzanne-valadon-un-monde-a-soi\/","title":{"rendered":"SUZANNE VALADON : UN MONDE \u00c0 SOI"},"content":{"rendered":"<p>Publi\u00e9 \u00e0 l&#8217;occasion de l&#8217;exposition au Centre Pompidou-Metz du 15 avril au 11 septembre 2023 puis reprise et adapt\u00e9e au Mus\u00e9e d&#8217;arts de Nantes, du 3 novembre 2023 au 18 f\u00e9vrier 2024, ainsi qu&#8217;au Mus\u00e9e national d&#8217;art de Catalogne \u00e0 Barcelone, du 11 avril au 1er septembre 2024.<\/p>\n<p>Suzanne Valadon (1865-1938) l\u00e8gue \u00e0 l&#8217;histoire de l&#8217;art un corpus fascinant, \u00e0 la fois transgressif et radical. Son caract\u00e8re frondeur, son destin hors du commun, sa vie et son art partag\u00e9s avec son fils Maurice Utrillo et son mari Andr\u00e9 Utter, n&#8217;ont cess\u00e9 de nourrir l&#8217;interpr\u00e9tation de son oeuvre. Chaque facette de l&#8217;\u00e9pop\u00e9e romanesque de cette artiste en prise avec diff\u00e9rents cosmos dresse un portrait essentiel de la modernit\u00e9 naissante, apporte un \u00e9clairage sur une \u00e9poque \u00e0 la lisi\u00e8re de deux mondes, qui emm\u00e8ne le regardeur du XIXe au XXe si\u00e8cle.<\/p>\n<p>Pr\u00e8s de soixante ans apr\u00e8s sa derni\u00e8re r\u00e9trospective en France, le Centre Pompidou-Metz rend hommage \u00e0 Suzanne Valadon avec une ambitieuse monographie con\u00e7ue comme un portrait. Le catalogue qui l&#8217;accompagne offre une relecture de son oeuvre dans toute sa complexit\u00e9 et permet de la resituer dans l&#8217;histoire de l&#8217;art. Les essais de Chiara Parisi, Philip Dennis Cate, Jean-Paul Delfino, Daniel Marchesseau, Yelin Zaho et les focus de Sophie Bernal, Paula Birnbaum, Sophie Bramly, Magali Briat-Philippe, Louise Chennevi\u00e8re, Gwendoline Corthier-Hardoin, Gilles Genty, St\u00e9phane Gu\u00e9gan, C\u00e9line Le Bacon, Claire Leboss\u00e9, Constance de Monbrison, Saskia Ooms, Florence Saragoza et Jeanine Warnod &#8211; \u00e9clairent ainsi la vie de cette artiste r\u00e9solument contemporaine, \u00e0 la lisi\u00e8re des XIXe et XXe si\u00e8cles, sa pratique, son oeuvre sans complaisance.<\/p>\n","protected":false},"excerpt":{"rendered":"<p>Publi\u00e9 \u00e0 l&#8217;occasion de l&#8217;exposition au Centre Pompidou-Metz du 15 avril au 11 septembre 2023 puis reprise et adapt\u00e9e au Mus\u00e9e d&#8217;arts de Nantes, du 3 novembre 2023 au 18 f\u00e9vrier 2024, ainsi qu&#8217;au Mus\u00e9e national d&#8217;art de Catalogne \u00e0 Barcelone, du 11 avril au 1er septembre 2024. Suzanne Valadon (1865-1938) l\u00e8gue \u00e0 l&#8217;histoire de [&hellip;]<\/p>\n","protected":false},"featured_media":36097,"template":"","meta":[],"product_cat":[2948,2953],"product_tag":[],"acf":[],"yoast_head":"<!-- This site is optimized with the Yoast SEO plugin v20.11 - https:\/\/yoast.com\/wordpress\/plugins\/seo\/ -->\n<title>Suzanne Valadon : un monde \u00e0 soi - Librairie 7L<\/title>\n<meta name=\"robots\" content=\"index, follow, max-snippet:-1, max-image-preview:large, max-video-preview:-1\" \/>\n<link rel=\"canonical\" href=\"https:\/\/librairie7l.com\/en\/produit\/suzanne-valadon-un-monde-a-soi\/\" \/>\n<meta property=\"og:locale\" content=\"en_US\" \/>\n<meta property=\"og:type\" content=\"article\" \/>\n<meta property=\"og:title\" content=\"Suzanne Valadon : un monde \u00e0 soi - Librairie 7L\" \/>\n<meta property=\"og:description\" content=\"Publi\u00e9 \u00e0 l&#8217;occasion de l&#8217;exposition au Centre Pompidou-Metz du 15 avril au 11 septembre 2023 puis reprise et adapt\u00e9e au Mus\u00e9e d&#8217;arts de Nantes, du 3 novembre 2023 au 18 f\u00e9vrier 2024, ainsi qu&#8217;au Mus\u00e9e national d&#8217;art de Catalogne \u00e0 Barcelone, du 11 avril au 1er septembre 2024. Suzanne Valadon (1865-1938) l\u00e8gue \u00e0 l&#8217;histoire de [&hellip;]\" \/>\n<meta property=\"og:url\" content=\"https:\/\/librairie7l.com\/en\/produit\/suzanne-valadon-un-monde-a-soi\/\" \/>\n<meta property=\"og:site_name\" content=\"Librairie 7L\" \/>\n<meta property=\"article:modified_time\" content=\"2026-05-07T05:06:11+00:00\" \/>\n<meta property=\"og:image\" content=\"https:\/\/librairie7l.com\/wp-content\/uploads\/2022\/11\/9782359830712_1_75.jpg\" \/>\n\t<meta property=\"og:image:width\" content=\"287\" \/>\n\t<meta property=\"og:image:height\" content=\"410\" \/>\n\t<meta property=\"og:image:type\" content=\"image\/jpeg\" \/>\n<meta name=\"twitter:card\" content=\"summary_large_image\" \/>\n<meta name=\"twitter:label1\" content=\"Est. reading time\" \/>\n\t<meta name=\"twitter:data1\" content=\"1 minute\" \/>\n<script type=\"application\/ld+json\" class=\"yoast-schema-graph\">{\"@context\":\"https:\/\/schema.org\",\"@graph\":[{\"@type\":\"WebPage\",\"@id\":\"https:\/\/librairie7l.com\/en\/produit\/suzanne-valadon-un-monde-a-soi\/\",\"url\":\"https:\/\/librairie7l.com\/en\/produit\/suzanne-valadon-un-monde-a-soi\/\",\"name\":\"Suzanne Valadon : un monde \u00e0 soi - Librairie 7L\",\"isPartOf\":{\"@id\":\"https:\/\/librairie7l.com\/en\/#website\"},\"datePublished\":\"2024-06-25T16:06:29+00:00\",\"dateModified\":\"2026-05-07T05:06:11+00:00\",\"breadcrumb\":{\"@id\":\"https:\/\/librairie7l.com\/en\/produit\/suzanne-valadon-un-monde-a-soi\/#breadcrumb\"},\"inLanguage\":\"en-US\",\"potentialAction\":[{\"@type\":\"ReadAction\",\"target\":[\"https:\/\/librairie7l.com\/en\/produit\/suzanne-valadon-un-monde-a-soi\/\"]}]},{\"@type\":\"BreadcrumbList\",\"@id\":\"https:\/\/librairie7l.com\/en\/produit\/suzanne-valadon-un-monde-a-soi\/#breadcrumb\",\"itemListElement\":[{\"@type\":\"ListItem\",\"position\":1,\"name\":\"Accueil\",\"item\":\"https:\/\/librairie7l.com\/en\/\"},{\"@type\":\"ListItem\",\"position\":2,\"name\":\"Shop\",\"item\":\"https:\/\/librairie7l.com\/en\/shop\/\"},{\"@type\":\"ListItem\",\"position\":3,\"name\":\"SUZANNE VALADON : UN MONDE \u00c0 SOI\"}]},{\"@type\":\"WebSite\",\"@id\":\"https:\/\/librairie7l.com\/en\/#website\",\"url\":\"https:\/\/librairie7l.com\/en\/\",\"name\":\"Librairie 7L\",\"description\":\"Librairie fond\u00e9e en 1999 par Karl Lagerfeld \u00e0 Paris\",\"publisher\":{\"@id\":\"https:\/\/librairie7l.com\/en\/#organization\"},\"potentialAction\":[{\"@type\":\"SearchAction\",\"target\":{\"@type\":\"EntryPoint\",\"urlTemplate\":\"https:\/\/librairie7l.com\/en\/?s={search_term_string}\"},\"query-input\":\"required name=search_term_string\"}],\"inLanguage\":\"en-US\"},{\"@type\":\"Organization\",\"@id\":\"https:\/\/librairie7l.com\/en\/#organization\",\"name\":\"Librairie 7L\",\"url\":\"https:\/\/librairie7l.com\/en\/\",\"logo\":{\"@type\":\"ImageObject\",\"inLanguage\":\"en-US\",\"@id\":\"https:\/\/librairie7l.com\/en\/#\/schema\/logo\/image\/\",\"url\":\"https:\/\/librairie7l.com\/wp-content\/uploads\/2022\/08\/logo-1.png\",\"contentUrl\":\"https:\/\/librairie7l.com\/wp-content\/uploads\/2022\/08\/logo-1.png\",\"width\":227,\"height\":301,\"caption\":\"Librairie 7L\"},\"image\":{\"@id\":\"https:\/\/librairie7l.com\/en\/#\/schema\/logo\/image\/\"}}]}<\/script>\n<!-- \/ Yoast SEO plugin. -->","yoast_head_json":{"title":"Suzanne Valadon : un monde \u00e0 soi - Librairie 7L","robots":{"index":"index","follow":"follow","max-snippet":"max-snippet:-1","max-image-preview":"max-image-preview:large","max-video-preview":"max-video-preview:-1"},"canonical":"https:\/\/librairie7l.com\/en\/produit\/suzanne-valadon-un-monde-a-soi\/","og_locale":"en_US","og_type":"article","og_title":"Suzanne Valadon : un monde \u00e0 soi - Librairie 7L","og_description":"Publi\u00e9 \u00e0 l&#8217;occasion de l&#8217;exposition au Centre Pompidou-Metz du 15 avril au 11 septembre 2023 puis reprise et adapt\u00e9e au Mus\u00e9e d&#8217;arts de Nantes, du 3 novembre 2023 au 18 f\u00e9vrier 2024, ainsi qu&#8217;au Mus\u00e9e national d&#8217;art de Catalogne \u00e0 Barcelone, du 11 avril au 1er septembre 2024. Suzanne Valadon (1865-1938) l\u00e8gue \u00e0 l&#8217;histoire de [&hellip;]","og_url":"https:\/\/librairie7l.com\/en\/produit\/suzanne-valadon-un-monde-a-soi\/","og_site_name":"Librairie 7L","article_modified_time":"2026-05-07T05:06:11+00:00","og_image":[{"width":287,"height":410,"url":"https:\/\/librairie7l.com\/wp-content\/uploads\/2022\/11\/9782359830712_1_75.jpg","type":"image\/jpeg"}],"twitter_card":"summary_large_image","twitter_misc":{"Est. reading time":"1 minute"},"schema":{"@context":"https:\/\/schema.org","@graph":[{"@type":"WebPage","@id":"https:\/\/librairie7l.com\/en\/produit\/suzanne-valadon-un-monde-a-soi\/","url":"https:\/\/librairie7l.com\/en\/produit\/suzanne-valadon-un-monde-a-soi\/","name":"Suzanne Valadon : un monde \u00e0 soi - Librairie 7L","isPartOf":{"@id":"https:\/\/librairie7l.com\/en\/#website"},"datePublished":"2024-06-25T16:06:29+00:00","dateModified":"2026-05-07T05:06:11+00:00","breadcrumb":{"@id":"https:\/\/librairie7l.com\/en\/produit\/suzanne-valadon-un-monde-a-soi\/#breadcrumb"},"inLanguage":"en-US","potentialAction":[{"@type":"ReadAction","target":["https:\/\/librairie7l.com\/en\/produit\/suzanne-valadon-un-monde-a-soi\/"]}]},{"@type":"BreadcrumbList","@id":"https:\/\/librairie7l.com\/en\/produit\/suzanne-valadon-un-monde-a-soi\/#breadcrumb","itemListElement":[{"@type":"ListItem","position":1,"name":"Accueil","item":"https:\/\/librairie7l.com\/en\/"},{"@type":"ListItem","position":2,"name":"Shop","item":"https:\/\/librairie7l.com\/en\/shop\/"},{"@type":"ListItem","position":3,"name":"SUZANNE VALADON : UN MONDE \u00c0 SOI"}]},{"@type":"WebSite","@id":"https:\/\/librairie7l.com\/en\/#website","url":"https:\/\/librairie7l.com\/en\/","name":"Librairie 7L","description":"Librairie fond\u00e9e en 1999 par Karl Lagerfeld \u00e0 Paris","publisher":{"@id":"https:\/\/librairie7l.com\/en\/#organization"},"potentialAction":[{"@type":"SearchAction","target":{"@type":"EntryPoint","urlTemplate":"https:\/\/librairie7l.com\/en\/?s={search_term_string}"},"query-input":"required name=search_term_string"}],"inLanguage":"en-US"},{"@type":"Organization","@id":"https:\/\/librairie7l.com\/en\/#organization","name":"Librairie 7L","url":"https:\/\/librairie7l.com\/en\/","logo":{"@type":"ImageObject","inLanguage":"en-US","@id":"https:\/\/librairie7l.com\/en\/#\/schema\/logo\/image\/","url":"https:\/\/librairie7l.com\/wp-content\/uploads\/2022\/08\/logo-1.png","contentUrl":"https:\/\/librairie7l.com\/wp-content\/uploads\/2022\/08\/logo-1.png","width":227,"height":301,"caption":"Librairie 7L"},"image":{"@id":"https:\/\/librairie7l.com\/en\/#\/schema\/logo\/image\/"}}]}},"_links":{"self":[{"href":"https:\/\/librairie7l.com\/en\/wp-json\/wp\/v2\/product\/36099"}],"collection":[{"href":"https:\/\/librairie7l.com\/en\/wp-json\/wp\/v2\/product"}],"about":[{"href":"https:\/\/librairie7l.com\/en\/wp-json\/wp\/v2\/types\/product"}],"wp:featuredmedia":[{"embeddable":true,"href":"https:\/\/librairie7l.com\/en\/wp-json\/wp\/v2\/media\/36097"}],"wp:attachment":[{"href":"https:\/\/librairie7l.com\/en\/wp-json\/wp\/v2\/media?parent=36099"}],"wp:term":[{"taxonomy":"product_cat","embeddable":true,"href":"https:\/\/librairie7l.com\/en\/wp-json\/wp\/v2\/product_cat?post=36099"},{"taxonomy":"product_tag","embeddable":true,"href":"https:\/\/librairie7l.com\/en\/wp-json\/wp\/v2\/product_tag?post=36099"}],"curies":[{"name":"wp","href":"https:\/\/api.w.org\/{rel}","templated":true}]}}